{"id":1483,"date":"2024-08-27T11:36:58","date_gmt":"2024-08-27T14:36:58","guid":{"rendered":"https:\/\/portais.santoandre.sp.gov.br\/semasa\/?page_id=1483"},"modified":"2025-09-04T08:42:53","modified_gmt":"2025-09-04T11:42:53","slug":"fiscalizacao-de-ruido","status":"publish","type":"page","link":"https:\/\/portais.santoandre.sp.gov.br\/semasa\/gestao-ambiental\/fiscalizacao-ambiental\/fiscalizacao-de-ruido\/","title":{"rendered":"Fiscaliza\u00e7\u00e3o de ru\u00eddo"},"content":{"rendered":"\n<p>O Semasa fiscaliza a emiss\u00e3o de ru\u00eddos provenientes de estabelecimentos comerciais e de servi\u00e7os, como bares, restaurantes, lojas, igrejas, escolas de samba, etc.<\/p>\n\n\n\n<p>O mun\u00edcipe pode registrar a sua reclama\u00e7\u00e3o por meio de um dos <a href=\"https:\/\/portais.santoandre.sp.gov.br\/semasa\/institucional\/atendimento-ao-cliente-externo\/\" data-type=\"page\" data-id=\"1210\">canais de atendimento<\/a> da autarquia, como <a href=\"https:\/\/portais.santoandre.sp.gov.br\/semasa\/institucional\/servicos-ao-usuario\/\" data-type=\"page\" data-id=\"208\">site<\/a>, Postos de Atendimento, <a href=\"http:\/\/agencia.semasa.sp.gov.br\/faleconoscoweb\/\">Fale Conosco <\/a>e tamb\u00e9m pelo Central de Atendimento Telef\u00f4nica.<\/p>\n\n\n\n<p>Ap\u00f3s a den\u00fancia, a equipe do Semasa tem 3h30 para realizar a vistoria in loco e fazer a medi\u00e7\u00e3o. Esta medi\u00e7\u00e3o \u00e9 realizada utilizando-se do equipamento decibel\u00edmetro.<\/p>\n\n\n<div class=\"wp-block-image\">\n<figure class=\"alignleft size-full is-resized\"><img fetchpriority=\"high\" decoding=\"async\" width=\"858\" height=\"768\" src=\"https:\/\/portais.santoandre.sp.gov.br\/semasa\/wp-content\/uploads\/sites\/13\/2024\/08\/Fiscalizacao-Ambiental-Ruido-Operacao-CCS_19022022-48.jpg\" alt=\"\" class=\"wp-image-1484\" style=\"aspect-ratio:1.1171875;width:336px;height:auto\" srcset=\"https:\/\/portais.santoandre.sp.gov.br\/semasa\/wp-content\/uploads\/sites\/13\/2024\/08\/Fiscalizacao-Ambiental-Ruido-Operacao-CCS_19022022-48.jpg 858w, https:\/\/portais.santoandre.sp.gov.br\/semasa\/wp-content\/uploads\/sites\/13\/2024\/08\/Fiscalizacao-Ambiental-Ruido-Operacao-CCS_19022022-48-300x269.jpg 300w, https:\/\/portais.santoandre.sp.gov.br\/semasa\/wp-content\/uploads\/sites\/13\/2024\/08\/Fiscalizacao-Ambiental-Ruido-Operacao-CCS_19022022-48-768x687.jpg 768w\" sizes=\"(max-width: 858px) 100vw, 858px\" \/><\/figure><\/div>\n\n\n<p>As multas por ru\u00eddo acima do permitido t\u00eam valor entre 150 e 300 FMPs (Fator Monet\u00e1rio Padr\u00e3o).<\/p>\n\n\n\n<p><strong><span style=\"color: #9b51e0\" class=\"stk-highlight\">Quais tipos de atividades fiscalizadas?<\/span><\/strong>Estabelecimentos comerciais e de servi\u00e7os (fontes im\u00f3veis), como bares, restaurantes, escolas de samba, lojas, igrejas, etc.<\/p>\n\n\n\n<p><span style=\"color: #ff6900\" class=\"stk-highlight\"><strong>Quais tipos de atividades n\u00e3o s\u00e3o fiscalizadas?<\/strong> <\/span><br>Ve\u00edculos, resid\u00eancias e animais dom\u00e9sticos.<\/p>\n\n\n\n<p><span style=\"color: #cf2e2e\" class=\"stk-highlight\"><strong>Quais os dispositivos legais observados e utilizados? <\/strong><\/span><\/p>\n\n\n\n<ul class=\"wp-block-list\">\n<li>Lei 7733\/98 art. 52 \u00a7 \u00fanico, art. 63 inc I, art. 64 inc I e II, art. 66 inc IV a e b, art. 82 inc II, VII e VIII, art. 87 inc I, II, III e VI, art. 89 \u00a7 \u00fanico. Lei 9924\/16 art. 14 \u00a7 \u00fanico, art. 15 inc I e anexos 3.01 e 3.13.<\/li>\n\n\n\n<li>Decreto 14300\/99 art. 3 inc. I e art. 6 inc. I, art. 14 inc I, art. 18 inc I e IV, art. 27 \u00a71\u00ba.<\/li>\n\n\n\n<li><\/li>\n\n\n\n<li>Lei Municipal 9924\/2016 \u2013 Lei de Uso, Ocupa\u00e7\u00e3o e Parcelamento do Solo no Munic\u00edpio de Santo Andr\u00e9.<\/li>\n\n\n\n<li>Lei Municipal 7.733\/1998 \u2013 Pol\u00edtica Municipal de Gest\u00e3o e Saneamento Ambiental.<\/li>\n\n\n\n<li>Decreto Municipal 14.300\/1999 \u2013 refere-se aos procedimentos de fiscaliza\u00e7\u00e3o e atribui\u00e7\u00e3o de penalidades.<\/li>\n<\/ul>\n\n\n\n<p class=\"has-text-align-center\"><strong><span style=\"color: #ff6900\" class=\"stk-highlight\">Acesse o folheto digital e conhe\u00e7a a lei e os limites permitidos de ru\u00eddo!<\/span><\/strong><\/p>\n\n\n<div class=\"wp-block-image\">\n<figure class=\"aligncenter size-full is-resized\"><a href=\"https:\/\/portais.santoandre.sp.gov.br\/semasa\/wp-content\/uploads\/sites\/13\/2025\/09\/folder-200x148mm-4x4_Poluicao_Sonora_Fiscalizacao_11052025_FINAL.pdf\"><img decoding=\"async\" width=\"688\" height=\"790\" src=\"https:\/\/portais.santoandre.sp.gov.br\/semasa\/wp-content\/uploads\/sites\/13\/2025\/09\/image.png\" alt=\"\" class=\"wp-image-4922\" style=\"width:309px;height:auto\" srcset=\"https:\/\/portais.santoandre.sp.gov.br\/semasa\/wp-content\/uploads\/sites\/13\/2025\/09\/image.png 688w, https:\/\/portais.santoandre.sp.gov.br\/semasa\/wp-content\/uploads\/sites\/13\/2025\/09\/image-261x300.png 261w\" sizes=\"(max-width: 688px) 100vw, 688px\" \/><\/a><\/figure><\/div>","protected":false},"excerpt":{"rendered":"<p>O Semasa fiscaliza a emiss\u00e3o de ru\u00eddos provenientes de estabelecimentos comerciais e de servi\u00e7os, como bares, restaurantes, lojas, igrejas, escolas de samba, etc. O mun\u00edcipe pode registrar a sua reclama\u00e7\u00e3o por meio de um dos canais de atendimento da autarquia, como site, Postos de Atendimento, Fale Conosco e tamb\u00e9m pelo Central de Atendimento Telef\u00f4nica. Ap\u00f3s [&hellip;]<\/p>\n","protected":false},"author":28,"featured_media":0,"parent":1397,"menu_order":0,"comment_status":"closed","ping_status":"closed","template":"","meta":{"footnotes":""},"class_list":["post-1483","page","type-page","status-publish","hentry"],"_links":{"self":[{"href":"https:\/\/portais.santoandre.sp.gov.br\/semasa\/wp-json\/wp\/v2\/pages\/1483","targetHints":{"allow":["GET"]}}],"collection":[{"href":"https:\/\/portais.santoandre.sp.gov.br\/semasa\/wp-json\/wp\/v2\/pages"}],"about":[{"href":"https:\/\/portais.santoandre.sp.gov.br\/semasa\/wp-json\/wp\/v2\/types\/page"}],"author":[{"embeddable":true,"href":"https:\/\/portais.santoandre.sp.gov.br\/semasa\/wp-json\/wp\/v2\/users\/28"}],"replies":[{"embeddable":true,"href":"https:\/\/portais.santoandre.sp.gov.br\/semasa\/wp-json\/wp\/v2\/comments?post=1483"}],"version-history":[{"count":3,"href":"https:\/\/portais.santoandre.sp.gov.br\/semasa\/wp-json\/wp\/v2\/pages\/1483\/revisions"}],"predecessor-version":[{"id":4925,"href":"https:\/\/portais.santoandre.sp.gov.br\/semasa\/wp-json\/wp\/v2\/pages\/1483\/revisions\/4925"}],"up":[{"embeddable":true,"href":"https:\/\/portais.santoandre.sp.gov.br\/semasa\/wp-json\/wp\/v2\/pages\/1397"}],"wp:attachment":[{"href":"https:\/\/portais.santoandre.sp.gov.br\/semasa\/wp-json\/wp\/v2\/media?parent=1483"}],"curies":[{"name":"wp","href":"https:\/\/api.w.org\/{rel}","templated":true}]}}