{"id":1397,"date":"2024-08-26T10:00:01","date_gmt":"2024-08-26T13:00:01","guid":{"rendered":"https:\/\/portais.santoandre.sp.gov.br\/semasa\/?page_id=1397"},"modified":"2025-05-16T12:11:36","modified_gmt":"2025-05-16T15:11:36","slug":"fiscalizacao-ambiental","status":"publish","type":"page","link":"https:\/\/portais.santoandre.sp.gov.br\/semasa\/gestao-ambiental\/fiscalizacao-ambiental\/","title":{"rendered":"Fiscaliza\u00e7\u00e3o Ambiental"},"content":{"rendered":"\n<div class=\"wp-block-stackable-button-group stk-block-button-group stk-block stk-b7e95a2\" data-block-id=\"b7e95a2\"><div class=\"stk-row stk-inner-blocks stk-block-content stk-button-group\">\n<div class=\"wp-block-stackable-button stk-block-button stk-block stk-b71d978\" data-block-id=\"b71d978\"><a class=\"stk-link stk-button stk--hover-effect-darken\" href=\"https:\/\/portais.santoandre.sp.gov.br\/semasa\/gestao-ambiental\/fiscalizacao-ambiental\/fiscalizacao-de-ruido\/\"><span class=\"stk-button__inner-text\">Ru\u00eddo<\/span><\/a><\/div>\n\n\n\n<div class=\"wp-block-stackable-button stk-block-button stk-block stk-678b142\" data-block-id=\"678b142\"><style>.stk-678b142 .stk-button{background:#00d084 !important;}<\/style><a class=\"stk-link stk-button stk--hover-effect-darken\" href=\"https:\/\/portais.santoandre.sp.gov.br\/semasa\/gestao-ambiental\/fiscalizacao-ambiental\/perguntas-frequentes-relacionadas-a-fiscalizacao-ambiental\/\"><span class=\"stk-button__inner-text\">Perguntas frequentes<\/span><\/a><\/div>\n\n\n\n<div class=\"wp-block-stackable-button stk-block-button stk-block stk-dd98964\" data-block-id=\"dd98964\"><style>.stk-dd98964 .stk-button{background:#ff6900 !important;}<\/style><a class=\"stk-link stk-button stk--hover-effect-darken\" href=\"https:\/\/portais.santoandre.sp.gov.br\/semasa\/gestao-ambiental\/fiscalizacao-ambiental\/fiscalizacao-em-lava-rapidos-oficinas-mecanicas-e-postos-de-servicos\/\"><span class=\"stk-button__inner-text\">Lava r\u00e1pidos e oficinas mec\u00e2nicas<\/span><\/a><\/div>\n\n\n\n<div class=\"wp-block-stackable-button stk-block-button stk-block stk-8c7f4b0\" data-block-id=\"8c7f4b0\"><style>.stk-8c7f4b0 .stk-button{background:#f78da7 !important;}<\/style><a class=\"stk-link stk-button stk--hover-effect-darken\" href=\"https:\/\/portais.santoandre.sp.gov.br\/semasa\/gestao-ambiental\/fiscalizacao-ambiental\/poda-e-supressao-de-vegetacao\/\"><span class=\"stk-button__inner-text\">Poda e supress\u00e3o de vegeta\u00e7\u00e3o<\/span><\/a><\/div>\n\n\n\n<div class=\"wp-block-stackable-button stk-block-button stk-block stk-4d2e989\" data-block-id=\"4d2e989\"><style>.stk-4d2e989 .stk-button{background:#fcb900 !important;}<\/style><a class=\"stk-link stk-button stk--hover-effect-darken\" href=\"https:\/\/portais.santoandre.sp.gov.br\/semasa\/gestao-ambiental\/fiscalizacao-ambiental\/macrozona-de-protecao-ambiental\/\"><span class=\"stk-button__inner-text\">Macrozona de Prote\u00e7\u00e3o Ambiental<\/span><\/a><\/div>\n\n\n\n<div class=\"wp-block-stackable-button stk-block-button stk-block stk-e0e43b1\" data-block-id=\"e0e43b1\"><style>.stk-e0e43b1 .stk-button{background:#abb8c3 !important;}<\/style><a class=\"stk-link stk-button stk--hover-effect-darken\" href=\"https:\/\/portais.santoandre.sp.gov.br\/semasa\/gestao-ambiental\/fiscalizacao-ambiental\/proar\/\"><span class=\"stk-button__inner-text\">ProAr<\/span><\/a><\/div>\n<\/div><\/div>\n\n\n\n<p>A fiscaliza\u00e7\u00e3o ambiental tem como objetivo fiscalizar e monitorar, preventiva e corretivamente, as fontes de polui\u00e7\u00e3o e os empreendimentos que possam vir a causar impactos ou danos ao meio ambiente, em conformidade com a legisla\u00e7\u00e3o vigente.<\/p>\n\n\n<div class=\"wp-block-image\">\n<figure class=\"aligncenter size-full is-resized\"><img fetchpriority=\"high\" decoding=\"async\" width=\"1024\" height=\"701\" src=\"https:\/\/portais.santoandre.sp.gov.br\/semasa\/wp-content\/uploads\/sites\/13\/2024\/08\/Fiscalizacao-da-Poluicao-do-Ar-Manoel-Marques-11.jpg\" alt=\"\" class=\"wp-image-1398\" style=\"aspect-ratio:1.4607703281027105;width:612px;height:auto\" srcset=\"https:\/\/portais.santoandre.sp.gov.br\/semasa\/wp-content\/uploads\/sites\/13\/2024\/08\/Fiscalizacao-da-Poluicao-do-Ar-Manoel-Marques-11.jpg 1024w, https:\/\/portais.santoandre.sp.gov.br\/semasa\/wp-content\/uploads\/sites\/13\/2024\/08\/Fiscalizacao-da-Poluicao-do-Ar-Manoel-Marques-11-300x205.jpg 300w, https:\/\/portais.santoandre.sp.gov.br\/semasa\/wp-content\/uploads\/sites\/13\/2024\/08\/Fiscalizacao-da-Poluicao-do-Ar-Manoel-Marques-11-768x526.jpg 768w\" sizes=\"(max-width: 1024px) 100vw, 1024px\" \/><\/figure><\/div>\n\n\n<p>Os fiscais do Semasa realizam a fiscaliza\u00e7\u00e3o em solo, de barco e tamb\u00e9m a\u00e9rea, com o uso de helic\u00f3ptero e drone. S\u00e3o utilizados equipamentos como decibel\u00edmetros\/son\u00f4metros, para as medi\u00e7\u00f5es de ru\u00eddo e opac\u00edmetros, para as medi\u00e7\u00f5es de fuma\u00e7a preta.<\/p>\n\n\n\n<p>O principal canal para den\u00fancias \u00e9 o <strong>portal do Semasa<\/strong>, na aba <a href=\"https:\/\/portais.santoandre.sp.gov.br\/semasa\/institucional\/servicos-ao-usuario\/\" data-type=\"page\" data-id=\"208\">Servi\u00e7os ao Usu\u00e1rio &gt; Fiscaliza\u00e7\u00e3o<\/a>. Este \u00e9 o meio mais eficiente para o atendimento de irregularidades que possam estar causando danos que necessitem de atendimento r\u00e1pido.<\/p>\n\n\n\n<p>Os usu\u00e1rios tamb\u00e9m podem entrar em contato pela Central de Atendimento Telef\u00f4nica, nos n\u00fameros 0800-4848115 (liga\u00e7\u00e3o gratuita dentro da cidade de Santo Andr\u00e9) ou (11) 4433-9300 (liga\u00e7\u00e3o tarifada), ou registrar reclama\u00e7\u00f5es pelo Colab. Podem ser usados os canais <a href=\"http:\/\/agencia.semasa.sp.gov.br\/faleconoscoweb\/\">Fale Conosco<\/a>, <a href=\"https:\/\/portais.santoandre.sp.gov.br\/semasa\/institucional\/atendimento-presencial\/\" data-type=\"page\" data-id=\"950\">Posto de Atendimento<\/a> e a <a href=\"http:\/\/www2.santoandre.sp.gov.br\/index.php\/ouvidoria-da-cidade\">Ouvidoria<\/a>, para a obten\u00e7\u00e3o de informa\u00e7\u00f5es, solu\u00e7\u00e3o de d\u00favidas e questionamentos a qualquer resposta recebida em atendimento.<\/p>\n\n\n\n<p>A equipe da fiscaliza\u00e7\u00e3o ambiental, em atendimento \u00e0s ocorr\u00eancias e na execu\u00e7\u00e3o das demais a\u00e7\u00f5es, conta com o apoio da Guarda Civil Municipal, da Pol\u00edcia Militar e outros \u00f3rg\u00e3os.<\/p>\n","protected":false},"excerpt":{"rendered":"<p>Ru\u00eddo Perguntas frequentes Lava r\u00e1pidos e oficinas mec\u00e2nicas Poda e supress\u00e3o de vegeta\u00e7\u00e3o Macrozona de Prote\u00e7\u00e3o Ambiental ProAr A fiscaliza\u00e7\u00e3o ambiental tem como objetivo fiscalizar e monitorar, preventiva e corretivamente, as fontes de polui\u00e7\u00e3o e os empreendimentos que possam vir a causar impactos ou danos ao meio ambiente, em conformidade com a legisla\u00e7\u00e3o vigente. Os [&hellip;]<\/p>\n","protected":false},"author":28,"featured_media":0,"parent":311,"menu_order":0,"comment_status":"closed","ping_status":"closed","template":"","meta":{"footnotes":""},"class_list":["post-1397","page","type-page","status-publish","hentry"],"_links":{"self":[{"href":"https:\/\/portais.santoandre.sp.gov.br\/semasa\/wp-json\/wp\/v2\/pages\/1397","targetHints":{"allow":["GET"]}}],"collection":[{"href":"https:\/\/portais.santoandre.sp.gov.br\/semasa\/wp-json\/wp\/v2\/pages"}],"about":[{"href":"https:\/\/portais.santoandre.sp.gov.br\/semasa\/wp-json\/wp\/v2\/types\/page"}],"author":[{"embeddable":true,"href":"https:\/\/portais.santoandre.sp.gov.br\/semasa\/wp-json\/wp\/v2\/users\/28"}],"replies":[{"embeddable":true,"href":"https:\/\/portais.santoandre.sp.gov.br\/semasa\/wp-json\/wp\/v2\/comments?post=1397"}],"version-history":[{"count":11,"href":"https:\/\/portais.santoandre.sp.gov.br\/semasa\/wp-json\/wp\/v2\/pages\/1397\/revisions"}],"predecessor-version":[{"id":3862,"href":"https:\/\/portais.santoandre.sp.gov.br\/semasa\/wp-json\/wp\/v2\/pages\/1397\/revisions\/3862"}],"up":[{"embeddable":true,"href":"https:\/\/portais.santoandre.sp.gov.br\/semasa\/wp-json\/wp\/v2\/pages\/311"}],"wp:attachment":[{"href":"https:\/\/portais.santoandre.sp.gov.br\/semasa\/wp-json\/wp\/v2\/media?parent=1397"}],"curies":[{"name":"wp","href":"https:\/\/api.w.org\/{rel}","templated":true}]}}