{"id":1255,"date":"2024-08-21T11:30:54","date_gmt":"2024-08-21T14:30:54","guid":{"rendered":"https:\/\/portais.santoandre.sp.gov.br\/semasa\/?page_id=1255"},"modified":"2024-08-21T11:30:54","modified_gmt":"2024-08-21T14:30:54","slug":"29-08-2014-santo-andre-sobe-em-ranking-de-saneamento","status":"publish","type":"page","link":"https:\/\/portais.santoandre.sp.gov.br\/semasa\/institucional\/semasa-em-numeros\/29-08-2014-santo-andre-sobe-em-ranking-de-saneamento\/","title":{"rendered":"29\/08\/2014 Santo Andr\u00e9 sobe em ranking de saneamento"},"content":{"rendered":"\n<p class=\"has-text-align-left\">Santo Andr\u00e9, 29 de agosto de 2014 \u2013 Santo Andr\u00e9 subiu duas coloca\u00e7\u00f5es no Ranking do Saneamento do Instituto Trata Brasil, passando da 26\u00aa para a 24\u00aa posi\u00e7\u00e3o entre as 100 maiores cidade do Brasil. Os dados, divulgados na semana passada, se referem aos investimentos e a\u00e7\u00f5es de 2012 comparados os de 2011. Segundo o estudo, Santo Andr\u00e9 tamb\u00e9m ficou entre os 10 melhores destaques positivos para esgotamento sanit\u00e1rio por ter atingido o \u00edndice de 98% de esgoto coletado. Sobre os investimentos, por\u00e9m, a cidade investiu apenas 2,5% dos total arrecadado pelo Semasa.<br>Para 2013 e 2014, a expectativa \u00e9 que tais \u00edndices v\u00e3o melhorar muito, j\u00e1 que houve retomada das obras e dos investimentos. Em 2012, o estudo aponta que 32,8% do esgoto era tratado em Santo Andr\u00e9, mas hoje este \u00edndice j\u00e1 est\u00e1 em 40% e chegar\u00e1 a 45% at\u00e9 o final do ano, a 54% at\u00e9 2015 e a 90% em cinco anos.<br>O Trata Brasil trabalha com os n\u00fameros do SNIS, o Sistema Nacional de Informa\u00e7\u00f5es sobre Saneamento, que por sua vez recolhe as informa\u00e7\u00f5es junto \u00e0s pr\u00f3prias Prefeituras. Munic\u00edpios que n\u00e3o informam seus dados ao SNIS correm o risco de n\u00e3o conseguirem financiamentos para obras, por exemplo.<\/p>\n","protected":false},"excerpt":{"rendered":"<p>Santo Andr\u00e9, 29 de agosto de 2014 \u2013 Santo Andr\u00e9 subiu duas coloca\u00e7\u00f5es no Ranking do Saneamento do Instituto Trata Brasil, passando da 26\u00aa para a 24\u00aa posi\u00e7\u00e3o entre as 100 maiores cidade do Brasil. Os dados, divulgados na semana passada, se referem aos investimentos e a\u00e7\u00f5es de 2012 comparados os de 2011. Segundo o [&hellip;]<\/p>\n","protected":false},"author":60,"featured_media":0,"parent":1165,"menu_order":0,"comment_status":"closed","ping_status":"closed","template":"","meta":{"footnotes":""},"class_list":["post-1255","page","type-page","status-publish","hentry"],"_links":{"self":[{"href":"https:\/\/portais.santoandre.sp.gov.br\/semasa\/wp-json\/wp\/v2\/pages\/1255","targetHints":{"allow":["GET"]}}],"collection":[{"href":"https:\/\/portais.santoandre.sp.gov.br\/semasa\/wp-json\/wp\/v2\/pages"}],"about":[{"href":"https:\/\/portais.santoandre.sp.gov.br\/semasa\/wp-json\/wp\/v2\/types\/page"}],"author":[{"embeddable":true,"href":"https:\/\/portais.santoandre.sp.gov.br\/semasa\/wp-json\/wp\/v2\/users\/60"}],"replies":[{"embeddable":true,"href":"https:\/\/portais.santoandre.sp.gov.br\/semasa\/wp-json\/wp\/v2\/comments?post=1255"}],"version-history":[{"count":1,"href":"https:\/\/portais.santoandre.sp.gov.br\/semasa\/wp-json\/wp\/v2\/pages\/1255\/revisions"}],"predecessor-version":[{"id":1256,"href":"https:\/\/portais.santoandre.sp.gov.br\/semasa\/wp-json\/wp\/v2\/pages\/1255\/revisions\/1256"}],"up":[{"embeddable":true,"href":"https:\/\/portais.santoandre.sp.gov.br\/semasa\/wp-json\/wp\/v2\/pages\/1165"}],"wp:attachment":[{"href":"https:\/\/portais.santoandre.sp.gov.br\/semasa\/wp-json\/wp\/v2\/media?parent=1255"}],"curies":[{"name":"wp","href":"https:\/\/api.w.org\/{rel}","templated":true}]}}