{"id":1165,"date":"2024-08-20T16:28:46","date_gmt":"2024-08-20T19:28:46","guid":{"rendered":"https:\/\/portais.santoandre.sp.gov.br\/semasa\/?page_id=1165"},"modified":"2026-02-24T13:11:35","modified_gmt":"2026-02-24T16:11:35","slug":"semasa-em-numeros","status":"publish","type":"page","link":"https:\/\/portais.santoandre.sp.gov.br\/semasa\/institucional\/semasa-em-numeros\/","title":{"rendered":"Semasa em n\u00fameros"},"content":{"rendered":"\n<p>Os n\u00fameros que envolvem servi\u00e7os prestados pelo Semasa s\u00e3o grandiosos. Confira os principais n\u00fameros do Semasa \u2013 <strong>Ano base 2025.<\/strong><\/p>\n\n\n\n<p><strong><span style=\"color: #ff6900;background-color: #cf2e2e\" class=\"stk-highlight\">GEST\u00c3O DE RES\u00cdDUOS S\u00d3LIDOS<\/span><\/strong><\/p>\n\n\n\n<figure class=\"wp-block-table\"><table><tbody><tr><td><span style=\"color: #0f0e17\" class=\"stk-highlight\">Lixo \u00famido coletado \/ ano<\/span><\/td><td><span style=\"color: #0f0e17\" class=\"stk-highlight\">228.145,92 ton<\/span><\/td><\/tr><tr><td><span style=\"color: #0f0e17\" class=\"stk-highlight\">M\u00e9dia de lixo \u00famido coletado \/ m\u00eas<\/span><\/td><td><span style=\"color: #0f0e17\" class=\"stk-highlight\">19.012,16 ton<\/span><\/td><\/tr><tr><td><span style=\"color: #0f0e17\" class=\"stk-highlight\">Lixo seco coletado \/ ano<\/span><\/td><td><span style=\"color: #0f0e17\" class=\"stk-highlight\">13.364,84 ton<\/span><\/td><\/tr><tr><td><span style=\"color: #0f0e17\" class=\"stk-highlight\">M\u00e9dia de lixo seco coletado \/ m\u00eas<\/span><\/td><td>1.113,74 ton<\/td><\/tr><tr><td><span style=\"color: #0f0e17\" class=\"stk-highlight\">Res\u00edduos de sa\u00fade coletados \/ ano<\/span><\/td><td>1.595,40 ton<\/td><\/tr><tr><td><span style=\"color: #0f0e17\" class=\"stk-highlight\">M\u00e9dia de res\u00edduos de sa\u00fade coletados \/ m\u00eas<\/span><\/td><td>132,95 ton<\/td><\/tr><tr><td><span style=\"color: #0f0e17\" class=\"stk-highlight\">Res\u00edduos de sa\u00fade tratados \/ ano<\/span><\/td><td><span style=\"color: #0f0e17\" class=\"stk-highlight\">1.595,40 ton<\/span><\/td><\/tr><tr><td><span style=\"color: #0f0e17\" class=\"stk-highlight\">Res\u00edduos Limpeza Urbana coletado (Pontos de Ac\u00famulo\/Lixo Municipal)<\/span><\/td><td><span style=\"color: #0f0e17\" class=\"stk-highlight\">33.586,24 ton\/ano<\/span><\/td><\/tr><tr><td><span style=\"color: #0f0e17\" class=\"stk-highlight\">Pneus coletados \/ ano<\/span><\/td><td><span style=\"color: #0f0e17\" class=\"stk-highlight\">87,04 ton<\/span><\/td><\/tr><tr><td><span style=\"color: #0f0e17\" class=\"stk-highlight\">\u00d3leo coletado \/ ano \/ kilos<\/span><\/td><td><span style=\"color: #0f0e17\" class=\"stk-highlight\">12.846,80 kg<\/span><\/td><\/tr><tr><td><span style=\"color: #0f0e17\" class=\"stk-highlight\">Madeira coletada \/ ano<\/span><\/td><td><span style=\"color: #000000\" class=\"stk-highlight\">5.502,66 ton<\/span><\/td><\/tr><tr><td><span style=\"color: #0f0e17\" class=\"stk-highlight\">Inserv\u00edveis\/Volumosos (sof\u00e1s e colch\u00f5es) \/ ano<\/span><\/td><td><span style=\"color: #000000\" class=\"stk-highlight\">28.334 unidades<\/span><\/td><\/tr><tr><td><span style=\"color: #0f0e17\" class=\"stk-highlight\">Res\u00edduos Inserv\u00edveis das Esta\u00e7\u00f5es\/ano (rejeito)<\/span><\/td><td><span style=\"color: #000000\" class=\"stk-highlight\">2.714,10 ton<\/span><\/td><\/tr><tr><td><span style=\"color: #0f0e17\" class=\"stk-highlight\">Telhas de amianto coletadas \/ tratadas \/ ano<\/span><\/td><td><span style=\"color: #000000\" class=\"stk-highlight\">105,82 ton<\/span><\/td><\/tr><tr><td>Extens\u00e3o m\u00e9dia varrida \/ m\u00eas<\/td><td><span style=\"color: #000000\" class=\"stk-highlight\">8.047,20 km<\/span><\/td><\/tr><tr><td>Extens\u00e3o m\u00e9dia varri\u00e7\u00e3o mecanizada\/m\u00eas<\/td><td><span style=\"color: #000000\" class=\"stk-highlight\">1.763,79 km<\/span><\/td><\/tr><tr><td><span style=\"color: #0f0e17\" class=\"stk-highlight\">Esta\u00e7\u00f5es de Coleta \u2013 Ecopontos<\/span><\/td><td><span style=\"color: #0f0e17\" class=\"stk-highlight\">30<\/span><\/td><\/tr><tr><td><span style=\"color: #0f0e17\" class=\"stk-highlight\">Postos de Entrega Volunt\u00e1ria \u2013 PEV<\/span><\/td><td><span style=\"color: #0f0e17\" class=\"stk-highlight\">114<\/span><\/td><\/tr><tr><td>Papeleiras de rua<\/td><td><span style=\"color: #0f0e17\" class=\"stk-highlight\">9.676 unidades<\/span><\/td><\/tr><tr><td>Pontos de ac\u00famulo cadastrados\/monitorados<\/td><td>45 pontos<\/td><\/tr><\/tbody><\/table><\/figure>\n\n\n\n<div class=\"wp-block-stackable-separator alignfull stk-block-separator stk--no-padding stk-block stk-5d9ad10\" data-block-id=\"5d9ad10\"><div class=\"stk-block-separator__inner\"><svg xmlns=\"http:\/\/www.w3.org\/2000\/svg\" viewBox=\"0 0 1600 200\" class=\"stk-separator__layer-1\" preserveAspectRatio=\"none\" aria-hidden=\"true\"><path class=\"wave-1_svg__st2\" d=\"M1341.4 48.9c-182.4 0-254.2 80.4-429.4 80.4-117.8 0-209.7-67.5-393.5-67.5-142.2 0-212.6 38.8-324.6 38.8S-10 64.7-10 64.7V210h1620V102c-110.6-40.2-181-53.1-268.6-53.1z\"><\/path><\/svg><\/div><\/div>\n\n\n\n<p><strong><span style=\"color: #222222;background-color: #00d084\" class=\"stk-highlight\">GEST\u00c3O AMBIENTAL<\/span><\/strong><em><span style=\"color: #222222;background-color: #00d084\" class=\"stk-highlight\">&nbsp;<\/span><\/em><\/p>\n\n\n\n<p><strong>Fiscaliza\u00e7\u00e3o Ambiental&nbsp;&nbsp;(geral)<\/strong><\/p>\n\n\n\n<figure data-wp-context=\"{&quot;imageId&quot;:&quot;69de5b844de00&quot;}\" data-wp-interactive=\"core\/image\" class=\"wp-block-image size-large wp-lightbox-container\"><img fetchpriority=\"high\" decoding=\"async\" width=\"1024\" height=\"949\" data-wp-class--hide=\"state.isContentHidden\" data-wp-class--show=\"state.isContentVisible\" data-wp-init=\"callbacks.setButtonStyles\" data-wp-on-async--click=\"actions.showLightbox\" data-wp-on-async--load=\"callbacks.setButtonStyles\" data-wp-on-async-window--resize=\"callbacks.setButtonStyles\" src=\"https:\/\/portais.santoandre.sp.gov.br\/semasa\/wp-content\/uploads\/sites\/13\/2026\/02\/gca2025-1024x949.png\" alt=\"\" class=\"wp-image-6305\" srcset=\"https:\/\/portais.santoandre.sp.gov.br\/semasa\/wp-content\/uploads\/sites\/13\/2026\/02\/gca2025-1024x949.png 1024w, https:\/\/portais.santoandre.sp.gov.br\/semasa\/wp-content\/uploads\/sites\/13\/2026\/02\/gca2025-300x278.png 300w, https:\/\/portais.santoandre.sp.gov.br\/semasa\/wp-content\/uploads\/sites\/13\/2026\/02\/gca2025-768x711.png 768w, https:\/\/portais.santoandre.sp.gov.br\/semasa\/wp-content\/uploads\/sites\/13\/2026\/02\/gca2025.png 1508w\" sizes=\"(max-width: 1024px) 100vw, 1024px\" \/><button\n\t\t\tclass=\"lightbox-trigger\"\n\t\t\ttype=\"button\"\n\t\t\taria-haspopup=\"dialog\"\n\t\t\taria-label=\"Ampliar\"\n\t\t\tdata-wp-init=\"callbacks.initTriggerButton\"\n\t\t\tdata-wp-on-async--click=\"actions.showLightbox\"\n\t\t\tdata-wp-style--right=\"state.imageButtonRight\"\n\t\t\tdata-wp-style--top=\"state.imageButtonTop\"\n\t\t>\n\t\t\t<svg xmlns=\"http:\/\/www.w3.org\/2000\/svg\" width=\"12\" height=\"12\" fill=\"none\" viewBox=\"0 0 12 12\">\n\t\t\t\t<path fill=\"#fff\" d=\"M2 0a2 2 0 0 0-2 2v2h1.5V2a.5.5 0 0 1 .5-.5h2V0H2Zm2 10.5H2a.5.5 0 0 1-.5-.5V8H0v2a2 2 0 0 0 2 2h2v-1.5ZM8 12v-1.5h2a.5.5 0 0 0 .5-.5V8H12v2a2 2 0 0 1-2 2H8Zm2-12a2 2 0 0 1 2 2v2h-1.5V2a.5.5 0 0 0-.5-.5H8V0h2Z\" \/>\n\t\t\t<\/svg>\n\t\t<\/button><\/figure>\n\n\n\n<p><strong>Fiscaliza\u00e7\u00e3o Ambiental&nbsp;&nbsp;(ProAr)<\/strong><\/p>\n\n\n\n<figure data-wp-context=\"{&quot;imageId&quot;:&quot;69de5b844e2ad&quot;}\" data-wp-interactive=\"core\/image\" class=\"wp-block-image size-large wp-lightbox-container\"><img decoding=\"async\" width=\"443\" height=\"1024\" data-wp-class--hide=\"state.isContentHidden\" data-wp-class--show=\"state.isContentVisible\" data-wp-init=\"callbacks.setButtonStyles\" data-wp-on-async--click=\"actions.showLightbox\" data-wp-on-async--load=\"callbacks.setButtonStyles\" data-wp-on-async-window--resize=\"callbacks.setButtonStyles\" src=\"https:\/\/portais.santoandre.sp.gov.br\/semasa\/wp-content\/uploads\/sites\/13\/2026\/02\/BLITZPROAR2025-443x1024.png\" alt=\"\" class=\"wp-image-6307\" srcset=\"https:\/\/portais.santoandre.sp.gov.br\/semasa\/wp-content\/uploads\/sites\/13\/2026\/02\/BLITZPROAR2025-443x1024.png 443w, https:\/\/portais.santoandre.sp.gov.br\/semasa\/wp-content\/uploads\/sites\/13\/2026\/02\/BLITZPROAR2025-130x300.png 130w, https:\/\/portais.santoandre.sp.gov.br\/semasa\/wp-content\/uploads\/sites\/13\/2026\/02\/BLITZPROAR2025-768x1777.png 768w, https:\/\/portais.santoandre.sp.gov.br\/semasa\/wp-content\/uploads\/sites\/13\/2026\/02\/BLITZPROAR2025-664x1536.png 664w, https:\/\/portais.santoandre.sp.gov.br\/semasa\/wp-content\/uploads\/sites\/13\/2026\/02\/BLITZPROAR2025-885x2048.png 885w, https:\/\/portais.santoandre.sp.gov.br\/semasa\/wp-content\/uploads\/sites\/13\/2026\/02\/BLITZPROAR2025-scaled.png 1107w\" sizes=\"(max-width: 443px) 100vw, 443px\" \/><button\n\t\t\tclass=\"lightbox-trigger\"\n\t\t\ttype=\"button\"\n\t\t\taria-haspopup=\"dialog\"\n\t\t\taria-label=\"Ampliar\"\n\t\t\tdata-wp-init=\"callbacks.initTriggerButton\"\n\t\t\tdata-wp-on-async--click=\"actions.showLightbox\"\n\t\t\tdata-wp-style--right=\"state.imageButtonRight\"\n\t\t\tdata-wp-style--top=\"state.imageButtonTop\"\n\t\t>\n\t\t\t<svg xmlns=\"http:\/\/www.w3.org\/2000\/svg\" width=\"12\" height=\"12\" fill=\"none\" viewBox=\"0 0 12 12\">\n\t\t\t\t<path fill=\"#fff\" d=\"M2 0a2 2 0 0 0-2 2v2h1.5V2a.5.5 0 0 1 .5-.5h2V0H2Zm2 10.5H2a.5.5 0 0 1-.5-.5V8H0v2a2 2 0 0 0 2 2h2v-1.5ZM8 12v-1.5h2a.5.5 0 0 0 .5-.5V8H12v2a2 2 0 0 1-2 2H8Zm2-12a2 2 0 0 1 2 2v2h-1.5V2a.5.5 0 0 0-.5-.5H8V0h2Z\" \/>\n\t\t\t<\/svg>\n\t\t<\/button><\/figure>\n\n\n\n<p><\/p>\n\n\n\n<p><strong>Educa\u00e7\u00e3o Ambiental<\/strong><\/p>\n\n\n\n<figure class=\"wp-block-image size-large\"><img decoding=\"async\" width=\"1024\" height=\"169\" src=\"https:\/\/portais.santoandre.sp.gov.br\/semasa\/wp-content\/uploads\/sites\/13\/2026\/02\/formacaoinfoco2025-1024x169.png\" alt=\"\" class=\"wp-image-6303\" srcset=\"https:\/\/portais.santoandre.sp.gov.br\/semasa\/wp-content\/uploads\/sites\/13\/2026\/02\/formacaoinfoco2025-1024x169.png 1024w, https:\/\/portais.santoandre.sp.gov.br\/semasa\/wp-content\/uploads\/sites\/13\/2026\/02\/formacaoinfoco2025-300x50.png 300w, https:\/\/portais.santoandre.sp.gov.br\/semasa\/wp-content\/uploads\/sites\/13\/2026\/02\/formacaoinfoco2025-768x127.png 768w, https:\/\/portais.santoandre.sp.gov.br\/semasa\/wp-content\/uploads\/sites\/13\/2026\/02\/formacaoinfoco2025.png 1483w\" sizes=\"(max-width: 1024px) 100vw, 1024px\" \/><\/figure>\n\n\n\n<figure class=\"wp-block-image size-large\"><img loading=\"lazy\" decoding=\"async\" width=\"789\" height=\"1024\" src=\"https:\/\/portais.santoandre.sp.gov.br\/semasa\/wp-content\/uploads\/sites\/13\/2026\/02\/dialogossocio2025-789x1024.png\" alt=\"\" class=\"wp-image-6301\" srcset=\"https:\/\/portais.santoandre.sp.gov.br\/semasa\/wp-content\/uploads\/sites\/13\/2026\/02\/dialogossocio2025-789x1024.png 789w, https:\/\/portais.santoandre.sp.gov.br\/semasa\/wp-content\/uploads\/sites\/13\/2026\/02\/dialogossocio2025-231x300.png 231w, https:\/\/portais.santoandre.sp.gov.br\/semasa\/wp-content\/uploads\/sites\/13\/2026\/02\/dialogossocio2025-768x997.png 768w, https:\/\/portais.santoandre.sp.gov.br\/semasa\/wp-content\/uploads\/sites\/13\/2026\/02\/dialogossocio2025-1183x1536.png 1183w, https:\/\/portais.santoandre.sp.gov.br\/semasa\/wp-content\/uploads\/sites\/13\/2026\/02\/dialogossocio2025.png 1483w\" sizes=\"(max-width: 789px) 100vw, 789px\" \/><\/figure>\n\n\n\n<figure class=\"wp-block-image size-large\"><img loading=\"lazy\" decoding=\"async\" width=\"1024\" height=\"414\" src=\"https:\/\/portais.santoandre.sp.gov.br\/semasa\/wp-content\/uploads\/sites\/13\/2026\/02\/edcterritorialidade2025-1024x414.png\" alt=\"\" class=\"wp-image-6302\" srcset=\"https:\/\/portais.santoandre.sp.gov.br\/semasa\/wp-content\/uploads\/sites\/13\/2026\/02\/edcterritorialidade2025-1024x414.png 1024w, https:\/\/portais.santoandre.sp.gov.br\/semasa\/wp-content\/uploads\/sites\/13\/2026\/02\/edcterritorialidade2025-300x121.png 300w, https:\/\/portais.santoandre.sp.gov.br\/semasa\/wp-content\/uploads\/sites\/13\/2026\/02\/edcterritorialidade2025-768x310.png 768w, https:\/\/portais.santoandre.sp.gov.br\/semasa\/wp-content\/uploads\/sites\/13\/2026\/02\/edcterritorialidade2025.png 1483w\" sizes=\"(max-width: 1024px) 100vw, 1024px\" \/><\/figure>\n\n\n\n<figure class=\"wp-block-image size-large\"><img loading=\"lazy\" decoding=\"async\" width=\"1024\" height=\"521\" src=\"https:\/\/portais.santoandre.sp.gov.br\/semasa\/wp-content\/uploads\/sites\/13\/2026\/02\/meioambieinfapoiotec2025-1024x521.png\" alt=\"\" class=\"wp-image-6304\" srcset=\"https:\/\/portais.santoandre.sp.gov.br\/semasa\/wp-content\/uploads\/sites\/13\/2026\/02\/meioambieinfapoiotec2025-1024x521.png 1024w, https:\/\/portais.santoandre.sp.gov.br\/semasa\/wp-content\/uploads\/sites\/13\/2026\/02\/meioambieinfapoiotec2025-300x153.png 300w, https:\/\/portais.santoandre.sp.gov.br\/semasa\/wp-content\/uploads\/sites\/13\/2026\/02\/meioambieinfapoiotec2025-768x391.png 768w, https:\/\/portais.santoandre.sp.gov.br\/semasa\/wp-content\/uploads\/sites\/13\/2026\/02\/meioambieinfapoiotec2025.png 1483w\" sizes=\"(max-width: 1024px) 100vw, 1024px\" \/><\/figure>\n\n\n\n<p><strong>Licenciamento Ambiental<\/strong><\/p>\n\n\n\n<figure class=\"wp-block-table\"><table class=\"has-fixed-layout\"><tbody><tr><td>Acompanhamentos de cumprimentos de medidas<\/td><td>60<\/td><\/tr><tr><td>Autos de Infra\u00e7\u00e3o<\/td><td>9<\/td><\/tr><tr><td>Autoriza\u00e7\u00f5es Ambientais<\/td><td>94<\/td><\/tr><tr><td>Certid\u00f5es e Diretrizes<\/td><td>1<\/td><\/tr><tr><td>DVs e TRPAVs<\/td><td>23<\/td><\/tr><tr><td>Licen\u00e7as Ambientais<\/td><td>231<\/td><\/tr><tr><td>Pareceres ou Manifesta\u00e7\u00f5es T\u00e9cnicas<\/td><td>17<\/td><\/tr><tr><td>Recursos<\/td><td>85<\/td><\/tr><tr><td>Registros de Profissionais<\/td><td>19<\/td><\/tr><tr><td>Roteiros de Abertura de Processo<\/td><td>498<\/td><\/tr><tr><td>Termos de Compromisso Ambiental<\/td><td>87<\/td><\/tr><tr><td>Termos de Desativa\u00e7\u00e3o de Atividade<\/td><td>33<\/td><\/tr><tr><td>Termos de Dispensa de Licenciamento<\/td><td>7<\/td><\/tr><tr><td>Outros (Requerimentos, Atualiza\u00e7\u00f5es)<\/td><td>19<\/td><\/tr><tr><td>Total<\/td><td>1183<\/td><\/tr><\/tbody><\/table><\/figure>\n\n\n\n<div class=\"wp-block-stackable-separator alignfull stk-block-separator stk--no-padding stk-block stk-f329f5e\" data-block-id=\"f329f5e\"><div class=\"stk-block-separator__inner\"><svg xmlns=\"http:\/\/www.w3.org\/2000\/svg\" viewBox=\"0 0 1600 200\" class=\"stk-separator__layer-1\" preserveAspectRatio=\"none\" aria-hidden=\"true\"><path class=\"wave-1_svg__st2\" d=\"M1341.4 48.9c-182.4 0-254.2 80.4-429.4 80.4-117.8 0-209.7-67.5-393.5-67.5-142.2 0-212.6 38.8-324.6 38.8S-10 64.7-10 64.7V210h1620V102c-110.6-40.2-181-53.1-268.6-53.1z\"><\/path><\/svg><\/div><\/div>\n\n\n\n<p><strong><span style=\"color: #fcb900;background-color: #0693e3\" class=\"stk-highlight\">DRENAGEM<\/span><\/strong> <\/p>\n\n\n<div>\n<ul>\n<li><strong>Extens\u00e3o da rede de drenagem<\/strong>: 449,68 km<\/li>\n<li><strong>Tanques de reten\u00e7\u00e3o<\/strong>: 7 \u2013 sendo 5 municipais e 2 estaduais<\/li>\n<\/ul>\n<p><strong><em>Piscin\u00f5es Municipais<br \/><\/em><\/strong><em>Piscin\u00e3o Bom Pastor &#8211; 19.300 m<sup>3<br \/><\/sup><\/em><em>Piscin\u00e3o Homero Thon \u2013 2.300 m<sup>3<br \/><\/sup><\/em><em>Piscin\u00e3o Jardim Irene &#8211; 19.000 m<sup>3<\/sup> <br \/><\/em><em>Piscin\u00e3o Santa Terezinha &#8211; 23.878 m<sup>3<br \/><\/sup><\/em><em>Piscin\u00e3o Vila Am\u00e9rica \u2013 3.000 m<sup>3<\/sup><\/em><\/p>\n<p><strong><em>Piscin\u00f5es Estaduais<br \/><\/em><\/strong><em>Piscin\u00e3o Gr\u00e3-Bretanha (RM-9) \u2013 120.000 m\u00b3<br \/><\/em><em>Piscin\u00e3o Orat\u00f3rio(RO-4) &#8211; 320.000 m\u00b3<\/em><\/p>\n<p><strong>Microrreservat\u00f3rios<\/strong><\/p>\n<p><em>Rua Caquito: 1.080 m3<\/em><em><br \/>Rua Caravelas: 730 m3<br \/>Rua Buri: 240 m3<br \/>Rua Miguel Couto: 1.356 m3<br \/>Rua N. Sra. Lourdes: 346 m3<br \/>Rua Imirim: 238 m3<br \/>Rua Jeric\u00f3: 520 m3<\/em><\/p>\n<ul>\n<li><strong>Total de bocas de lobo na cidade: <\/strong><em>37.899 unidades<\/em><\/li>\n<\/ul>\n<ul>\n<li><strong>Total de bocas de lobo limpas no ano (ano base 2025): <\/strong><em>17.916 unidades<\/em><\/li>\n<\/ul>\n<ul>\n<li><strong>Total de res\u00edduos retirados dos c\u00f3rregos e piscin\u00f5es\/ano (2025): <\/strong><em>11.858,47 toneladas<\/em><\/li>\n<\/ul>\n<ul>\n<li><strong>Total de \u00e1rea capinada\/ano: <\/strong><em>586.923,27 m\u00b2<\/em><\/li>\n<\/ul>\n<\/div>\n<div>\u00a0<\/div>\n<div>\u00a0<\/div>\n<div>\u00a0<\/div>\n<div>\u00a0<\/div>\n<div>\u00a0<\/div>\n<div class=\"wp-block-file\"><a href=\"https:\/\/portais.santoandre.sp.gov.br\/semasa\/wp-content\/uploads\/sites\/13\/2024\/08\/Quest_Anuario_2016_SEMASA-1.doc\" target=\"_blank\" rel=\"noopener\">Anu\u00e1rio de Santo Andr\u00e9 2016 \u2013 Cap\u00edtulo sobre o Semasa<\/a><\/div>\n<div>\u00a0<\/div>\n<div class=\"wp-block-file\"><a href=\"https:\/\/portais.santoandre.sp.gov.br\/semasa\/wp-content\/uploads\/sites\/13\/2024\/08\/Anuario-de-Santo-Andre-2015-Capitulo-sobre-o-Semasa-1.pdf\" target=\"_blank\" rel=\"noopener\">Anu\u00e1rio de Santo Andr\u00e9 2015 \u2013 Cap\u00edtulo sobre o Semasa<\/a><\/div>\n<div>\u00a0<\/div>\n<div class=\"wp-block-file\"><a href=\"https:\/\/portais.santoandre.sp.gov.br\/semasa\/wp-content\/uploads\/sites\/13\/2024\/08\/AnuarioDeDados_Semasa2014-1.pdf\" target=\"_blank\" rel=\"noopener\">Anu\u00e1rio de Santo Andr\u00e9 2014 \u2013 Cap\u00edtulo sobre o Semasa<\/a><\/div>\n<div>\u00a0<\/div>\n<div class=\"wp-block-file\"><a href=\"https:\/\/portais.santoandre.sp.gov.br\/semasa\/wp-content\/uploads\/sites\/13\/2024\/08\/Anuario_PSA_Semasa2013-1.pdf\" target=\"_blank\" rel=\"noopener\">Anu\u00e1rio de Santo Andr\u00e9 2013 \u2013 Cap\u00edtulo sobre o Semasa<\/a><\/div>\n<div>\u00a0<\/div>\n<div class=\"wp-block-file\"><a href=\"https:\/\/www.semasa.sp.gov.br\/wp-content\/uploads\/2014\/09\/Semasa-em-Dados.pdf\">Semasa em N\u00fameros 2008-2012<\/a><\/div>\n\n\n<p class=\"has-small-font-size\"><a href=\"https:\/\/www.gov.br\/mdr\/pt-br\/assuntos\/saneamento\/snis\/diagnosticos-anteriores-do-snis\/agua-e-esgotos-1\/2012\">Snis 2012 \u2013 \u00c1gua e Esgoto (Localizar Santo Andr\u00e9\/Semasa pelo c\u00f3digo 354780)<\/a> <a href=\"https:\/\/portais.santoandre.sp.gov.br\/semasa\/institucional\/semasa-em-numeros\/29-08-2014-santo-andre-sobe-em-ranking-de-saneamento\/\" data-type=\"page\" data-id=\"1255\">Leia mais aqui<\/a> <\/p>\n\n\n\n<p class=\"has-small-font-size\"><a href=\"https:\/\/www.gov.br\/mdr\/pt-br\/assuntos\/saneamento\/snis\/diagnosticos-anteriores-do-snis\/residuos-solidos-1\/2012\">Snis 2012 \u2013 Res\u00edduos (Localizar Santo Andr\u00e9\/Semasa pelo c\u00f3digo 354780)<\/a><\/p>\n\n\n\n<p class=\"has-small-font-size\"><a href=\"https:\/\/www.gov.br\/mdr\/pt-br\/assuntos\/saneamento\/snis\/diagnosticos-anteriores-do-snis\/agua-e-esgotos-1\/2013\">Snis 2013 \u2013 \u00c1gua e Esgoto (Localizar Santo Andr\u00e9\/Semasa pelo c\u00f3digo 354780)<\/a><\/p>\n\n\n\n<p class=\"has-small-font-size\"><a href=\"https:\/\/www.gov.br\/mdr\/pt-br\/assuntos\/saneamento\/snis\/diagnosticos-anteriores-do-snis\/residuos-solidos-1\/2013\">Snis 2013 \u2013 Res\u00edduos (Localizar Santo Andr\u00e9\/Semasa pelo c\u00f3digo 354780)<\/a><\/p>\n\n\n\n<p class=\"has-small-font-size\"><a href=\"https:\/\/www.gov.br\/mdr\/pt-br\/assuntos\/saneamento\/snis\/diagnosticos-anteriores-do-snis\/agua-e-esgotos-1\/2014\">Snis 2014 \u2013 \u00c1gua e Esgoto (Localizar Santo Andr\u00e9\/Semasa pelo c\u00f3digo 354780)<\/a><\/p>\n\n\n\n<p class=\"has-small-font-size\"><a href=\"https:\/\/www.gov.br\/mdr\/pt-br\/assuntos\/saneamento\/snis\/diagnosticos-anteriores-do-snis\/agua-e-esgotos-1\/2014\">Snis 2014 \u2013 Res\u00edduos<\/a><\/p>\n\n\n\n<p class=\"has-small-font-size\"><a href=\"https:\/\/www.gov.br\/mdr\/pt-br\/assuntos\/saneamento\/snis\/diagnosticos-anteriores-do-snis\/agua-e-esgotos-1\/2015\">Snis 2015 \u2013 \u00c1gua e Esgoto (Localizar Santo Andr\u00e9\/Semasa pelo c\u00f3digo 354780)<\/a><\/p>\n\n\n\n<p class=\"has-small-font-size\"><a href=\"https:\/\/www.gov.br\/mdr\/pt-br\/assuntos\/saneamento\/snis\/diagnosticos-anteriores-do-snis\/residuos-solidos-1\/2015\">Snis 2015 \u2013 Res\u00edduos<\/a><\/p>\n\n\n\n<p><\/p>\n","protected":false},"excerpt":{"rendered":"<p>Os n\u00fameros que envolvem servi\u00e7os prestados pelo Semasa s\u00e3o grandiosos. Confira os principais n\u00fameros do Semasa \u2013 Ano base 2025. GEST\u00c3O DE RES\u00cdDUOS S\u00d3LIDOS Lixo \u00famido coletado \/ ano 228.145,92 ton M\u00e9dia de lixo \u00famido coletado \/ m\u00eas 19.012,16 ton Lixo seco coletado \/ ano 13.364,84 ton M\u00e9dia de lixo seco coletado \/ m\u00eas 1.113,74 [&hellip;]<\/p>\n","protected":false},"author":28,"featured_media":0,"parent":41,"menu_order":0,"comment_status":"closed","ping_status":"closed","template":"","meta":{"footnotes":""},"class_list":["post-1165","page","type-page","status-publish","hentry"],"_links":{"self":[{"href":"https:\/\/portais.santoandre.sp.gov.br\/semasa\/wp-json\/wp\/v2\/pages\/1165","targetHints":{"allow":["GET"]}}],"collection":[{"href":"https:\/\/portais.santoandre.sp.gov.br\/semasa\/wp-json\/wp\/v2\/pages"}],"about":[{"href":"https:\/\/portais.santoandre.sp.gov.br\/semasa\/wp-json\/wp\/v2\/types\/page"}],"author":[{"embeddable":true,"href":"https:\/\/portais.santoandre.sp.gov.br\/semasa\/wp-json\/wp\/v2\/users\/28"}],"replies":[{"embeddable":true,"href":"https:\/\/portais.santoandre.sp.gov.br\/semasa\/wp-json\/wp\/v2\/comments?post=1165"}],"version-history":[{"count":50,"href":"https:\/\/portais.santoandre.sp.gov.br\/semasa\/wp-json\/wp\/v2\/pages\/1165\/revisions"}],"predecessor-version":[{"id":6359,"href":"https:\/\/portais.santoandre.sp.gov.br\/semasa\/wp-json\/wp\/v2\/pages\/1165\/revisions\/6359"}],"up":[{"embeddable":true,"href":"https:\/\/portais.santoandre.sp.gov.br\/semasa\/wp-json\/wp\/v2\/pages\/41"}],"wp:attachment":[{"href":"https:\/\/portais.santoandre.sp.gov.br\/semasa\/wp-json\/wp\/v2\/media?parent=1165"}],"curies":[{"name":"wp","href":"https:\/\/api.w.org\/{rel}","templated":true}]}}