{"id":99,"date":"2025-03-25T13:11:09","date_gmt":"2025-03-25T16:11:09","guid":{"rendered":"https:\/\/portais.santoandre.sp.gov.br\/saude\/?page_id=99"},"modified":"2026-03-17T08:30:18","modified_gmt":"2026-03-17T11:30:18","slug":"escola-da-saude","status":"publish","type":"page","link":"https:\/\/portais.santoandre.sp.gov.br\/saude\/escola-da-saude\/","title":{"rendered":"Escola da Sa\u00fade"},"content":{"rendered":"\n<p>A Escola da Sa\u00fade Dr. Eduardo Nakamura, da Prefeitura de Santo Andr\u00e9, \u00e9 uma iniciativa vinculada \u00e0 Secretaria de Sa\u00fade, com o objetivo de promover a capacita\u00e7\u00e3o e o desenvolvimento cont\u00ednuo dos profissionais da \u00e1rea de sa\u00fade. A escola desempenha um papel essencial na forma\u00e7\u00e3o e atualiza\u00e7\u00e3o dos trabalhadores, garantindo que estejam preparados para atender \u00e0s demandas da popula\u00e7\u00e3o com qualidade e efici\u00eancia.<\/p>\n\n\n\n<p>Essa iniciativa reflete o compromisso da Prefeitura de Santo Andr\u00e9 em investir na qualifica\u00e7\u00e3o dos profissionais, contribuindo para um sistema de sa\u00fade mais eficiente e humanizado.<\/p>\n\n\n\n<p><strong>Saiba mais sobre a Escola da Sa\u00fade acessando o site abaixo<\/strong><\/p>\n\n\n\n<div class=\"wp-block-stackable-icon-list stk-block-icon-list stk-block stk-f46ed33\" data-block-id=\"f46ed33\"><svg style=\"display:none\"><defs><g id=\"stk-icon-list__icon-svg-def-f46ed33\"><svg xmlns=\"http:\/\/www.w3.org\/2000\/svg\" viewBox=\"0 0 190 190\"><polygon points=\"173.8,28.4 60.4,141.8 15.7,97.2 5.1,107.8 60.4,163 184.4,39 173.8,28.4\" \/><\/svg><\/g><\/defs><\/svg><ul class=\"stk-block-icon-list__ul stk-block-icon-list--column\">\n<li class=\"wp-block-stackable-icon-list-item stk-block-icon-list-item stk-block stk-14a4b9a\" data-block-id=\"14a4b9a\"><div class=\"stk-block-icon-list-item__content\"><span class=\"stk--svg-wrapper\"><div class=\"stk--inner-svg\"><svg xmlns=\"http:\/\/www.w3.org\/2000\/svg\" viewBox=\"0 0 512 512\" aria-hidden=\"true\" width=\"32\" height=\"32\"><path d=\"M352 256c0 22.2-1.2 43.6-3.3 64H163.3c-2.2-20.4-3.3-41.8-3.3-64s1.2-43.6 3.3-64H348.7c2.2 20.4 3.3 41.8 3.3 64zm28.8-64H503.9c5.3 20.5 8.1 41.9 8.1 64s-2.8 43.5-8.1 64H380.8c2.1-20.6 3.2-42 3.2-64s-1.1-43.4-3.2-64zm112.6-32H376.7c-10-63.9-29.8-117.4-55.3-151.6c78.3 20.7 142 77.5 171.9 151.6zm-149.1 0H167.7c6.1-36.4 15.5-68.6 27-94.7c10.5-23.6 22.2-40.7 33.5-51.5C239.4 3.2 248.7 0 256 0s16.6 3.2 27.8 13.8c11.3 10.8 23 27.9 33.5 51.5c11.6 26 20.9 58.2 27 94.7zm-209 0H18.6C48.6 85.9 112.2 29.1 190.6 8.4C165.1 42.6 145.3 96.1 135.3 160zM8.1 192H131.2c-2.1 20.6-3.2 42-3.2 64s1.1 43.4 3.2 64H8.1C2.8 299.5 0 278.1 0 256s2.8-43.5 8.1-64zM194.7 446.6c-11.6-26-20.9-58.2-27-94.6H344.3c-6.1 36.4-15.5 68.6-27 94.6c-10.5 23.6-22.2 40.7-33.5 51.5C272.6 508.8 263.3 512 256 512s-16.6-3.2-27.8-13.8c-11.3-10.8-23-27.9-33.5-51.5zM135.3 352c10 63.9 29.8 117.4 55.3 151.6C112.2 482.9 48.6 426.1 18.6 352H135.3zm358.1 0c-30 74.1-93.6 130.9-171.9 151.6c25.5-34.2 45.2-87.7 55.3-151.6H493.4z\" \/><\/svg><\/div><\/span><span class=\"stk-block-icon-list-item__text\"><a href=\"https:\/\/portais.santoandre.sp.gov.br\/escoladasaude\/\" target=\"_blank\" rel=\"noreferrer noopener\">Portal da Escola da Sa\u00fade Dr. Eduardo Nakamura<\/a><\/span><\/div><\/li>\n<\/ul><\/div>\n\n\n\n<p><\/p>\n","protected":false},"excerpt":{"rendered":"<p>A Escola da Sa\u00fade Dr. Eduardo Nakamura, da Prefeitura de Santo Andr\u00e9, \u00e9 uma iniciativa vinculada \u00e0 Secretaria de Sa\u00fade, com o objetivo de promover a capacita\u00e7\u00e3o e o desenvolvimento cont\u00ednuo dos profissionais da \u00e1rea de sa\u00fade. A escola desempenha um papel essencial na forma\u00e7\u00e3o e atualiza\u00e7\u00e3o dos trabalhadores, garantindo que estejam preparados para atender [&hellip;]<\/p>\n","protected":false},"author":39,"featured_media":0,"parent":0,"menu_order":0,"comment_status":"closed","ping_status":"closed","template":"","meta":{"footnotes":""},"class_list":["post-99","page","type-page","status-publish","hentry"],"_links":{"self":[{"href":"https:\/\/portais.santoandre.sp.gov.br\/saude\/wp-json\/wp\/v2\/pages\/99","targetHints":{"allow":["GET"]}}],"collection":[{"href":"https:\/\/portais.santoandre.sp.gov.br\/saude\/wp-json\/wp\/v2\/pages"}],"about":[{"href":"https:\/\/portais.santoandre.sp.gov.br\/saude\/wp-json\/wp\/v2\/types\/page"}],"author":[{"embeddable":true,"href":"https:\/\/portais.santoandre.sp.gov.br\/saude\/wp-json\/wp\/v2\/users\/39"}],"replies":[{"embeddable":true,"href":"https:\/\/portais.santoandre.sp.gov.br\/saude\/wp-json\/wp\/v2\/comments?post=99"}],"version-history":[{"count":5,"href":"https:\/\/portais.santoandre.sp.gov.br\/saude\/wp-json\/wp\/v2\/pages\/99\/revisions"}],"predecessor-version":[{"id":1138,"href":"https:\/\/portais.santoandre.sp.gov.br\/saude\/wp-json\/wp\/v2\/pages\/99\/revisions\/1138"}],"wp:attachment":[{"href":"https:\/\/portais.santoandre.sp.gov.br\/saude\/wp-json\/wp\/v2\/media?parent=99"}],"curies":[{"name":"wp","href":"https:\/\/api.w.org\/{rel}","templated":true}]}}