{"id":74,"date":"2025-03-25T12:54:33","date_gmt":"2025-03-25T15:54:33","guid":{"rendered":"https:\/\/portais.santoandre.sp.gov.br\/saude\/?page_id=74"},"modified":"2025-03-31T09:29:55","modified_gmt":"2025-03-31T12:29:55","slug":"acoes-e-programas","status":"publish","type":"page","link":"https:\/\/portais.santoandre.sp.gov.br\/saude\/acoes-e-programas\/","title":{"rendered":"A\u00e7\u00f5es e Programas"},"content":{"rendered":"\n<p>A Prefeitura de Santo Andr\u00e9, por meio da Secretaria de Sa\u00fade, promove uma s\u00e9rie de a\u00e7\u00f5es e programas voltados ao bem-estar da popula\u00e7\u00e3o, seguindo os princ\u00edpios do Sistema \u00danico de Sa\u00fade (SUS). Entre as iniciativas destacam-se o Programa de Sa\u00fade da Juventude, o Projeto Bem Nascer e o fortalecimento da Sa\u00fade Bucal. Essas a\u00e7\u00f5es visam garantir acesso universal, equitativo e gratuito \u00e0 sa\u00fade, com foco na preven\u00e7\u00e3o, no cuidado integral e na redu\u00e7\u00e3o das desigualdades sociais.<\/p>\n\n\n\n<p><a href=\"https:\/\/portais.santoandre.sp.gov.br\/saude\/comite-de-etica-em-pesquisa-cep\/\">Comit\u00ea de \u00c9tica em Pesquisa (CEP)<\/a><\/p>\n\n\n\n<p><a href=\"https:\/\/portais.santoandre.sp.gov.br\/saude\/conselhos-diretores-de-unidades-de-saude-2011\/\">Conselhos Diretores de Unidades de Sa\u00fade 2011<\/a><\/p>\n\n\n\n<p><a href=\"https:\/\/portais.santoandre.sp.gov.br\/saude\/programa-de-saude-da-juventude\/\">Programa de Sa\u00fade da Juventude<\/a><\/p>\n\n\n\n<p><a href=\"https:\/\/portais.santoandre.sp.gov.br\/saude\/programa-de-terapia-comunitaria-integrativa\/\">Programa de Terapia Comunit\u00e1ria Integrativa<\/a><\/p>\n\n\n\n<p><a href=\"https:\/\/portais.santoandre.sp.gov.br\/saude\/projeto-bem-nascer\/\">Projeto Bem Nascer<\/a><\/p>\n\n\n\n<p><a href=\"https:\/\/portais.santoandre.sp.gov.br\/saude\/resavas\/\">Resavas<\/a><\/p>\n\n\n\n<p><a href=\"https:\/\/portais.santoandre.sp.gov.br\/saude\/saude-bucal\/\">Sa\u00fade Bucal<\/a><\/p>\n\n\n\n<p><a href=\"https:\/\/portais.santoandre.sp.gov.br\/saude\/saude-do-trabalhador\/\">Sa\u00fade do Trabalhador<\/a><\/p>\n\n\n\n<p><a href=\"https:\/\/portais.santoandre.sp.gov.br\/saude\/programa-de-fortalecimento-do-sistema-unico-de-saude-e-apoio-pos-pandemia-em-santo-andre\/\">Programa de Fortalecimento do Sistema \u00danico de Sa\u00fade e Apoio P\u00f3s-Pandemia em Santo Andr\u00e9<\/a><\/p>\n\n\n\n<p><a href=\"https:\/\/portais.santoandre.sp.gov.br\/saude\/wp-content\/uploads\/sites\/30\/2025\/03\/sa-cartilha-saude-mulher-a5_08025541.pdf\" target=\"_blank\" rel=\"noreferrer noopener\">Cartilha de Sa\u00fade da Mulher<\/a><\/p>\n","protected":false},"excerpt":{"rendered":"<p>A Prefeitura de Santo Andr\u00e9, por meio da Secretaria de Sa\u00fade, promove uma s\u00e9rie de a\u00e7\u00f5es e programas voltados ao bem-estar da popula\u00e7\u00e3o, seguindo os princ\u00edpios do Sistema \u00danico de Sa\u00fade (SUS). Entre as iniciativas destacam-se o Programa de Sa\u00fade da Juventude, o Projeto Bem Nascer e o fortalecimento da Sa\u00fade Bucal. Essas a\u00e7\u00f5es visam [&hellip;]<\/p>\n","protected":false},"author":39,"featured_media":0,"parent":0,"menu_order":0,"comment_status":"closed","ping_status":"closed","template":"","meta":{"footnotes":""},"class_list":["post-74","page","type-page","status-publish","hentry"],"_links":{"self":[{"href":"https:\/\/portais.santoandre.sp.gov.br\/saude\/wp-json\/wp\/v2\/pages\/74","targetHints":{"allow":["GET"]}}],"collection":[{"href":"https:\/\/portais.santoandre.sp.gov.br\/saude\/wp-json\/wp\/v2\/pages"}],"about":[{"href":"https:\/\/portais.santoandre.sp.gov.br\/saude\/wp-json\/wp\/v2\/types\/page"}],"author":[{"embeddable":true,"href":"https:\/\/portais.santoandre.sp.gov.br\/saude\/wp-json\/wp\/v2\/users\/39"}],"replies":[{"embeddable":true,"href":"https:\/\/portais.santoandre.sp.gov.br\/saude\/wp-json\/wp\/v2\/comments?post=74"}],"version-history":[{"count":11,"href":"https:\/\/portais.santoandre.sp.gov.br\/saude\/wp-json\/wp\/v2\/pages\/74\/revisions"}],"predecessor-version":[{"id":391,"href":"https:\/\/portais.santoandre.sp.gov.br\/saude\/wp-json\/wp\/v2\/pages\/74\/revisions\/391"}],"wp:attachment":[{"href":"https:\/\/portais.santoandre.sp.gov.br\/saude\/wp-json\/wp\/v2\/media?parent=74"}],"curies":[{"name":"wp","href":"https:\/\/api.w.org\/{rel}","templated":true}]}}