{"id":503,"date":"2025-05-07T10:37:16","date_gmt":"2025-05-07T13:37:16","guid":{"rendered":"https:\/\/portais.santoandre.sp.gov.br\/saude\/?page_id=503"},"modified":"2025-11-11T11:12:33","modified_gmt":"2025-11-11T14:12:33","slug":"poupatempo-da-saude","status":"publish","type":"page","link":"https:\/\/portais.santoandre.sp.gov.br\/saude\/poupatempo-da-saude\/","title":{"rendered":"Poupatempo da Sa\u00fade"},"content":{"rendered":"\n<div class=\"wp-block-stackable-image stk-block-image stk-block stk-0ae605b\" data-block-id=\"0ae605b\"><style>.stk-0ae605b .stk-img-wrapper{width:100% !important;}<\/style><figure><span class=\"stk-img-wrapper stk-image--shape-stretch\"><img fetchpriority=\"high\" decoding=\"async\" class=\"stk-img wp-image-27\" src=\"https:\/\/portais.santoandre.sp.gov.br\/saude\/wp-content\/uploads\/sites\/30\/2025\/03\/e0f71a24982469c56459556695e38a3a.jpg\" width=\"800\" height=\"533\" srcset=\"https:\/\/portais.santoandre.sp.gov.br\/saude\/wp-content\/uploads\/sites\/30\/2025\/03\/e0f71a24982469c56459556695e38a3a.jpg 800w, https:\/\/portais.santoandre.sp.gov.br\/saude\/wp-content\/uploads\/sites\/30\/2025\/03\/e0f71a24982469c56459556695e38a3a-300x200.jpg 300w, https:\/\/portais.santoandre.sp.gov.br\/saude\/wp-content\/uploads\/sites\/30\/2025\/03\/e0f71a24982469c56459556695e38a3a-768x512.jpg 768w\" sizes=\"(max-width: 800px) 100vw, 800px\" \/><\/span><\/figure><\/div>\n\n\n\n<p>O <strong>Poupatempo da Sa\u00fade<\/strong> \u00e9 uma iniciativa da Prefeitura de Santo Andr\u00e9, por meio da Secretaria de Sa\u00fade, que visa agilizar o acesso da popula\u00e7\u00e3o aos servi\u00e7os p\u00fablicos de sa\u00fade. Inspirado no modelo de efici\u00eancia do Poupatempo tradicional, o programa re\u00fane em um \u00fanico local diversos atendimentos essenciais, promovendo mais comodidade, rapidez e acolhimento ao cidad\u00e3o andreense.<\/p>\n\n\n\n<p>Entre os servi\u00e7os oferecidos est\u00e3o:<\/p>\n\n\n\n<ul class=\"wp-block-list\">\n<li>Consultas m\u00e9dicas em diversas especialidades;<\/li>\n\n\n\n<li>Exames laboratoriais e de imagem;<\/li>\n\n\n\n<li>Atualiza\u00e7\u00e3o do Cart\u00e3o SUS;<\/li>\n\n\n\n<li>Encaminhamentos para tratamentos e cirurgias;<\/li>\n\n\n\n<li>Apoio e orienta\u00e7\u00e3o para programas de sa\u00fade preventiva.<\/li>\n<\/ul>\n\n\n\n<p><strong>Importante:<\/strong> a unidade <strong>n\u00e3o \u00e9 de porta aberta<\/strong>. Os atendimentos s\u00e3o realizados <strong>exclusivamente mediante agendamento<\/strong>, que deve ser feito por meio de <strong>encaminhamento das Unidades B\u00e1sicas de Sa\u00fade (UBSs)<\/strong> do munic\u00edpio. Portanto, \u00e9 necess\u00e1rio procurar sua unidade de refer\u00eancia para avalia\u00e7\u00e3o m\u00e9dica e solicita\u00e7\u00e3o do servi\u00e7o.<\/p>\n\n\n\n<p>O objetivo do Poupatempo da Sa\u00fade \u00e9 <strong>descentralizar e desburocratizar o atendimento<\/strong>, reduzindo filas, otimizando recursos e garantindo maior resolutividade nos cuidados com a sa\u00fade.<\/p>\n\n\n\n<p>A unidade conta com infraestrutura moderna, profissionais capacitados e sistemas integrados com as Unidades de Sa\u00fade do munic\u00edpio, oferecendo um atendimento mais \u00e1gil, eficiente e humanizado.<\/p>\n\n\n\n<p><strong>Servi\u00e7os Prestados<\/strong>:<br><em>Alergologia, Cardiologia adulto, Cardiologia infantil, Dermatologia, Dermatologia (procedimentos), Endocrino adulto, Endocrino infantil, Gastroenterologia adulto, Gastroenterologia infantil, Hematologia adulto, Hematologia infantil, Hepatologia, Nutrologia, Neurologia adulto, Neurologia infantil, Nefrologia adulto, Nefrologia infantil, Oftalmologia, Oftalmo (especialidades), Otorrinolaringologia, Otorrino cir\u00fargica, Ortopedia geral, Ortopedia infantil, Ortopedia joelho, Ortopedia ombro\/cotovelo, Ortopedia m\u00e3o, Ortopedia p\u00e9, Ortopedia quadril, Pneumologia adulto, Pneumologia infantil, Reumatologia adulto, Reumatologia infantil.<\/em><\/p>\n\n\n\n<p><strong>Exames:<\/strong><br><em>Exames de sangue, Campimetria, Retinografia, Mapeamento de Retina, Tonometria, Tomografia de Coer\u00eancia \u00d3ptica, USG Ocular e Paquimetria.<\/em><\/p>\n\n\n\n<div class=\"wp-block-stackable-button-group stk-block-button-group stk-block stk-5e594f6\" data-block-id=\"5e594f6\"><style>.stk-5e594f6 .stk-block-button, .stk-5e594f6 .stk-block-icon-button{flex:1 0 0% !important;}<\/style><div class=\"stk-row stk-inner-blocks stk-block-content stk-button-group\">\n<div class=\"wp-block-stackable-button stk-block-button stk-block stk-7a7c517\" data-block-id=\"7a7c517\"><style>.stk-7a7c517 .stk-button{border-top-left-radius:5px !important;border-top-right-radius:5px !important;border-bottom-right-radius:5px !important;border-bottom-left-radius:5px !important;}<\/style><a class=\"stk-link stk-button stk--hover-effect-darken\" href=\"https:\/\/cnes.datasus.gov.br\/pages\/estabelecimentos\/ficha\/index.jsp?coUnidade=3547804436040\" target=\"_blank\" rel=\"noreferrer noopener\"><span class=\"stk-button__inner-text\">Consulte CNES<\/span><\/a><\/div>\n<\/div><\/div>\n\n\n\n<div class=\"wp-block-stackable-button-group stk-block-button-group stk-block stk-112870a\" data-block-id=\"112870a\"><style>.stk-112870a .stk-block-button, .stk-112870a .stk-block-icon-button{flex:1 0 0% !important;}<\/style><div class=\"stk-row stk-inner-blocks stk-block-content stk-button-group\">\n<div class=\"wp-block-stackable-button stk-block-button stk-block stk-bc4b465\" data-block-id=\"bc4b465\"><style>.stk-bc4b465 .stk-button{border-top-left-radius:5px !important;border-top-right-radius:5px !important;border-bottom-right-radius:5px !important;border-bottom-left-radius:5px !important;}<\/style><a class=\"stk-link stk-button stk--hover-effect-darken\" href=\"https:\/\/santoandreportal.sissonline.com.br\/login?ReturnUrl=%2Fservicos%2Fconsultas%2Fagendadas\" target=\"_blank\" rel=\"noreferrer noopener\"><span class=\"stk-button__inner-text\">Meus agendamentos<\/span><\/a><\/div>\n<\/div><\/div>\n\n\n\n<div class=\"wp-block-stackable-button-group stk-block-button-group stk-block stk-6031642\" data-block-id=\"6031642\"><style>.stk-6031642 .stk-block-button, .stk-6031642 .stk-block-icon-button{flex:1 0 0% !important;}<\/style><div class=\"stk-row stk-inner-blocks stk-block-content stk-button-group\">\n<div class=\"wp-block-stackable-button stk-block-button stk-block stk-71fc7d4\" data-block-id=\"71fc7d4\"><style>.stk-71fc7d4 .stk-button{border-top-left-radius:5px !important;border-top-right-radius:5px !important;border-bottom-right-radius:5px !important;border-bottom-left-radius:5px !important;}<\/style><a class=\"stk-link stk-button stk--hover-effect-darken\" href=\"https:\/\/santoandreportal.sissonline.com.br\/login?ReturnUrl=%2Fservicos%2Fhistorico-agenda\" target=\"_blank\" rel=\"noreferrer noopener\"><span class=\"stk-button__inner-text\">Hist\u00f3rico de Atendimento<\/span><\/a><\/div>\n<\/div><\/div>\n\n\n\n<p><strong>Hor\u00e1rio de Atendimento:<\/strong><br>2\u00aa a 6\u00aa feira das 7h \u00e0s 21h &#8211; S\u00e1bados das 9h \u00e0s 16h <br><strong>Telefone:<\/strong><br>(11)4992-1777\/4437-3766<br><strong>Endere\u00e7o:<\/strong><br>Rua Giovanni Battista Pirelli, 155 &#8211; Vila Homero Thon &#8211; Shopping Atrium<\/p>\n\n\n\n<div class=\"wp-block-stackable-button-group stk-block-button-group stk-block stk-75e6ed4\" data-block-id=\"75e6ed4\"><div class=\"stk-row stk-inner-blocks stk-block-content stk-button-group\">\n<div class=\"wp-block-stackable-button stk-block-button stk-block stk-a06d4c5\" data-block-id=\"a06d4c5\"><style>.stk-a06d4c5 .stk-button{border-top-left-radius:5px !important;border-top-right-radius:5px !important;border-bottom-right-radius:5px !important;border-bottom-left-radius:5px !important;}<\/style><a class=\"stk-link stk-button stk--hover-effect-darken\" href=\"https:\/\/maps.app.goo.gl\/9HNvGbD8TXtvSdR29\" target=\"_blank\" rel=\"noreferrer noopener\"><span class=\"stk-button__inner-text\">Ver no mapa<\/span><\/a><\/div>\n<\/div><\/div>\n\n\n\n<h3 class=\"wp-block-heading\"><strong>Linhas de \u00d4nibus Municipais que Atendem o Poupatempo da Sa\u00fade<\/strong><\/h3>\n\n\n\n<p>Para facilitar o acesso dos mun\u00edcipes ao Poupatempo da Sa\u00fade, a Prefeitura inaugurou um miniterminal ao lado do Atrium Shopping. As seguintes linhas municipais de \u00f4nibus atendem diretamente o local:<\/p>\n\n\n\n<ul class=\"wp-block-list\">\n<li><strong>B21<\/strong> \u2013 Cidade S\u00e3o Jorge \/ Bairro Campestre<\/li>\n\n\n\n<li><strong>B31<\/strong> \u2013 Jardim Santo Andr\u00e9 \/ Atrium (ponto final no miniterminal)<\/li>\n\n\n\n<li><strong>I02<\/strong> \u2013 Cidade S\u00e3o Jorge \/ Jardim Ana Maria<\/li>\n\n\n\n<li><strong>T14<\/strong> \u2013 Jardim Ana Maria \/ Centro<\/li>\n\n\n\n<li><strong>T23<\/strong> \u2013 Cidade S\u00e3o Jorge \/ Esta\u00e7\u00e3o Santo Andr\u00e9<\/li>\n\n\n\n<li><strong>T25<\/strong> \u2013 Vila Su\u00ed\u00e7a \/ UniABC<\/li>\n\n\n\n<li><strong>T27<\/strong> \u2013 Condom\u00ednio Maracan\u00e3 \/ Esta\u00e7\u00e3o Santo Andr\u00e9<\/li>\n\n\n\n<li><strong>T28<\/strong> \u2013 Jardim Mirante \/ Esta\u00e7\u00e3o Santo Andr\u00e9<\/li>\n<\/ul>\n\n\n\n<p><\/p>\n","protected":false},"excerpt":{"rendered":"<p>O Poupatempo da Sa\u00fade \u00e9 uma iniciativa da Prefeitura de Santo Andr\u00e9, por meio da Secretaria de Sa\u00fade, que visa agilizar o acesso da popula\u00e7\u00e3o aos servi\u00e7os p\u00fablicos de sa\u00fade. Inspirado no modelo de efici\u00eancia do Poupatempo tradicional, o programa re\u00fane em um \u00fanico local diversos atendimentos essenciais, promovendo mais comodidade, rapidez e acolhimento ao [&hellip;]<\/p>\n","protected":false},"author":39,"featured_media":0,"parent":0,"menu_order":0,"comment_status":"closed","ping_status":"closed","template":"","meta":{"footnotes":""},"class_list":["post-503","page","type-page","status-publish","hentry"],"_links":{"self":[{"href":"https:\/\/portais.santoandre.sp.gov.br\/saude\/wp-json\/wp\/v2\/pages\/503","targetHints":{"allow":["GET"]}}],"collection":[{"href":"https:\/\/portais.santoandre.sp.gov.br\/saude\/wp-json\/wp\/v2\/pages"}],"about":[{"href":"https:\/\/portais.santoandre.sp.gov.br\/saude\/wp-json\/wp\/v2\/types\/page"}],"author":[{"embeddable":true,"href":"https:\/\/portais.santoandre.sp.gov.br\/saude\/wp-json\/wp\/v2\/users\/39"}],"replies":[{"embeddable":true,"href":"https:\/\/portais.santoandre.sp.gov.br\/saude\/wp-json\/wp\/v2\/comments?post=503"}],"version-history":[{"count":8,"href":"https:\/\/portais.santoandre.sp.gov.br\/saude\/wp-json\/wp\/v2\/pages\/503\/revisions"}],"predecessor-version":[{"id":952,"href":"https:\/\/portais.santoandre.sp.gov.br\/saude\/wp-json\/wp\/v2\/pages\/503\/revisions\/952"}],"wp:attachment":[{"href":"https:\/\/portais.santoandre.sp.gov.br\/saude\/wp-json\/wp\/v2\/media?parent=503"}],"curies":[{"name":"wp","href":"https:\/\/api.w.org\/{rel}","templated":true}]}}