{"id":401,"date":"2025-03-31T10:40:51","date_gmt":"2025-03-31T13:40:51","guid":{"rendered":"https:\/\/portais.santoandre.sp.gov.br\/saude\/?page_id=401"},"modified":"2026-04-10T12:53:25","modified_gmt":"2026-04-10T15:53:25","slug":"bem-estar-animal","status":"publish","type":"page","link":"https:\/\/portais.santoandre.sp.gov.br\/saude\/bem-estar-animal\/","title":{"rendered":"Bem Estar Animal"},"content":{"rendered":"\n<div class=\"wp-block-stackable-feature stk-block-feature stk-block stk-3f0ab42 is-style-default\" data-v=\"2\" data-block-id=\"3f0ab42\"><style>.stk-3f0ab42 {--stk-feature-flex-wrap:nowrap !important;}<\/style><div class=\"stk-content-align stk-3f0ab42-column stk-container stk-3f0ab42-container stk--no-background stk--no-padding\"><div class=\"stk-inner-blocks stk-block-content stk-row\">\n<div class=\"wp-block-stackable-column stk-block-column stk-column stk-block stk-97a3c62\" data-v=\"4\" data-block-id=\"97a3c62\"><style>.stk-97a3c62 {align-self:center !important;}<\/style><div class=\"stk-column-wrapper stk-block-column__content stk-container stk-97a3c62-container stk--no-background stk--no-padding\"><div class=\"stk-block-content stk-inner-blocks stk-97a3c62-inner-blocks\">\n<div class=\"wp-block-stackable-heading stk-block-heading stk-block-heading--v2 stk-block stk-6d8a36f\" id=\"hospital-veterinario\" data-block-id=\"6d8a36f\"><h2 class=\"stk-block-heading__text\">Hospital Veterin\u00e1rio<\/h2><\/div>\n\n\n\n<div class=\"wp-block-stackable-text stk-block-text stk-block stk-824930e\" data-block-id=\"824930e\"><p class=\"stk-block-text__text\">Hor\u00e1rio de Atendimento:<br><strong>2\u00aa a S\u00e1bado das 8h \u00e0s 18h<br><\/strong>Telefone:<br><strong>(11)<\/strong> <strong>4433-1958<\/strong><br>Endere\u00e7o:<br><strong>R. Juqui\u00e1, s\/n\u00ba &#8211; Vila Eld\u00edzia<\/strong><\/p><\/div>\n\n\n\n<div class=\"wp-block-stackable-button-group stk-block-button-group stk-block stk-a178eb4\" data-block-id=\"a178eb4\"><div class=\"stk-row stk-inner-blocks stk-block-content stk-button-group\">\n<div class=\"wp-block-stackable-button stk-block-button stk-block stk-f428c40\" data-block-id=\"f428c40\"><style>.stk-f428c40 .stk-button{border-top-left-radius:5px !important;border-top-right-radius:5px !important;border-bottom-right-radius:5px !important;border-bottom-left-radius:5px !important;}<\/style><a class=\"stk-link stk-button stk--hover-effect-darken\" href=\"https:\/\/maps.app.goo.gl\/Sx1DHnn1ju1Hj6aBA\" target=\"_blank\" rel=\"noreferrer noopener\"><span class=\"stk-button__inner-text\">Ver no mapa<\/span><\/a><\/div>\n<\/div><\/div>\n<\/div><\/div><\/div>\n\n\n\n<div class=\"wp-block-stackable-column stk-block-column stk-column stk-block stk-3d42baf\" data-v=\"4\" data-block-id=\"3d42baf\"><style>.stk-3d42baf {align-self:center !important;}<\/style><div class=\"stk-column-wrapper stk-block-column__content stk-container stk-3d42baf-container stk--no-background stk--no-padding\"><div class=\"stk-block-content stk-inner-blocks stk-3d42baf-inner-blocks\">\n<div class=\"wp-block-stackable-image stk-block-image stk-block stk-7d3e9b3\" data-block-id=\"7d3e9b3\"><figure><span class=\"stk-img-wrapper stk-image--shape-stretch\"><img fetchpriority=\"high\" decoding=\"async\" class=\"stk-img wp-image-402\" src=\"https:\/\/portais.santoandre.sp.gov.br\/saude\/wp-content\/uploads\/sites\/30\/2025\/03\/Fachada_Santo-Andre-qqki2wywwpsssn312ghgyd4mc4y5ydgj1t2te1jypc.jpg\" width=\"800\" height=\"600\" srcset=\"https:\/\/portais.santoandre.sp.gov.br\/saude\/wp-content\/uploads\/sites\/30\/2025\/03\/Fachada_Santo-Andre-qqki2wywwpsssn312ghgyd4mc4y5ydgj1t2te1jypc.jpg 800w, https:\/\/portais.santoandre.sp.gov.br\/saude\/wp-content\/uploads\/sites\/30\/2025\/03\/Fachada_Santo-Andre-qqki2wywwpsssn312ghgyd4mc4y5ydgj1t2te1jypc-300x225.jpg 300w, https:\/\/portais.santoandre.sp.gov.br\/saude\/wp-content\/uploads\/sites\/30\/2025\/03\/Fachada_Santo-Andre-qqki2wywwpsssn312ghgyd4mc4y5ydgj1t2te1jypc-768x576.jpg 768w\" sizes=\"(max-width: 800px) 100vw, 800px\" \/><\/span><\/figure><\/div>\n<\/div><\/div><\/div>\n<\/div><\/div><\/div>\n\n\n\n<p>Servi\u00e7os Prestados:<br><strong>Castra\u00e7\u00e3o, Cirurgia Geral, Cirurgia Oncol\u00f3gica, Cl\u00ednica M\u00e9dica, Ortopedia e Procedimentos Ambulatoriais.<\/strong><\/p>\n\n\n\n<p>Exames:<br><strong>Exames de Imagem e Exames Laboratoriais<\/strong>.<\/p>\n\n\n\n<p>Documentos necess\u00e1rios para o atendimento<br><strong>Compare\u00e7a \u00e0 unidade com o animal e apresente RG, CPF e comprovante de endere\u00e7o do Munic\u00edpio de Santo Andr\u00e9.<\/strong><\/p>\n\n\n\n<p><strong>Atendimento di\u00e1rio limitado a 30 senhas.<\/strong><\/p>\n","protected":false},"excerpt":{"rendered":"<p>Hospital Veterin\u00e1rio Hor\u00e1rio de Atendimento:2\u00aa a S\u00e1bado das 8h \u00e0s 18hTelefone:(11) 4433-1958Endere\u00e7o:R. Juqui\u00e1, s\/n\u00ba &#8211; Vila Eld\u00edzia Ver no mapa Servi\u00e7os Prestados:Castra\u00e7\u00e3o, Cirurgia Geral, Cirurgia Oncol\u00f3gica, Cl\u00ednica M\u00e9dica, Ortopedia e Procedimentos Ambulatoriais. Exames:Exames de Imagem e Exames Laboratoriais. Documentos necess\u00e1rios para o atendimentoCompare\u00e7a \u00e0 unidade com o animal e apresente RG, CPF e comprovante de [&hellip;]<\/p>\n","protected":false},"author":39,"featured_media":0,"parent":0,"menu_order":0,"comment_status":"closed","ping_status":"closed","template":"","meta":{"footnotes":""},"class_list":["post-401","page","type-page","status-publish","hentry"],"_links":{"self":[{"href":"https:\/\/portais.santoandre.sp.gov.br\/saude\/wp-json\/wp\/v2\/pages\/401","targetHints":{"allow":["GET"]}}],"collection":[{"href":"https:\/\/portais.santoandre.sp.gov.br\/saude\/wp-json\/wp\/v2\/pages"}],"about":[{"href":"https:\/\/portais.santoandre.sp.gov.br\/saude\/wp-json\/wp\/v2\/types\/page"}],"author":[{"embeddable":true,"href":"https:\/\/portais.santoandre.sp.gov.br\/saude\/wp-json\/wp\/v2\/users\/39"}],"replies":[{"embeddable":true,"href":"https:\/\/portais.santoandre.sp.gov.br\/saude\/wp-json\/wp\/v2\/comments?post=401"}],"version-history":[{"count":5,"href":"https:\/\/portais.santoandre.sp.gov.br\/saude\/wp-json\/wp\/v2\/pages\/401\/revisions"}],"predecessor-version":[{"id":1176,"href":"https:\/\/portais.santoandre.sp.gov.br\/saude\/wp-json\/wp\/v2\/pages\/401\/revisions\/1176"}],"wp:attachment":[{"href":"https:\/\/portais.santoandre.sp.gov.br\/saude\/wp-json\/wp\/v2\/media?parent=401"}],"curies":[{"name":"wp","href":"https:\/\/api.w.org\/{rel}","templated":true}]}}