{"id":375,"date":"2025-03-31T09:24:06","date_gmt":"2025-03-31T12:24:06","guid":{"rendered":"https:\/\/portais.santoandre.sp.gov.br\/saude\/?page_id=375"},"modified":"2025-03-31T09:37:45","modified_gmt":"2025-03-31T12:37:45","slug":"programa-de-fortalecimento-do-sistema-unico-de-saude-e-apoio-pos-pandemia-em-santo-andre","status":"publish","type":"page","link":"https:\/\/portais.santoandre.sp.gov.br\/saude\/programa-de-fortalecimento-do-sistema-unico-de-saude-e-apoio-pos-pandemia-em-santo-andre\/","title":{"rendered":"Programa de Fortalecimento do Sistema \u00danico de Sa\u00fade e Apoio P\u00f3s-Pandemia em Santo Andr\u00e9"},"content":{"rendered":"\n<p>A Secretaria Municipal de Sa\u00fade desenvolve o Programa de Fortalecimento do Sistema \u00danico de Sa\u00fade e Apoio P\u00f3s-Pandemia, que conta com financiamento parcial do Banco Interamericano de Desenvolvimento \u2013 BID, o qual visa melhorias no atendimento a popula\u00e7\u00e3o, por meio de investimentos em infraestrutura.<\/p>\n\n\n\n<p>O programa contempla a constru\u00e7\u00e3o de duas (02) novas Unidade de Sa\u00fade da Fam\u00edlia (USF), sendo USF Ana Maria e USF Sorocaba, e reforma e amplia\u00e7\u00e3o de 13 unidades, sendo USF Jardim Carla, USF Jardim Santo Andr\u00e9, USF Valpara\u00edso, USF Vila Linda, US Vila Helena, US Moys\u00e9s Fucs, US Parque Jo\u00e3o Ramalho, US Jardim Alvorada, US Centreville, US Vila Luzita, US Utinga, US Jardim Irene e US Centro de Sa\u00fade Escola.<\/p>\n\n\n\n<p>Preocupados com o bem estar da popula\u00e7\u00e3o e visando minimizar e neutralizar poss\u00edveis danos sociais e ambientais, abrimos esta Consulta P\u00fablica para registrar pontos de vista e percep\u00e7\u00e3o das pessoas que podem ser afetadas direta e indiretamente pelo projeto, al\u00e9m de oferecer uma forma de levar em considera\u00e7\u00e3o as contribui\u00e7\u00f5es, visando aperfei\u00e7oar seu planejamento e implementa\u00e7\u00e3o.<\/p>\n\n\n\n<p>A Consulta P\u00fablica on-line estar\u00e1 aberta at\u00e9 o dia 12\/10 neste <a href=\"https:\/\/docs.google.com\/forms\/d\/1tjqafoZrf9SrkQUAXL0QpsfswGcBEKUqsAywTiFx0vE\/edit\">link<\/a>.<\/p>\n\n\n\n<p>As d\u00favidas levantadas pela popula\u00e7\u00e3o na Consulta P\u00fablica ser\u00e3o esclarecidas em webinar que ser\u00e1 realizado em 13\/10, \u00e0s 18h, neste <a href=\"https:\/\/meet.google.com\/zed-yehe-ihr\" target=\"_blank\" rel=\"noreferrer noopener\">link<\/a>.&nbsp;&nbsp;Detalhes sobre o programa e seus impactos ambientais se encontram nos documentos abaixo:<\/p>\n\n\n\n<div class=\"wp-block-stackable-icon-list stk-block-icon-list stk-block stk-5f525ca\" data-block-id=\"5f525ca\"><svg style=\"display:none\"><defs><g id=\"stk-icon-list__icon-svg-def-5f525ca\"><svg xmlns=\"http:\/\/www.w3.org\/2000\/svg\" viewBox=\"0 0 190 190\"><polygon points=\"173.8,28.4 60.4,141.8 15.7,97.2 5.1,107.8 60.4,163 184.4,39 173.8,28.4\" \/><\/svg><\/g><\/defs><\/svg><ul class=\"stk-block-icon-list__ul stk-block-icon-list--column\">\n<li class=\"wp-block-stackable-icon-list-item stk-block-icon-list-item stk-block stk-1b71787\" data-block-id=\"1b71787\"><div class=\"stk-block-icon-list-item__content\"><span class=\"stk--svg-wrapper\"><div class=\"stk--inner-svg\"><svg xmlns=\"http:\/\/www.w3.org\/2000\/svg\" viewBox=\"0 0 512 512\" aria-hidden=\"true\" width=\"32\" height=\"32\"><path d=\"M64 464l48 0 0 48-48 0c-35.3 0-64-28.7-64-64L0 64C0 28.7 28.7 0 64 0L229.5 0c17 0 33.3 6.7 45.3 18.7l90.5 90.5c12 12 18.7 28.3 18.7 45.3L384 304l-48 0 0-144-80 0c-17.7 0-32-14.3-32-32l0-80L64 48c-8.8 0-16 7.2-16 16l0 384c0 8.8 7.2 16 16 16zM176 352l32 0c30.9 0 56 25.1 56 56s-25.1 56-56 56l-16 0 0 32c0 8.8-7.2 16-16 16s-16-7.2-16-16l0-48 0-80c0-8.8 7.2-16 16-16zm32 80c13.3 0 24-10.7 24-24s-10.7-24-24-24l-16 0 0 48 16 0zm96-80l32 0c26.5 0 48 21.5 48 48l0 64c0 26.5-21.5 48-48 48l-32 0c-8.8 0-16-7.2-16-16l0-128c0-8.8 7.2-16 16-16zm32 128c8.8 0 16-7.2 16-16l0-64c0-8.8-7.2-16-16-16l-16 0 0 96 16 0zm80-112c0-8.8 7.2-16 16-16l48 0c8.8 0 16 7.2 16 16s-7.2 16-16 16l-32 0 0 32 32 0c8.8 0 16 7.2 16 16s-7.2 16-16 16l-32 0 0 48c0 8.8-7.2 16-16 16s-16-7.2-16-16l0-64 0-64z\"><\/path><\/svg><\/div><\/span><span class=\"stk-block-icon-list-item__text\"><a href=\"https:\/\/portais.santoandre.sp.gov.br\/saude\/wp-content\/uploads\/sites\/30\/2025\/03\/aas_pgas_14082141.pdf\" target=\"_blank\" rel=\"noreferrer noopener\">PGAS \u2013 Plano de Gest\u00e3o Ambiental e Social<\/a><\/span><\/div><\/li>\n\n\n\n<li class=\"wp-block-stackable-icon-list-item stk-block-icon-list-item stk-block stk-fe663dd\" data-block-id=\"fe663dd\"><div class=\"stk-block-icon-list-item__content\"><span class=\"stk--svg-wrapper\"><div class=\"stk--inner-svg\"><svg xmlns=\"http:\/\/www.w3.org\/2000\/svg\" viewBox=\"0 0 512 512\" aria-hidden=\"true\" width=\"32\" height=\"32\"><path d=\"M64 464l48 0 0 48-48 0c-35.3 0-64-28.7-64-64L0 64C0 28.7 28.7 0 64 0L229.5 0c17 0 33.3 6.7 45.3 18.7l90.5 90.5c12 12 18.7 28.3 18.7 45.3L384 304l-48 0 0-144-80 0c-17.7 0-32-14.3-32-32l0-80L64 48c-8.8 0-16 7.2-16 16l0 384c0 8.8 7.2 16 16 16zM176 352l32 0c30.9 0 56 25.1 56 56s-25.1 56-56 56l-16 0 0 32c0 8.8-7.2 16-16 16s-16-7.2-16-16l0-48 0-80c0-8.8 7.2-16 16-16zm32 80c13.3 0 24-10.7 24-24s-10.7-24-24-24l-16 0 0 48 16 0zm96-80l32 0c26.5 0 48 21.5 48 48l0 64c0 26.5-21.5 48-48 48l-32 0c-8.8 0-16-7.2-16-16l0-128c0-8.8 7.2-16 16-16zm32 128c8.8 0 16-7.2 16-16l0-64c0-8.8-7.2-16-16-16l-16 0 0 96 16 0zm80-112c0-8.8 7.2-16 16-16l48 0c8.8 0 16 7.2 16 16s-7.2 16-16 16l-32 0 0 32 32 0c8.8 0 16 7.2 16 16s-7.2 16-16 16l-32 0 0 48c0 8.8-7.2 16-16 16s-16-7.2-16-16l0-64 0-64z\"><\/path><\/svg><\/div><\/span><span class=\"stk-block-icon-list-item__text\"><a href=\"https:\/\/portais.santoandre.sp.gov.br\/saude\/wp-content\/uploads\/sites\/30\/2025\/03\/aas_pgas_1_14082218.pdf\" target=\"_blank\" rel=\"noreferrer noopener\">AAS \u2013 Avalia\u00e7\u00e3o Ambiental e Social<\/a><\/span><\/div><\/li>\n\n\n\n<li class=\"wp-block-stackable-icon-list-item stk-block-icon-list-item stk-block stk-9ff8a14\" data-block-id=\"9ff8a14\"><div class=\"stk-block-icon-list-item__content\"><span class=\"stk--svg-wrapper\"><div class=\"stk--inner-svg\"><svg xmlns=\"http:\/\/www.w3.org\/2000\/svg\" viewBox=\"0 0 512 512\" aria-hidden=\"true\" width=\"32\" height=\"32\"><path d=\"M64 464l48 0 0 48-48 0c-35.3 0-64-28.7-64-64L0 64C0 28.7 28.7 0 64 0L229.5 0c17 0 33.3 6.7 45.3 18.7l90.5 90.5c12 12 18.7 28.3 18.7 45.3L384 304l-48 0 0-144-80 0c-17.7 0-32-14.3-32-32l0-80L64 48c-8.8 0-16 7.2-16 16l0 384c0 8.8 7.2 16 16 16zM176 352l32 0c30.9 0 56 25.1 56 56s-25.1 56-56 56l-16 0 0 32c0 8.8-7.2 16-16 16s-16-7.2-16-16l0-48 0-80c0-8.8 7.2-16 16-16zm32 80c13.3 0 24-10.7 24-24s-10.7-24-24-24l-16 0 0 48 16 0zm96-80l32 0c26.5 0 48 21.5 48 48l0 64c0 26.5-21.5 48-48 48l-32 0c-8.8 0-16-7.2-16-16l0-128c0-8.8 7.2-16 16-16zm32 128c8.8 0 16-7.2 16-16l0-64c0-8.8-7.2-16-16-16l-16 0 0 96 16 0zm80-112c0-8.8 7.2-16 16-16l48 0c8.8 0 16 7.2 16 16s-7.2 16-16 16l-32 0 0 32 32 0c8.8 0 16 7.2 16 16s-7.2 16-16 16l-32 0 0 48c0 8.8-7.2 16-16 16s-16-7.2-16-16l0-64 0-64z\"><\/path><\/svg><\/div><\/span><span class=\"stk-block-icon-list-item__text\"><a href=\"https:\/\/portais.santoandre.sp.gov.br\/saude\/wp-content\/uploads\/sites\/30\/2025\/03\/igas_14082318.pdf\" data-type=\"link\" data-id=\"https:\/\/portais.santoandre.sp.gov.br\/saude\/wp-content\/uploads\/sites\/30\/2025\/03\/igas_14082318.pdf\" target=\"_blank\" rel=\"noreferrer noopener\">IGAS \u2013 Informa\u00e7\u00e3o de Gest\u00e3o Ambiental e Social<\/a><\/span><\/div><\/li>\n<\/ul><\/div>\n\n\n\n<p><\/p>\n","protected":false},"excerpt":{"rendered":"<p>A Secretaria Municipal de Sa\u00fade desenvolve o Programa de Fortalecimento do Sistema \u00danico de Sa\u00fade e Apoio P\u00f3s-Pandemia, que conta com financiamento parcial do Banco Interamericano de Desenvolvimento \u2013 BID, o qual visa melhorias no atendimento a popula\u00e7\u00e3o, por meio de investimentos em infraestrutura. O programa contempla a constru\u00e7\u00e3o de duas (02) novas Unidade de [&hellip;]<\/p>\n","protected":false},"author":39,"featured_media":0,"parent":0,"menu_order":0,"comment_status":"closed","ping_status":"closed","template":"","meta":{"footnotes":""},"class_list":["post-375","page","type-page","status-publish","hentry"],"_links":{"self":[{"href":"https:\/\/portais.santoandre.sp.gov.br\/saude\/wp-json\/wp\/v2\/pages\/375","targetHints":{"allow":["GET"]}}],"collection":[{"href":"https:\/\/portais.santoandre.sp.gov.br\/saude\/wp-json\/wp\/v2\/pages"}],"about":[{"href":"https:\/\/portais.santoandre.sp.gov.br\/saude\/wp-json\/wp\/v2\/types\/page"}],"author":[{"embeddable":true,"href":"https:\/\/portais.santoandre.sp.gov.br\/saude\/wp-json\/wp\/v2\/users\/39"}],"replies":[{"embeddable":true,"href":"https:\/\/portais.santoandre.sp.gov.br\/saude\/wp-json\/wp\/v2\/comments?post=375"}],"version-history":[{"count":2,"href":"https:\/\/portais.santoandre.sp.gov.br\/saude\/wp-json\/wp\/v2\/pages\/375\/revisions"}],"predecessor-version":[{"id":390,"href":"https:\/\/portais.santoandre.sp.gov.br\/saude\/wp-json\/wp\/v2\/pages\/375\/revisions\/390"}],"wp:attachment":[{"href":"https:\/\/portais.santoandre.sp.gov.br\/saude\/wp-json\/wp\/v2\/media?parent=375"}],"curies":[{"name":"wp","href":"https:\/\/api.w.org\/{rel}","templated":true}]}}