{"id":372,"date":"2025-03-31T09:14:30","date_gmt":"2025-03-31T12:14:30","guid":{"rendered":"https:\/\/portais.santoandre.sp.gov.br\/saude\/?page_id=372"},"modified":"2025-04-14T13:41:00","modified_gmt":"2025-04-14T16:41:00","slug":"saude-do-trabalhador","status":"publish","type":"page","link":"https:\/\/portais.santoandre.sp.gov.br\/saude\/saude-do-trabalhador\/","title":{"rendered":"Sa\u00fade do Trabalhador"},"content":{"rendered":"\n<p>O Centro de Refer\u00eancia em Sa\u00fade do Trabalhador\/CEREST de Santo Andr\u00e9 \u00e9 o servi\u00e7o que divulga, para a rede de sa\u00fade e para a sociedade em geral, o conhecimento de que as condi\u00e7\u00f5es e processos de trabalho podem causar acidentes e doen\u00e7as e que devem ser evitadas.<br><br>Est\u00e1 vinculado ao Departamento de Vigil\u00e2ncia \u00e0 Sa\u00fade e desenvolve as seguintes a\u00e7\u00f5es:<\/p>\n\n\n\n<p>\u2022 Vigil\u00e2ncia das situa\u00e7\u00f5es de trabalho do munic\u00edpio, a partir da an\u00e1lise das notifica\u00e7\u00f5es (obrigat\u00f3rias) dos acidentes e doen\u00e7as<br>\u2022 Vistoria aos ambientes de trabalho para avalia\u00e7\u00e3o e determina\u00e7\u00e3o de corre\u00e7\u00e3o das irregularidades que colocam em risco a sa\u00fade do trabalhador<br>\u2022 Matriciamento: processo de forma\u00e7\u00e3o e apoio aos profissionais da rede de sa\u00fade (p\u00fablica e privada) para diagn\u00f3stico e acompanhamento adequado dos agravos relacionados ao trabalho<br>\u2022 Divulga\u00e7\u00e3o e orienta\u00e7\u00e3o \u00e0 popula\u00e7\u00e3o em geral, sobre a import\u00e2ncia da preven\u00e7\u00e3o de acidentes e doen\u00e7as decorrentes das condi\u00e7\u00f5es de trabalho. O Grupo de Teatro do CEREST, formado por portadores de doen\u00e7as relacionadas ao trabalho e profissionais do servi\u00e7o, mostra-se importante estrat\u00e9gia nessa a\u00e7\u00e3o.<\/p>\n\n\n\n<p>Servi\u00e7o: Centro de Refer\u00eancia em Sa\u00fade do Trabalhador<\/p>\n\n\n\n<p>Local: Rua Catequese, 242, 3\u00ba andar \u2013 Bairro Jardim<br>Tel.: 4433-3130\/3110\/3011\/3112<\/p>\n\n\n\n<p><\/p>\n","protected":false},"excerpt":{"rendered":"<p>O Centro de Refer\u00eancia em Sa\u00fade do Trabalhador\/CEREST de Santo Andr\u00e9 \u00e9 o servi\u00e7o que divulga, para a rede de sa\u00fade e para a sociedade em geral, o conhecimento de que as condi\u00e7\u00f5es e processos de trabalho podem causar acidentes e doen\u00e7as e que devem ser evitadas. Est\u00e1 vinculado ao Departamento de Vigil\u00e2ncia \u00e0 Sa\u00fade [&hellip;]<\/p>\n","protected":false},"author":39,"featured_media":0,"parent":0,"menu_order":0,"comment_status":"closed","ping_status":"closed","template":"","meta":{"footnotes":""},"class_list":["post-372","page","type-page","status-publish","hentry"],"_links":{"self":[{"href":"https:\/\/portais.santoandre.sp.gov.br\/saude\/wp-json\/wp\/v2\/pages\/372","targetHints":{"allow":["GET"]}}],"collection":[{"href":"https:\/\/portais.santoandre.sp.gov.br\/saude\/wp-json\/wp\/v2\/pages"}],"about":[{"href":"https:\/\/portais.santoandre.sp.gov.br\/saude\/wp-json\/wp\/v2\/types\/page"}],"author":[{"embeddable":true,"href":"https:\/\/portais.santoandre.sp.gov.br\/saude\/wp-json\/wp\/v2\/users\/39"}],"replies":[{"embeddable":true,"href":"https:\/\/portais.santoandre.sp.gov.br\/saude\/wp-json\/wp\/v2\/comments?post=372"}],"version-history":[{"count":4,"href":"https:\/\/portais.santoandre.sp.gov.br\/saude\/wp-json\/wp\/v2\/pages\/372\/revisions"}],"predecessor-version":[{"id":478,"href":"https:\/\/portais.santoandre.sp.gov.br\/saude\/wp-json\/wp\/v2\/pages\/372\/revisions\/478"}],"wp:attachment":[{"href":"https:\/\/portais.santoandre.sp.gov.br\/saude\/wp-json\/wp\/v2\/media?parent=372"}],"curies":[{"name":"wp","href":"https:\/\/api.w.org\/{rel}","templated":true}]}}