{"id":359,"date":"2025-03-31T08:59:48","date_gmt":"2025-03-31T11:59:48","guid":{"rendered":"https:\/\/portais.santoandre.sp.gov.br\/saude\/?page_id=359"},"modified":"2025-03-31T08:59:48","modified_gmt":"2025-03-31T11:59:48","slug":"programa-de-terapia-comunitaria-integrativa","status":"publish","type":"page","link":"https:\/\/portais.santoandre.sp.gov.br\/saude\/programa-de-terapia-comunitaria-integrativa\/","title":{"rendered":"Programa de Terapia Comunit\u00e1ria Integrativa"},"content":{"rendered":"\n<p>Miss\u00e3o e objetivos do Programa de Terapia Comunit\u00e1ria Integrativa<\/p>\n\n\n\n<p>Miss\u00e3o:<\/p>\n\n\n\n<p>Efetivar a forma\u00e7\u00e3o de rede de apoio social comunit\u00e1ria, para a popula\u00e7\u00e3o de Santo Andr\u00e9, orientada a promover agrega\u00e7\u00e3o e facilita\u00e7\u00e3o das compet\u00eancias e habilidades de enfrentamento das adversidades, integrando o saber popular ao cient\u00edfico com enfoque na Promo\u00e7\u00e3o da sa\u00fade.<\/p>\n\n\n\n<p>Objetivos:<br>Oferecer capacita\u00e7\u00e3o aos profissionais da rede de sa\u00fade p\u00fablica, formando agentes multiplicadores da Terapia Comunit\u00e1ria Integrativa a fim de:<\/p>\n\n\n\n<p>Prevenir situa\u00e7\u00f5es de desagrega\u00e7\u00e3o das pessoas e das fam\u00edlias, por meio da cria\u00e7\u00e3o e fortalecimento de la\u00e7os afetivos e sociais (senso de pertencimento);<br>Estimular o auto- cuidado por meio do reconhecimento das potencialidades individual e coletiva, resgatando a auto-estima e autonomia, promovendo a inclus\u00e3o social;<br>Real\u00e7ar e valorizar o saber produzido pela viv\u00eancia de cada um na supera\u00e7\u00e3o do sofrimento (Resili\u00eancia);<br>Promover sa\u00fade mental, com foco nas pot\u00eancias das pessoas e n\u00e3o nas car\u00eancias, pois esta \u00e9 prerrogativa dos especialistas;<br>Desenvolver a\u00e7\u00f5es intersetoriais, visando contribuir com os ideais de constru\u00e7\u00e3o da cidadania e cultura de paz;.<br>Realizar cuidado ao cuidador, dentro da perspectiva sist\u00eamica integrativa e resgate da auto-estima, contribuindo com o princ\u00edpio da aten\u00e7\u00e3o humanizada do SUS;<br>Realizar Intervis\u00f5es (Educa\u00e7\u00e3o Permanente) de 8 horas mensais aos Terapeutas Comunit\u00e1rios capacitados.<br>Aten\u00e7\u00e3o: a Terapia Comunit\u00e1ria Integrativa n\u00e3o \u00e9 Tratamento Psicol\u00f3gico.<\/p>\n\n\n\n<p>Contatos: Tel. 11 4433-3099<br>Coordena\u00e7\u00e3o: Tereza<br>Administrativo: Marlene<br>Apoio T\u00e9cnico: Lucineide e Roseli<\/p>\n\n\n\n<p><a href=\"https:\/\/portais.santoandre.sp.gov.br\/saude\/wp-content\/uploads\/sites\/30\/2025\/03\/locais_de_referencia_das_rodas_de_tcsi_13_de_agosto_de_2012_23083114.xls\">Clique aqui<\/a> para ver os endere\u00e7os onde o servi\u00e7o \u00e9 oferecido.<\/p>\n\n\n\n<p><\/p>\n","protected":false},"excerpt":{"rendered":"<p>Miss\u00e3o e objetivos do Programa de Terapia Comunit\u00e1ria Integrativa Miss\u00e3o: Efetivar a forma\u00e7\u00e3o de rede de apoio social comunit\u00e1ria, para a popula\u00e7\u00e3o de Santo Andr\u00e9, orientada a promover agrega\u00e7\u00e3o e facilita\u00e7\u00e3o das compet\u00eancias e habilidades de enfrentamento das adversidades, integrando o saber popular ao cient\u00edfico com enfoque na Promo\u00e7\u00e3o da sa\u00fade. Objetivos:Oferecer capacita\u00e7\u00e3o aos profissionais [&hellip;]<\/p>\n","protected":false},"author":39,"featured_media":0,"parent":0,"menu_order":0,"comment_status":"closed","ping_status":"closed","template":"","meta":{"footnotes":""},"class_list":["post-359","page","type-page","status-publish","hentry"],"_links":{"self":[{"href":"https:\/\/portais.santoandre.sp.gov.br\/saude\/wp-json\/wp\/v2\/pages\/359","targetHints":{"allow":["GET"]}}],"collection":[{"href":"https:\/\/portais.santoandre.sp.gov.br\/saude\/wp-json\/wp\/v2\/pages"}],"about":[{"href":"https:\/\/portais.santoandre.sp.gov.br\/saude\/wp-json\/wp\/v2\/types\/page"}],"author":[{"embeddable":true,"href":"https:\/\/portais.santoandre.sp.gov.br\/saude\/wp-json\/wp\/v2\/users\/39"}],"replies":[{"embeddable":true,"href":"https:\/\/portais.santoandre.sp.gov.br\/saude\/wp-json\/wp\/v2\/comments?post=359"}],"version-history":[{"count":1,"href":"https:\/\/portais.santoandre.sp.gov.br\/saude\/wp-json\/wp\/v2\/pages\/359\/revisions"}],"predecessor-version":[{"id":361,"href":"https:\/\/portais.santoandre.sp.gov.br\/saude\/wp-json\/wp\/v2\/pages\/359\/revisions\/361"}],"wp:attachment":[{"href":"https:\/\/portais.santoandre.sp.gov.br\/saude\/wp-json\/wp\/v2\/media?parent=359"}],"curies":[{"name":"wp","href":"https:\/\/api.w.org\/{rel}","templated":true}]}}