{"id":356,"date":"2025-03-31T08:56:41","date_gmt":"2025-03-31T11:56:41","guid":{"rendered":"https:\/\/portais.santoandre.sp.gov.br\/saude\/?page_id=356"},"modified":"2025-03-31T08:56:41","modified_gmt":"2025-03-31T11:56:41","slug":"programa-de-saude-da-juventude","status":"publish","type":"page","link":"https:\/\/portais.santoandre.sp.gov.br\/saude\/programa-de-saude-da-juventude\/","title":{"rendered":"Programa de Sa\u00fade da Juventude"},"content":{"rendered":"\n<p>Objetivo:<\/p>\n\n\n\n<p>Contribuir para o fortalecimento da cidadania da juventude visando a promo\u00e7\u00e3o de atitudes para uma vida mais saud\u00e1vel.<\/p>\n\n\n\n<p>P\u00fablico alvo:<br>Jovens de 15 a 24 anos.<\/p>\n\n\n\n<p>Como se desenvolve:<br>Atrav\u00e9s do Plano Municipal de Sa\u00fade da Juventude que \u00e9 o norteador das a\u00e7\u00f5es, o programa visa adequar os servi\u00e7os de atendimento da sa\u00fade para acolher jovens nas suas necessidades espec\u00edficas; ampliar o trabalho s\u00f3cio-educativo com jovens multiplicadores de sa\u00fade e cidadania; desenvolver oficinas e campanhas proporcionando condi\u00e7\u00f5es para refletirem as quest\u00f5es de g\u00eanero, orienta\u00e7\u00e3o sexual, ra\u00e7a\/etnia, sexualidade, direitos sexuais e reprodutivos, viol\u00eancias e acidentes no tr\u00e2nsito; envolve parceiros para fortalecer o trabalho intersetorial.<\/p>\n\n\n\n<p>Principais realiza\u00e7\u00f5es:<br>Se Liga na Parada: atividade intersetorial que desenvolve campanhas e oficinas em locais de concentra\u00e7\u00e3o de jovens para promo\u00e7\u00e3o da cidadania e vida saud\u00e1vel da galera.<\/p>\n\n\n\n<p>Se Liga na Balada: a\u00e7\u00e3o com jovens em situa\u00e7\u00e3o de festa e lazer para a redu\u00e7\u00e3o dos \u00edndices de viol\u00eancias e acidentes no tr\u00e2nsito.<\/p>\n\n\n\n<p>Se Liga na Sa\u00fade da Galera: forma\u00e7\u00e3o de jovens multiplicadores de sa\u00fade e cidadania.<\/p>\n\n\n\n<p>Comiss\u00e3o T\u00e9cnica de Sa\u00fade da Juventude: com representantes de diversos servi\u00e7os de sa\u00fade para elabora\u00e7\u00e3o do protocolo de aten\u00e7\u00e3o \u00e0 sa\u00fade sexual e reprodutiva na adolesc\u00eancia.<\/p>\n\n\n\n<p>Informa\u00e7\u00e3o relevante:<br>O Programa de Sa\u00fade da Juventude (DAS) da Secretaria de Sa\u00fade esteve na Espanha em 2008, participando do Encontro de Fechamento do Programa URB-AL \u201cLa prevenci\u00f3n de la exclusi\u00f3n social em j\u00f3venes y adolescentes em contextos urbanos mediante la promoci\u00f3n de la salud y de los factores resilientes\u201d, financiado pela Comiss\u00e3o Europ\u00e9ia.<\/p>\n\n\n\n<p>Por dois anos o Programa de Sa\u00fade da Juventude, esteve envolvido nesta coopera\u00e7\u00e3o internacional que teve por objetivo garantir o fortalecimento institucional atrav\u00e9s das trocas de experi\u00eancias e constru\u00e7\u00e3o de documentos te\u00f3ricos entre munic\u00edpios da It\u00e1lia, Espanha, Uruguai, Col\u00f4mbia e Brasil.<\/p>\n\n\n\n<p>O produto final desta experi\u00eancia trouxe um aprimoramento para o munic\u00edpio de Santo Andr\u00e9 no que diz respeito a constru\u00e7\u00e3o de um diagn\u00f3stico sobre a sa\u00fade da juventude na cidade e a implementa\u00e7\u00e3o de a\u00e7\u00f5es com este p\u00fablico, utilizando no seu cotidiano t\u00e9cnicas para o desenvolvimento da capacidade de Resili\u00eancia como estrat\u00e9gia de inclus\u00e3o social e promo\u00e7\u00e3o da sa\u00fade.<\/p>\n\n\n\n<p>A equipe do Programa de Sa\u00fade da Juventude tamb\u00e9m volta com o compromisso de apresentar os resultados deste trabalho para outras \u00e1reas da prefeitura que lidam com o p\u00fablico jovem e tamb\u00e9m \u00e0s organiza\u00e7\u00f5es n\u00e3o governamentais parceiras deste projeto na cidade.<\/p>\n","protected":false},"excerpt":{"rendered":"<p>Objetivo: Contribuir para o fortalecimento da cidadania da juventude visando a promo\u00e7\u00e3o de atitudes para uma vida mais saud\u00e1vel. P\u00fablico alvo:Jovens de 15 a 24 anos. Como se desenvolve:Atrav\u00e9s do Plano Municipal de Sa\u00fade da Juventude que \u00e9 o norteador das a\u00e7\u00f5es, o programa visa adequar os servi\u00e7os de atendimento da sa\u00fade para acolher jovens [&hellip;]<\/p>\n","protected":false},"author":39,"featured_media":0,"parent":0,"menu_order":0,"comment_status":"closed","ping_status":"closed","template":"","meta":{"footnotes":""},"class_list":["post-356","page","type-page","status-publish","hentry"],"_links":{"self":[{"href":"https:\/\/portais.santoandre.sp.gov.br\/saude\/wp-json\/wp\/v2\/pages\/356","targetHints":{"allow":["GET"]}}],"collection":[{"href":"https:\/\/portais.santoandre.sp.gov.br\/saude\/wp-json\/wp\/v2\/pages"}],"about":[{"href":"https:\/\/portais.santoandre.sp.gov.br\/saude\/wp-json\/wp\/v2\/types\/page"}],"author":[{"embeddable":true,"href":"https:\/\/portais.santoandre.sp.gov.br\/saude\/wp-json\/wp\/v2\/users\/39"}],"replies":[{"embeddable":true,"href":"https:\/\/portais.santoandre.sp.gov.br\/saude\/wp-json\/wp\/v2\/comments?post=356"}],"version-history":[{"count":1,"href":"https:\/\/portais.santoandre.sp.gov.br\/saude\/wp-json\/wp\/v2\/pages\/356\/revisions"}],"predecessor-version":[{"id":357,"href":"https:\/\/portais.santoandre.sp.gov.br\/saude\/wp-json\/wp\/v2\/pages\/356\/revisions\/357"}],"wp:attachment":[{"href":"https:\/\/portais.santoandre.sp.gov.br\/saude\/wp-json\/wp\/v2\/media?parent=356"}],"curies":[{"name":"wp","href":"https:\/\/api.w.org\/{rel}","templated":true}]}}