{"id":352,"date":"2025-03-31T08:55:06","date_gmt":"2025-03-31T11:55:06","guid":{"rendered":"https:\/\/portais.santoandre.sp.gov.br\/saude\/?page_id=352"},"modified":"2025-03-31T08:55:06","modified_gmt":"2025-03-31T11:55:06","slug":"conselhos-diretores-de-unidades-de-saude-2011","status":"publish","type":"page","link":"https:\/\/portais.santoandre.sp.gov.br\/saude\/conselhos-diretores-de-unidades-de-saude-2011\/","title":{"rendered":"Conselhos Diretores de Unidades de Sa\u00fade 2011"},"content":{"rendered":"\n<p>RESOLU\u00c7\u00c3O N\u00ba 07.07.2011- CMS \u2013 SS<\/p>\n\n\n\n<p>O Conselho Municipal de Sa\u00fade de Santo Andr\u00e9, no uso de suas atribui\u00e7\u00f5es legais conferidas pela Lei Municipal N\u00ba 7.489 de 19 de junho de 1997, complementadas pelas Leis Municipais N\u00ba 8.116 de 01 de Novembro de 2000 e N\u00ba 8.710 de 23 de Dezembro de 2004, RESOLVE:<\/p>\n\n\n\n<p>Art. 1\u00ba &#8211; Atrav\u00e9s da Comiss\u00e3o Eleitoral das Elei\u00e7\u00f5es dos Conselhos Diretores de Unidades de Sa\u00fade 2011; nomeada pela Resolu\u00e7\u00e3o N\u00ba 01.02.2011 CMS \u2013 SS; e 02.02.2011 CMS \u2013 SS, tornar p\u00fablico o resultado dos conselheiros (as) eleitos (as) do segmento dos usu\u00e1rios no processo eleitoral ocorrido nos dias 09 e 11 de junho de 2011 nas Unidades B\u00e1sicas e Servi\u00e7os Especializados de Sa\u00fade:<\/p>\n\n\n\n<p><a href=\"https:\/\/portais.santoandre.sp.gov.br\/saude\/wp-content\/uploads\/sites\/30\/2025\/03\/resolucao_no______cms1_23082915-1.doc\" target=\"_blank\" rel=\"noreferrer noopener\">Clique aqui<\/a> para ver o resultado.<\/p>\n\n\n\n<p><\/p>\n","protected":false},"excerpt":{"rendered":"<p>RESOLU\u00c7\u00c3O N\u00ba 07.07.2011- CMS \u2013 SS O Conselho Municipal de Sa\u00fade de Santo Andr\u00e9, no uso de suas atribui\u00e7\u00f5es legais conferidas pela Lei Municipal N\u00ba 7.489 de 19 de junho de 1997, complementadas pelas Leis Municipais N\u00ba 8.116 de 01 de Novembro de 2000 e N\u00ba 8.710 de 23 de Dezembro de 2004, RESOLVE: Art. [&hellip;]<\/p>\n","protected":false},"author":39,"featured_media":0,"parent":0,"menu_order":0,"comment_status":"closed","ping_status":"closed","template":"","meta":{"footnotes":""},"class_list":["post-352","page","type-page","status-publish","hentry"],"_links":{"self":[{"href":"https:\/\/portais.santoandre.sp.gov.br\/saude\/wp-json\/wp\/v2\/pages\/352","targetHints":{"allow":["GET"]}}],"collection":[{"href":"https:\/\/portais.santoandre.sp.gov.br\/saude\/wp-json\/wp\/v2\/pages"}],"about":[{"href":"https:\/\/portais.santoandre.sp.gov.br\/saude\/wp-json\/wp\/v2\/types\/page"}],"author":[{"embeddable":true,"href":"https:\/\/portais.santoandre.sp.gov.br\/saude\/wp-json\/wp\/v2\/users\/39"}],"replies":[{"embeddable":true,"href":"https:\/\/portais.santoandre.sp.gov.br\/saude\/wp-json\/wp\/v2\/comments?post=352"}],"version-history":[{"count":1,"href":"https:\/\/portais.santoandre.sp.gov.br\/saude\/wp-json\/wp\/v2\/pages\/352\/revisions"}],"predecessor-version":[{"id":354,"href":"https:\/\/portais.santoandre.sp.gov.br\/saude\/wp-json\/wp\/v2\/pages\/352\/revisions\/354"}],"wp:attachment":[{"href":"https:\/\/portais.santoandre.sp.gov.br\/saude\/wp-json\/wp\/v2\/media?parent=352"}],"curies":[{"name":"wp","href":"https:\/\/api.w.org\/{rel}","templated":true}]}}