{"id":338,"date":"2025-03-31T08:49:41","date_gmt":"2025-03-31T11:49:41","guid":{"rendered":"https:\/\/portais.santoandre.sp.gov.br\/saude\/?page_id=338"},"modified":"2025-06-17T11:37:46","modified_gmt":"2025-06-17T14:37:46","slug":"comite-de-etica-em-pesquisa-cep","status":"publish","type":"page","link":"https:\/\/portais.santoandre.sp.gov.br\/saude\/comite-de-etica-em-pesquisa-cep\/","title":{"rendered":"Comit\u00ea de \u00c9tica em Pesquisa (CEP)"},"content":{"rendered":"\n<p>O Comit\u00ea de \u00c9tica em Pesquisa (CEP) \u00e9 uma inst\u00e2ncia de car\u00e1ter \u201cn\u00famus p\u00fablico\u201d, de natureza consultiva, deliberativa, fiscalizadora e normativa, que tem por finalidade a avalia\u00e7\u00e3o e o acompanhamento dos projetos de pesquisas envolvendo seres humanos, realizados no \u00e2mbito da Prefeitura Municipal.<br>Sua atua\u00e7\u00e3o se orienta pela preserva\u00e7\u00e3o dos aspectos \u00e9ticos em defesa da integridade e dignidade dos participantes das pesquisas, individual ou coletivamente considerados, em observ\u00e2ncia \u00e0 <a href=\"https:\/\/portais.santoandre.sp.gov.br\/saude\/wp-content\/uploads\/sites\/30\/2025\/03\/reso466_23082010.pdf\" target=\"_blank\" rel=\"noreferrer noopener\">Resolu\u00e7\u00e3o 466\/12<\/a>.<\/p>\n\n\n\n<p>Todas as pesquisas dever\u00e3o ser submetidas ao CEP, para a anu\u00eancia, antes de serem inseridas na plataforma Brasil, para que possamos avaliar se ela poder\u00e1 ser realizada no nosso territ\u00f3rio.<br>Todos os trabalhos dever\u00e3o ser colocados na plataforma Brasil: www.saude.gov.br\/plataformabrasil.<br>Os projetos de alunos de gradua\u00e7\u00e3o, sem forma\u00e7\u00e3o superior pr\u00e9via, dever\u00e3o ter seus projetos colocados pelos professores orientadores.<\/p>\n\n\n\n<p>Coordenadora: Dra. Eliane Lima Guerra Nunes<br>Secret\u00e1ria Executiva: Michele Fonseca Lopes<br>Em caso de d\u00favida ou para mais informa\u00e7\u00f5es, entre em contato para agendar um hor\u00e1rio por telefone ou e-mail.<br>Endere\u00e7o:<\/p>\n\n\n\n<p>Rua Catequese, n\u00ba 242 <br>Jardim \u2013 Santo Andr\u00e9 \u2013 SP<br>CEP: 09090-400<br>Fone: 4433-3118<\/p>\n\n\n\n<p>E-mail: cepsaude@santoandre.sp.gov.br<br>Hor\u00e1rio de funcionamento: De segunda a sexta-feira, das 9 \u00e0s 17h<\/p>\n\n\n\n<div class=\"wp-block-stackable-icon-list stk-block-icon-list stk-block stk-5899da8\" data-block-id=\"5899da8\"><svg style=\"display:none\"><defs><g id=\"stk-icon-list__icon-svg-def-5899da8\"><svg xmlns=\"http:\/\/www.w3.org\/2000\/svg\" viewBox=\"0 0 190 190\"><polygon points=\"173.8,28.4 60.4,141.8 15.7,97.2 5.1,107.8 60.4,163 184.4,39 173.8,28.4\" \/><\/svg><\/g><\/defs><\/svg><ul class=\"stk-block-icon-list__ul stk-block-icon-list--column\">\n<li class=\"wp-block-stackable-icon-list-item stk-block-icon-list-item stk-block stk-091ef75\" data-block-id=\"091ef75\"><div class=\"stk-block-icon-list-item__content\"><span class=\"stk--svg-wrapper\"><div class=\"stk--inner-svg\"><svg xmlns=\"http:\/\/www.w3.org\/2000\/svg\" viewBox=\"0 0 384 512\" aria-hidden=\"true\" width=\"32\" height=\"32\"><path d=\"M48 448V64c0-8.8 7.2-16 16-16H224v80c0 17.7 14.3 32 32 32h80V448c0 8.8-7.2 16-16 16H64c-8.8 0-16-7.2-16-16zM64 0C28.7 0 0 28.7 0 64V448c0 35.3 28.7 64 64 64H320c35.3 0 64-28.7 64-64V154.5c0-17-6.7-33.3-18.7-45.3L274.7 18.7C262.7 6.7 246.5 0 229.5 0H64zm55 241.1c-3.8-12.7-17.2-19.9-29.9-16.1s-19.9 17.2-16.1 29.9l48 160c3 10.2 12.4 17.1 23 17.1s19.9-7 23-17.1l25-83.4 25 83.4c3 10.2 12.4 17.1 23 17.1s19.9-7 23-17.1l48-160c3.8-12.7-3.4-26.1-16.1-29.9s-26.1 3.4-29.9 16.1l-25 83.4-25-83.4c-3-10.2-12.4-17.1-23-17.1s-19.9 7-23 17.1l-25 83.4-25-83.4z\"><\/path><\/svg><\/div><\/span><span class=\"stk-block-icon-list-item__text\"><a href=\"https:\/\/portais.santoandre.sp.gov.br\/saude\/wp-content\/uploads\/sites\/30\/2025\/03\/calendario_de_reunioes_2018_23082455.doc\">Calend\u00e1rio de Reuni\u00f5es 2018<\/a><\/span><\/div><\/li>\n\n\n\n<li class=\"wp-block-stackable-icon-list-item stk-block-icon-list-item stk-block stk-0af1d06\" data-block-id=\"0af1d06\"><div class=\"stk-block-icon-list-item__content\"><span class=\"stk--svg-wrapper\"><div class=\"stk--inner-svg\"><svg xmlns=\"http:\/\/www.w3.org\/2000\/svg\" viewBox=\"0 0 384 512\" aria-hidden=\"true\" width=\"32\" height=\"32\"><path d=\"M48 448V64c0-8.8 7.2-16 16-16H224v80c0 17.7 14.3 32 32 32h80V448c0 8.8-7.2 16-16 16H64c-8.8 0-16-7.2-16-16zM64 0C28.7 0 0 28.7 0 64V448c0 35.3 28.7 64 64 64H320c35.3 0 64-28.7 64-64V154.5c0-17-6.7-33.3-18.7-45.3L274.7 18.7C262.7 6.7 246.5 0 229.5 0H64zm55 241.1c-3.8-12.7-17.2-19.9-29.9-16.1s-19.9 17.2-16.1 29.9l48 160c3 10.2 12.4 17.1 23 17.1s19.9-7 23-17.1l25-83.4 25 83.4c3 10.2 12.4 17.1 23 17.1s19.9-7 23-17.1l48-160c3.8-12.7-3.4-26.1-16.1-29.9s-26.1 3.4-29.9 16.1l-25 83.4-25-83.4c-3-10.2-12.4-17.1-23-17.1s-19.9 7-23 17.1l-25 83.4-25-83.4z\"><\/path><\/svg><\/div><\/span><span class=\"stk-block-icon-list-item__text\"><a href=\"https:\/\/portais.santoandre.sp.gov.br\/saude\/wp-content\/uploads\/sites\/30\/2025\/03\/normatizacao_23082455.doc\" target=\"_blank\" rel=\"noreferrer noopener\">Normatiza\u00e7\u00e3o<\/a><\/span><\/div><\/li>\n\n\n\n<li class=\"wp-block-stackable-icon-list-item stk-block-icon-list-item stk-block stk-e6c1317\" data-block-id=\"e6c1317\"><div class=\"stk-block-icon-list-item__content\"><span class=\"stk--svg-wrapper\"><div class=\"stk--inner-svg\"><svg xmlns=\"http:\/\/www.w3.org\/2000\/svg\" viewBox=\"0 0 512 512\" aria-hidden=\"true\" width=\"32\" height=\"32\"><path d=\"M64 464l48 0 0 48-48 0c-35.3 0-64-28.7-64-64L0 64C0 28.7 28.7 0 64 0L229.5 0c17 0 33.3 6.7 45.3 18.7l90.5 90.5c12 12 18.7 28.3 18.7 45.3L384 304l-48 0 0-144-80 0c-17.7 0-32-14.3-32-32l0-80L64 48c-8.8 0-16 7.2-16 16l0 384c0 8.8 7.2 16 16 16zM176 352l32 0c30.9 0 56 25.1 56 56s-25.1 56-56 56l-16 0 0 32c0 8.8-7.2 16-16 16s-16-7.2-16-16l0-48 0-80c0-8.8 7.2-16 16-16zm32 80c13.3 0 24-10.7 24-24s-10.7-24-24-24l-16 0 0 48 16 0zm96-80l32 0c26.5 0 48 21.5 48 48l0 64c0 26.5-21.5 48-48 48l-32 0c-8.8 0-16-7.2-16-16l0-128c0-8.8 7.2-16 16-16zm32 128c8.8 0 16-7.2 16-16l0-64c0-8.8-7.2-16-16-16l-16 0 0 96 16 0zm80-112c0-8.8 7.2-16 16-16l48 0c8.8 0 16 7.2 16 16s-7.2 16-16 16l-32 0 0 32 32 0c8.8 0 16 7.2 16 16s-7.2 16-16 16l-32 0 0 48c0 8.8-7.2 16-16 16s-16-7.2-16-16l0-64 0-64z\"><\/path><\/svg><\/div><\/span><span class=\"stk-block-icon-list-item__text\"><a href=\"https:\/\/portais.santoandre.sp.gov.br\/saude\/wp-content\/uploads\/sites\/30\/2025\/03\/manual_de_instrucao_para_encaminhamento_de_protocolos_de_pes_23082455.pdf\" target=\"_blank\" rel=\"noreferrer noopener\">Manual de Instru\u00e7\u00e3o para Encaminhamento de Protocolos de Pesquisa<\/a><\/span><\/div><\/li>\n\n\n\n<li class=\"wp-block-stackable-icon-list-item stk-block-icon-list-item stk-block stk-b051fb4\" data-block-id=\"b051fb4\"><div class=\"stk-block-icon-list-item__content\"><span class=\"stk--svg-wrapper\"><div class=\"stk--inner-svg\"><svg xmlns=\"http:\/\/www.w3.org\/2000\/svg\" viewBox=\"0 0 512 512\" aria-hidden=\"true\" width=\"32\" height=\"32\"><path d=\"M64 464l48 0 0 48-48 0c-35.3 0-64-28.7-64-64L0 64C0 28.7 28.7 0 64 0L229.5 0c17 0 33.3 6.7 45.3 18.7l90.5 90.5c12 12 18.7 28.3 18.7 45.3L384 304l-48 0 0-144-80 0c-17.7 0-32-14.3-32-32l0-80L64 48c-8.8 0-16 7.2-16 16l0 384c0 8.8 7.2 16 16 16zM176 352l32 0c30.9 0 56 25.1 56 56s-25.1 56-56 56l-16 0 0 32c0 8.8-7.2 16-16 16s-16-7.2-16-16l0-48 0-80c0-8.8 7.2-16 16-16zm32 80c13.3 0 24-10.7 24-24s-10.7-24-24-24l-16 0 0 48 16 0zm96-80l32 0c26.5 0 48 21.5 48 48l0 64c0 26.5-21.5 48-48 48l-32 0c-8.8 0-16-7.2-16-16l0-128c0-8.8 7.2-16 16-16zm32 128c8.8 0 16-7.2 16-16l0-64c0-8.8-7.2-16-16-16l-16 0 0 96 16 0zm80-112c0-8.8 7.2-16 16-16l48 0c8.8 0 16 7.2 16 16s-7.2 16-16 16l-32 0 0 32 32 0c8.8 0 16 7.2 16 16s-7.2 16-16 16l-32 0 0 48c0 8.8-7.2 16-16 16s-16-7.2-16-16l0-64 0-64z\"><\/path><\/svg><\/div><\/span><span class=\"stk-block-icon-list-item__text\"><a href=\"https:\/\/portais.santoandre.sp.gov.br\/saude\/wp-content\/uploads\/sites\/30\/2025\/03\/normas_para_visita_tecnica_23082455.doc\" target=\"_blank\" rel=\"noreferrer noopener\">Normas para Visita T\u00e9cnica<\/a><\/span><\/div><\/li>\n\n\n\n<li class=\"wp-block-stackable-icon-list-item stk-block-icon-list-item stk-block stk-2b1ee78\" data-block-id=\"2b1ee78\"><div class=\"stk-block-icon-list-item__content\"><span class=\"stk--svg-wrapper\"><div class=\"stk--inner-svg\"><svg xmlns=\"http:\/\/www.w3.org\/2000\/svg\" viewBox=\"0 0 384 512\" aria-hidden=\"true\" width=\"32\" height=\"32\"><path d=\"M48 448V64c0-8.8 7.2-16 16-16H224v80c0 17.7 14.3 32 32 32h80V448c0 8.8-7.2 16-16 16H64c-8.8 0-16-7.2-16-16zM64 0C28.7 0 0 28.7 0 64V448c0 35.3 28.7 64 64 64H320c35.3 0 64-28.7 64-64V154.5c0-17-6.7-33.3-18.7-45.3L274.7 18.7C262.7 6.7 246.5 0 229.5 0H64zm55 241.1c-3.8-12.7-17.2-19.9-29.9-16.1s-19.9 17.2-16.1 29.9l48 160c3 10.2 12.4 17.1 23 17.1s19.9-7 23-17.1l25-83.4 25 83.4c3 10.2 12.4 17.1 23 17.1s19.9-7 23-17.1l48-160c3.8-12.7-3.4-26.1-16.1-29.9s-26.1 3.4-29.9 16.1l-25 83.4-25-83.4c-3-10.2-12.4-17.1-23-17.1s-19.9 7-23 17.1l-25 83.4-25-83.4z\"><\/path><\/svg><\/div><\/span><span class=\"stk-block-icon-list-item__text\"><a href=\"https:\/\/portais.santoandre.sp.gov.br\/saude\/wp-content\/uploads\/sites\/30\/2025\/03\/modelo_de_tcle_termo_de_consentimento_livre_e_esclarecido_23082455.doc\" target=\"_blank\" rel=\"noreferrer noopener\">Modelo de TCLE (Termo de Consentimento Livre e Esclarecido)<\/a><\/span><\/div><\/li>\n\n\n\n<li class=\"wp-block-stackable-icon-list-item stk-block-icon-list-item stk-block stk-3f89715\" data-block-id=\"3f89715\"><div class=\"stk-block-icon-list-item__content\"><span class=\"stk--svg-wrapper\"><div class=\"stk--inner-svg\"><svg xmlns=\"http:\/\/www.w3.org\/2000\/svg\" viewBox=\"0 0 384 512\" aria-hidden=\"true\" width=\"32\" height=\"32\"><path d=\"M48 448V64c0-8.8 7.2-16 16-16H224v80c0 17.7 14.3 32 32 32h80V448c0 8.8-7.2 16-16 16H64c-8.8 0-16-7.2-16-16zM64 0C28.7 0 0 28.7 0 64V448c0 35.3 28.7 64 64 64H320c35.3 0 64-28.7 64-64V154.5c0-17-6.7-33.3-18.7-45.3L274.7 18.7C262.7 6.7 246.5 0 229.5 0H64zm55 241.1c-3.8-12.7-17.2-19.9-29.9-16.1s-19.9 17.2-16.1 29.9l48 160c3 10.2 12.4 17.1 23 17.1s19.9-7 23-17.1l25-83.4 25 83.4c3 10.2 12.4 17.1 23 17.1s19.9-7 23-17.1l48-160c3.8-12.7-3.4-26.1-16.1-29.9s-26.1 3.4-29.9 16.1l-25 83.4-25-83.4c-3-10.2-12.4-17.1-23-17.1s-19.9 7-23 17.1l-25 83.4-25-83.4z\"><\/path><\/svg><\/div><\/span><span class=\"stk-block-icon-list-item__text\"><a href=\"https:\/\/portais.santoandre.sp.gov.br\/saude\/wp-content\/uploads\/sites\/30\/2025\/03\/modelo_de_tcs_termo_de_confidencialidade_e_sigilo_23082455.doc\" target=\"_blank\" rel=\"noreferrer noopener\">Modelo de TCS (Termo de Confidencialidade e Sigilo)<\/a><\/span><\/div><\/li>\n\n\n\n<li class=\"wp-block-stackable-icon-list-item stk-block-icon-list-item stk-block stk-ad74eef\" data-block-id=\"ad74eef\"><div class=\"stk-block-icon-list-item__content\"><span class=\"stk--svg-wrapper\"><div class=\"stk--inner-svg\"><svg xmlns=\"http:\/\/www.w3.org\/2000\/svg\" viewBox=\"0 0 384 512\" aria-hidden=\"true\" width=\"32\" height=\"32\"><path d=\"M48 448V64c0-8.8 7.2-16 16-16H224v80c0 17.7 14.3 32 32 32h80V448c0 8.8-7.2 16-16 16H64c-8.8 0-16-7.2-16-16zM64 0C28.7 0 0 28.7 0 64V448c0 35.3 28.7 64 64 64H320c35.3 0 64-28.7 64-64V154.5c0-17-6.7-33.3-18.7-45.3L274.7 18.7C262.7 6.7 246.5 0 229.5 0H64zm55 241.1c-3.8-12.7-17.2-19.9-29.9-16.1s-19.9 17.2-16.1 29.9l48 160c3 10.2 12.4 17.1 23 17.1s19.9-7 23-17.1l25-83.4 25 83.4c3 10.2 12.4 17.1 23 17.1s19.9-7 23-17.1l48-160c3.8-12.7-3.4-26.1-16.1-29.9s-26.1 3.4-29.9 16.1l-25 83.4-25-83.4c-3-10.2-12.4-17.1-23-17.1s-19.9 7-23 17.1l-25 83.4-25-83.4z\"><\/path><\/svg><\/div><\/span><span class=\"stk-block-icon-list-item__text\"><a href=\"https:\/\/portais.santoandre.sp.gov.br\/saude\/wp-content\/uploads\/sites\/30\/2025\/03\/modelo_de_tcud_termo_de_consentimento_de_uso_de_banco_de_da_23082455.doc\" target=\"_blank\" rel=\"noreferrer noopener\">Modelo de TCUD (Termo de Consentimento de Uso de Banco de Dados)<\/a><\/span><\/div><\/li>\n\n\n\n<li class=\"wp-block-stackable-icon-list-item stk-block-icon-list-item stk-block stk-654c3d5\" data-block-id=\"654c3d5\"><div class=\"stk-block-icon-list-item__content\"><span class=\"stk--svg-wrapper\"><div class=\"stk--inner-svg\"><svg xmlns=\"http:\/\/www.w3.org\/2000\/svg\" viewBox=\"0 0 384 512\" aria-hidden=\"true\" width=\"32\" height=\"32\"><path d=\"M48 448V64c0-8.8 7.2-16 16-16H224v80c0 17.7 14.3 32 32 32h80V448c0 8.8-7.2 16-16 16H64c-8.8 0-16-7.2-16-16zM64 0C28.7 0 0 28.7 0 64V448c0 35.3 28.7 64 64 64H320c35.3 0 64-28.7 64-64V154.5c0-17-6.7-33.3-18.7-45.3L274.7 18.7C262.7 6.7 246.5 0 229.5 0H64zm55 241.1c-3.8-12.7-17.2-19.9-29.9-16.1s-19.9 17.2-16.1 29.9l48 160c3 10.2 12.4 17.1 23 17.1s19.9-7 23-17.1l25-83.4 25 83.4c3 10.2 12.4 17.1 23 17.1s19.9-7 23-17.1l48-160c3.8-12.7-3.4-26.1-16.1-29.9s-26.1 3.4-29.9 16.1l-25 83.4-25-83.4c-3-10.2-12.4-17.1-23-17.1s-19.9 7-23 17.1l-25 83.4-25-83.4z\"><\/path><\/svg><\/div><\/span><span class=\"stk-block-icon-list-item__text\"><a href=\"https:\/\/portais.santoandre.sp.gov.br\/saude\/wp-content\/uploads\/sites\/30\/2025\/03\/regimento_interno_23082408.doc\" target=\"_blank\" rel=\"noreferrer noopener\">Regimento Interno<\/a><\/span><\/div><\/li>\n\n\n\n<li class=\"wp-block-stackable-icon-list-item stk-block-icon-list-item stk-block stk-7bf324d\" data-block-id=\"7bf324d\"><div class=\"stk-block-icon-list-item__content\"><span class=\"stk--svg-wrapper\"><div class=\"stk--inner-svg\"><svg xmlns=\"http:\/\/www.w3.org\/2000\/svg\" viewBox=\"0 0 512 512\" aria-hidden=\"true\" width=\"32\" height=\"32\"><path d=\"M64 464l48 0 0 48-48 0c-35.3 0-64-28.7-64-64L0 64C0 28.7 28.7 0 64 0L229.5 0c17 0 33.3 6.7 45.3 18.7l90.5 90.5c12 12 18.7 28.3 18.7 45.3L384 304l-48 0 0-144-80 0c-17.7 0-32-14.3-32-32l0-80L64 48c-8.8 0-16 7.2-16 16l0 384c0 8.8 7.2 16 16 16zM176 352l32 0c30.9 0 56 25.1 56 56s-25.1 56-56 56l-16 0 0 32c0 8.8-7.2 16-16 16s-16-7.2-16-16l0-48 0-80c0-8.8 7.2-16 16-16zm32 80c13.3 0 24-10.7 24-24s-10.7-24-24-24l-16 0 0 48 16 0zm96-80l32 0c26.5 0 48 21.5 48 48l0 64c0 26.5-21.5 48-48 48l-32 0c-8.8 0-16-7.2-16-16l0-128c0-8.8 7.2-16 16-16zm32 128c8.8 0 16-7.2 16-16l0-64c0-8.8-7.2-16-16-16l-16 0 0 96 16 0zm80-112c0-8.8 7.2-16 16-16l48 0c8.8 0 16 7.2 16 16s-7.2 16-16 16l-32 0 0 32 32 0c8.8 0 16 7.2 16 16s-7.2 16-16 16l-32 0 0 48c0 8.8-7.2 16-16 16s-16-7.2-16-16l0-64 0-64z\"><\/path><\/svg><\/div><\/span><span class=\"stk-block-icon-list-item__text\"><a href=\"https:\/\/portais.santoandre.sp.gov.br\/saude\/wp-content\/uploads\/sites\/30\/2025\/03\/reso466_23082010.pdf\" target=\"_blank\" rel=\"noreferrer noopener\">Resolu\u00e7\u00e3o 466\/12<\/a><\/span><\/div><\/li>\n\n\n\n<li class=\"wp-block-stackable-icon-list-item stk-block-icon-list-item stk-block stk-c018956\" data-block-id=\"c018956\"><div class=\"stk-block-icon-list-item__content\"><span class=\"stk--svg-wrapper\"><div class=\"stk--inner-svg\"><svg xmlns=\"http:\/\/www.w3.org\/2000\/svg\" viewBox=\"0 0 512 512\" aria-hidden=\"true\" width=\"32\" height=\"32\"><path d=\"M64 464l48 0 0 48-48 0c-35.3 0-64-28.7-64-64L0 64C0 28.7 28.7 0 64 0L229.5 0c17 0 33.3 6.7 45.3 18.7l90.5 90.5c12 12 18.7 28.3 18.7 45.3L384 304l-48 0 0-144-80 0c-17.7 0-32-14.3-32-32l0-80L64 48c-8.8 0-16 7.2-16 16l0 384c0 8.8 7.2 16 16 16zM176 352l32 0c30.9 0 56 25.1 56 56s-25.1 56-56 56l-16 0 0 32c0 8.8-7.2 16-16 16s-16-7.2-16-16l0-48 0-80c0-8.8 7.2-16 16-16zm32 80c13.3 0 24-10.7 24-24s-10.7-24-24-24l-16 0 0 48 16 0zm96-80l32 0c26.5 0 48 21.5 48 48l0 64c0 26.5-21.5 48-48 48l-32 0c-8.8 0-16-7.2-16-16l0-128c0-8.8 7.2-16 16-16zm32 128c8.8 0 16-7.2 16-16l0-64c0-8.8-7.2-16-16-16l-16 0 0 96 16 0zm80-112c0-8.8 7.2-16 16-16l48 0c8.8 0 16 7.2 16 16s-7.2 16-16 16l-32 0 0 32 32 0c8.8 0 16 7.2 16 16s-7.2 16-16 16l-32 0 0 48c0 8.8-7.2 16-16 16s-16-7.2-16-16l0-64 0-64z\"><\/path><\/svg><\/div><\/span><span class=\"stk-block-icon-list-item__text\"><a href=\"https:\/\/portais.santoandre.sp.gov.br\/saude\/wp-content\/uploads\/sites\/30\/2025\/03\/resolucao_510_23082221.pdf\/\" target=\"_blank\" rel=\"noreferrer noopener\">Resolu\u00e7\u00e3o 510<\/a><\/span><\/div><\/li>\n<\/ul><\/div>\n\n\n\n<p><\/p>\n","protected":false},"excerpt":{"rendered":"<p>O Comit\u00ea de \u00c9tica em Pesquisa (CEP) \u00e9 uma inst\u00e2ncia de car\u00e1ter \u201cn\u00famus p\u00fablico\u201d, de natureza consultiva, deliberativa, fiscalizadora e normativa, que tem por finalidade a avalia\u00e7\u00e3o e o acompanhamento dos projetos de pesquisas envolvendo seres humanos, realizados no \u00e2mbito da Prefeitura Municipal.Sua atua\u00e7\u00e3o se orienta pela preserva\u00e7\u00e3o dos aspectos \u00e9ticos em defesa da integridade [&hellip;]<\/p>\n","protected":false},"author":39,"featured_media":0,"parent":0,"menu_order":0,"comment_status":"closed","ping_status":"closed","template":"","meta":{"footnotes":""},"class_list":["post-338","page","type-page","status-publish","hentry"],"_links":{"self":[{"href":"https:\/\/portais.santoandre.sp.gov.br\/saude\/wp-json\/wp\/v2\/pages\/338","targetHints":{"allow":["GET"]}}],"collection":[{"href":"https:\/\/portais.santoandre.sp.gov.br\/saude\/wp-json\/wp\/v2\/pages"}],"about":[{"href":"https:\/\/portais.santoandre.sp.gov.br\/saude\/wp-json\/wp\/v2\/types\/page"}],"author":[{"embeddable":true,"href":"https:\/\/portais.santoandre.sp.gov.br\/saude\/wp-json\/wp\/v2\/users\/39"}],"replies":[{"embeddable":true,"href":"https:\/\/portais.santoandre.sp.gov.br\/saude\/wp-json\/wp\/v2\/comments?post=338"}],"version-history":[{"count":4,"href":"https:\/\/portais.santoandre.sp.gov.br\/saude\/wp-json\/wp\/v2\/pages\/338\/revisions"}],"predecessor-version":[{"id":693,"href":"https:\/\/portais.santoandre.sp.gov.br\/saude\/wp-json\/wp\/v2\/pages\/338\/revisions\/693"}],"wp:attachment":[{"href":"https:\/\/portais.santoandre.sp.gov.br\/saude\/wp-json\/wp\/v2\/media?parent=338"}],"curies":[{"name":"wp","href":"https:\/\/api.w.org\/{rel}","templated":true}]}}