{"id":117,"date":"2025-03-25T13:31:44","date_gmt":"2025-03-25T16:31:44","guid":{"rendered":"https:\/\/portais.santoandre.sp.gov.br\/saude\/?page_id=117"},"modified":"2025-11-11T11:33:55","modified_gmt":"2025-11-11T14:33:55","slug":"qualisaude","status":"publish","type":"page","link":"https:\/\/portais.santoandre.sp.gov.br\/saude\/qualisaude\/","title":{"rendered":"Qualisa\u00fade"},"content":{"rendered":"\n<p>O <strong>Programa Qualisa\u00fade<\/strong> \u00e9 uma iniciativa da Prefeitura de Santo Andr\u00e9, lan\u00e7ada em 2017, com o objetivo de transformar a rede municipal de sa\u00fade por meio da moderniza\u00e7\u00e3o das estruturas f\u00edsicas, atualiza\u00e7\u00e3o tecnol\u00f3gica e aprimoramento dos servi\u00e7os oferecidos \u00e0 popula\u00e7\u00e3o.<\/p>\n\n\n\n<p>Desde o seu in\u00edcio, o programa j\u00e1 contemplou mais de 60 equipamentos de sa\u00fade, incluindo Unidades B\u00e1sicas de Sa\u00fade (UBSs), Unidades de Pronto Atendimento (UPAs) e hospitais. As reformas abrangem desde a troca de telhados e pisos at\u00e9 a reorganiza\u00e7\u00e3o de fluxos internos, requalifica\u00e7\u00e3o de espa\u00e7os e atualiza\u00e7\u00e3o das partes el\u00e9trica e hidr\u00e1ulica, proporcionando ambientes mais seguros e confort\u00e1veis para pacientes e profissionais de sa\u00fade.<\/p>\n\n\n\n<p>Um dos marcos do Qualisa\u00fade foi a reinaugura\u00e7\u00e3o da <strong>Cl\u00ednica da Fam\u00edlia Capuava \u2013 Centro de Sa\u00fade Escola<\/strong>, no Parque Novo Orat\u00f3rio. Com 1.500 metros quadrados e investimento de aproximadamente R$ 5 milh\u00f5es, a unidade \u00e9 a maior do programa e conta com uma parceria exclusiva com o Centro Universit\u00e1rio FMABC, ampliando o atendimento especializado e integrando ensino e servi\u00e7o.<\/p>\n\n\n\n<p>Al\u00e9m das melhorias estruturais, o Qualisa\u00fade investe na digitaliza\u00e7\u00e3o dos processos, como a implanta\u00e7\u00e3o de prontu\u00e1rios eletr\u00f4nicos, que agilizam o atendimento e garantem maior controle das informa\u00e7\u00f5es m\u00e9dicas. A moderniza\u00e7\u00e3o das unidades visa n\u00e3o apenas a melhoria f\u00edsica, mas tamb\u00e9m a efici\u00eancia e humaniza\u00e7\u00e3o dos servi\u00e7os prestados.<\/p>\n\n\n\n<p>O compromisso da Prefeitura de Santo Andr\u00e9 \u00e9 continuar expandindo o programa, garantindo que todas as unidades de sa\u00fade do munic\u00edpio estejam alinhadas aos padr\u00f5es de qualidade estabelecidos pelo Qualisa\u00fade, assegurando um atendimento digno e eficiente para toda a popula\u00e7\u00e3o andreense.<\/p>\n","protected":false},"excerpt":{"rendered":"<p>O Programa Qualisa\u00fade \u00e9 uma iniciativa da Prefeitura de Santo Andr\u00e9, lan\u00e7ada em 2017, com o objetivo de transformar a rede municipal de sa\u00fade por meio da moderniza\u00e7\u00e3o das estruturas f\u00edsicas, atualiza\u00e7\u00e3o tecnol\u00f3gica e aprimoramento dos servi\u00e7os oferecidos \u00e0 popula\u00e7\u00e3o. Desde o seu in\u00edcio, o programa j\u00e1 contemplou mais de 60 equipamentos de sa\u00fade, incluindo [&hellip;]<\/p>\n","protected":false},"author":39,"featured_media":0,"parent":0,"menu_order":0,"comment_status":"closed","ping_status":"closed","template":"","meta":{"footnotes":""},"class_list":["post-117","page","type-page","status-publish","hentry"],"_links":{"self":[{"href":"https:\/\/portais.santoandre.sp.gov.br\/saude\/wp-json\/wp\/v2\/pages\/117","targetHints":{"allow":["GET"]}}],"collection":[{"href":"https:\/\/portais.santoandre.sp.gov.br\/saude\/wp-json\/wp\/v2\/pages"}],"about":[{"href":"https:\/\/portais.santoandre.sp.gov.br\/saude\/wp-json\/wp\/v2\/types\/page"}],"author":[{"embeddable":true,"href":"https:\/\/portais.santoandre.sp.gov.br\/saude\/wp-json\/wp\/v2\/users\/39"}],"replies":[{"embeddable":true,"href":"https:\/\/portais.santoandre.sp.gov.br\/saude\/wp-json\/wp\/v2\/comments?post=117"}],"version-history":[{"count":4,"href":"https:\/\/portais.santoandre.sp.gov.br\/saude\/wp-json\/wp\/v2\/pages\/117\/revisions"}],"predecessor-version":[{"id":961,"href":"https:\/\/portais.santoandre.sp.gov.br\/saude\/wp-json\/wp\/v2\/pages\/117\/revisions\/961"}],"wp:attachment":[{"href":"https:\/\/portais.santoandre.sp.gov.br\/saude\/wp-json\/wp\/v2\/media?parent=117"}],"curies":[{"name":"wp","href":"https:\/\/api.w.org\/{rel}","templated":true}]}}