{"id":111,"date":"2025-03-25T13:28:05","date_gmt":"2025-03-25T16:28:05","guid":{"rendered":"https:\/\/portais.santoandre.sp.gov.br\/saude\/?page_id=111"},"modified":"2025-03-31T10:26:53","modified_gmt":"2025-03-31T13:26:53","slug":"missao-visao-e-valores","status":"publish","type":"page","link":"https:\/\/portais.santoandre.sp.gov.br\/saude\/missao-visao-e-valores\/","title":{"rendered":"Miss\u00e3o, vis\u00e3o e valores"},"content":{"rendered":"\n<p><strong>Miss\u00e3o<br><\/strong>Promover a sa\u00fade e o bem-estar da popula\u00e7\u00e3o por meio de a\u00e7\u00f5es integradas, humanizadas e eficientes, garantindo acesso universal e equitativo aos servi\u00e7os de sa\u00fade e fortalecendo a qualidade de vida em nossa comunidade.<\/p>\n\n\n\n<p><br><strong>Vis\u00e3o<br><\/strong>Ser refer\u00eancia em sa\u00fade p\u00fablica, inovando e evoluindo continuamente para atender \u00e0s necessidades da popula\u00e7\u00e3o, buscando excel\u00eancia em servi\u00e7os, inclus\u00e3o social e sustentabilidade.<\/p>\n\n\n\n<p><strong>Valores<\/strong><\/p>\n\n\n\n<ul class=\"wp-block-list\">\n<li><strong>Respeito<\/strong>: Tratamos todos com dignidade, valorizando a diversidade e as necessidades individuais.<\/li>\n\n\n\n<li><strong>\u00c9tica:<\/strong> Atuamos com transpar\u00eancia, responsabilidade e integridade em todas as nossas a\u00e7\u00f5es.<\/li>\n\n\n\n<li><strong>Humaniza\u00e7\u00e3o:<\/strong> Priorizamos o cuidado acolhedor e sens\u00edvel, colocando as pessoas no centro de nossas decis\u00f5es.<\/li>\n\n\n\n<li><strong>Inova\u00e7\u00e3o:<\/strong> Buscamos solu\u00e7\u00f5es criativas para os desafios da sa\u00fade p\u00fablica, promovendo melhorias constantes.<\/li>\n\n\n\n<li><strong>Sustentabilidade:<\/strong> Trabalhamos com compromisso ambiental e social, visando um futuro saud\u00e1vel para todos.<\/li>\n<\/ul>\n\n\n\n<p><\/p>\n\n\n\n<p><\/p>\n","protected":false},"excerpt":{"rendered":"<p>Miss\u00e3oPromover a sa\u00fade e o bem-estar da popula\u00e7\u00e3o por meio de a\u00e7\u00f5es integradas, humanizadas e eficientes, garantindo acesso universal e equitativo aos servi\u00e7os de sa\u00fade e fortalecendo a qualidade de vida em nossa comunidade. Vis\u00e3oSer refer\u00eancia em sa\u00fade p\u00fablica, inovando e evoluindo continuamente para atender \u00e0s necessidades da popula\u00e7\u00e3o, buscando excel\u00eancia em servi\u00e7os, inclus\u00e3o social [&hellip;]<\/p>\n","protected":false},"author":39,"featured_media":0,"parent":0,"menu_order":0,"comment_status":"closed","ping_status":"closed","template":"","meta":{"footnotes":""},"class_list":["post-111","page","type-page","status-publish","hentry"],"_links":{"self":[{"href":"https:\/\/portais.santoandre.sp.gov.br\/saude\/wp-json\/wp\/v2\/pages\/111","targetHints":{"allow":["GET"]}}],"collection":[{"href":"https:\/\/portais.santoandre.sp.gov.br\/saude\/wp-json\/wp\/v2\/pages"}],"about":[{"href":"https:\/\/portais.santoandre.sp.gov.br\/saude\/wp-json\/wp\/v2\/types\/page"}],"author":[{"embeddable":true,"href":"https:\/\/portais.santoandre.sp.gov.br\/saude\/wp-json\/wp\/v2\/users\/39"}],"replies":[{"embeddable":true,"href":"https:\/\/portais.santoandre.sp.gov.br\/saude\/wp-json\/wp\/v2\/comments?post=111"}],"version-history":[{"count":3,"href":"https:\/\/portais.santoandre.sp.gov.br\/saude\/wp-json\/wp\/v2\/pages\/111\/revisions"}],"predecessor-version":[{"id":400,"href":"https:\/\/portais.santoandre.sp.gov.br\/saude\/wp-json\/wp\/v2\/pages\/111\/revisions\/400"}],"wp:attachment":[{"href":"https:\/\/portais.santoandre.sp.gov.br\/saude\/wp-json\/wp\/v2\/media?parent=111"}],"curies":[{"name":"wp","href":"https:\/\/api.w.org\/{rel}","templated":true}]}}