{"id":107,"date":"2025-03-25T13:22:10","date_gmt":"2025-03-25T16:22:10","guid":{"rendered":"https:\/\/portais.santoandre.sp.gov.br\/saude\/?page_id=107"},"modified":"2025-11-11T11:28:10","modified_gmt":"2025-11-11T14:28:10","slug":"institucional","status":"publish","type":"page","link":"https:\/\/portais.santoandre.sp.gov.br\/saude\/institucional\/","title":{"rendered":"Institucional"},"content":{"rendered":"\n<p>A Secretaria de Sa\u00fade visa a promo\u00e7\u00e3o integral \u00e0 sa\u00fade, amplo acesso e a qualidade dos servi\u00e7os, al\u00e9m de a\u00e7\u00f5es de vigil\u00e2ncia \u00e0 sa\u00fade e fortalecimento do controle social, seguindo os princ\u00edpios e diretrizes do Sistema \u00danico de Sa\u00fade (SUS):<\/p>\n\n\n\n<ul class=\"wp-block-list\">\n<li>Universalidade \u2013 acesso de todos \u00e0s a\u00e7\u00f5es e servi\u00e7os de sa\u00fade;<\/li>\n\n\n\n<li>Equidade \u2013 assist\u00eancia \u00e0 sa\u00fade de todos, sem preconceito, discrimina\u00e7\u00e3o ou privil\u00e9gios;<\/li>\n\n\n\n<li>Gratuidade \u2013 todas as a\u00e7\u00f5es e servi\u00e7os s\u00e3o gratuitos.<\/li>\n<\/ul>\n\n\n\n<p><strong>Objetivo do \u00f3rg\u00e3o:<\/strong><\/p>\n\n\n\n<div class=\"wp-block-group is-vertical is-layout-flex wp-container-core-group-is-layout-8cf370e7 wp-block-group-is-layout-flex\">\n<ul class=\"wp-block-list\">\n<li>Execu\u00e7\u00e3o de um modelo de aten\u00e7\u00e3o comprometido com a redu\u00e7\u00e3o da desigualdade no acesso \u00e0s a\u00e7\u00f5es e servi\u00e7os de sa\u00fade, reconhecendo as diferen\u00e7as socioecon\u00f4micas e culturais dos territ\u00f3rios; <\/li>\n<\/ul>\n\n\n\n<div class=\"wp-block-group is-vertical is-layout-flex wp-container-core-group-is-layout-8cf370e7 wp-block-group-is-layout-flex\">\n<ul class=\"wp-block-list\">\n<li>que acolha as distintas necessidades dos indiv\u00edduos e dos coletivos;<\/li>\n<\/ul>\n\n\n\n<ul class=\"wp-block-list\">\n<li>que avalie no cotidiano das a\u00e7\u00f5es os determinantes do processo sa\u00fade-doen\u00e7a, articulando de modo intersetorial os projetos de interven\u00e7\u00e3o; respons\u00e1vel e comprometido com o projeto terap\u00eautico e com o cuidado \u00e0 sa\u00fade; <\/li>\n\n\n\n<li>que formule propostas e projetos de a\u00e7\u00e3o com base na media\u00e7\u00e3o entre profissionais, usu\u00e1rios, institui\u00e7\u00f5es formadoras de recursos humanos e gestores; <\/li>\n\n\n\n<li>que evite a duplicidade e sobreposi\u00e7\u00e3o de a\u00e7\u00f5es e servi\u00e7os e que incorpore tecnologias capazes de garantir a resolutividade da aten\u00e7\u00e3o.<\/li>\n<\/ul>\n<\/div>\n<\/div>\n\n\n\n<p><strong>Campo de atua\u00e7\u00e3o:<\/strong><\/p>\n\n\n\n<ul class=\"wp-block-list\">\n<li>Gest\u00e3o do Sistema \u00danico de Sa\u00fade no munic\u00edpio de Santo Andr\u00e9;<\/li>\n\n\n\n<li>Elabora\u00e7\u00e3o de pol\u00edtica de sa\u00fade do munic\u00edpio;<\/li>\n\n\n\n<li>Coordena\u00e7\u00e3o, execu\u00e7\u00e3o, controle e avalia\u00e7\u00e3o das atividades de aten\u00e7\u00e3o ambulatorial e hospitalar do Centro Hospitalar Municipal de Santo Andr\u00e9 (CHMSA), que dever\u00e1 constituir-se na unidade de refer\u00eancia hospitalar da rede de aten\u00e7\u00e3o \u00e0 sa\u00fade do SUS no \u00e2mbito do munic\u00edpio;<\/li>\n\n\n\n<li>Articula\u00e7\u00e3o da rede de servi\u00e7os com as institui\u00e7\u00f5es de ensino e pesquisa relacionadas, a fim de se promover sua integra\u00e7\u00e3o;<\/li>\n\n\n\n<li>Integra\u00e7\u00e3o dos servi\u00e7os e a\u00e7\u00f5es executadas por outras entidades, colaborando para a articula\u00e7\u00e3o regional do Sistema de Sa\u00fade;<\/li>\n\n\n\n<li>Supervis\u00e3o t\u00e9cnico \/ operacional \u00e0s a\u00e7\u00f5es e servi\u00e7os de sa\u00fade, promovendo moderniza\u00e7\u00e3o administrativa, f\u00edsica e tecnol\u00f3gica das estruturas gerenciais e assistenciais.<\/li>\n<\/ul>\n\n\n\n<p><strong>Legisla\u00e7\u00e3o<\/strong><\/p>\n\n\n\n<p>Leis Municipais n.\u00ba 6.510\/89, 6.608\/90, 6.614\/90, 7.717\/98, 8.157\/2001 e 8.459\/02, 8.704\/04 e Lei Federal n\u00ba 4.320\/64.<\/p>\n\n\n\n<p><\/p>\n","protected":false},"excerpt":{"rendered":"<p>A Secretaria de Sa\u00fade visa a promo\u00e7\u00e3o integral \u00e0 sa\u00fade, amplo acesso e a qualidade dos servi\u00e7os, al\u00e9m de a\u00e7\u00f5es de vigil\u00e2ncia \u00e0 sa\u00fade e fortalecimento do controle social, seguindo os princ\u00edpios e diretrizes do Sistema \u00danico de Sa\u00fade (SUS): Objetivo do \u00f3rg\u00e3o: Campo de atua\u00e7\u00e3o: Legisla\u00e7\u00e3o Leis Municipais n.\u00ba 6.510\/89, 6.608\/90, 6.614\/90, 7.717\/98, 8.157\/2001 [&hellip;]<\/p>\n","protected":false},"author":39,"featured_media":0,"parent":0,"menu_order":0,"comment_status":"closed","ping_status":"closed","template":"","meta":{"footnotes":""},"class_list":["post-107","page","type-page","status-publish","hentry"],"_links":{"self":[{"href":"https:\/\/portais.santoandre.sp.gov.br\/saude\/wp-json\/wp\/v2\/pages\/107","targetHints":{"allow":["GET"]}}],"collection":[{"href":"https:\/\/portais.santoandre.sp.gov.br\/saude\/wp-json\/wp\/v2\/pages"}],"about":[{"href":"https:\/\/portais.santoandre.sp.gov.br\/saude\/wp-json\/wp\/v2\/types\/page"}],"author":[{"embeddable":true,"href":"https:\/\/portais.santoandre.sp.gov.br\/saude\/wp-json\/wp\/v2\/users\/39"}],"replies":[{"embeddable":true,"href":"https:\/\/portais.santoandre.sp.gov.br\/saude\/wp-json\/wp\/v2\/comments?post=107"}],"version-history":[{"count":2,"href":"https:\/\/portais.santoandre.sp.gov.br\/saude\/wp-json\/wp\/v2\/pages\/107\/revisions"}],"predecessor-version":[{"id":957,"href":"https:\/\/portais.santoandre.sp.gov.br\/saude\/wp-json\/wp\/v2\/pages\/107\/revisions\/957"}],"wp:attachment":[{"href":"https:\/\/portais.santoandre.sp.gov.br\/saude\/wp-json\/wp\/v2\/media?parent=107"}],"curies":[{"name":"wp","href":"https:\/\/api.w.org\/{rel}","templated":true}]}}