{"id":103,"date":"2025-03-25T13:17:16","date_gmt":"2025-03-25T16:17:16","guid":{"rendered":"https:\/\/portais.santoandre.sp.gov.br\/saude\/?page_id=103"},"modified":"2025-11-11T14:41:54","modified_gmt":"2025-11-11T17:41:54","slug":"hospitais","status":"publish","type":"page","link":"https:\/\/portais.santoandre.sp.gov.br\/saude\/hospitais\/","title":{"rendered":"Hospitais"},"content":{"rendered":"\n<div class=\"wp-block-stackable-feature stk-block-feature stk-block stk-36bd30e is-style-default\" data-v=\"2\" data-block-id=\"36bd30e\"><style>.stk-36bd30e {--stk-feature-flex-wrap:nowrap !important;}<\/style><div class=\"stk-content-align stk-36bd30e-column stk-container stk-36bd30e-container stk--no-background stk--no-padding\"><div class=\"stk-inner-blocks stk-block-content stk-row\">\n<div class=\"wp-block-stackable-column stk-block-column stk-column stk-block stk-8673060\" data-v=\"4\" data-block-id=\"8673060\"><style>.stk-8673060 {align-self:center !important;}<\/style><div class=\"stk-column-wrapper stk-block-column__content stk-container stk-8673060-container stk--no-background stk--no-padding\"><div class=\"stk-block-content stk-inner-blocks stk-8673060-inner-blocks\">\n<div class=\"wp-block-stackable-heading stk-block-heading stk-block-heading--v2 stk-block stk-e0ecbd2\" id=\"centro-ho\" data-block-id=\"e0ecbd2\"><h2 class=\"stk-block-heading__text\">Centro Hospitalar Municipal<\/h2><\/div>\n\n\n\n<div class=\"wp-block-stackable-text stk-block-text stk-block stk-4385bb7\" data-block-id=\"4385bb7\"><p class=\"stk-block-text__text\">Origin\u00e1rio da antiga Santa Casa de Miseric\u00f3rdia, o Centro Hospitalar Municipal de Santo Andr\u00e9 (CHMSA) \u00e9 um dos mais importantes da cidade e o mais antigo equipamento hospitalar de toda a regi\u00e3o do ABC, fundado em 1912. Gerenciado atualmente pela administra\u00e7\u00e3o direta da Secretaria de Sa\u00fade do munic\u00edpio em parceria com a Funda\u00e7\u00e3o do ABC (Fuabc) , \u00e9 um hospital geral voltado para o atendimento exclusivo ao SUS (Sistema \u00danico de Sa\u00fade).<\/p><\/div>\n\n\n\n<div class=\"wp-block-stackable-button-group stk-block-button-group stk-block stk-ecc4143\" data-block-id=\"ecc4143\"><div class=\"stk-row stk-inner-blocks stk-block-content stk-button-group\">\n<div class=\"wp-block-stackable-button stk-block-button stk-block stk-33ec140\" data-block-id=\"33ec140\"><style>.stk-33ec140 .stk-button{border-top-left-radius:5px !important;border-top-right-radius:5px !important;border-bottom-right-radius:5px !important;border-bottom-left-radius:5px !important;}<\/style><a class=\"stk-link stk-button stk--hover-effect-darken\" href=\"https:\/\/portais.santoandre.sp.gov.br\/chmsa\" target=\"_blank\" rel=\"noreferrer noopener\"><span class=\"stk-button__inner-text\">Acesse o site<\/span><\/a><\/div>\n\n\n\n<div class=\"wp-block-stackable-button stk-block-button stk-block stk-e27eb9a\" data-block-id=\"e27eb9a\"><style>.stk-e27eb9a .stk-button{border-top-left-radius:5px !important;border-top-right-radius:5px !important;border-bottom-right-radius:5px !important;border-bottom-left-radius:5px !important;}<\/style><a class=\"stk-link stk-button stk--hover-effect-darken\" href=\"https:\/\/maps.app.goo.gl\/bPN4FdLCLCM2UXqj9\" target=\"_blank\" rel=\"noreferrer noopener\"><span class=\"stk-button__inner-text\">Ver no mapa<\/span><\/a><\/div>\n<\/div><\/div>\n<\/div><\/div><\/div>\n\n\n\n<div class=\"wp-block-stackable-column stk-block-column stk-column stk-block stk-e1cba0e\" data-v=\"4\" data-block-id=\"e1cba0e\"><style>.stk-e1cba0e {align-self:center !important;}<\/style><div class=\"stk-column-wrapper stk-block-column__content stk-container stk-e1cba0e-container stk--no-background stk--no-padding\"><div class=\"stk-block-content stk-inner-blocks stk-e1cba0e-inner-blocks\">\n<div class=\"wp-block-stackable-image stk-block-image stk-block stk-ebd237c\" data-block-id=\"ebd237c\"><figure><span class=\"stk-img-wrapper stk-image--shape-stretch\"><img fetchpriority=\"high\" decoding=\"async\" class=\"stk-img wp-image-18\" src=\"https:\/\/portais.santoandre.sp.gov.br\/saude\/wp-content\/uploads\/sites\/30\/2025\/03\/f881be2bcac717371cf6a71613fba847.jpg\" width=\"800\" height=\"533\" srcset=\"https:\/\/portais.santoandre.sp.gov.br\/saude\/wp-content\/uploads\/sites\/30\/2025\/03\/f881be2bcac717371cf6a71613fba847.jpg 800w, https:\/\/portais.santoandre.sp.gov.br\/saude\/wp-content\/uploads\/sites\/30\/2025\/03\/f881be2bcac717371cf6a71613fba847-300x200.jpg 300w, https:\/\/portais.santoandre.sp.gov.br\/saude\/wp-content\/uploads\/sites\/30\/2025\/03\/f881be2bcac717371cf6a71613fba847-768x512.jpg 768w\" sizes=\"(max-width: 800px) 100vw, 800px\" \/><\/span><\/figure><\/div>\n<\/div><\/div><\/div>\n<\/div><\/div><\/div>\n\n\n\n<div class=\"wp-block-stackable-feature stk-block-feature stk-block stk-aa13c9d is-style-default\" data-v=\"2\" data-block-id=\"aa13c9d\"><style>.stk-aa13c9d {--stk-feature-flex-wrap:nowrap !important;}<\/style><div class=\"stk-content-align stk-aa13c9d-column stk-container stk-aa13c9d-container stk--no-background stk--no-padding\"><div class=\"stk-inner-blocks stk-block-content stk-row\">\n<div class=\"wp-block-stackable-column stk-block-column stk-column stk-block stk-be081ac\" data-v=\"4\" data-block-id=\"be081ac\"><style>.stk-be081ac {align-self:center !important;}<\/style><div class=\"stk-column-wrapper stk-block-column__content stk-container stk-be081ac-container stk--no-background stk--no-padding\"><div class=\"stk-block-content stk-inner-blocks stk-be081ac-inner-blocks\">\n<div class=\"wp-block-stackable-heading stk-block-heading stk-block-heading--v2 stk-block stk-7b3fea1\" id=\"hospital-da-mulher\" data-block-id=\"7b3fea1\"><h2 class=\"stk-block-heading__text\">Hospital da Mulher<\/h2><\/div>\n\n\n\n<div class=\"wp-block-stackable-text stk-block-text stk-block stk-3d8712f\" data-block-id=\"3d8712f\"><p class=\"stk-block-text__text\">Fundado em agosto de 2008 pela Prefeitura de Santo Andr\u00e9, em parceria com a Funda\u00e7\u00e3o do ABC, o Hospital da Mulher Maria Jos\u00e9 dos Santos Stein \u00e9 considerado o maior centro de refer\u00eancia em sa\u00fade feminina da regi\u00e3o do Grande ABC, com atendimento qualificado, equipamentos modernos e profissionais especializados. \u00c9 parte integrante da Rede Cegonha &#8211; que \u00e9 a rede regional de aten\u00e7\u00e3o ao pr\u00e9-natal, parto, pu\u00e9rperio, rec\u00e9m-nascidos e crian\u00e7as at\u00e9 dois anos de idade &#8211; e conta com os t\u00edtulos Hospital Amigo da Crian\u00e7a e Hospital Amigo da Mulher.<\/p><\/div>\n\n\n\n<div class=\"wp-block-stackable-button-group stk-block-button-group stk-block stk-cff1ba7\" data-block-id=\"cff1ba7\"><div class=\"stk-row stk-inner-blocks stk-block-content stk-button-group\">\n<div class=\"wp-block-stackable-button stk-block-button stk-block stk-af46fce\" data-block-id=\"af46fce\"><style>.stk-af46fce .stk-button{border-top-left-radius:5px !important;border-top-right-radius:5px !important;border-bottom-right-radius:5px !important;border-bottom-left-radius:5px !important;}<\/style><a class=\"stk-link stk-button stk--hover-effect-darken\" href=\"https:\/\/portais.santoandre.sp.gov.br\/hospitaldamulher\" target=\"_blank\" rel=\"noreferrer noopener\"><span class=\"stk-button__inner-text\">Acesse o site<\/span><\/a><\/div>\n\n\n\n<div class=\"wp-block-stackable-button stk-block-button stk-block stk-c7f7a28 stk--has-lightbox\" data-block-id=\"c7f7a28\"><style>.stk-c7f7a28 .stk-button{border-top-left-radius:5px !important;border-top-right-radius:5px !important;border-bottom-right-radius:5px !important;border-bottom-left-radius:5px !important;}<\/style><a class=\"stk-link stk-button stk--hover-effect-darken\" href=\"https:\/\/maps.app.goo.gl\/F1hPinfns7ovwN6f8\" target=\"_blank\" rel=\"noreferrer noopener\"><span class=\"stk-button__inner-text\">Ver no mapa<\/span><\/a><\/div>\n<\/div><\/div>\n<\/div><\/div><\/div>\n\n\n\n<div class=\"wp-block-stackable-column stk-block-column stk-column stk-block stk-ab07433\" data-v=\"4\" data-block-id=\"ab07433\"><style>.stk-ab07433 {align-self:center !important;}<\/style><div class=\"stk-column-wrapper stk-block-column__content stk-container stk-ab07433-container stk--no-background stk--no-padding\"><div class=\"stk-block-content stk-inner-blocks stk-ab07433-inner-blocks\">\n<div class=\"wp-block-stackable-image stk-block-image stk-block stk-41b1d11\" data-block-id=\"41b1d11\"><figure><span class=\"stk-img-wrapper stk-image--shape-stretch\"><img decoding=\"async\" class=\"stk-img wp-image-969\" src=\"https:\/\/portais.santoandre.sp.gov.br\/saude\/wp-content\/uploads\/sites\/30\/2025\/11\/WhatsApp-Image-2025-11-11-at-11.14.56.jpeg\" width=\"1599\" height=\"1066\" srcset=\"https:\/\/portais.santoandre.sp.gov.br\/saude\/wp-content\/uploads\/sites\/30\/2025\/11\/WhatsApp-Image-2025-11-11-at-11.14.56.jpeg 1599w, https:\/\/portais.santoandre.sp.gov.br\/saude\/wp-content\/uploads\/sites\/30\/2025\/11\/WhatsApp-Image-2025-11-11-at-11.14.56-300x200.jpeg 300w, https:\/\/portais.santoandre.sp.gov.br\/saude\/wp-content\/uploads\/sites\/30\/2025\/11\/WhatsApp-Image-2025-11-11-at-11.14.56-1024x683.jpeg 1024w, https:\/\/portais.santoandre.sp.gov.br\/saude\/wp-content\/uploads\/sites\/30\/2025\/11\/WhatsApp-Image-2025-11-11-at-11.14.56-768x512.jpeg 768w, https:\/\/portais.santoandre.sp.gov.br\/saude\/wp-content\/uploads\/sites\/30\/2025\/11\/WhatsApp-Image-2025-11-11-at-11.14.56-1536x1024.jpeg 1536w\" sizes=\"(max-width: 1599px) 100vw, 1599px\" \/><\/span><\/figure><\/div>\n<\/div><\/div><\/div>\n<\/div><\/div><\/div>\n\n\n\n<p><\/p>\n","protected":false},"excerpt":{"rendered":"<p>Centro Hospitalar Municipal Origin\u00e1rio da antiga Santa Casa de Miseric\u00f3rdia, o Centro Hospitalar Municipal de Santo Andr\u00e9 (CHMSA) \u00e9 um dos mais importantes da cidade e o mais antigo equipamento hospitalar de toda a regi\u00e3o do ABC, fundado em 1912. Gerenciado atualmente pela administra\u00e7\u00e3o direta da Secretaria de Sa\u00fade do munic\u00edpio em parceria com a [&hellip;]<\/p>\n","protected":false},"author":39,"featured_media":0,"parent":0,"menu_order":0,"comment_status":"closed","ping_status":"closed","template":"","meta":{"footnotes":""},"class_list":["post-103","page","type-page","status-publish","hentry"],"_links":{"self":[{"href":"https:\/\/portais.santoandre.sp.gov.br\/saude\/wp-json\/wp\/v2\/pages\/103","targetHints":{"allow":["GET"]}}],"collection":[{"href":"https:\/\/portais.santoandre.sp.gov.br\/saude\/wp-json\/wp\/v2\/pages"}],"about":[{"href":"https:\/\/portais.santoandre.sp.gov.br\/saude\/wp-json\/wp\/v2\/types\/page"}],"author":[{"embeddable":true,"href":"https:\/\/portais.santoandre.sp.gov.br\/saude\/wp-json\/wp\/v2\/users\/39"}],"replies":[{"embeddable":true,"href":"https:\/\/portais.santoandre.sp.gov.br\/saude\/wp-json\/wp\/v2\/comments?post=103"}],"version-history":[{"count":10,"href":"https:\/\/portais.santoandre.sp.gov.br\/saude\/wp-json\/wp\/v2\/pages\/103\/revisions"}],"predecessor-version":[{"id":971,"href":"https:\/\/portais.santoandre.sp.gov.br\/saude\/wp-json\/wp\/v2\/pages\/103\/revisions\/971"}],"wp:attachment":[{"href":"https:\/\/portais.santoandre.sp.gov.br\/saude\/wp-json\/wp\/v2\/media?parent=103"}],"curies":[{"name":"wp","href":"https:\/\/api.w.org\/{rel}","templated":true}]}}