{"id":101,"date":"2025-03-25T13:11:27","date_gmt":"2025-03-25T16:11:27","guid":{"rendered":"https:\/\/portais.santoandre.sp.gov.br\/saude\/?page_id=101"},"modified":"2025-07-04T15:25:32","modified_gmt":"2025-07-04T18:25:32","slug":"fundo-municipal-de-saude","status":"publish","type":"page","link":"https:\/\/portais.santoandre.sp.gov.br\/saude\/fundo-municipal-de-saude\/","title":{"rendered":"Fundos Municipais"},"content":{"rendered":"\n<div class=\"wp-block-stackable-tabs stk-block-tabs stk-block stk-87ff4ac\" data-initial-tab=\"1\" data-block-id=\"87ff4ac\"><style>.stk-87ff4ac .stk-block-tab-content .stk-block-content .stk-block-column[hidden]{display:none !important;}<\/style><div class=\"stk-row stk-inner-blocks stk-block-content stk-block-tabs--horizontal stk-block-tabs--fade stk-content-align stk-87ff4ac-column\">\n<div class=\"wp-block-stackable-tab-labels stk-block-tab-labels stk-block stk-3330b18 is-style-buttons\" data-block-id=\"3330b18\"><style>.stk-3330b18 .stk-block-tabs__tab{color:#008de4 !important;border-top-left-radius:4px !important;border-top-right-radius:4px !important;border-bottom-right-radius:4px !important;border-bottom-left-radius:4px !important;border-color:transparent !important;border-top-width:0px !important;border-right-width:0px !important;border-bottom-width:2px !important;border-left-width:0px !important;}.stk-3330b18 .stk-block-tabs__tab.stk-block-tabs__tab--active .stk-block-tab-labels__text{color:#ffffff !important;}.stk-3330b18 {overflow:hidden !important;}.stk-3330b18 .stk-block-tab-labels__text{color:#008de4 !important;}.stk-3330b18 .stk-block-tabs__tab:not(.stk-block-tabs__tab--active):hover{background:#eeeeee !important;opacity:1 !important;}.stk-3330b18 .stk-block-tabs__tab .stk--inner-svg svg:last-child, .stk-3330b18 .stk-block-tabs__tab .stk--inner-svg svg:last-child :is(g, path, rect, polygon, ellipse){fill:#000000 !important;}.stk-3330b18 .stk-block-tabs__tab.stk-block-tabs__tab--active{background:#008de4 !important;border-color:#000000 !important;}.stk-3330b18 .stk-block-tabs__tab.stk-block-tabs__tab--active .stk--inner-svg svg:last-child, .stk-3330b18 .stk-block-tabs__tab.stk-block-tabs__tab--active .stk--inner-svg svg:last-child :is(g, path, rect, polygon, ellipse){fill:#ffffff !important;}<\/style><div class=\"stk-block-tab-labels__wrapper\" role=\"tablist\"><button class=\"stk-block-tabs__tab\" role=\"tab\"><div class=\"stk-block-tab-labels__text\"><span>Fundo Municipal de Sa\u00fade<\/span><\/div><\/button><button class=\"stk-block-tabs__tab\" role=\"tab\"><div class=\"stk-block-tab-labels__text\"><span>Fundo de Municipal de Prote\u00e7\u00e3o dos Animais<\/span><\/div><\/button><\/div><\/div>\n\n\n\n<div class=\"wp-block-stackable-tab-content stk-block-tab-content stk-block stk-329158f\" data-block-id=\"329158f\"><div class=\"stk-row stk-inner-blocks stk-block-content stk-content-align stk-329158f-column\">\n<div class=\"wp-block-stackable-column stk-block-column stk-column stk-block stk-9a715a2\" data-v=\"4\" role=\"tabpanel\" data-block-id=\"9a715a2\"><div class=\"stk-column-wrapper stk-block-column__content stk-container stk-9a715a2-container stk--no-background stk--no-padding\"><div class=\"stk-block-content stk-inner-blocks stk-9a715a2-inner-blocks\">\n<p>O <strong>Fundo Municipal de Sa\u00fade (FMS)<\/strong> \u00e9 um instrumento de gest\u00e3o financeira e or\u00e7ament\u00e1ria criado para assegurar a aplica\u00e7\u00e3o dos recursos destinados \u00e0s a\u00e7\u00f5es e servi\u00e7os p\u00fablicos de sa\u00fade no munic\u00edpio de Santo Andr\u00e9. Vinculado \u00e0 Secretaria de Sa\u00fade, o fundo tem como principal objetivo garantir maior transpar\u00eancia, controle e efici\u00eancia na utiliza\u00e7\u00e3o dos recursos p\u00fablicos destinados \u00e0 sa\u00fade da popula\u00e7\u00e3o.<br><br>O FMS \u00e9 respons\u00e1vel por administrar os recursos provenientes das tr\u00eas esferas de governo \u2014 federal, estadual e municipal \u2014 al\u00e9m de outras fontes, como emendas parlamentares, conv\u00eanios e doa\u00e7\u00f5es. Esses recursos s\u00e3o aplicados no financiamento de programas, aquisi\u00e7\u00e3o de insumos e equipamentos, manuten\u00e7\u00e3o de unidades de sa\u00fade, pagamento de servi\u00e7os contratados, folha de pessoal e demais despesas relacionadas \u00e0 aten\u00e7\u00e3o \u00e0 sa\u00fade. <br><br>A cria\u00e7\u00e3o e gest\u00e3o do Fundo Municipal de Sa\u00fade seguem os princ\u00edpios estabelecidos pela <strong>Lei Federal n\u00ba 8.080\/1990<\/strong> (Lei Org\u00e2nica da Sa\u00fade), pela <strong>Lei Complementar n\u00ba 141\/2012<\/strong>, bem como pelas normas do Sistema \u00danico de Sa\u00fade (SUS), que determinam a descentraliza\u00e7\u00e3o e o controle social da sa\u00fade p\u00fablica. <br><br>A aplica\u00e7\u00e3o dos recursos do FMS \u00e9 acompanhada e fiscalizada pelo <strong>Conselho Municipal de Sa\u00fade<\/strong>, assegurando a participa\u00e7\u00e3o da sociedade civil na defini\u00e7\u00e3o de prioridades e no controle das a\u00e7\u00f5es e gastos do setor. <br><br>Com o Fundo Municipal de Sa\u00fade, a Prefeitura de Santo Andr\u00e9 fortalece a gest\u00e3o do SUS local, promovendo uma sa\u00fade p\u00fablica mais justa, eficiente e transparente.<\/p>\n<\/div><\/div><\/div>\n\n\n\n<div class=\"wp-block-stackable-column stk-block-column stk-column stk-block stk-c3ee801\" data-v=\"4\" role=\"tabpanel\" data-block-id=\"c3ee801\"><div class=\"stk-column-wrapper stk-block-column__content stk-container stk-c3ee801-container stk--no-background stk--no-padding\"><div class=\"stk-block-content stk-inner-blocks stk-c3ee801-inner-blocks\">\n<p>O <strong>Fundo Municipal de Prote\u00e7\u00e3o dos Animais (FMPA)<\/strong> \u00e9 um instrumento financeiro e administrativo vinculado \u00e0 <strong>Secretaria de Sa\u00fade de Santo Andr\u00e9<\/strong>, que tem como finalidade apoiar e viabilizar pol\u00edticas p\u00fablicas voltadas \u00e0 prote\u00e7\u00e3o, sa\u00fade e bem-estar dos animais no munic\u00edpio.<br><br>Por meio do FMPA, \u00e9 poss\u00edvel captar e gerir recursos de diversas origens \u2014 como doa\u00e7\u00f5es, multas, termos de ajuste de conduta, conv\u00eanios, emendas parlamentares e verbas or\u00e7ament\u00e1rias \u2014 com destina\u00e7\u00e3o exclusiva para a\u00e7\u00f5es em defesa da causa animal.<br><br>Entre os objetivos do FMPA, destacam-se:<\/p>\n\n\n\n<p>A gest\u00e3o do FMPA \u00e9 realizada com base em crit\u00e9rios de <strong>transpar\u00eancia, responsabilidade e participa\u00e7\u00e3o social<\/strong>, com o acompanhamento do <strong>Conselho Gestor do Fundo<\/strong>, formado por representantes do poder p\u00fablico e da sociedade civil. <br><br>Com o fortalecimento do FMPA, a Prefeitura de Santo Andr\u00e9 reafirma seu compromisso com a defesa da vida em todas as suas formas e com a constru\u00e7\u00e3o de uma cidade mais justa, \u00e9tica e consciente no cuidado com os animais.<\/p>\n<\/div><\/div><\/div>\n<\/div><\/div>\n<\/div><\/div>\n\n\n\n<p><\/p>\n","protected":false},"excerpt":{"rendered":"<p>Fundo Municipal de Sa\u00fade Fundo de Municipal de Prote\u00e7\u00e3o dos Animais O Fundo Municipal de Sa\u00fade (FMS) \u00e9 um instrumento de gest\u00e3o financeira e or\u00e7ament\u00e1ria criado para assegurar a aplica\u00e7\u00e3o dos recursos destinados \u00e0s a\u00e7\u00f5es e servi\u00e7os p\u00fablicos de sa\u00fade no munic\u00edpio de Santo Andr\u00e9. Vinculado \u00e0 Secretaria de Sa\u00fade, o fundo tem como principal [&hellip;]<\/p>\n","protected":false},"author":39,"featured_media":0,"parent":0,"menu_order":0,"comment_status":"closed","ping_status":"closed","template":"","meta":{"footnotes":""},"class_list":["post-101","page","type-page","status-publish","hentry"],"_links":{"self":[{"href":"https:\/\/portais.santoandre.sp.gov.br\/saude\/wp-json\/wp\/v2\/pages\/101","targetHints":{"allow":["GET"]}}],"collection":[{"href":"https:\/\/portais.santoandre.sp.gov.br\/saude\/wp-json\/wp\/v2\/pages"}],"about":[{"href":"https:\/\/portais.santoandre.sp.gov.br\/saude\/wp-json\/wp\/v2\/types\/page"}],"author":[{"embeddable":true,"href":"https:\/\/portais.santoandre.sp.gov.br\/saude\/wp-json\/wp\/v2\/users\/39"}],"replies":[{"embeddable":true,"href":"https:\/\/portais.santoandre.sp.gov.br\/saude\/wp-json\/wp\/v2\/comments?post=101"}],"version-history":[{"count":5,"href":"https:\/\/portais.santoandre.sp.gov.br\/saude\/wp-json\/wp\/v2\/pages\/101\/revisions"}],"predecessor-version":[{"id":722,"href":"https:\/\/portais.santoandre.sp.gov.br\/saude\/wp-json\/wp\/v2\/pages\/101\/revisions\/722"}],"wp:attachment":[{"href":"https:\/\/portais.santoandre.sp.gov.br\/saude\/wp-json\/wp\/v2\/media?parent=101"}],"curies":[{"name":"wp","href":"https:\/\/api.w.org\/{rel}","templated":true}]}}