{"id":63,"date":"2025-07-01T12:13:05","date_gmt":"2025-07-01T15:13:05","guid":{"rendered":"https:\/\/portais.santoandre.sp.gov.br\/renegocia2025\/?page_id=63"},"modified":"2025-07-01T12:16:30","modified_gmt":"2025-07-01T15:16:30","slug":"documentos-necessarios","status":"publish","type":"page","link":"https:\/\/portais.santoandre.sp.gov.br\/renegocia2025\/documentos-necessarios\/","title":{"rendered":"Documentos necess\u00e1rios"},"content":{"rendered":"\n<p>Para formalizar o acordo no Renegocia 2025, \u00e9 necess\u00e1rio apresentar alguns documentos que comprovem sua identidade, propriedade ou representa\u00e7\u00e3o legal. Confira abaixo a rela\u00e7\u00e3o completa dos documentos exigidos para aderir ao programa e garantir que sua negocia\u00e7\u00e3o seja realizada com sucesso.<\/p>\n\n\n\n<p><\/p>\n\n\n\n<hr class=\"wp-block-separator has-alpha-channel-opacity is-style-dots\" \/>\n\n\n\n<p><\/p>\n\n\n\n<div class=\"wp-block-stackable-heading stk-block-heading stk-block-heading--v2 stk-block stk-bc7cc92\" id=\"strong-span-style-color-86-bc-26-class-stk-highlight-resumo-dos-documentos-necessarios-para-formalizacao-do-acordo-span-strong\" data-block-id=\"bc7cc92\"><h2 class=\"stk-block-heading__text\"><strong><span style=\"color: #86bc26\" class=\"stk-highlight\">Resumo dos documentos necess\u00e1rios para formaliza\u00e7\u00e3o do acordo:<\/span><\/strong><\/h2><\/div>\n\n\n\n<details class=\"wp-block-stackable-accordion stk-block-accordion stk-inner-blocks stk-block-content stk--is-open stk-block stk-4dda803 is-style-default\" open data-block-id=\"4dda803\">\n<summary class=\"wp-block-stackable-column stk-block-column stk-column stk-block stk-01ef716 stk--container-small stk-block-accordion__heading\" data-v=\"4\" data-block-id=\"01ef716\"><div class=\"stk-column-wrapper stk-block-column__content stk-container stk-01ef716-container stk-hover-parent\"><div class=\"stk-block-content stk-inner-blocks stk-01ef716-inner-blocks\">\n<div class=\"wp-block-stackable-icon-label stk-block-icon-label stk-block stk-f25665d\" data-block-id=\"f25665d\"><div class=\"stk-row stk-inner-blocks stk-block-content\">\n<div class=\"wp-block-stackable-heading stk-block-heading stk-block-heading--v2 stk-block stk-8858be8\" id=\"pessoa-fisica\" data-block-id=\"8858be8\"><h4 class=\"stk-block-heading__text\">Pessoa F\u00edsica<\/h4><\/div>\n\n\n\n<div class=\"wp-block-stackable-icon stk-block-icon stk-block stk-320d7eb\" data-block-id=\"320d7eb\"><span class=\"stk--svg-wrapper\"><div class=\"stk--inner-svg\"><svg style=\"height:0;width:0\"><defs><linearGradient id=\"linear-gradient-320d7eb\" x1=\"0\" x2=\"100%\" y1=\"0\" y2=\"0\"><stop offset=\"0%\" style=\"stop-opacity:1;stop-color:var(--linear-gradient-320-d-7-eb-color-1)\"><\/stop><stop offset=\"100%\" style=\"stop-opacity:1;stop-color:var(--linear-gradient-320-d-7-eb-color-2)\"><\/stop><\/linearGradient><\/defs><\/svg><svg data-prefix=\"fas\" data-icon=\"chevron-down\" class=\"svg-inline--fa fa-chevron-down fa-w-14\" xmlns=\"http:\/\/www.w3.org\/2000\/svg\" viewBox=\"0 0 448 512\" aria-hidden=\"true\" width=\"32\" height=\"32\"><path fill=\"currentColor\" d=\"M207.029 381.476L12.686 187.132c-9.373-9.373-9.373-24.569 0-33.941l22.667-22.667c9.357-9.357 24.522-9.375 33.901-.04L224 284.505l154.745-154.021c9.379-9.335 24.544-9.317 33.901.04l22.667 22.667c9.373 9.373 9.373 24.569 0 33.941L240.971 381.476c-9.373 9.372-24.569 9.372-33.942 0z\"><\/path><\/svg><\/div><\/span><\/div>\n<\/div><\/div>\n<\/div><\/div><\/summary>\n\n\n\n<div class=\"wp-block-stackable-column stk-block-column stk-column stk-block stk-bb1a985 stk-block-accordion__content\" data-v=\"4\" data-block-id=\"bb1a985\"><div class=\"stk-column-wrapper stk-block-column__content stk-container stk-bb1a985-container stk--no-background stk--no-padding\"><div class=\"stk-block-content stk-inner-blocks stk-bb1a985-inner-blocks\">\n<div class=\"wp-block-stackable-text stk-block-text stk-block stk-9d96cf6\" data-block-id=\"9d96cf6\"><p class=\"stk-block-text__text\">Em caso de Pessoa F\u00edsica o pr\u00f3prio devedor com original e c\u00f3pia do RG e CPF. <\/p><\/div>\n<\/div><\/div><\/div>\n<\/details>\n\n\n\n<details class=\"wp-block-stackable-accordion stk-block-accordion stk-inner-blocks has-text-align-left stk-block-content stk--is-open stk-block stk-117f660 is-style-default\" open data-block-id=\"117f660\">\n<summary class=\"wp-block-stackable-column stk-block-column stk-column stk-block stk-d2ec9b8 stk--container-small stk-block-accordion__heading\" data-v=\"4\" data-block-id=\"d2ec9b8\"><div class=\"stk-column-wrapper stk-block-column__content stk-container stk-d2ec9b8-container stk-hover-parent\"><div class=\"stk-block-content stk-inner-blocks stk-d2ec9b8-inner-blocks\">\n<div class=\"wp-block-stackable-icon-label stk-block-icon-label stk-block stk-d5173e4\" data-block-id=\"d5173e4\"><div class=\"stk-row stk-inner-blocks stk-block-content\">\n<div class=\"wp-block-stackable-heading stk-block-heading stk-block-heading--v2 stk-block stk-3d097b4\" id=\"pessoa-juridica\" data-block-id=\"3d097b4\"><h4 class=\"stk-block-heading__text\">Pessoa Jur\u00eddica <\/h4><\/div>\n\n\n\n<div class=\"wp-block-stackable-icon stk-block-icon stk-block stk-08a0a64\" data-block-id=\"08a0a64\"><span class=\"stk--svg-wrapper\"><div class=\"stk--inner-svg\"><svg style=\"height:0;width:0\"><defs><linearGradient id=\"linear-gradient-08a0a64\" x1=\"0\" x2=\"100%\" y1=\"0\" y2=\"0\"><stop offset=\"0%\" style=\"stop-opacity:1;stop-color:var(--linear-gradient-08-a-0-a-64-color-1)\"><\/stop><stop offset=\"100%\" style=\"stop-opacity:1;stop-color:var(--linear-gradient-08-a-0-a-64-color-2)\"><\/stop><\/linearGradient><\/defs><\/svg><svg data-prefix=\"fas\" data-icon=\"chevron-down\" class=\"svg-inline--fa fa-chevron-down fa-w-14\" xmlns=\"http:\/\/www.w3.org\/2000\/svg\" viewBox=\"0 0 448 512\" aria-hidden=\"true\" width=\"32\" height=\"32\"><path fill=\"currentColor\" d=\"M207.029 381.476L12.686 187.132c-9.373-9.373-9.373-24.569 0-33.941l22.667-22.667c9.357-9.357 24.522-9.375 33.901-.04L224 284.505l154.745-154.021c9.379-9.335 24.544-9.317 33.901.04l22.667 22.667c9.373 9.373 9.373 24.569 0 33.941L240.971 381.476c-9.373 9.372-24.569 9.372-33.942 0z\"><\/path><\/svg><\/div><\/span><\/div>\n<\/div><\/div>\n<\/div><\/div><\/summary>\n\n\n\n<div class=\"wp-block-stackable-column stk-block-column stk-column stk-block stk-cd0aa86 stk-block-accordion__content\" data-v=\"4\" data-block-id=\"cd0aa86\"><div class=\"stk-column-wrapper stk-block-column__content stk-container stk-cd0aa86-container stk--no-background stk--no-padding\"><div class=\"stk-block-content stk-inner-blocks stk-cd0aa86-inner-blocks\">\n<div class=\"wp-block-stackable-text stk-block-text stk-block stk-1f8c64d\" data-block-id=\"1f8c64d\"><p class=\"stk-block-text__text\">Em caso de Pessoa Jur\u00eddica ou equiparada, seu representante legal dever\u00e1 estar munido do original e c\u00f3pia simples dos seguintes documentos: <\/p><\/div>\n\n\n\n<div class=\"wp-block-stackable-text stk-block-text stk-block stk-321098d\" data-block-id=\"321098d\"><p class=\"stk-block-text__text\"><em>. Contrato social ou equivalente;<br><br>. CNPJ, <br><br>. Documento de identifica\u00e7\u00e3o pessoal do respons\u00e1vel pela sua assinatura.<\/em><\/p><\/div>\n<\/div><\/div><\/div>\n<\/details>\n\n\n\n<details class=\"wp-block-stackable-accordion stk-block-accordion stk-inner-blocks stk-block-content stk--is-open stk-block stk-0d804a7 is-style-default\" open data-block-id=\"0d804a7\">\n<summary class=\"wp-block-stackable-column stk-block-column stk-column stk-block stk-340d549 stk--container-small stk-block-accordion__heading\" data-v=\"4\" data-block-id=\"340d549\"><div class=\"stk-column-wrapper stk-block-column__content stk-container stk-340d549-container stk-hover-parent\"><div class=\"stk-block-content stk-inner-blocks stk-340d549-inner-blocks\">\n<div class=\"wp-block-stackable-icon-label stk-block-icon-label stk-block stk-720d233\" data-block-id=\"720d233\"><div class=\"stk-row stk-inner-blocks stk-block-content\">\n<div class=\"wp-block-stackable-heading stk-block-heading stk-block-heading--v2 stk-block stk-c87176d\" id=\"procurador\" data-block-id=\"c87176d\"><h4 class=\"stk-block-heading__text\">Procurador<\/h4><\/div>\n\n\n\n<div class=\"wp-block-stackable-icon stk-block-icon stk-block stk-9ad9be6\" data-block-id=\"9ad9be6\"><span class=\"stk--svg-wrapper\"><div class=\"stk--inner-svg\"><svg style=\"height:0;width:0\"><defs><linearGradient id=\"linear-gradient-9ad9be6\" x1=\"0\" x2=\"100%\" y1=\"0\" y2=\"0\"><stop offset=\"0%\" style=\"stop-opacity:1;stop-color:var(--linear-gradient-9-ad-9-be-6-color-1)\"><\/stop><stop offset=\"100%\" style=\"stop-opacity:1;stop-color:var(--linear-gradient-9-ad-9-be-6-color-2)\"><\/stop><\/linearGradient><\/defs><\/svg><svg data-prefix=\"fas\" data-icon=\"chevron-down\" class=\"svg-inline--fa fa-chevron-down fa-w-14\" xmlns=\"http:\/\/www.w3.org\/2000\/svg\" viewBox=\"0 0 448 512\" aria-hidden=\"true\" width=\"32\" height=\"32\"><path fill=\"currentColor\" d=\"M207.029 381.476L12.686 187.132c-9.373-9.373-9.373-24.569 0-33.941l22.667-22.667c9.357-9.357 24.522-9.375 33.901-.04L224 284.505l154.745-154.021c9.379-9.335 24.544-9.317 33.901.04l22.667 22.667c9.373 9.373 9.373 24.569 0 33.941L240.971 381.476c-9.373 9.372-24.569 9.372-33.942 0z\"><\/path><\/svg><\/div><\/span><\/div>\n<\/div><\/div>\n<\/div><\/div><\/summary>\n\n\n\n<div class=\"wp-block-stackable-column stk-block-column stk-column stk-block stk-df84cac stk-block-accordion__content\" data-v=\"4\" data-block-id=\"df84cac\"><div class=\"stk-column-wrapper stk-block-column__content stk-container stk-df84cac-container stk--no-background stk--no-padding\"><div class=\"stk-block-content stk-inner-blocks stk-df84cac-inner-blocks\">\n<div class=\"wp-block-stackable-text stk-block-text stk-block stk-5732a78\" data-block-id=\"5732a78\"><p class=\"stk-block-text__text\">Em caso de Procurador, dever\u00e1 estar munido do original e c\u00f3pia simples dos seguintes documentos: <\/p><\/div>\n\n\n\n<p><em>. Se pessoa f\u00edsica, RG e CPF <em>mais procura\u00e7\u00e3o com poderes espec\u00edficos para firmar acordo de parcelamento com a Prefeitura de Santo Andr\u00e9, e documento de identifica\u00e7\u00e3o pessoal do respons\u00e1vel pela sua assinatura;<\/em><br><\/em><br><em>. Se pessoa jur\u00eddica, Contrato social ou equivalente, CNPJ, RG e CPF do representante mais procura\u00e7\u00e3o com poderes espec\u00edficos para firmar acordo de parcelamento com a Prefeitura de Santo Andr\u00e9, e documento de identifica\u00e7\u00e3o pessoal do respons\u00e1vel pela sua assinatura;<br><br>. Documento de identifica\u00e7\u00e3o pessoal do respons\u00e1vel pela sua assinatura.<\/em><\/p>\n<\/div><\/div><\/div>\n<\/details>\n\n\n\n<details class=\"wp-block-stackable-accordion stk-block-accordion stk-inner-blocks stk-block-content stk--is-open stk-block stk-28c71ca is-style-default\" open data-block-id=\"28c71ca\">\n<summary class=\"wp-block-stackable-column stk-block-column stk-column stk-block stk-3574f6e stk--container-small stk-block-accordion__heading\" data-v=\"4\" data-block-id=\"3574f6e\"><div class=\"stk-column-wrapper stk-block-column__content stk-container stk-3574f6e-container stk-hover-parent\"><div class=\"stk-block-content stk-inner-blocks stk-3574f6e-inner-blocks\">\n<div class=\"wp-block-stackable-icon-label stk-block-icon-label stk-block stk-89d9372\" data-block-id=\"89d9372\"><div class=\"stk-row stk-inner-blocks stk-block-content\">\n<div class=\"wp-block-stackable-heading stk-block-heading stk-block-heading--v2 stk-block stk-595af9a\" id=\"outro-interessado\" data-block-id=\"595af9a\"><h4 class=\"stk-block-heading__text\">Outro interessado<\/h4><\/div>\n\n\n\n<div class=\"wp-block-stackable-icon stk-block-icon stk-block stk-9a7d5a2\" data-block-id=\"9a7d5a2\"><span class=\"stk--svg-wrapper\"><div class=\"stk--inner-svg\"><svg style=\"height:0;width:0\"><defs><linearGradient id=\"linear-gradient-9a7d5a2\" x1=\"0\" x2=\"100%\" y1=\"0\" y2=\"0\"><stop offset=\"0%\" style=\"stop-opacity:1;stop-color:var(--linear-gradient-9-a-7-d-5-a-2-color-1)\"><\/stop><stop offset=\"100%\" style=\"stop-opacity:1;stop-color:var(--linear-gradient-9-a-7-d-5-a-2-color-2)\"><\/stop><\/linearGradient><\/defs><\/svg><svg data-prefix=\"fas\" data-icon=\"chevron-down\" class=\"svg-inline--fa fa-chevron-down fa-w-14\" xmlns=\"http:\/\/www.w3.org\/2000\/svg\" viewBox=\"0 0 448 512\" aria-hidden=\"true\" width=\"32\" height=\"32\"><path fill=\"currentColor\" d=\"M207.029 381.476L12.686 187.132c-9.373-9.373-9.373-24.569 0-33.941l22.667-22.667c9.357-9.357 24.522-9.375 33.901-.04L224 284.505l154.745-154.021c9.379-9.335 24.544-9.317 33.901.04l22.667 22.667c9.373 9.373 9.373 24.569 0 33.941L240.971 381.476c-9.373 9.372-24.569 9.372-33.942 0z\"><\/path><\/svg><\/div><\/span><\/div>\n<\/div><\/div>\n<\/div><\/div><\/summary>\n\n\n\n<div class=\"wp-block-stackable-column stk-block-column stk-column stk-block stk-4ede9ba stk-block-accordion__content\" data-v=\"4\" data-block-id=\"4ede9ba\"><div class=\"stk-column-wrapper stk-block-column__content stk-container stk-4ede9ba-container stk--no-background stk--no-padding\"><div class=\"stk-block-content stk-inner-blocks stk-4ede9ba-inner-blocks\">\n<div class=\"wp-block-stackable-text stk-block-text stk-block stk-e8e7dab\" data-block-id=\"e8e7dab\"><p class=\"stk-block-text__text\">Para formaliza\u00e7\u00e3o de termo de acordo por pessoa diversa das citadas acima dever\u00e3o ainda ser apresentados originais e c\u00f3pias simples dos seguintes documentos:<\/p><\/div>\n\n\n\n<p><strong>a) <\/strong>Se propriet\u00e1rio com cadastro atualizado na PSA, apresentar original RG\/CPF, se n\u00e3o estiver no cadastro dever\u00e1 apresentar matr\u00edcula atualizada; <br><br><strong>b)<\/strong> Para comprador ou compromiss\u00e1rio poder\u00e1 formalizar o termo de acordo aquele que constar no instrumento p\u00fablico de escritura de compra e venda, promessa de compra e venda ou de cess\u00e3o deste contrato registrada;<br><br><strong>c)<\/strong> <em>No caso de N\u00c3O constar cadastro atualizado do co-propriet\u00e1rio: comprova\u00e7\u00e3o mediante apresenta\u00e7\u00e3o da escritura p\u00fablica\u00a0do registro de im\u00f3vel, podendo formalizar parcelamento independente de anu\u00eancia dos demais co-propriet\u00e1rios<\/em>;<br><br><strong>d)<\/strong> C\u00f3pia da documenta\u00e7\u00e3o relativa \u00e0 propriedade, posse ou dom\u00ednio \u00fatil do im\u00f3vel no qual figure como sujeito passivo nos seguintes documentos, ainda n\u00e3o registrados publicamente (Art. 6\u00ba &#8211; Decreto 18.436\/2025): <br><br><strong><em>d.1)<\/em><\/strong><em> o propriet\u00e1rio que conste na carta de senten\u00e7a, no formal de partilha ou no ato de arremata\u00e7\u00e3o, adjudica\u00e7\u00e3o ou remi\u00e7\u00e3o, expedidos em processos judiciais<\/em>; <br><br><strong>d.2)<\/strong>\u00a0 <em>o usucapiente em processo de usucapi\u00e3o<\/em>; <br><br><strong>d.3)<\/strong> <em>o contratante que constar nos contratos particulares de compra e venda ou de cess\u00e3o, promessa de cess\u00e3o, permuta, da\u00e7\u00e3o em pagamento, usufruto e enfiteuses, servid\u00e3o, arremata\u00e7\u00e3o e adjudica\u00e7\u00e3o;<\/em> <br><br><strong><em>d.4)<\/em><\/strong><em> o mutu\u00e1rio que constar em contrato de financiamento ou termos de ocupa\u00e7\u00e3o emitido ou homologado pelos agentes do sistema financeiro de habita\u00e7\u00e3o.<\/em> <em>\u00a0<\/em> \u00a0 No caso de terceiro interessado em regularizar d\u00e9bitos de IPTU provenientes de bem do qual a posse se comprove por meio de contrato particular de compra e venda, desprovido de registro, o acordo poder\u00e1 ser formalizado desde que o interessado demonstre a sucess\u00e3o possess\u00f3ria \u00a0 <br><br>No caso de falecimento do sujeito passivo constante no cadastro do Munic\u00edpio, ser\u00e1 parte legitima para formalizar o parcelamento o inventariante devidamente nomeado e, na falta deste, qualquer um dos herdeiros elencados na respectiva certid\u00e3o de \u00f3bito poder\u00e1 requerer o parcelamento mediante declara\u00e7\u00e3o das raz\u00f5es da inexist\u00eancia de inventario ou arrolamento.<br><br><em><strong>OBSERVA\u00c7\u00c3O<\/strong>: Para todos os casos, a pessoa interessada dever\u00e1 apresentar RG, CPF, Comprovante de endere\u00e7o atual, n\u00fameros de telefone fixo e celular e <\/em>email.<\/p>\n<\/div><\/div><\/div>\n<\/details>\n\n\n\n<p><br><\/p>\n\n\n\n<div style=\"height:100px\" aria-hidden=\"true\" class=\"wp-block-spacer\"><\/div>\n","protected":false},"excerpt":{"rendered":"<p>Para formalizar o acordo no Renegocia 2025, \u00e9 necess\u00e1rio apresentar alguns documentos que comprovem sua identidade, propriedade ou representa\u00e7\u00e3o legal. Confira abaixo a rela\u00e7\u00e3o completa dos documentos exigidos para aderir ao programa e garantir que sua negocia\u00e7\u00e3o seja realizada com sucesso. Resumo dos documentos necess\u00e1rios para formaliza\u00e7\u00e3o do acordo: Pessoa F\u00edsica Em caso de Pessoa [&hellip;]<\/p>\n","protected":false},"author":2,"featured_media":64,"parent":0,"menu_order":0,"comment_status":"closed","ping_status":"closed","template":"","meta":{"footnotes":""},"class_list":["post-63","page","type-page","status-publish","has-post-thumbnail","hentry"],"_links":{"self":[{"href":"https:\/\/portais.santoandre.sp.gov.br\/renegocia2025\/wp-json\/wp\/v2\/pages\/63","targetHints":{"allow":["GET"]}}],"collection":[{"href":"https:\/\/portais.santoandre.sp.gov.br\/renegocia2025\/wp-json\/wp\/v2\/pages"}],"about":[{"href":"https:\/\/portais.santoandre.sp.gov.br\/renegocia2025\/wp-json\/wp\/v2\/types\/page"}],"author":[{"embeddable":true,"href":"https:\/\/portais.santoandre.sp.gov.br\/renegocia2025\/wp-json\/wp\/v2\/users\/2"}],"replies":[{"embeddable":true,"href":"https:\/\/portais.santoandre.sp.gov.br\/renegocia2025\/wp-json\/wp\/v2\/comments?post=63"}],"version-history":[{"count":3,"href":"https:\/\/portais.santoandre.sp.gov.br\/renegocia2025\/wp-json\/wp\/v2\/pages\/63\/revisions"}],"predecessor-version":[{"id":70,"href":"https:\/\/portais.santoandre.sp.gov.br\/renegocia2025\/wp-json\/wp\/v2\/pages\/63\/revisions\/70"}],"wp:featuredmedia":[{"embeddable":true,"href":"https:\/\/portais.santoandre.sp.gov.br\/renegocia2025\/wp-json\/wp\/v2\/media\/64"}],"wp:attachment":[{"href":"https:\/\/portais.santoandre.sp.gov.br\/renegocia2025\/wp-json\/wp\/v2\/media?parent=63"}],"curies":[{"name":"wp","href":"https:\/\/api.w.org\/{rel}","templated":true}]}}