{"id":49,"date":"2025-07-01T11:17:41","date_gmt":"2025-07-01T14:17:41","guid":{"rendered":"https:\/\/portais.santoandre.sp.gov.br\/renegocia2025\/?page_id=49"},"modified":"2025-07-01T11:19:45","modified_gmt":"2025-07-01T14:19:45","slug":"lei-no-10-855-2025-e-decreto-18-436-2025","status":"publish","type":"page","link":"https:\/\/portais.santoandre.sp.gov.br\/renegocia2025\/lei-no-10-855-2025-e-decreto-18-436-2025\/","title":{"rendered":"Lei n\u00ba 10.855\/2025 e Decreto 18.436\/2025"},"content":{"rendered":"\n<p>Para voc\u00ea saber detalhadamente sobre as regras, condi\u00e7\u00f5es e benef\u00edcios do Renegocia 2025, <strong>disponibilizamos abaixo a \u00edntegra da Lei e do Decreto que regulamentam<\/strong> <strong>o programa<\/strong> de regulariza\u00e7\u00e3o de d\u00e9bitos municipais da Prefeitura de Santo Andr\u00e9. <\/p>\n\n\n\n<div class=\"wp-block-stackable-button-group stk-block-button-group stk-block stk-70edc0f\" data-block-id=\"70edc0f\"><div class=\"stk-row stk-inner-blocks stk-block-content stk-button-group\">\n<div class=\"wp-block-stackable-button stk-block-button stk-block stk-7bef8cf\" data-block-id=\"7bef8cf\"><style>.stk-7bef8cf , .stk-7bef8cf .stk-button{width:100% !important;}.stk-7bef8cf {flex:1 0 var(--stk-button-group-flex-wrap, 0) !important;}.stk-7bef8cf .stk-button{background:#86bc26 !important;}<\/style><a class=\"stk-link stk-button stk--hover-effect-darken\" href=\"http:\/\/www4.cmsandre.sp.gov.br:9000\/links?numero=10855&amp;ano=&amp;tipo=LEI_ORDINARIA&amp;ancora=\"><span class=\"stk-button__inner-text\">Lei <strong>n\u00ba 10.855\/2025<\/strong><\/span><\/a><\/div>\n\n\n\n<div class=\"wp-block-stackable-button stk-block-button stk-block stk-f426c32\" data-block-id=\"f426c32\"><style>.stk-f426c32 , .stk-f426c32 .stk-button{width:100% !important;}.stk-f426c32 {flex:1 0 var(--stk-button-group-flex-wrap, 0) !important;}.stk-f426c32 .stk-button{background:#86bc26 !important;}<\/style><a class=\"stk-link stk-button stk--hover-effect-darken\" href=\"http:\/\/www4.cmsandre.sp.gov.br:9000\/normas\/31294\"><span class=\"stk-button__inner-text\"><strong>Decreto 18.436\/2025<\/strong><\/span><\/a><\/div>\n<\/div><\/div>\n\n\n\n<div style=\"height:100px\" aria-hidden=\"true\" class=\"wp-block-spacer\"><\/div>\n\n\n\n<p><\/p>\n","protected":false},"excerpt":{"rendered":"<p>Para voc\u00ea saber detalhadamente sobre as regras, condi\u00e7\u00f5es e benef\u00edcios do Renegocia 2025, disponibilizamos abaixo a \u00edntegra da Lei e do Decreto que regulamentam o programa de regulariza\u00e7\u00e3o de d\u00e9bitos municipais da Prefeitura de Santo Andr\u00e9. Lei n\u00ba 10.855\/2025 Decreto 18.436\/2025<\/p>\n","protected":false},"author":2,"featured_media":53,"parent":0,"menu_order":0,"comment_status":"closed","ping_status":"closed","template":"","meta":{"footnotes":""},"class_list":["post-49","page","type-page","status-publish","has-post-thumbnail","hentry"],"_links":{"self":[{"href":"https:\/\/portais.santoandre.sp.gov.br\/renegocia2025\/wp-json\/wp\/v2\/pages\/49","targetHints":{"allow":["GET"]}}],"collection":[{"href":"https:\/\/portais.santoandre.sp.gov.br\/renegocia2025\/wp-json\/wp\/v2\/pages"}],"about":[{"href":"https:\/\/portais.santoandre.sp.gov.br\/renegocia2025\/wp-json\/wp\/v2\/types\/page"}],"author":[{"embeddable":true,"href":"https:\/\/portais.santoandre.sp.gov.br\/renegocia2025\/wp-json\/wp\/v2\/users\/2"}],"replies":[{"embeddable":true,"href":"https:\/\/portais.santoandre.sp.gov.br\/renegocia2025\/wp-json\/wp\/v2\/comments?post=49"}],"version-history":[{"count":3,"href":"https:\/\/portais.santoandre.sp.gov.br\/renegocia2025\/wp-json\/wp\/v2\/pages\/49\/revisions"}],"predecessor-version":[{"id":54,"href":"https:\/\/portais.santoandre.sp.gov.br\/renegocia2025\/wp-json\/wp\/v2\/pages\/49\/revisions\/54"}],"wp:featuredmedia":[{"embeddable":true,"href":"https:\/\/portais.santoandre.sp.gov.br\/renegocia2025\/wp-json\/wp\/v2\/media\/53"}],"wp:attachment":[{"href":"https:\/\/portais.santoandre.sp.gov.br\/renegocia2025\/wp-json\/wp\/v2\/media?parent=49"}],"curies":[{"name":"wp","href":"https:\/\/api.w.org\/{rel}","templated":true}]}}