{"id":2,"date":"2025-06-27T16:16:32","date_gmt":"2025-06-27T19:16:32","guid":{"rendered":"https:\/\/portais.santoandre.sp.gov.br\/renegocia2025\/?page_id=2"},"modified":"2025-07-01T11:05:55","modified_gmt":"2025-07-01T14:05:55","slug":"pagina-exemplo","status":"publish","type":"page","link":"https:\/\/portais.santoandre.sp.gov.br\/renegocia2025\/pagina-exemplo\/","title":{"rendered":"Quem pode aderir?"},"content":{"rendered":"\n<p>O <strong>Renegocia 2025<\/strong> \u00e9 um programa da Prefeitura de Santo Andr\u00e9 que ajuda voc\u00ea a regularizar suas d\u00edvidas municipais com descontos especiais e possibilidade de parcelamento. Para aderir ao programa, \u00e9 preciso aderir \u00e0s regras estabelecidas. Abaixo, confira as condi\u00e7\u00f5es para participar:<\/p>\n\n\n\n<p><\/p>\n\n\n\n<div class=\"wp-block-stackable-heading stk-block-heading stk-block-heading--v2 stk-block stk-1741bd0\" id=\"\u2705-strong-span-style-color-86-bc-26-class-stk-highlight-voce-pode-participar-se-span-strong\" data-block-id=\"1741bd0\"><h2 class=\"stk-block-heading__text\">\u2705 <strong><span style=\"color: #86bc26\" class=\"stk-highlight\">Voc\u00ea pode participar se:<\/span><\/strong><\/h2><\/div>\n\n\n\n<ul class=\"wp-block-list\">\n<li>Est\u00e1 com os tributos de 2025 em dia<\/li>\n\n\n\n<li>Tem d\u00e9bitos anteriores a 2025 em aberto<\/li>\n\n\n\n<li>\u00c9 o titular da d\u00edvida, procurador com autoriza\u00e7\u00e3o ou herdeiro\/inventariante (em caso de falecimento do titular)<\/li>\n\n\n\n<li>Deseja pagar \u00e0 vista (com maior desconto) ou parcelar o valor da d\u00edvida<\/li>\n\n\n\n<li>Se voc\u00ea tem parcelamentos ativos e em dia, pode migrar para o Renegocia. Mas, aten\u00e7\u00e3o: confira as regras antes de aderir.<\/li>\n<\/ul>\n\n\n\n<hr class=\"wp-block-separator has-alpha-channel-opacity is-style-dots\" \/>\n\n\n\n<div class=\"wp-block-stackable-heading stk-block-heading stk-block-heading--v2 stk-block stk-00d9385\" id=\"\u274c-strong-span-style-color-cf-2-e-2-e-class-stk-highlight-este-programa-nao-se-aplica-a-span-strong\" data-block-id=\"00d9385\"><h2 class=\"stk-block-heading__text\">\u274c <strong><span style=\"color: #cf2e2e\" class=\"stk-highlight\">Este programa n\u00e3o se aplica a:<\/span><\/strong><\/h2><\/div>\n\n\n\n<ul class=\"wp-block-list\">\n<li>D\u00e9bitos referentes ao ano de 2025 como IPTU ou ISS deste ano<\/li>\n\n\n\n<li>Multas de tr\u00e2nsito ou de natureza contratual<\/li>\n\n\n\n<li>D\u00edvidas com outras institui\u00e7\u00f5es (ex. Sabesp, Enel, bancos ou contas de celular)<\/li>\n<\/ul>\n\n\n\n<hr class=\"wp-block-separator has-alpha-channel-opacity is-style-dots\" \/>\n\n\n\n<figure class=\"wp-block-image size-large\"><a href=\"https:\/\/www.santoandre.sp.gov.br\/PortalServico\/SIA\/Informacao\/frmGuiaServico.aspx?Id=1238\"><img fetchpriority=\"high\" decoding=\"async\" width=\"1024\" height=\"341\" src=\"https:\/\/portais.santoandre.sp.gov.br\/renegocia2025\/wp-content\/uploads\/sites\/36\/2025\/07\/clique-adeir-1024x341.png\" alt=\"\" class=\"wp-image-24\" srcset=\"https:\/\/portais.santoandre.sp.gov.br\/renegocia2025\/wp-content\/uploads\/sites\/36\/2025\/07\/clique-adeir-1024x341.png 1024w, https:\/\/portais.santoandre.sp.gov.br\/renegocia2025\/wp-content\/uploads\/sites\/36\/2025\/07\/clique-adeir-300x100.png 300w, https:\/\/portais.santoandre.sp.gov.br\/renegocia2025\/wp-content\/uploads\/sites\/36\/2025\/07\/clique-adeir-768x256.png 768w, https:\/\/portais.santoandre.sp.gov.br\/renegocia2025\/wp-content\/uploads\/sites\/36\/2025\/07\/clique-adeir.png 1200w\" sizes=\"(max-width: 1024px) 100vw, 1024px\" \/><\/a><\/figure>\n\n\n\n<div style=\"height:100px\" aria-hidden=\"true\" class=\"wp-block-spacer\"><\/div>\n","protected":false},"excerpt":{"rendered":"<p>O Renegocia 2025 \u00e9 um programa da Prefeitura de Santo Andr\u00e9 que ajuda voc\u00ea a regularizar suas d\u00edvidas municipais com descontos especiais e possibilidade de parcelamento. Para aderir ao programa, \u00e9 preciso aderir \u00e0s regras estabelecidas. Abaixo, confira as condi\u00e7\u00f5es para participar: \u2705 Voc\u00ea pode participar se: \u274c Este programa n\u00e3o se aplica a:<\/p>\n","protected":false},"author":2,"featured_media":30,"parent":0,"menu_order":0,"comment_status":"closed","ping_status":"open","template":"","meta":{"footnotes":""},"class_list":["post-2","page","type-page","status-publish","has-post-thumbnail","hentry"],"_links":{"self":[{"href":"https:\/\/portais.santoandre.sp.gov.br\/renegocia2025\/wp-json\/wp\/v2\/pages\/2","targetHints":{"allow":["GET"]}}],"collection":[{"href":"https:\/\/portais.santoandre.sp.gov.br\/renegocia2025\/wp-json\/wp\/v2\/pages"}],"about":[{"href":"https:\/\/portais.santoandre.sp.gov.br\/renegocia2025\/wp-json\/wp\/v2\/types\/page"}],"author":[{"embeddable":true,"href":"https:\/\/portais.santoandre.sp.gov.br\/renegocia2025\/wp-json\/wp\/v2\/users\/2"}],"replies":[{"embeddable":true,"href":"https:\/\/portais.santoandre.sp.gov.br\/renegocia2025\/wp-json\/wp\/v2\/comments?post=2"}],"version-history":[{"count":2,"href":"https:\/\/portais.santoandre.sp.gov.br\/renegocia2025\/wp-json\/wp\/v2\/pages\/2\/revisions"}],"predecessor-version":[{"id":48,"href":"https:\/\/portais.santoandre.sp.gov.br\/renegocia2025\/wp-json\/wp\/v2\/pages\/2\/revisions\/48"}],"wp:featuredmedia":[{"embeddable":true,"href":"https:\/\/portais.santoandre.sp.gov.br\/renegocia2025\/wp-json\/wp\/v2\/media\/30"}],"wp:attachment":[{"href":"https:\/\/portais.santoandre.sp.gov.br\/renegocia2025\/wp-json\/wp\/v2\/media?parent=2"}],"curies":[{"name":"wp","href":"https:\/\/api.w.org\/{rel}","templated":true}]}}