{"id":883,"date":"2023-11-06T16:33:39","date_gmt":"2023-11-06T19:33:39","guid":{"rendered":"https:\/\/portais.santoandre.sp.gov.br\/procon\/?page_id=883"},"modified":"2023-11-06T16:33:39","modified_gmt":"2023-11-06T19:33:39","slug":"produto","status":"publish","type":"page","link":"https:\/\/portais.santoandre.sp.gov.br\/procon\/produto\/","title":{"rendered":"Produto"},"content":{"rendered":"\n<p>\u00c9 qualquer bem, m\u00f3vel ou im\u00f3vel, material ou imaterial.&nbsp;<\/p>\n","protected":false},"excerpt":{"rendered":"<p>\u00c9 qualquer bem, m\u00f3vel ou im\u00f3vel, material ou imaterial.&nbsp;<\/p>\n","protected":false},"author":2,"featured_media":649,"parent":0,"menu_order":0,"comment_status":"closed","ping_status":"closed","template":"","meta":{"footnotes":""},"class_list":["post-883","page","type-page","status-publish","has-post-thumbnail","hentry"],"_links":{"self":[{"href":"https:\/\/portais.santoandre.sp.gov.br\/procon\/wp-json\/wp\/v2\/pages\/883","targetHints":{"allow":["GET"]}}],"collection":[{"href":"https:\/\/portais.santoandre.sp.gov.br\/procon\/wp-json\/wp\/v2\/pages"}],"about":[{"href":"https:\/\/portais.santoandre.sp.gov.br\/procon\/wp-json\/wp\/v2\/types\/page"}],"author":[{"embeddable":true,"href":"https:\/\/portais.santoandre.sp.gov.br\/procon\/wp-json\/wp\/v2\/users\/2"}],"replies":[{"embeddable":true,"href":"https:\/\/portais.santoandre.sp.gov.br\/procon\/wp-json\/wp\/v2\/comments?post=883"}],"version-history":[{"count":1,"href":"https:\/\/portais.santoandre.sp.gov.br\/procon\/wp-json\/wp\/v2\/pages\/883\/revisions"}],"predecessor-version":[{"id":884,"href":"https:\/\/portais.santoandre.sp.gov.br\/procon\/wp-json\/wp\/v2\/pages\/883\/revisions\/884"}],"wp:featuredmedia":[{"embeddable":true,"href":"https:\/\/portais.santoandre.sp.gov.br\/procon\/wp-json\/wp\/v2\/media\/649"}],"wp:attachment":[{"href":"https:\/\/portais.santoandre.sp.gov.br\/procon\/wp-json\/wp\/v2\/media?parent=883"}],"curies":[{"name":"wp","href":"https:\/\/api.w.org\/{rel}","templated":true}]}}