{"id":881,"date":"2023-11-06T16:33:24","date_gmt":"2023-11-06T19:33:24","guid":{"rendered":"https:\/\/portais.santoandre.sp.gov.br\/procon\/?page_id=881"},"modified":"2023-11-06T16:33:24","modified_gmt":"2023-11-06T19:33:24","slug":"servico","status":"publish","type":"page","link":"https:\/\/portais.santoandre.sp.gov.br\/procon\/servico\/","title":{"rendered":"Servi\u00e7o"},"content":{"rendered":"\n<p>\u00c9 qualquer atividade fornecida no mercado de consumo mediante remunera\u00e7\u00e3o, inclusive as de natureza banc\u00e1ria, financeira, de cr\u00e9dito e securit\u00e1ria, salvo as decorrentes das rela\u00e7\u00f5es de car\u00e1ter trabalhista.&nbsp;<\/p>\n","protected":false},"excerpt":{"rendered":"<p>\u00c9 qualquer atividade fornecida no mercado de consumo mediante remunera\u00e7\u00e3o, inclusive as de natureza banc\u00e1ria, financeira, de cr\u00e9dito e securit\u00e1ria, salvo as decorrentes das rela\u00e7\u00f5es de car\u00e1ter trabalhista.&nbsp;<\/p>\n","protected":false},"author":2,"featured_media":648,"parent":0,"menu_order":0,"comment_status":"closed","ping_status":"closed","template":"","meta":{"footnotes":""},"class_list":["post-881","page","type-page","status-publish","has-post-thumbnail","hentry"],"_links":{"self":[{"href":"https:\/\/portais.santoandre.sp.gov.br\/procon\/wp-json\/wp\/v2\/pages\/881","targetHints":{"allow":["GET"]}}],"collection":[{"href":"https:\/\/portais.santoandre.sp.gov.br\/procon\/wp-json\/wp\/v2\/pages"}],"about":[{"href":"https:\/\/portais.santoandre.sp.gov.br\/procon\/wp-json\/wp\/v2\/types\/page"}],"author":[{"embeddable":true,"href":"https:\/\/portais.santoandre.sp.gov.br\/procon\/wp-json\/wp\/v2\/users\/2"}],"replies":[{"embeddable":true,"href":"https:\/\/portais.santoandre.sp.gov.br\/procon\/wp-json\/wp\/v2\/comments?post=881"}],"version-history":[{"count":1,"href":"https:\/\/portais.santoandre.sp.gov.br\/procon\/wp-json\/wp\/v2\/pages\/881\/revisions"}],"predecessor-version":[{"id":882,"href":"https:\/\/portais.santoandre.sp.gov.br\/procon\/wp-json\/wp\/v2\/pages\/881\/revisions\/882"}],"wp:featuredmedia":[{"embeddable":true,"href":"https:\/\/portais.santoandre.sp.gov.br\/procon\/wp-json\/wp\/v2\/media\/648"}],"wp:attachment":[{"href":"https:\/\/portais.santoandre.sp.gov.br\/procon\/wp-json\/wp\/v2\/media?parent=881"}],"curies":[{"name":"wp","href":"https:\/\/api.w.org\/{rel}","templated":true}]}}