{"id":603,"date":"2022-10-24T16:24:00","date_gmt":"2022-10-24T19:24:00","guid":{"rendered":"https:\/\/portais.santoandre.sp.gov.br\/procon\/?page_id=603"},"modified":"2023-11-06T16:47:18","modified_gmt":"2023-11-06T19:47:18","slug":"sobre","status":"publish","type":"page","link":"https:\/\/portais.santoandre.sp.gov.br\/procon\/sobre\/","title":{"rendered":"Sobre o Procon"},"content":{"rendered":"\n<figure class=\"wp-block-image size-full\"><img fetchpriority=\"high\" decoding=\"async\" width=\"980\" height=\"368\" src=\"https:\/\/portais.santoandre.sp.gov.br\/procon\/wp-content\/uploads\/sites\/5\/2023\/11\/banners-procon-2.jpg\" alt=\"\" class=\"wp-image-890\" srcset=\"https:\/\/portais.santoandre.sp.gov.br\/procon\/wp-content\/uploads\/sites\/5\/2023\/11\/banners-procon-2.jpg 980w, https:\/\/portais.santoandre.sp.gov.br\/procon\/wp-content\/uploads\/sites\/5\/2023\/11\/banners-procon-2-300x113.jpg 300w, https:\/\/portais.santoandre.sp.gov.br\/procon\/wp-content\/uploads\/sites\/5\/2023\/11\/banners-procon-2-768x288.jpg 768w\" sizes=\"(max-width: 980px) 100vw, 980px\" \/><\/figure>\n\n\n\n<div style=\"height:48px\" aria-hidden=\"true\" class=\"wp-block-spacer\"><\/div>\n\n\n\n<h2 class=\"wp-block-heading\"><span style=\"color: #405fe2;\" class=\"stk-highlight\">Procon Santo Andr\u00e9 foi criado em 1991<\/span><\/h2>\n\n\n\n<p><\/p>\n\n\n\n<div class=\"wp-block-stackable-text stk-block-text stk-block stk-2c0a2a4\" data-block-id=\"2c0a2a4\"><p class=\"stk-block-text__text has-text-align-justify\"><strong>O Procon Municipal de Santo Andr\u00e9 foi criado por meio do Decreto n\u00ba 12.654 de 16 de janeiro de 1991<\/strong>,\u00a0 o \u00f3rg\u00e3o \u00e9 vinculado \u00e0 Secretaria de Assuntos Jur\u00eddicos e conveniado \u00e0 Funda\u00e7\u00e3o Procon-SP,\u00a0 e\u00a0\u00a0tem como miss\u00e3o principal equilibrar e harmonizar as rela\u00e7\u00f5es entre consumidores e fornecedores.\u00a0<\/p><\/div>\n\n\n\n<div class=\"wp-block-stackable-text stk-block-text stk-block stk-25786cd\" data-block-id=\"25786cd\"><p class=\"stk-block-text__text has-text-align-justify\">Nossa miss\u00e3o \u00e9 proporcionar conte\u00fados e a\u00e7\u00f5es para o perfeito equil\u00edbrio das rela\u00e7\u00f5es, al\u00e9m de elaborar e executar a pol\u00edtica de prote\u00e7\u00e3o e defesa dos consumidores.&nbsp;<\/p><\/div>\n\n\n\n<div class=\"wp-block-group\"><div class=\"wp-block-group__inner-container is-layout-constrained wp-block-group-is-layout-constrained\">\n<div style=\"height:34px\" aria-hidden=\"true\" class=\"wp-block-spacer\"><\/div>\n\n\n\n<details class=\"wp-block-stackable-accordion stk-block-accordion stk-inner-blocks stk-block-content stk--is-open stk-block stk-532f969 is-style-default\" open data-block-id=\"532f969\">\n<summary class=\"wp-block-stackable-column stk-block-column stk-column stk-block stk-f55c041 stk--container-small stk-block-accordion__heading\" data-v=\"4\" data-block-id=\"f55c041\"><div class=\"stk-column-wrapper stk-block-column__content stk-container stk-f55c041-container stk-hover-parent\"><div class=\"stk-block-content stk-inner-blocks stk-f55c041-inner-blocks\">\n<div class=\"wp-block-stackable-icon-label stk-block-icon-label stk-block stk-3722e7d\" data-block-id=\"3722e7d\"><div class=\"stk-row stk-inner-blocks stk-block-content\">\n<div class=\"wp-block-stackable-heading stk-block-heading stk-block-heading--v2 stk-block stk-78468be\" id=\"span-style-color-405-fe-2-class-stk-highlight-nossa-atuacao-span\" data-block-id=\"78468be\"><h3 class=\"stk-block-heading__text\"><span style=\"color: #405fe2;\" class=\"stk-highlight\">Nossa atua\u00e7\u00e3o:<\/span><\/h3><\/div>\n\n\n\n<div class=\"wp-block-stackable-icon stk-block-icon stk-block stk-a8ff126\" data-block-id=\"a8ff126\"><span class=\"stk--svg-wrapper\"><div class=\"stk--inner-svg\"><svg style=\"height:0;width:0\"><defs><linearGradient id=\"linear-gradient-a8ff126\" x1=\"0\" x2=\"100%\" y1=\"0\" y2=\"0\"><stop offset=\"0%\" style=\"stop-opacity:1;stop-color:var(--linear-gradient-a-8-ff-126-color-1)\"><\/stop><stop offset=\"100%\" style=\"stop-opacity:1;stop-color:var(--linear-gradient-a-8-ff-126-color-2)\"><\/stop><\/linearGradient><\/defs><\/svg><svg data-prefix=\"fas\" data-icon=\"chevron-down\" class=\"svg-inline--fa fa-chevron-down fa-w-14\" xmlns=\"http:\/\/www.w3.org\/2000\/svg\" viewBox=\"0 0 448 512\" aria-hidden=\"true\" width=\"32\" height=\"32\"><path fill=\"currentColor\" d=\"M207.029 381.476L12.686 187.132c-9.373-9.373-9.373-24.569 0-33.941l22.667-22.667c9.357-9.357 24.522-9.375 33.901-.04L224 284.505l154.745-154.021c9.379-9.335 24.544-9.317 33.901.04l22.667 22.667c9.373 9.373 9.373 24.569 0 33.941L240.971 381.476c-9.373 9.372-24.569 9.372-33.942 0z\"><\/path><\/svg><\/div><\/span><\/div>\n<\/div><\/div>\n<\/div><\/div><\/summary>\n\n\n\n<div class=\"wp-block-stackable-column stk-block-column stk-column stk-block stk-d0f1399 stk-block-accordion__content\" data-v=\"4\" data-block-id=\"d0f1399\"><div class=\"stk-column-wrapper stk-block-column__content stk-container stk-d0f1399-container stk--no-background stk--no-padding\"><div class=\"stk-block-content stk-inner-blocks stk-d0f1399-inner-blocks\">\n<ul class=\"wp-block-list\">\n<li>Educa\u00e7\u00e3o para o consumo;<br><\/li>\n\n\n\n<li>Recebimento e processamento de reclama\u00e7\u00f5es administrativas, individuais e coletivas, contra fornecedores de bens ou servi\u00e7os;<br><\/li>\n\n\n\n<li>Orienta\u00e7\u00e3o aos consumidores e fornecedores acerca de seus direitos e obriga\u00e7\u00f5es nas rela\u00e7\u00f5es de consumo;<br><\/li>\n\n\n\n<li>Fiscaliza\u00e7\u00e3o do mercado consumidor para fazer cumprir as determina\u00e7\u00f5es da legisla\u00e7\u00e3o de defesa do consumidor;<\/li>\n<\/ul>\n<\/div><\/div><\/div>\n<\/details>\n<\/div><\/div>\n\n\n\n<div style=\"height:100px\" aria-hidden=\"true\" class=\"wp-block-spacer\"><\/div>\n","protected":false},"excerpt":{"rendered":"<p>Procon Santo Andr\u00e9 foi criado em 1991 O Procon Municipal de Santo Andr\u00e9 foi criado por meio do Decreto n\u00ba 12.654 de 16 de janeiro de 1991,\u00a0 o \u00f3rg\u00e3o \u00e9 vinculado \u00e0 Secretaria de Assuntos Jur\u00eddicos e conveniado \u00e0 Funda\u00e7\u00e3o Procon-SP,\u00a0 e\u00a0\u00a0tem como miss\u00e3o principal equilibrar e harmonizar as rela\u00e7\u00f5es entre consumidores e fornecedores.\u00a0 Nossa [&hellip;]<\/p>\n","protected":false},"author":2,"featured_media":0,"parent":0,"menu_order":0,"comment_status":"closed","ping_status":"closed","template":"","meta":{"footnotes":""},"class_list":["post-603","page","type-page","status-publish","hentry"],"_links":{"self":[{"href":"https:\/\/portais.santoandre.sp.gov.br\/procon\/wp-json\/wp\/v2\/pages\/603","targetHints":{"allow":["GET"]}}],"collection":[{"href":"https:\/\/portais.santoandre.sp.gov.br\/procon\/wp-json\/wp\/v2\/pages"}],"about":[{"href":"https:\/\/portais.santoandre.sp.gov.br\/procon\/wp-json\/wp\/v2\/types\/page"}],"author":[{"embeddable":true,"href":"https:\/\/portais.santoandre.sp.gov.br\/procon\/wp-json\/wp\/v2\/users\/2"}],"replies":[{"embeddable":true,"href":"https:\/\/portais.santoandre.sp.gov.br\/procon\/wp-json\/wp\/v2\/comments?post=603"}],"version-history":[{"count":34,"href":"https:\/\/portais.santoandre.sp.gov.br\/procon\/wp-json\/wp\/v2\/pages\/603\/revisions"}],"predecessor-version":[{"id":893,"href":"https:\/\/portais.santoandre.sp.gov.br\/procon\/wp-json\/wp\/v2\/pages\/603\/revisions\/893"}],"wp:attachment":[{"href":"https:\/\/portais.santoandre.sp.gov.br\/procon\/wp-json\/wp\/v2\/media?parent=603"}],"curies":[{"name":"wp","href":"https:\/\/api.w.org\/{rel}","templated":true}]}}