{"id":51,"date":"2025-09-18T16:22:52","date_gmt":"2025-09-18T19:22:52","guid":{"rendered":"https:\/\/portais.santoandre.sp.gov.br\/pessoacomdeficiencia\/?page_id=51"},"modified":"2025-10-14T15:07:40","modified_gmt":"2025-10-14T18:07:40","slug":"legislacao","status":"publish","type":"page","link":"https:\/\/portais.santoandre.sp.gov.br\/pessoacomdeficiencia\/legislacao\/","title":{"rendered":"Legisla\u00e7\u00e3o"},"content":{"rendered":"\t\t<div data-elementor-type=\"wp-page\" data-elementor-id=\"51\" class=\"elementor elementor-51\" data-elementor-post-type=\"page\">\n\t\t\t\t<div class=\"elementor-element elementor-element-49e0f015 e-flex e-con-boxed e-con e-parent\" data-id=\"49e0f015\" data-element_type=\"container\" data-e-type=\"container\">\n\t\t\t\t\t<div class=\"e-con-inner\">\n\t\t\t\t<div class=\"elementor-element elementor-element-6ce8aea6 elementor-widget elementor-widget-text-editor\" data-id=\"6ce8aea6\" data-element_type=\"widget\" data-e-type=\"widget\" data-widget_type=\"text-editor.default\">\n\t\t\t\t\t\t\t\t\t\t\t\t\t\t\t\t\t<\/div>\n\t\t\t\t<div class=\"elementor-element elementor-element-9e33613 elementor-widget elementor-widget-text-editor\" data-id=\"9e33613\" data-element_type=\"widget\" data-e-type=\"widget\" data-widget_type=\"text-editor.default\">\n\t\t\t\t\t\t\t\t\t<p class=\"p1\"><strong>Emenda Constitucional<\/strong><\/p>\n<p class=\"p2\"><span style=\"color: #ff6600\">CONVEN\u00c7\u00c3O SOBRE OS DIREITOS DAS PESSOAS COM DEFICI\u00caNCIA DE 30 DE MAR\u00c7O DE 2007 <\/span><span class=\"s1\"><span style=\"color: #ff6600\">&#8211;<\/span> incorporada \u00e0 legisla\u00e7\u00e3o brasileira em 2008.<\/span><\/p>\n<p class=\"p1\"><strong>Leis Federais<\/strong><\/p>\n<p class=\"p1\"><span class=\"s2\" style=\"color: #ff6600\">LEI N\u00ba 14.154, DE 26 DE MAIO DE 2021 <\/span>&#8211; Altera a Lei n\u00ba 8.069, de 13 de julho de 1990 (Estatuto da Crian\u00e7a e do Adolescente), para aperfei\u00e7oar o Programa Nacional de Triagem Neonatal (PNTN), por meio do estabelecimento de rol m\u00ednimo de doen\u00e7as a serem rastreadas pelo teste do pezinho; e d\u00e1 outras provid\u00eancias.<\/p>\n<p class=\"p1\"><span class=\"s2\" style=\"color: #ff6600\">LEI N\u00ba 13.146, DE 6 DE JULHO DE 2015<\/span>&#8211; Institui a Lei Brasileira de Inclus\u00e3o da Pessoa com Defici\u00eancia (Estatuto da Pessoa com Defici\u00eancia) que destina assegurar e promover, em condi\u00e7\u00f5es de igualdade, o exerc\u00edcio dos direitos e das liberdades fundamentais por pessoa com defici\u00eancia, visando \u00e0 sua inclus\u00e3o social e cidadania.<\/p>\n<p class=\"p1\"><span class=\"s2\"><span style=\"color: #ff6600\">LEI N\u00ba 12.764, DE 27 DE DEZEMBRO DE 2012<\/span> <\/span>&#8211; Institui a Pol\u00edtica Nacional de Prote\u00e7\u00e3o dos Direitos da Pessoa com Transtorno do Espectro Autista; e altera o \u00a7 3o do art. 98 da Lei no 8.112, de 11 de dezembro de 1990.<\/p>\n<p class=\"p1\"><span class=\"s2\" style=\"color: #ff6600\">LEI N\u00ba 11.982, DE 16 DE JULHO DE 2009<\/span>. &#8211; Acrescenta par\u00e1grafo \u00fanico ao art. 4o da Lei no 10.098, de 19 de dezembro de 2000, para determinar a adapta\u00e7\u00e3o de parte dos brinquedos e equipamentos dos parques de divers\u00f5es \u00e0s necessidades das pessoas com defici\u00eancia ou com mobilidade reduzida.<\/p>\n<p class=\"p1\"><span class=\"s2\" style=\"color: #ff6600\">LEI N\u00ba 10.436, DE 24 DE ABRIL DE 2002 <\/span>&#8211; Disp\u00f5e sobre a L\u00edngua Brasileira de Sinais &#8211; Libras e d\u00e1 outras provid\u00eancias.<\/p>\n<p class=\"p1\"><span class=\"s2\" style=\"color: #ff6600\">LEI N\u00ba 8.213, DE 24 DE JULHO DE 1991<\/span>&#8211; Disp\u00f5e sobre os Planos de Benef\u00edcios da Previd\u00eancia Social e d\u00e1 outras provid\u00eancias. No artigo 93 esclarece a Lei de Cotas<\/p>\n<p class=\"p1\"><strong>Decretos Federais<\/strong><\/p>\n<p class=\"p1\"><span class=\"s2\" style=\"color: #ff6600\">DECRETO N\u00ba 9.278, DE 5 DE FEVEREIRO DE 2018 <\/span>&#8211; Regulamenta a Lei n\u00ba 7.116, de 29 de agosto de 1983, que assegura validade nacional \u00e0s Carteiras de Identidade e regula sua expedi\u00e7\u00e3o.<\/p>\n<p class=\"p1\"><span class=\"s2\" style=\"color: #ff6600\">DECRETO N\u00ba 8.145, DE 03 DE DEZEMBRO DE 2013 <\/span>&#8211; Altera o Regulamento da Previd\u00eancia Social &#8211; RPS, aprovado pelo Decreto no 3.048, de 6 de maio de 1999, para dispor sobre a aposentadoria por tempo de contribui\u00e7\u00e3o e por idade da pessoa com defici\u00eancia.<\/p>\t\t\t\t\t\t\t\t<\/div>\n\t\t\t\t\t<\/div>\n\t\t\t\t<\/div>\n\t\t\t\t<\/div>\n\t\t","protected":false},"excerpt":{"rendered":"<p>Emenda Constitucional CONVEN\u00c7\u00c3O SOBRE OS DIREITOS DAS PESSOAS COM DEFICI\u00caNCIA DE 30 DE MAR\u00c7O DE 2007 &#8211; incorporada \u00e0 legisla\u00e7\u00e3o brasileira em 2008. Leis Federais LEI N\u00ba 14.154, DE 26 DE MAIO DE 2021 &#8211; Altera a Lei n\u00ba 8.069, de 13 de julho de 1990 (Estatuto da Crian\u00e7a e do Adolescente), para aperfei\u00e7oar o [&hellip;]<\/p>\n","protected":false},"author":96,"featured_media":0,"parent":0,"menu_order":0,"comment_status":"closed","ping_status":"closed","template":"","meta":{"footnotes":""},"class_list":["post-51","page","type-page","status-publish","hentry"],"_links":{"self":[{"href":"https:\/\/portais.santoandre.sp.gov.br\/pessoacomdeficiencia\/wp-json\/wp\/v2\/pages\/51","targetHints":{"allow":["GET"]}}],"collection":[{"href":"https:\/\/portais.santoandre.sp.gov.br\/pessoacomdeficiencia\/wp-json\/wp\/v2\/pages"}],"about":[{"href":"https:\/\/portais.santoandre.sp.gov.br\/pessoacomdeficiencia\/wp-json\/wp\/v2\/types\/page"}],"author":[{"embeddable":true,"href":"https:\/\/portais.santoandre.sp.gov.br\/pessoacomdeficiencia\/wp-json\/wp\/v2\/users\/96"}],"replies":[{"embeddable":true,"href":"https:\/\/portais.santoandre.sp.gov.br\/pessoacomdeficiencia\/wp-json\/wp\/v2\/comments?post=51"}],"version-history":[{"count":4,"href":"https:\/\/portais.santoandre.sp.gov.br\/pessoacomdeficiencia\/wp-json\/wp\/v2\/pages\/51\/revisions"}],"predecessor-version":[{"id":183,"href":"https:\/\/portais.santoandre.sp.gov.br\/pessoacomdeficiencia\/wp-json\/wp\/v2\/pages\/51\/revisions\/183"}],"wp:attachment":[{"href":"https:\/\/portais.santoandre.sp.gov.br\/pessoacomdeficiencia\/wp-json\/wp\/v2\/media?parent=51"}],"curies":[{"name":"wp","href":"https:\/\/api.w.org\/{rel}","templated":true}]}}