{"id":44,"date":"2025-09-18T16:22:38","date_gmt":"2025-09-18T19:22:38","guid":{"rendered":"https:\/\/portais.santoandre.sp.gov.br\/pessoacomdeficiencia\/?page_id=44"},"modified":"2025-10-14T14:50:06","modified_gmt":"2025-10-14T17:50:06","slug":"crpd","status":"publish","type":"page","link":"https:\/\/portais.santoandre.sp.gov.br\/pessoacomdeficiencia\/crpd\/","title":{"rendered":"CRPD &#8211; Centro de Refer\u00eancia da Pessoa com Defici\u00eancia"},"content":{"rendered":"\t\t<div data-elementor-type=\"wp-page\" data-elementor-id=\"44\" class=\"elementor elementor-44\" data-elementor-post-type=\"page\">\n\t\t\t\t<div class=\"elementor-element elementor-element-53888c00 e-flex e-con-boxed e-con e-parent\" data-id=\"53888c00\" data-element_type=\"container\" data-e-type=\"container\">\n\t\t\t\t\t<div class=\"e-con-inner\">\n\t\t\t\t<div class=\"elementor-element elementor-element-45c52e22 elementor-widget elementor-widget-text-editor\" data-id=\"45c52e22\" data-element_type=\"widget\" data-e-type=\"widget\" data-widget_type=\"text-editor.default\">\n\t\t\t\t\t\t\t\t\t<p class=\"p1\">O Centro de Refer\u00eancia da Pessoa com Defici\u00eancia Alexandre Esteves Francisco (Xande), tamb\u00e9m conhecido como CRPD, foi inaugurado em setembro de 2023, com a miss\u00e3o de atender pessoas com defici\u00eancia e seus familiares. Sua atua\u00e7\u00e3o busca promover a inclus\u00e3o social por meio de atividades socioeducativas, culturais e esportivas, incentivando a autonomia e a participa\u00e7\u00e3o ativa dos usu\u00e1rios.<\/p>\n<p class=\"p1\">Com infraestrutura acess\u00edvel, equipe multiprofissional e metodologia participativa, o CRPD se consolidou como espa\u00e7o de inclus\u00e3o social, cultural e esportiva para as pessoas com defici\u00eancia e seus familiares, fortalecendo a autonomia dos usu\u00e1rios, ampliando redes de conviv\u00eancia e promovendo o protagonismo das fam\u00edlias. As atividades desenvolvidas t\u00eam mostrado resultados expressivos em aspectos sociais, cognitivos, motores, emocionais e de criatividade.<\/p>\n<p class=\"p1\"><strong>Oficinas socioculturais<\/strong> (para pessoas com defici\u00eancia maiores de 12 anos)<\/p>\n<p class=\"p1\">Atividade F\u00edsica<\/p>\n<p class=\"p1\">Dan\u00e7a<\/p>\n<p class=\"p1\">Teatro<\/p>\n<p class=\"p1\">Circo<\/p>\n<p class=\"p1\">Grafite<\/p>\n<p class=\"p1\">Jogos Educativos<\/p>\n<p class=\"p1\">M\u00fasica<\/p>\n<p class=\"p1\">Al\u00e9m das oficinas oferecidas, tamb\u00e9m \u00e9 ofertado aos usu\u00e1rios e familiares, atividades externas, como visitas a museus, exposi\u00e7\u00f5es, sess\u00f5es de cinema, zool\u00f3gico, parques, pe\u00e7as teatrais, entre outros. As atividades culturais t\u00eam um papel fundamental no desenvolvimento e bem-estar das pessoas com defici\u00eancia e seus familiares, e esses espa\u00e7os oferecem oportunidades \u00fanicas de aprendizado, socializa\u00e7\u00e3o e est\u00edmulo sensorial, que contribuem de maneira significativa para a inclus\u00e3o e a qualidade de vida.<\/p>\t\t\t\t\t\t\t\t<\/div>\n\t\t\t\t\t<\/div>\n\t\t\t\t<\/div>\n\t\t<div class=\"elementor-element elementor-element-ee41df1 e-flex e-con-boxed e-con e-parent\" data-id=\"ee41df1\" data-element_type=\"container\" data-e-type=\"container\">\n\t\t\t\t\t<div class=\"e-con-inner\">\n\t\t\t\t\t<\/div>\n\t\t\t\t<\/div>\n\t\t\t\t<\/div>\n\t\t","protected":false},"excerpt":{"rendered":"<p>O Centro de Refer\u00eancia da Pessoa com Defici\u00eancia Alexandre Esteves Francisco (Xande), tamb\u00e9m conhecido como CRPD, foi inaugurado em setembro de 2023, com a miss\u00e3o de atender pessoas com defici\u00eancia e seus familiares. Sua atua\u00e7\u00e3o busca promover a inclus\u00e3o social por meio de atividades socioeducativas, culturais e esportivas, incentivando a autonomia e a participa\u00e7\u00e3o ativa [&hellip;]<\/p>\n","protected":false},"author":96,"featured_media":0,"parent":0,"menu_order":0,"comment_status":"closed","ping_status":"closed","template":"","meta":{"footnotes":""},"class_list":["post-44","page","type-page","status-publish","hentry"],"_links":{"self":[{"href":"https:\/\/portais.santoandre.sp.gov.br\/pessoacomdeficiencia\/wp-json\/wp\/v2\/pages\/44","targetHints":{"allow":["GET"]}}],"collection":[{"href":"https:\/\/portais.santoandre.sp.gov.br\/pessoacomdeficiencia\/wp-json\/wp\/v2\/pages"}],"about":[{"href":"https:\/\/portais.santoandre.sp.gov.br\/pessoacomdeficiencia\/wp-json\/wp\/v2\/types\/page"}],"author":[{"embeddable":true,"href":"https:\/\/portais.santoandre.sp.gov.br\/pessoacomdeficiencia\/wp-json\/wp\/v2\/users\/96"}],"replies":[{"embeddable":true,"href":"https:\/\/portais.santoandre.sp.gov.br\/pessoacomdeficiencia\/wp-json\/wp\/v2\/comments?post=44"}],"version-history":[{"count":22,"href":"https:\/\/portais.santoandre.sp.gov.br\/pessoacomdeficiencia\/wp-json\/wp\/v2\/pages\/44\/revisions"}],"predecessor-version":[{"id":170,"href":"https:\/\/portais.santoandre.sp.gov.br\/pessoacomdeficiencia\/wp-json\/wp\/v2\/pages\/44\/revisions\/170"}],"wp:attachment":[{"href":"https:\/\/portais.santoandre.sp.gov.br\/pessoacomdeficiencia\/wp-json\/wp\/v2\/media?parent=44"}],"curies":[{"name":"wp","href":"https:\/\/api.w.org\/{rel}","templated":true}]}}