{"id":42,"date":"2025-09-18T16:21:05","date_gmt":"2025-09-18T19:21:05","guid":{"rendered":"https:\/\/portais.santoandre.sp.gov.br\/pessoacomdeficiencia\/?page_id=42"},"modified":"2026-04-02T16:28:31","modified_gmt":"2026-04-02T19:28:31","slug":"agenda","status":"publish","type":"page","link":"https:\/\/portais.santoandre.sp.gov.br\/pessoacomdeficiencia\/agenda\/","title":{"rendered":"Agenda Inclusiva"},"content":{"rendered":"\t\t<div data-elementor-type=\"wp-page\" data-elementor-id=\"42\" class=\"elementor elementor-42\" data-elementor-post-type=\"page\">\n\t\t\t\t<div class=\"elementor-element elementor-element-5b3034d e-flex e-con-boxed e-con e-parent\" data-id=\"5b3034d\" data-element_type=\"container\" data-e-type=\"container\">\n\t\t\t\t\t<div class=\"e-con-inner\">\n\t\t<div class=\"elementor-element elementor-element-07ec3c8 e-con-full e-flex e-con e-child\" data-id=\"07ec3c8\" data-element_type=\"container\" data-e-type=\"container\">\n\t\t\t\t<div class=\"elementor-element elementor-element-02a2355 elementor-widget elementor-widget-text-editor\" data-id=\"02a2355\" data-element_type=\"widget\" data-e-type=\"widget\" data-widget_type=\"text-editor.default\">\n\t\t\t\t\t\t\t\t\t<p class=\"p1\">Re\u00fane as principais datas comemorativas e de luta das pessoas com defici\u00eancia, valorizando momentos que inspiram reflex\u00e3o,visibilidade e a\u00e7\u00e3o coletiva. Mais do que marcar celebra\u00e7\u00f5es, o calend\u00e1rio destaca conquistas hist\u00f3ricas, direitos assegurados por lei e o compromisso cont\u00ednuo de Santo Andr\u00e9 com a acessibilidade, a diversidade e a participa\u00e7\u00e3o social.<\/p>\t\t\t\t\t\t\t\t<\/div>\n\t\t\t\t<\/div>\n\t\t\t\t\t<\/div>\n\t\t\t\t<\/div>\n\t\t<div class=\"elementor-element elementor-element-e651a2d e-flex e-con-boxed e-con e-parent\" data-id=\"e651a2d\" data-element_type=\"container\" data-e-type=\"container\">\n\t\t\t\t\t<div class=\"e-con-inner\">\n\t\t\t\t<div class=\"elementor-element elementor-element-86cc8ed elementor-widget-divider--view-line elementor-widget elementor-widget-divider\" data-id=\"86cc8ed\" data-element_type=\"widget\" data-e-type=\"widget\" data-widget_type=\"divider.default\">\n\t\t\t\t\t\t\t<div class=\"elementor-divider\">\n\t\t\t<span class=\"elementor-divider-separator\">\n\t\t\t\t\t\t<\/span>\n\t\t<\/div>\n\t\t\t\t\t\t<\/div>\n\t\t\t\t\t<\/div>\n\t\t\t\t<\/div>\n\t\t<div class=\"elementor-element elementor-element-92d541d e-flex e-con-boxed e-con e-parent\" data-id=\"92d541d\" data-element_type=\"container\" data-e-type=\"container\">\n\t\t\t\t\t<div class=\"e-con-inner\">\n\t\t\t\t<div class=\"elementor-element elementor-element-1b71379 elementor-widget elementor-widget-heading\" data-id=\"1b71379\" data-element_type=\"widget\" data-e-type=\"widget\" data-widget_type=\"heading.default\">\n\t\t\t\t\t<h2 class=\"elementor-heading-title elementor-size-default\">12 de abril: VIII Caminhada do Dia Mundial da Conscientiza\u00e7\u00e3o do Autismo<span style=\"font-size: 2rem\"><\/span><\/h2>\t\t\t\t<\/div>\n\t\t\t\t\t<\/div>\n\t\t\t\t<\/div>\n\t\t<div class=\"elementor-element elementor-element-5b64324 e-flex e-con-boxed e-con e-parent\" data-id=\"5b64324\" data-element_type=\"container\" data-e-type=\"container\">\n\t\t\t\t\t<div class=\"e-con-inner\">\n\t\t\t\t<div class=\"elementor-element elementor-element-a2e9f07 elementor-widget elementor-widget-image\" data-id=\"a2e9f07\" data-element_type=\"widget\" data-e-type=\"widget\" data-widget_type=\"image.default\">\n\t\t\t\t\t\t\t\t\t\t\t\t\t\t\t<img fetchpriority=\"high\" decoding=\"async\" width=\"819\" height=\"1024\" src=\"https:\/\/portais.santoandre.sp.gov.br\/pessoacomdeficiencia\/wp-content\/uploads\/sites\/39\/2026\/04\/658870971_17918424462324576_6798095858095498277_n-819x1024.jpg\" class=\"attachment-large size-large wp-image-399\" alt=\"Um cartaz colorido divulga a oitava caminhada em alus\u00e3o ao Dia Mundial de Conscientiza\u00e7\u00e3o do Autismo. No topo, h\u00e1 um fundo com formas onduladas em cores vibrantes como amarelo, rosa, roxo e azul. \u00c0 frente, aparecem dois personagens infantis em estilo desenho 3D: uma menina de pele clara, cabelos castanhos presos, usando camiseta amarela, shorts azul e t\u00eanis, sorrindo e fazendo sinal de paz com a m\u00e3o; ao lado, um menino de pele escura, cabelo crespo curto, camiseta azul, shorts branco e t\u00eanis preto, tamb\u00e9m sorrindo e com um bra\u00e7o levantado em gesto de entusiasmo. Ambos usam crach\u00e1s no pesco\u00e7o. \u00c0 direita, est\u00e1 escrito \u201c12 Abril 2026\u201d. Logo abaixo, em destaque, l\u00ea-se \u201cVIII Caminhada do Dia Mundial de Conscientiza\u00e7\u00e3o do Autismo\u201d. Em seguida, o local e hor\u00e1rios: na Rua Padre Vieira, Jardim, em frente \u00e0 Kalunga; concentra\u00e7\u00e3o \u00e0s 9h, in\u00edcio da caminhada \u00e0s 9h30 e atividades no Parque Celso Daniel das 10h \u00e0s 12h. A frase final diz \u201cAutonomia se constr\u00f3i com apoio!\u201d. Na parte inferior, aparecem informa\u00e7\u00f5es de entrada solid\u00e1ria com doa\u00e7\u00e3o de alimentos e os logotipos do Fundo Social de Solidariedade, da Prefeitura de Santo Andr\u00e9 e de uma marca comemorativa de 40 anos.\" srcset=\"https:\/\/portais.santoandre.sp.gov.br\/pessoacomdeficiencia\/wp-content\/uploads\/sites\/39\/2026\/04\/658870971_17918424462324576_6798095858095498277_n-819x1024.jpg 819w, https:\/\/portais.santoandre.sp.gov.br\/pessoacomdeficiencia\/wp-content\/uploads\/sites\/39\/2026\/04\/658870971_17918424462324576_6798095858095498277_n-240x300.jpg 240w, https:\/\/portais.santoandre.sp.gov.br\/pessoacomdeficiencia\/wp-content\/uploads\/sites\/39\/2026\/04\/658870971_17918424462324576_6798095858095498277_n-768x960.jpg 768w, https:\/\/portais.santoandre.sp.gov.br\/pessoacomdeficiencia\/wp-content\/uploads\/sites\/39\/2026\/04\/658870971_17918424462324576_6798095858095498277_n.jpg 1080w\" sizes=\"(max-width: 819px) 100vw, 819px\" \/>\t\t\t\t\t\t\t\t\t\t\t\t\t\t\t<\/div>\n\t\t\t\t\t<\/div>\n\t\t\t\t<\/div>\n\t\t<div class=\"elementor-element elementor-element-c704870 e-flex e-con-boxed e-con e-parent\" data-id=\"c704870\" data-element_type=\"container\" data-e-type=\"container\">\n\t\t\t\t\t<div class=\"e-con-inner\">\n\t\t\t\t<div class=\"elementor-element elementor-element-962f763 elementor-widget-divider--view-line elementor-widget elementor-widget-divider\" data-id=\"962f763\" data-element_type=\"widget\" data-e-type=\"widget\" data-widget_type=\"divider.default\">\n\t\t\t\t\t\t\t<div class=\"elementor-divider\">\n\t\t\t<span class=\"elementor-divider-separator\">\n\t\t\t\t\t\t<\/span>\n\t\t<\/div>\n\t\t\t\t\t\t<\/div>\n\t\t\t\t\t<\/div>\n\t\t\t\t<\/div>\n\t\t<div class=\"elementor-element elementor-element-00f4b46 e-flex e-con-boxed e-con e-parent\" data-id=\"00f4b46\" data-element_type=\"container\" data-e-type=\"container\">\n\t\t\t\t\t<div class=\"e-con-inner\">\n\t\t\t\t<div class=\"elementor-element elementor-element-76af01e elementor-widget elementor-widget-heading\" data-id=\"76af01e\" data-element_type=\"widget\" data-e-type=\"widget\" data-widget_type=\"heading.default\">\n\t\t\t\t\t<h2 class=\"elementor-heading-title elementor-size-default\">16 de abril: FesTEA - Festival de Talentos para pessoas com Transtorno do Espectro Autista (2\u00aa edi\u00e7\u00e3o)<\/h2>\t\t\t\t<\/div>\n\t\t\t\t\t<\/div>\n\t\t\t\t<\/div>\n\t\t<div class=\"elementor-element elementor-element-de613eb e-flex e-con-boxed e-con e-parent\" data-id=\"de613eb\" data-element_type=\"container\" data-e-type=\"container\">\n\t\t\t\t\t<div class=\"e-con-inner\">\n\t\t\t\t<div class=\"elementor-element elementor-element-8f21e31 elementor-widget elementor-widget-image\" data-id=\"8f21e31\" data-element_type=\"widget\" data-e-type=\"widget\" data-widget_type=\"image.default\">\n\t\t\t\t\t\t\t\t\t\t\t\t\t\t\t<img decoding=\"async\" width=\"724\" height=\"1024\" src=\"https:\/\/portais.santoandre.sp.gov.br\/pessoacomdeficiencia\/wp-content\/uploads\/sites\/39\/2026\/04\/PSA_Festea2026_Cartaz-A4_v2-2-724x1024.png\" class=\"attachment-large size-large wp-image-400\" alt=\"Um cartaz promocional anuncia a \u201c2\u00aa Festa \u2013 Festival de Talentos para pessoas com Transtorno do Espectro Autista (TEA)\u201d. O fundo \u00e9 claro com elementos geom\u00e9tricos suaves, e o t\u00edtulo aparece no topo em letras grandes e coloridas. \u00c0 direita, h\u00e1 uma frase em destaque dizendo que toda forma de arte tem espa\u00e7o ali, refor\u00e7ando a ideia de inclus\u00e3o e protagonismo. O cartaz traz duas imagens principais: \u00e0 esquerda, um jovem adulto de pele clara, barba e \u00f3culos, vestindo camiseta verde, bermuda jeans e t\u00eanis, aparece no ar em um salto, cantando em um microfone com express\u00e3o animada; \u00e0 direita, uma menina negra com cabelo crespo volumoso, camiseta azul, cal\u00e7a jeans e t\u00eanis amarelos, tamb\u00e9m salta com os bra\u00e7os levantados, sorrindo e transmitindo alegria. Na parte inferior, est\u00e3o as informa\u00e7\u00f5es do evento: acontecer\u00e1 no dia 2 de abril, uma quinta-feira, das 18h \u00e0s 21h, no sagu\u00e3o do Teatro Municipal de Santo Andr\u00e9, localizado na Pra\u00e7a IV Centen\u00e1rio, no centro. O cartaz tamb\u00e9m informa que a entrada \u00e9 solid\u00e1ria, com doa\u00e7\u00e3o de 2 kg de alimentos n\u00e3o perec\u00edveis, e exibe os logotipos do Fundo Social, da Prefeitura de Santo Andr\u00e9 e de uma marca comemorativa de 473 anos.\" srcset=\"https:\/\/portais.santoandre.sp.gov.br\/pessoacomdeficiencia\/wp-content\/uploads\/sites\/39\/2026\/04\/PSA_Festea2026_Cartaz-A4_v2-2-724x1024.png 724w, https:\/\/portais.santoandre.sp.gov.br\/pessoacomdeficiencia\/wp-content\/uploads\/sites\/39\/2026\/04\/PSA_Festea2026_Cartaz-A4_v2-2-212x300.png 212w, https:\/\/portais.santoandre.sp.gov.br\/pessoacomdeficiencia\/wp-content\/uploads\/sites\/39\/2026\/04\/PSA_Festea2026_Cartaz-A4_v2-2-768x1086.png 768w, https:\/\/portais.santoandre.sp.gov.br\/pessoacomdeficiencia\/wp-content\/uploads\/sites\/39\/2026\/04\/PSA_Festea2026_Cartaz-A4_v2-2-1086x1536.png 1086w, https:\/\/portais.santoandre.sp.gov.br\/pessoacomdeficiencia\/wp-content\/uploads\/sites\/39\/2026\/04\/PSA_Festea2026_Cartaz-A4_v2-2-1448x2048.png 1448w, https:\/\/portais.santoandre.sp.gov.br\/pessoacomdeficiencia\/wp-content\/uploads\/sites\/39\/2026\/04\/PSA_Festea2026_Cartaz-A4_v2-2.png 1500w\" sizes=\"(max-width: 724px) 100vw, 724px\" \/>\t\t\t\t\t\t\t\t\t\t\t\t\t\t\t<\/div>\n\t\t\t\t\t<\/div>\n\t\t\t\t<\/div>\n\t\t<div class=\"elementor-element elementor-element-ed6b672 e-flex e-con-boxed e-con e-parent\" data-id=\"ed6b672\" data-element_type=\"container\" data-e-type=\"container\">\n\t\t\t\t\t<div class=\"e-con-inner\">\n\t\t\t\t<div class=\"elementor-element elementor-element-64000bc elementor-widget elementor-widget-spacer\" data-id=\"64000bc\" data-element_type=\"widget\" data-e-type=\"widget\" data-widget_type=\"spacer.default\">\n\t\t\t\t\t\t\t<div class=\"elementor-spacer\">\n\t\t\t<div class=\"elementor-spacer-inner\"><\/div>\n\t\t<\/div>\n\t\t\t\t\t\t<\/div>\n\t\t\t\t\t<\/div>\n\t\t\t\t<\/div>\n\t\t<div class=\"elementor-element elementor-element-96f7e0f e-flex e-con-boxed e-con e-parent\" data-id=\"96f7e0f\" data-element_type=\"container\" data-e-type=\"container\">\n\t\t\t\t\t<div class=\"e-con-inner\">\n\t\t\t\t<div class=\"elementor-element elementor-element-21d726e elementor-widget elementor-widget-heading\" data-id=\"21d726e\" data-element_type=\"widget\" data-e-type=\"widget\" data-widget_type=\"heading.default\">\n\t\t\t\t\t<h3 class=\"elementor-heading-title elementor-size-default\">Resultado da Convocat\u00f3ria do FesTEA<\/h3>\t\t\t\t<\/div>\n\t\t\t\t\t<\/div>\n\t\t\t\t<\/div>\n\t\t<div class=\"elementor-element elementor-element-860fc3d e-flex e-con-boxed e-con e-parent\" data-id=\"860fc3d\" data-element_type=\"container\" data-e-type=\"container\">\n\t\t\t\t\t<div class=\"e-con-inner\">\n\t\t\t\t<div class=\"elementor-element elementor-element-dc324d5 elementor-widget elementor-widget-image\" data-id=\"dc324d5\" data-element_type=\"widget\" data-e-type=\"widget\" data-widget_type=\"image.default\">\n\t\t\t\t\t\t\t\t\t\t\t\t\t\t\t<img decoding=\"async\" width=\"413\" height=\"333\" src=\"https:\/\/portais.santoandre.sp.gov.br\/pessoacomdeficiencia\/wp-content\/uploads\/sites\/39\/2026\/04\/convocatoria-resultado.png\" class=\"attachment-large size-large wp-image-401\" alt=\"\" srcset=\"https:\/\/portais.santoandre.sp.gov.br\/pessoacomdeficiencia\/wp-content\/uploads\/sites\/39\/2026\/04\/convocatoria-resultado.png 413w, https:\/\/portais.santoandre.sp.gov.br\/pessoacomdeficiencia\/wp-content\/uploads\/sites\/39\/2026\/04\/convocatoria-resultado-300x242.png 300w\" sizes=\"(max-width: 413px) 100vw, 413px\" \/>\t\t\t\t\t\t\t\t\t\t\t\t\t\t\t<\/div>\n\t\t\t\t\t<\/div>\n\t\t\t\t<\/div>\n\t\t\t\t<\/div>\n\t\t","protected":false},"excerpt":{"rendered":"<p>Re\u00fane as principais datas comemorativas e de luta das pessoas com defici\u00eancia, valorizando momentos que inspiram reflex\u00e3o,visibilidade e a\u00e7\u00e3o coletiva. Mais do que marcar celebra\u00e7\u00f5es, o calend\u00e1rio destaca conquistas hist\u00f3ricas, direitos assegurados por lei e o compromisso cont\u00ednuo de Santo Andr\u00e9 com a acessibilidade, a diversidade e a participa\u00e7\u00e3o social. 12 de abril: VIII Caminhada [&hellip;]<\/p>\n","protected":false},"author":96,"featured_media":0,"parent":0,"menu_order":0,"comment_status":"closed","ping_status":"closed","template":"","meta":{"footnotes":""},"class_list":["post-42","page","type-page","status-publish","hentry"],"_links":{"self":[{"href":"https:\/\/portais.santoandre.sp.gov.br\/pessoacomdeficiencia\/wp-json\/wp\/v2\/pages\/42","targetHints":{"allow":["GET"]}}],"collection":[{"href":"https:\/\/portais.santoandre.sp.gov.br\/pessoacomdeficiencia\/wp-json\/wp\/v2\/pages"}],"about":[{"href":"https:\/\/portais.santoandre.sp.gov.br\/pessoacomdeficiencia\/wp-json\/wp\/v2\/types\/page"}],"author":[{"embeddable":true,"href":"https:\/\/portais.santoandre.sp.gov.br\/pessoacomdeficiencia\/wp-json\/wp\/v2\/users\/96"}],"replies":[{"embeddable":true,"href":"https:\/\/portais.santoandre.sp.gov.br\/pessoacomdeficiencia\/wp-json\/wp\/v2\/comments?post=42"}],"version-history":[{"count":17,"href":"https:\/\/portais.santoandre.sp.gov.br\/pessoacomdeficiencia\/wp-json\/wp\/v2\/pages\/42\/revisions"}],"predecessor-version":[{"id":407,"href":"https:\/\/portais.santoandre.sp.gov.br\/pessoacomdeficiencia\/wp-json\/wp\/v2\/pages\/42\/revisions\/407"}],"wp:attachment":[{"href":"https:\/\/portais.santoandre.sp.gov.br\/pessoacomdeficiencia\/wp-json\/wp\/v2\/media?parent=42"}],"curies":[{"name":"wp","href":"https:\/\/api.w.org\/{rel}","templated":true}]}}