{"id":36,"date":"2025-09-18T16:23:01","date_gmt":"2025-09-18T19:23:01","guid":{"rendered":"https:\/\/portais.santoandre.sp.gov.br\/pessoacomdeficiencia\/?page_id=36"},"modified":"2025-10-20T14:30:46","modified_gmt":"2025-10-20T17:30:46","slug":"publicacoes","status":"publish","type":"page","link":"https:\/\/portais.santoandre.sp.gov.br\/pessoacomdeficiencia\/publicacoes\/","title":{"rendered":"Publica\u00e7\u00f5es"},"content":{"rendered":"\t\t<div data-elementor-type=\"wp-page\" data-elementor-id=\"36\" class=\"elementor elementor-36\" data-elementor-post-type=\"page\">\n\t\t\t\t<div class=\"elementor-element elementor-element-609fd93a e-flex e-con-boxed e-con e-parent\" data-id=\"609fd93a\" data-element_type=\"container\" data-e-type=\"container\">\n\t\t\t\t\t<div class=\"e-con-inner\">\n\t\t\t\t<div class=\"elementor-element elementor-element-eedb1b1 elementor-widget elementor-widget-text-editor\" data-id=\"eedb1b1\" data-element_type=\"widget\" data-e-type=\"widget\" data-widget_type=\"text-editor.default\">\n\t\t\t\t\t\t\t\t\t<h4 class=\"p1\"><strong>Cartilhas:<\/strong><\/h4>\n<p class=\"p2\">\u25cf <a href=\"https:\/\/web.santoandre.sp.gov.br\/imgeditor\/file\/SPD\/Rede%20de%20Aten%C3%A7%C3%A3o%20Integral%20%C3%A0%20Pessoa%20com%20TEA_2025.pdf\">Cartilha: Rede de Aten\u00e7\u00e3o Integral \u00e0 Pessoa com TEA e sua Fam\u00edlia em Santo Andr\u00e9 &#8211; Atendimento integral e articulado<\/a><\/p>\n<p class=\"p2\">\u25cf<a href=\"https:\/\/www.santoandre.sp.gov.br\/biblioteca\/pesquisa\/ebooks\/443233.PDF\"> E-Book Paracenso<\/a><\/p>\n<p class=\"p2\">\u25cf<a href=\"https:\/\/www3.santoandre.sp.gov.br\/portaldoempreendedor\/wp-content\/uploads\/2022\/12\/Lei-Institui-o-Plano-de-Inclusao-Produtiva-Anexo.pdf\"> Plano de Inclus\u00e3o Produtiva<\/a><\/p>\n<p class=\"p2\">\u25cf <a href=\"https:\/\/portais.santoandre.sp.gov.br\/observatoriomob\/wp-content\/uploads\/sites\/14\/2024\/10\/AF-EDUCAMOBI-PRODUTO-B-ALMANAQUE.pdf\">Almanaque &#8211; Turminha da Mobilidade<\/a><\/p>\t\t\t\t\t\t\t\t<\/div>\n\t\t\t\t<div class=\"elementor-element elementor-element-14558013 elementor-widget elementor-widget-text-editor\" data-id=\"14558013\" data-element_type=\"widget\" data-e-type=\"widget\" data-widget_type=\"text-editor.default\">\n\t\t\t\t\t\t\t\t\t\t\t\t\t\t\t\t\t<\/div>\n\t\t\t\t\t<\/div>\n\t\t\t\t<\/div>\n\t\t\t\t<\/div>\n\t\t","protected":false},"excerpt":{"rendered":"<p>Cartilhas: \u25cf Cartilha: Rede de Aten\u00e7\u00e3o Integral \u00e0 Pessoa com TEA e sua Fam\u00edlia em Santo Andr\u00e9 &#8211; Atendimento integral e articulado \u25cf E-Book Paracenso \u25cf Plano de Inclus\u00e3o Produtiva \u25cf Almanaque &#8211; Turminha da Mobilidade<\/p>\n","protected":false},"author":96,"featured_media":0,"parent":0,"menu_order":0,"comment_status":"closed","ping_status":"closed","template":"","meta":{"footnotes":""},"class_list":["post-36","page","type-page","status-publish","hentry"],"_links":{"self":[{"href":"https:\/\/portais.santoandre.sp.gov.br\/pessoacomdeficiencia\/wp-json\/wp\/v2\/pages\/36","targetHints":{"allow":["GET"]}}],"collection":[{"href":"https:\/\/portais.santoandre.sp.gov.br\/pessoacomdeficiencia\/wp-json\/wp\/v2\/pages"}],"about":[{"href":"https:\/\/portais.santoandre.sp.gov.br\/pessoacomdeficiencia\/wp-json\/wp\/v2\/types\/page"}],"author":[{"embeddable":true,"href":"https:\/\/portais.santoandre.sp.gov.br\/pessoacomdeficiencia\/wp-json\/wp\/v2\/users\/96"}],"replies":[{"embeddable":true,"href":"https:\/\/portais.santoandre.sp.gov.br\/pessoacomdeficiencia\/wp-json\/wp\/v2\/comments?post=36"}],"version-history":[{"count":8,"href":"https:\/\/portais.santoandre.sp.gov.br\/pessoacomdeficiencia\/wp-json\/wp\/v2\/pages\/36\/revisions"}],"predecessor-version":[{"id":267,"href":"https:\/\/portais.santoandre.sp.gov.br\/pessoacomdeficiencia\/wp-json\/wp\/v2\/pages\/36\/revisions\/267"}],"wp:attachment":[{"href":"https:\/\/portais.santoandre.sp.gov.br\/pessoacomdeficiencia\/wp-json\/wp\/v2\/media?parent=36"}],"curies":[{"name":"wp","href":"https:\/\/api.w.org\/{rel}","templated":true}]}}