{"id":358,"date":"2025-11-19T15:03:04","date_gmt":"2025-11-19T18:03:04","guid":{"rendered":"https:\/\/portais.santoandre.sp.gov.br\/pessoacomdeficiencia\/?page_id=358"},"modified":"2025-11-19T15:03:04","modified_gmt":"2025-11-19T18:03:04","slug":"pei-polo-de-empregabilidade-inclusiva","status":"publish","type":"page","link":"https:\/\/portais.santoandre.sp.gov.br\/pessoacomdeficiencia\/pei-polo-de-empregabilidade-inclusiva\/","title":{"rendered":"PEI &#8211; Polo de Empregabilidade Inclusiva"},"content":{"rendered":"\n<p>O Polo de Empregabilidade Inclusiva (PEI) de Santo Andr\u00e9 \u00e9 um espa\u00e7o dedicado \u00e0 inclus\u00e3o de pessoas com defici\u00eancia no mercado de trabalho, oferecendo atendimento personalizado, acolhimento e orienta\u00e7\u00e3o profissional. Localizado no mesmo pr\u00e9dio onde funciona o Centro P\u00fablico de Emprego, Trabalho e Renda (CPETR), o PEI \u00e9 fruto de uma parceria entre a Prefeitura de Santo Andr\u00e9 e o Governo do Estado de S\u00e3o Paulo.<\/p>\n\n\n\n<p>O servi\u00e7o atua de forma completa: desde a busca ativa por oportunidades, avalia\u00e7\u00e3o de perfil, entrevistas de habilidades e encaminhamento para vagas, at\u00e9 o suporte ap\u00f3s a contrata\u00e7\u00e3o. Al\u00e9m disso, oferece acesso a cursos gratuitos, orienta\u00e7\u00e3o sobre laudo de funcionalidade e apoio \u00e0s empresas na cria\u00e7\u00e3o de ambientes inclusivos e acess\u00edveis.<\/p>\n\n\n\n<p>Empresas e candidatos contam com um canal permanente de di\u00e1logo e apoio t\u00e9cnico. A proposta \u00e9 garantir n\u00e3o s\u00f3 o acesso \u00e0 vaga, mas tamb\u00e9m a perman\u00eancia e o desenvolvimento da pessoa com defici\u00eancia no ambiente profissional. O agendamento de atendimentos pode ser feito pelo e-mail&nbsp;<strong><a>peicapital@itsbrasil.org.br<\/a><\/strong>&nbsp;ou pelo WhatsApp&nbsp;<strong>(11) 91542-8210<\/strong>.<\/p>\n","protected":false},"excerpt":{"rendered":"<p>O Polo de Empregabilidade Inclusiva (PEI) de Santo Andr\u00e9 \u00e9 um espa\u00e7o dedicado \u00e0 inclus\u00e3o de pessoas com defici\u00eancia no mercado de trabalho, oferecendo atendimento personalizado, acolhimento e orienta\u00e7\u00e3o profissional. Localizado no mesmo pr\u00e9dio onde funciona o Centro P\u00fablico de Emprego, Trabalho e Renda (CPETR), o PEI \u00e9 fruto de uma parceria entre a Prefeitura [&hellip;]<\/p>\n","protected":false},"author":97,"featured_media":0,"parent":0,"menu_order":0,"comment_status":"closed","ping_status":"closed","template":"","meta":{"footnotes":""},"class_list":["post-358","page","type-page","status-publish","hentry"],"_links":{"self":[{"href":"https:\/\/portais.santoandre.sp.gov.br\/pessoacomdeficiencia\/wp-json\/wp\/v2\/pages\/358","targetHints":{"allow":["GET"]}}],"collection":[{"href":"https:\/\/portais.santoandre.sp.gov.br\/pessoacomdeficiencia\/wp-json\/wp\/v2\/pages"}],"about":[{"href":"https:\/\/portais.santoandre.sp.gov.br\/pessoacomdeficiencia\/wp-json\/wp\/v2\/types\/page"}],"author":[{"embeddable":true,"href":"https:\/\/portais.santoandre.sp.gov.br\/pessoacomdeficiencia\/wp-json\/wp\/v2\/users\/97"}],"replies":[{"embeddable":true,"href":"https:\/\/portais.santoandre.sp.gov.br\/pessoacomdeficiencia\/wp-json\/wp\/v2\/comments?post=358"}],"version-history":[{"count":1,"href":"https:\/\/portais.santoandre.sp.gov.br\/pessoacomdeficiencia\/wp-json\/wp\/v2\/pages\/358\/revisions"}],"predecessor-version":[{"id":360,"href":"https:\/\/portais.santoandre.sp.gov.br\/pessoacomdeficiencia\/wp-json\/wp\/v2\/pages\/358\/revisions\/360"}],"wp:attachment":[{"href":"https:\/\/portais.santoandre.sp.gov.br\/pessoacomdeficiencia\/wp-json\/wp\/v2\/media?parent=358"}],"curies":[{"name":"wp","href":"https:\/\/api.w.org\/{rel}","templated":true}]}}