{"id":297,"date":"2025-11-13T13:51:12","date_gmt":"2025-11-13T16:51:12","guid":{"rendered":"https:\/\/portais.santoandre.sp.gov.br\/pessoacomdeficiencia\/?page_id=297"},"modified":"2025-12-01T13:20:47","modified_gmt":"2025-12-01T16:20:47","slug":"virada-inclusiva","status":"publish","type":"page","link":"https:\/\/portais.santoandre.sp.gov.br\/pessoacomdeficiencia\/virada-inclusiva\/","title":{"rendered":"Programa\u00e7\u00e3o da Virada Inclusiva"},"content":{"rendered":"\n<figure class=\"wp-block-image size-large\"><img fetchpriority=\"high\" decoding=\"async\" width=\"1024\" height=\"521\" src=\"https:\/\/portais.santoandre.sp.gov.br\/pessoacomdeficiencia\/wp-content\/uploads\/sites\/39\/2025\/11\/banner-site-1080-x-550-px-5-1024x521.png\" alt=\"\" class=\"wp-image-348\" srcset=\"https:\/\/portais.santoandre.sp.gov.br\/pessoacomdeficiencia\/wp-content\/uploads\/sites\/39\/2025\/11\/banner-site-1080-x-550-px-5-1024x521.png 1024w, https:\/\/portais.santoandre.sp.gov.br\/pessoacomdeficiencia\/wp-content\/uploads\/sites\/39\/2025\/11\/banner-site-1080-x-550-px-5-300x153.png 300w, https:\/\/portais.santoandre.sp.gov.br\/pessoacomdeficiencia\/wp-content\/uploads\/sites\/39\/2025\/11\/banner-site-1080-x-550-px-5-768x391.png 768w, https:\/\/portais.santoandre.sp.gov.br\/pessoacomdeficiencia\/wp-content\/uploads\/sites\/39\/2025\/11\/banner-site-1080-x-550-px-5.png 1080w\" sizes=\"(max-width: 1024px) 100vw, 1024px\" \/><\/figure>\n\n\n\n<div class=\"wp-block-stackable-heading stk-block-heading stk-block-heading--v2 stk-block stk-89ffd0f\" id=\"oficina-aberta-de-teatro\" data-block-id=\"89ffd0f\"><style>.stk-89ffd0f {padding-top:var(--stk--preset--spacing--none, 0px) !important;padding-right:var(--stk--preset--spacing--none, 0px) !important;padding-bottom:var(--stk--preset--spacing--none, 0px) !important;padding-left:var(--stk--preset--spacing--none, 0px) !important;margin-right:var(--stk--preset--spacing--none, 0px) !important;margin-bottom:var(--stk--preset--spacing--none, 0px) !important;}.stk-89ffd0f .stk-block-heading__text{color:#0261f8 !important;}<\/style><h4 class=\"stk-block-heading__text has-text-color\">OFICINA ABERTA DE TEATRO<\/h4><\/div>\n\n\n\n<p><strong>Data: <\/strong>01\/12\/2025<br><strong>Hor\u00e1rio: <\/strong>14h<br><strong>Local:<\/strong> EMEA Parque Tangar\u00e1\/Parque Escola &#8211; Rua Anacleto Popote, n\u00ba 46, Vila Pr\u00edncipe de Gales, Santo Andr\u00e9 &#8211; SP.<br>Atividade restrita aos usu\u00e1rios do CRPD<\/p>\n\n\n\n<div class=\"wp-block-stackable-heading stk-block-heading stk-block-heading--v2 stk-block stk-cc6a1af\" id=\"span-style-color-0261-f-8-class-stk-highlight-cuidar-de-quem-cuida-quem-cuida-merece-ser-cuidado-span\" data-block-id=\"cc6a1af\"><style>.stk-cc6a1af {margin-bottom:var(--stk--preset--spacing--none, 0px) !important;}<\/style><h4 class=\"stk-block-heading__text\"><span style=\"color: #0261f8\" class=\"stk-highlight\">CUIDAR DE QUEM CUIDA: QUEM CUIDA MERECE SER CUIDADO<\/span><\/h4><\/div>\n\n\n\n<p><strong>Data:<\/strong> 03\/12\/2025<br><strong>Hor\u00e1rio: <\/strong>09h<br><strong>Local:<\/strong> Centro de Refer\u00eancia da Pessoa com Defici\u00eancia &#8211; CRPD Alexandre E.<br>Francisco &#8211; Xande &#8211; Rua Carna\u00faba, 150 &#8211; Vila Guiomar.                                                                   Destinado a profissionais que cuidam de pessoas<\/p>\n\n\n\n<div class=\"wp-block-stackable-heading stk-block-heading stk-block-heading--v2 stk-block stk-920bd54\" id=\"span-style-color-0261-f-8-class-stk-highlight-palestra-seletividade-alimentar-com-a-nutricionista-rosangela-bezerra-menezes-span\" data-block-id=\"920bd54\"><style>.stk-920bd54 {margin-bottom:0px !important;}<\/style><h4 class=\"stk-block-heading__text\"><span style=\"color: #0261f8\" class=\"stk-highlight\">PALESTRA: SELETIVIDADE ALIMENTAR &#8211; COM A NUTRICIONISTA ROSANGELA BEZERRA MENEZES<\/span><\/h4><\/div>\n\n\n\n<p><strong>Data:<\/strong> 02\/12\/2025<br><strong>Hor\u00e1rio:<\/strong> 14h<br><strong>Local:<\/strong> Centro P\u00fablico de Forma\u00e7\u00e3o Profissional Armando Mazzo &#8211; Rua Carna\u00faba, S\/N (Esquina com Av. Dom Jorge Marcos de Oliveira e Av. Pr\u00edncipe de Gales) &#8211; Vila Guiomar <br><strong>Inscri\u00e7\u00e3o:<\/strong><br><a href=\"https:\/\/docs.google.com\/forms\/d\/e\/1FAIpQLSePaijWnKGU7D7BfC5sbNDZTUBDKcFmaHNpDwh51DzDEN-QZw\/viewform\">https:\/\/docs.google.com\/forms\/d\/e\/1FAIpQLSePaijWnKGU7D7BfC5sbNDZTUBDKcFmaHNpDwh51DzDEN-QZw\/viewform<\/a><\/p>\n\n\n\n<div class=\"wp-block-stackable-heading stk-block-heading stk-block-heading--v2 stk-block stk-387bd04\" id=\"span-style-color-0261-f-8-class-stk-highlight-77-reuniao-ordinaria-conselho-municipal-de-defesa-dos-direitos-das-pessoas-com-deficiencia-de-santo-andre-comdef-prestacao-de-contas-e-confraternizacao-de-encerramento-da-gestao-com-apresentacao-cultural-de-usuarios-e-usuarias-da-apae-e-projeto-cre-r-span\" data-block-id=\"387bd04\"><style>.stk-387bd04 {margin-bottom:0px !important;}<\/style><h4 class=\"stk-block-heading__text\"><span style=\"color: #0261f8\" class=\"stk-highlight\">77\u00aa REUNI\u00c3O ORDIN\u00c1RIA CONSELHO MUNICIPAL DE DEFESA DOS DIREITOS DAS PESSOAS COM DEFICI\u00caNCIA DE SANTO ANDR\u00c9 &#8211; COMDEF (PRESTA\u00c7\u00c3O DE CONTAS) E CONFRATERNIZA\u00c7\u00c3O DE ENCERRAMENTO DA GEST\u00c3O COM APRESENTA\u00c7\u00c3O CULTURAL DE USU\u00c1RIOS E USU\u00c1RIAS DA APAE E PROJETO CRE\u00b4R<\/span> <\/h4><\/div>\n\n\n\n<p><strong>Data: <\/strong>03\/12\/2025<br><strong>Hor\u00e1rio: <\/strong>9h &#8211; 12h<br><strong>Local:<\/strong> Audit\u00f3rio do Cons\u00f3rcio Intermunicipal Grande ABC &#8211; Av. Ramiro Colleoni, 05 &#8211; Centro<br><strong>Realiza\u00e7\u00e3o:<\/strong> Conselho Municipal de Defesa dos Direitos das Pessoas com Defici\u00eancia de Santo Andr\u00e9<br><strong>Apoio:<\/strong> Secretaria da Pessoa com Defici\u00eancia, Cons\u00f3rcio Intermunicipal Grande ABC, Secretaria da Educa\u00e7\u00e3o.<\/p>\n\n\n\n<div class=\"wp-block-stackable-heading stk-block-heading stk-block-heading--v2 stk-block stk-4b83bca\" id=\"span-style-color-0261-f-8-class-stk-highlight-plantao-de-atendimento-do-polo-de-empregabilidade-inclusiva-pei-santo-andre-span\" data-block-id=\"4b83bca\"><style>.stk-4b83bca {margin-bottom:var(--stk--preset--spacing--none, 0px) !important;}<\/style><h4 class=\"stk-block-heading__text\"><span style=\"color: #0261f8\" class=\"stk-highlight\">PLANT\u00c3O DE ATENDIMENTO DO POLO DE EMPREGABILIDADE INCLUSIVA &#8211; PEI SANTO ANDR\u00c9<\/span><\/h4><\/div>\n\n\n\n<p><strong>Data: <\/strong>03\/12\/2025<br><strong>Hor\u00e1rio:<\/strong> 9h &#8211; 16h<br><strong>Local: <\/strong>Pra\u00e7a IV Centen\u00e1rio, n\u00ba 1 \u2013 T\u00e9rreo 1 \u2013 Pa\u00e7o Municipal<br><strong>Inscri\u00e7\u00f5es:<\/strong> <a href=\"mailto:peicapital@itsbrasil.org.br\">peicapital@itsbrasil.org.br<\/a><br><strong>Whatsapp:<\/strong> (11) 9 1542-8210<br><strong>Realiza\u00e7\u00e3o:<\/strong> Secretaria de Estado dos Direitos da Pessoa com Defici\u00eancia\/ITS Brasil<br><strong>Parceria:<\/strong> Secretaria da Pessoa com Defici\u00eancia e Secretaria de Desenvolvimento Econ\u00f4mico e Gera\u00e7\u00e3o de Emprego<\/p>\n\n\n\n<div class=\"wp-block-stackable-heading stk-block-heading stk-block-heading--v2 stk-block stk-27e50f6\" id=\"span-style-color-0261-f-8-class-stk-highlight-circuito-andreense-de-empreendedorismo-influenciador-digital-comece-lidando-com-o-medo-de-empreender-span\" data-block-id=\"27e50f6\"><style>.stk-27e50f6 {margin-bottom:var(--stk--preset--spacing--none, 0px) !important;}<\/style><h4 class=\"stk-block-heading__text\"><span style=\"color: #0261f8\" class=\"stk-highlight\">CIRCUITO ANDREENSE DE EMPREENDEDORISMO: INFLUENCIADOR DIGITAL &#8211; COMECE LIDANDO COM O MEDO DE EMPREENDER<\/span><\/h4><\/div>\n\n\n\n<p><strong>Data: <\/strong>04\/12\/2025<br><strong>Hor\u00e1rio:<\/strong> 9h<br><strong>Local:<\/strong> CESA Jardim Santo Andr\u00e9 &#8211; Rua dos Dominicanos,1250 \u00ac &#8211; Jardim Santo Andr\u00e9<br><strong>Inscri\u00e7\u00f5es:<\/strong> <a href=\"https:\/\/www3.santoandre.sp.gov.br\/portaldoempreendedor\/index.php\/capacite-se\/circuito-andreense-de-empreendedorismo\/\" data-type=\"link\" data-id=\"https:\/\/www3.santoandre.sp.gov.br\/portaldoempreendedor\/index.php\/capacite-se\/circuito-andreense-de-empreendedorismo\/\">santoandre.br\/Circuito04-12<\/a><br><strong>Realiza\u00e7\u00e3o: <\/strong>Secretaria de Desenvolvimento Econ\u00f4mico e Gera\u00e7\u00e3o de Emprego<br><strong>Parceria:<\/strong> SEBRAE<br><strong>Apoio:<\/strong> Escola de Ouro e Fundo Social de Solidariedade de Santo Andr\u00e9.<\/p>\n\n\n\n<div class=\"wp-block-stackable-heading stk-block-heading stk-block-heading--v2 stk-block stk-da871fb\" id=\"span-style-color-0261-f-8-class-stk-highlight-roda-de-conversa-a-importancia-da-audiodescricao-nas-artes-span\" data-block-id=\"da871fb\"><style>.stk-da871fb {margin-bottom:var(--stk--preset--spacing--none, 0px) !important;}<\/style><h4 class=\"stk-block-heading__text\"><span style=\"color: #0261f8\" class=\"stk-highlight\">RODA DE CONVERSA: A IMPORT\u00c2NCIA DA AUDIODESCRI\u00c7\u00c3O NAS ARTES<\/span><\/h4><\/div>\n\n\n\n<p><strong>Data:<\/strong> 05\/12\/2025<br><strong>Hor\u00e1rio:<\/strong> 14h \u00e0s 16h<br><strong>Local:<\/strong> Centro de Refer\u00eancia da Pessoa com Defici\u00eancia &#8211; CRPD Alexandre E. Francisco &#8211; Xande &#8211; Rua Carna\u00faba, 150 &#8211; Vila Guiomar<br><strong>Inscri\u00e7\u00f5es:<\/strong> <a href=\"https:\/\/forms.gle\/TprcBN8rfdoEyo4D8\">https:\/\/forms.gle\/TprcBN8rfdoEyo4D8<\/a><br><strong>Realiza\u00e7\u00e3o:<\/strong> Secretaria da Pessoa com Defici\u00eancia<br><strong>Parceria:<\/strong> Programa de Apoio Emocional do CVV em Santo Andr\u00e9\/FAV<\/p>\n\n\n\n<div class=\"wp-block-stackable-heading stk-block-heading stk-block-heading--v2 stk-block stk-a1ae80a\" id=\"span-style-color-0261-f-8-class-stk-highlight-1-encontro-de-caes-guias-e-seus-tutores-span\" data-block-id=\"a1ae80a\"><style>.stk-a1ae80a {margin-bottom:var(--stk--preset--spacing--none, 0px) !important;}<\/style><h4 class=\"stk-block-heading__text\"><span style=\"color: #0261f8\" class=\"stk-highlight\">1\u00ba ENCONTRO DE C\u00c3ES-GUIAS E SEUS TUTORES<\/span><\/h4><\/div>\n\n\n\n<p><strong>Data:<\/strong> 07\/12\/2025 &#8211; domingo<br><strong>Hor\u00e1rio:<\/strong> 9h30 \u00e0s 11h<br><strong>Local: <\/strong>Parque Celso Daniel &#8211; Av. Dom Pedro II, 940 &#8211; Jardim, Santo Andr\u00e9<br><strong>Inscri\u00e7\u00f5es:<\/strong> <a href=\"https:\/\/forms.gle\/vpNkeeyXP1dMu86T8 \">https:\/\/forms.gle\/vpNkeeyXP1dMu86T8 <\/a><br><strong>Realiza\u00e7\u00e3o:<\/strong> Secretaria da Pessoa com Defici\u00eancia<br><strong>Parceria:<\/strong> Secretaria de Meio Ambiente e Mudan\u00e7as Clim\u00e1ticas e Fundo Social de<br>Solidariedade de Santo Andr\u00e9<\/p>\n\n\n\n<div class=\"wp-block-stackable-heading stk-block-heading stk-block-heading--v2 stk-block stk-a2ae601\" id=\"span-style-color-0261-f-8-class-stk-highlight-acoes-em-alusao-ao-dia-internacional-das-pessoas-com-deficiencia-span\" data-block-id=\"a2ae601\"><style>.stk-a2ae601 {margin-bottom:var(--stk--preset--spacing--none, 0px) !important;}<\/style><h4 class=\"stk-block-heading__text\"><span style=\"color: #0261f8\" class=\"stk-highlight\">A\u00c7\u00d5ES EM ALUS\u00c3O AO DIA INTERNACIONAL DAS PESSOAS COM DEFICI\u00caNCIA<\/span><\/h4><\/div>\n\n\n\n<p><strong>Data:<\/strong> 02 a 05\/12\/2025<br><strong>Hor\u00e1rio:<\/strong> manh\u00e3, tarde e noite<br><strong>Local:<\/strong> Escolas Municipais de Educa\u00e7\u00e3o Infantil e Ensino Fundamental do munic\u00edpio<br>Atividade restrita aos alunos da Rede Municipal de Educa\u00e7\u00e3o<\/p>\n\n\n\n<div class=\"wp-block-stackable-heading stk-block-heading stk-block-heading--v2 stk-block stk-38812dc\" id=\"span-style-color-0261-f-8-class-stk-highlight-nanasa-em-familia-span\" data-block-id=\"38812dc\"><style>.stk-38812dc {margin-bottom:0px !important;}<\/style><h4 class=\"stk-block-heading__text\"><span style=\"color: #0261f8\" class=\"stk-highlight\">NANASA EM FAM\u00cdLIA<\/span><\/h4><\/div>\n\n\n\n<p><strong>Data:<\/strong> 04 e 05\/12\/2025<br><strong>Hor\u00e1rio:<\/strong> manh\u00e3, tarde e noite<br><strong>Local:<\/strong> N\u00facleo de Nata\u00e7\u00e3o Adaptada de Santo Andr\u00e9 \u2013 NANASA<br>Atividade restrita aos alunos do NANASA<\/p>\n\n\n\n<div class=\"wp-block-stackable-heading stk-block-heading stk-block-heading--v2 stk-block stk-a27081c\" id=\"span-style-color-0261-f-8-class-stk-highlight-ensino-colaborativo-perspectivas-e-contribuicoes-para-a-educacao-inclusiva-span\" data-block-id=\"a27081c\"><style>.stk-a27081c {margin-bottom:var(--stk--preset--spacing--none, 0px) !important;}<\/style><h4 class=\"stk-block-heading__text\"><span style=\"color: #0261f8\" class=\"stk-highlight\">ENSINO COLABORATIVO: PERSPECTIVAS E CONTRIBUI\u00c7\u00d5ES PARA A EDUCA\u00c7\u00c3O INCLUSIVA<\/span><\/h4><\/div>\n\n\n\n<p><strong>Data:<\/strong> 01\/12\/2025<br><strong>Hor\u00e1rio:<\/strong> das 19h \u00e0s 21h<br><strong>Local: <\/strong>Centro de Forma\u00e7\u00e3o de Professores Clarice Lispector &#8211; Rua Tirol, 05 \u2013 Parque das Na\u00e7\u00f5es   Atividade restrita aos servidores da Rede Municipal de Educa\u00e7\u00e3o<\/p>\n\n\n\n<div class=\"wp-block-stackable-heading stk-block-heading stk-block-heading--v2 stk-block stk-f585849\" id=\"span-style-color-0261-f-8-class-stk-highlight-presencas-sensiveis-experiencias-de-arte-e-acessibilidade-span\" data-block-id=\"f585849\"><style>.stk-f585849 {margin-bottom:var(--stk--preset--spacing--none, 0px) !important;}<\/style><h4 class=\"stk-block-heading__text\"><span style=\"color: #0261f8\" class=\"stk-highlight\">PRESEN\u00c7AS SENS\u00cdVEIS &#8211; EXPERI\u00caNCIAS DE ARTE E ACESSIBILIDADE <\/span><\/h4><\/div>\n\n\n\n<p><strong>Data:<\/strong> 03 \/12\/2025 \u2013 abertura 18:00<br><strong>Observa\u00e7\u00e3o:<\/strong> Exposi\u00e7\u00e3o aberta de ter\u00e7a a s\u00e1bado (at\u00e9 07\/02\/2026) das 10:00 \u00e0s 16:30<br><strong>Local:<\/strong> Casa do Olhar Luiz Sacilotto &#8211; Rua Campos Sales, 414 , Centro<\/p>\n","protected":false},"excerpt":{"rendered":"<p>OFICINA ABERTA DE TEATRO Data: 01\/12\/2025Hor\u00e1rio: 14hLocal: EMEA Parque Tangar\u00e1\/Parque Escola &#8211; Rua Anacleto Popote, n\u00ba 46, Vila Pr\u00edncipe de Gales, Santo Andr\u00e9 &#8211; SP.Atividade restrita aos usu\u00e1rios do CRPD CUIDAR DE QUEM CUIDA: QUEM CUIDA MERECE SER CUIDADO Data: 03\/12\/2025Hor\u00e1rio: 09hLocal: Centro de Refer\u00eancia da Pessoa com Defici\u00eancia &#8211; CRPD Alexandre E.Francisco &#8211; Xande [&hellip;]<\/p>\n","protected":false},"author":97,"featured_media":0,"parent":0,"menu_order":0,"comment_status":"closed","ping_status":"closed","template":"","meta":{"footnotes":""},"class_list":["post-297","page","type-page","status-publish","hentry"],"_links":{"self":[{"href":"https:\/\/portais.santoandre.sp.gov.br\/pessoacomdeficiencia\/wp-json\/wp\/v2\/pages\/297","targetHints":{"allow":["GET"]}}],"collection":[{"href":"https:\/\/portais.santoandre.sp.gov.br\/pessoacomdeficiencia\/wp-json\/wp\/v2\/pages"}],"about":[{"href":"https:\/\/portais.santoandre.sp.gov.br\/pessoacomdeficiencia\/wp-json\/wp\/v2\/types\/page"}],"author":[{"embeddable":true,"href":"https:\/\/portais.santoandre.sp.gov.br\/pessoacomdeficiencia\/wp-json\/wp\/v2\/users\/97"}],"replies":[{"embeddable":true,"href":"https:\/\/portais.santoandre.sp.gov.br\/pessoacomdeficiencia\/wp-json\/wp\/v2\/comments?post=297"}],"version-history":[{"count":13,"href":"https:\/\/portais.santoandre.sp.gov.br\/pessoacomdeficiencia\/wp-json\/wp\/v2\/pages\/297\/revisions"}],"predecessor-version":[{"id":379,"href":"https:\/\/portais.santoandre.sp.gov.br\/pessoacomdeficiencia\/wp-json\/wp\/v2\/pages\/297\/revisions\/379"}],"wp:attachment":[{"href":"https:\/\/portais.santoandre.sp.gov.br\/pessoacomdeficiencia\/wp-json\/wp\/v2\/media?parent=297"}],"curies":[{"name":"wp","href":"https:\/\/api.w.org\/{rel}","templated":true}]}}