{"id":171,"date":"2025-10-14T14:50:37","date_gmt":"2025-10-14T17:50:37","guid":{"rendered":"https:\/\/portais.santoandre.sp.gov.br\/pessoacomdeficiencia\/?page_id=171"},"modified":"2025-10-14T14:53:35","modified_gmt":"2025-10-14T17:53:35","slug":"ciptea-carteira-de-identificacao-da-pessoa-com-transtorno-do-espectro-autista","status":"publish","type":"page","link":"https:\/\/portais.santoandre.sp.gov.br\/pessoacomdeficiencia\/ciptea-carteira-de-identificacao-da-pessoa-com-transtorno-do-espectro-autista\/","title":{"rendered":"CIPTEA &#8211; Carteira de Identifica\u00e7\u00e3o da Pessoa com Transtorno do Espectro Autista"},"content":{"rendered":"\t\t<div data-elementor-type=\"wp-page\" data-elementor-id=\"171\" class=\"elementor elementor-171\" data-elementor-post-type=\"page\">\n\t\t\t\t<div class=\"elementor-element elementor-element-a58280e e-flex e-con-boxed e-con e-parent\" data-id=\"a58280e\" data-element_type=\"container\" data-e-type=\"container\">\n\t\t\t\t\t<div class=\"e-con-inner\">\n\t\t\t\t<div class=\"elementor-element elementor-element-b3edce3 elementor-widget elementor-widget-text-editor\" data-id=\"b3edce3\" data-element_type=\"widget\" data-e-type=\"widget\" data-widget_type=\"text-editor.default\">\n\t\t\t\t\t\t\t\t\t<p class=\"p1\">A CIPTEA \u2013 Carteira de Identifica\u00e7\u00e3o da Pessoa com Transtorno do Espectro Autista \u00e9 um documento oficial que reconhece e garante os direitos das pessoas com TEA, conforme a Lei Federal n\u00ba 13.977\/2020 (Lei Romeo Mion). Emitida gratuitamente pela Prefeitura de Santo Andr\u00e9, a CIPTEA facilita o acesso a servi\u00e7os p\u00fablicos e privados, assegurando atendimento priorit\u00e1rio. Al\u00e9m de ser um instrumento de cidadania, a carteira contribui para a conscientiza\u00e7\u00e3o social sobre o autismo e para o fortalecimento das pol\u00edticas p\u00fablicas de inclus\u00e3o no munic\u00edpio.<\/p><p class=\"p1\"><strong>Documentos necess\u00e1rios:<\/strong><\/p><p class=\"p1\">\u25cf RG e CPF do Benefici\u00e1rio<\/p><p class=\"p1\">\u25cf RG e CPF do Respons\u00e1vel legal<\/p><p class=\"p1\">\u25cf Foto 3&#215;4<\/p><p class=\"p1\">\u25cf Comprovante de resid\u00eancia<\/p><p class=\"p1\">\u25cf Laudo\/Relat\u00f3rio M\u00e9dico Diagn\u00f3stico com CID.<\/p><p class=\"p1\"><strong><a href=\"https:\/\/www.santoandre.sp.gov.br\/CarteiraAutista\/Forms\/PreCadastro\/\">Clique <\/a><a href=\"https:\/\/www.santoandre.sp.gov.br\/CarteiraAutista\/Forms\/PreCadastro\/\"><span class=\"s1\">aqui <\/span><\/a>para solicitar sua CIPTEA, e siga o passo a passo a seguir:<\/strong><\/p><p class=\"p1\">\u25cf Preencha o pr\u00e9-cadastro<\/p><p class=\"p1\">\u25cf Anexe os documentos necess\u00e1rios<\/p><p class=\"p1\">\u25cf Ap\u00f3s o deferimento da CIPTEA, o documento ser\u00e1 enviado ao e-mail informado na pr\u00e9-inscri\u00e7\u00e3o.<\/p><p class=\"p1\">\u25cf O Respons\u00e1vel\/benefici\u00e1rio deve imprimir a CIPTEA, assinar e plastificar o documento.<\/p><p class=\"p1\">Prazo de execu\u00e7\u00e3o: 30 dias<\/p><p class=\"p1\">Para tirar d\u00favidas e agendar o atendimento presencial ligue para: (11) 4433-1987 \u2013 Centro de Refer\u00eancia da Pessoa com Defici\u00eancia<\/p>\t\t\t\t\t\t\t\t<\/div>\n\t\t\t\t\t<\/div>\n\t\t\t\t<\/div>\n\t\t\t\t<\/div>\n\t\t","protected":false},"excerpt":{"rendered":"<p>A CIPTEA \u2013 Carteira de Identifica\u00e7\u00e3o da Pessoa com Transtorno do Espectro Autista \u00e9 um documento oficial que reconhece e garante os direitos das pessoas com TEA, conforme a Lei Federal n\u00ba 13.977\/2020 (Lei Romeo Mion). Emitida gratuitamente pela Prefeitura de Santo Andr\u00e9, a CIPTEA facilita o acesso a servi\u00e7os p\u00fablicos e privados, assegurando atendimento [&hellip;]<\/p>\n","protected":false},"author":96,"featured_media":0,"parent":0,"menu_order":0,"comment_status":"closed","ping_status":"closed","template":"","meta":{"footnotes":""},"class_list":["post-171","page","type-page","status-publish","hentry"],"_links":{"self":[{"href":"https:\/\/portais.santoandre.sp.gov.br\/pessoacomdeficiencia\/wp-json\/wp\/v2\/pages\/171","targetHints":{"allow":["GET"]}}],"collection":[{"href":"https:\/\/portais.santoandre.sp.gov.br\/pessoacomdeficiencia\/wp-json\/wp\/v2\/pages"}],"about":[{"href":"https:\/\/portais.santoandre.sp.gov.br\/pessoacomdeficiencia\/wp-json\/wp\/v2\/types\/page"}],"author":[{"embeddable":true,"href":"https:\/\/portais.santoandre.sp.gov.br\/pessoacomdeficiencia\/wp-json\/wp\/v2\/users\/96"}],"replies":[{"embeddable":true,"href":"https:\/\/portais.santoandre.sp.gov.br\/pessoacomdeficiencia\/wp-json\/wp\/v2\/comments?post=171"}],"version-history":[{"count":4,"href":"https:\/\/portais.santoandre.sp.gov.br\/pessoacomdeficiencia\/wp-json\/wp\/v2\/pages\/171\/revisions"}],"predecessor-version":[{"id":175,"href":"https:\/\/portais.santoandre.sp.gov.br\/pessoacomdeficiencia\/wp-json\/wp\/v2\/pages\/171\/revisions\/175"}],"wp:attachment":[{"href":"https:\/\/portais.santoandre.sp.gov.br\/pessoacomdeficiencia\/wp-json\/wp\/v2\/media?parent=171"}],"curies":[{"name":"wp","href":"https:\/\/api.w.org\/{rel}","templated":true}]}}