{"id":161,"date":"2025-10-14T14:42:58","date_gmt":"2025-10-14T17:42:58","guid":{"rendered":"https:\/\/portais.santoandre.sp.gov.br\/pessoacomdeficiencia\/?page_id=161"},"modified":"2025-10-14T14:44:16","modified_gmt":"2025-10-14T17:44:16","slug":"comdef-conselho-de-defesa-dos-direitos-das-pessoas-com-deficiencia-de-santo-andre","status":"publish","type":"page","link":"https:\/\/portais.santoandre.sp.gov.br\/pessoacomdeficiencia\/comdef-conselho-de-defesa-dos-direitos-das-pessoas-com-deficiencia-de-santo-andre\/","title":{"rendered":"COMDEF &#8211; Conselho de Defesa dos Direitos das Pessoas com Defici\u00eancia de Santo Andr\u00e9"},"content":{"rendered":"\t\t<div data-elementor-type=\"wp-page\" data-elementor-id=\"161\" class=\"elementor elementor-161\" data-elementor-post-type=\"page\">\n\t\t\t\t<div class=\"elementor-element elementor-element-fe5f34b e-flex e-con-boxed e-con e-parent\" data-id=\"fe5f34b\" data-element_type=\"container\" data-e-type=\"container\">\n\t\t\t\t\t<div class=\"e-con-inner\">\n\t\t\t\t<div class=\"elementor-element elementor-element-b0cb5e8 elementor-widget elementor-widget-text-editor\" data-id=\"b0cb5e8\" data-element_type=\"widget\" data-e-type=\"widget\" data-widget_type=\"text-editor.default\">\n\t\t\t\t\t\t\t\t\t<p class=\"p1\">O Conselho Municipal dos Direitos da Pessoa com Defici\u00eancia de Santo Andr\u00e9 (COMDEF) \u00e9 um \u00f3rg\u00e3o colegiado de car\u00e1ter consultivo,deliberativo e propositivo, vinculado \u00e0 Secretaria da Pessoa com Defici\u00eancia (SPD). Formado por representantes do poder p\u00fablico e da sociedade civil, o COMDEF tem como miss\u00e3o promover, defender e acompanhar as pol\u00edticas p\u00fablicas voltadas \u00e0s pessoas com defici\u00eancia, assegurando a participa\u00e7\u00e3o social nas decis\u00f5es do munic\u00edpio. Por meio de reuni\u00f5es, comiss\u00f5es e consultas p\u00fablicas, o Conselho atua como um espa\u00e7o de di\u00e1logo e constru\u00e7\u00e3o coletiva, fortalecendo a inclus\u00e3o e o controle social das a\u00e7\u00f5es voltadas \u00e0 acessibilidade e aos direitos humanos.<\/p>\t\t\t\t\t\t\t\t<\/div>\n\t\t\t\t\t<\/div>\n\t\t\t\t<\/div>\n\t\t\t\t<\/div>\n\t\t","protected":false},"excerpt":{"rendered":"<p>O Conselho Municipal dos Direitos da Pessoa com Defici\u00eancia de Santo Andr\u00e9 (COMDEF) \u00e9 um \u00f3rg\u00e3o colegiado de car\u00e1ter consultivo,deliberativo e propositivo, vinculado \u00e0 Secretaria da Pessoa com Defici\u00eancia (SPD). Formado por representantes do poder p\u00fablico e da sociedade civil, o COMDEF tem como miss\u00e3o promover, defender e acompanhar as pol\u00edticas p\u00fablicas voltadas \u00e0s pessoas [&hellip;]<\/p>\n","protected":false},"author":96,"featured_media":0,"parent":0,"menu_order":0,"comment_status":"closed","ping_status":"closed","template":"","meta":{"footnotes":""},"class_list":["post-161","page","type-page","status-publish","hentry"],"_links":{"self":[{"href":"https:\/\/portais.santoandre.sp.gov.br\/pessoacomdeficiencia\/wp-json\/wp\/v2\/pages\/161","targetHints":{"allow":["GET"]}}],"collection":[{"href":"https:\/\/portais.santoandre.sp.gov.br\/pessoacomdeficiencia\/wp-json\/wp\/v2\/pages"}],"about":[{"href":"https:\/\/portais.santoandre.sp.gov.br\/pessoacomdeficiencia\/wp-json\/wp\/v2\/types\/page"}],"author":[{"embeddable":true,"href":"https:\/\/portais.santoandre.sp.gov.br\/pessoacomdeficiencia\/wp-json\/wp\/v2\/users\/96"}],"replies":[{"embeddable":true,"href":"https:\/\/portais.santoandre.sp.gov.br\/pessoacomdeficiencia\/wp-json\/wp\/v2\/comments?post=161"}],"version-history":[{"count":4,"href":"https:\/\/portais.santoandre.sp.gov.br\/pessoacomdeficiencia\/wp-json\/wp\/v2\/pages\/161\/revisions"}],"predecessor-version":[{"id":165,"href":"https:\/\/portais.santoandre.sp.gov.br\/pessoacomdeficiencia\/wp-json\/wp\/v2\/pages\/161\/revisions\/165"}],"wp:attachment":[{"href":"https:\/\/portais.santoandre.sp.gov.br\/pessoacomdeficiencia\/wp-json\/wp\/v2\/media?parent=161"}],"curies":[{"name":"wp","href":"https:\/\/api.w.org\/{rel}","templated":true}]}}