{"id":143,"date":"2025-10-14T14:38:30","date_gmt":"2025-10-14T17:38:30","guid":{"rendered":"https:\/\/portais.santoandre.sp.gov.br\/pessoacomdeficiencia\/?page_id=143"},"modified":"2025-10-20T14:37:10","modified_gmt":"2025-10-20T17:37:10","slug":"elementor-pagina-143","status":"publish","type":"page","link":"https:\/\/portais.santoandre.sp.gov.br\/pessoacomdeficiencia\/elementor-pagina-143\/","title":{"rendered":"A Secretaria"},"content":{"rendered":"\t\t<div data-elementor-type=\"wp-page\" data-elementor-id=\"143\" class=\"elementor elementor-143\" data-elementor-post-type=\"page\">\n\t\t\t\t<div class=\"elementor-element elementor-element-ef8946e e-flex e-con-boxed e-con e-parent\" data-id=\"ef8946e\" data-element_type=\"container\" data-e-type=\"container\">\n\t\t\t\t\t<div class=\"e-con-inner\">\n\t\t\t\t<div class=\"elementor-element elementor-element-120a4e9 elementor-widget elementor-widget-text-editor\" data-id=\"120a4e9\" data-element_type=\"widget\" data-e-type=\"widget\" data-widget_type=\"text-editor.default\">\n\t\t\t\t\t\t\t\t\t<h3><strong>Equipe<\/strong><\/h3><p class=\"p2\">Secret\u00e1ria <strong>Val\u00e9ria Romera Marcelino<\/strong><\/p><p class=\"p2\">Secret\u00e1ria Adjunta<strong> Laila Dell\u2019Antonia Scarassati<\/strong><\/p><p class=\"p2\"><strong>Departamento<\/strong><\/p><p class=\"p2\">DPIA &#8211; Projetos de Inclus\u00e3o e Acessibilidade<\/p><p class=\"p2\">\u25cf Centro de Refer\u00eancia da Pessoa com Defici\u00eancia<\/p><p class=\"p2\">\u25cf Programas de Aten\u00e7\u00e3o \u00e0 Pessoa com Defici\u00eancia<\/p>\t\t\t\t\t\t\t\t<\/div>\n\t\t\t\t\t<\/div>\n\t\t\t\t<\/div>\n\t\t\t\t<\/div>\n\t\t","protected":false},"excerpt":{"rendered":"<p>Equipe Secret\u00e1ria Val\u00e9ria Romera Marcelino Secret\u00e1ria Adjunta Laila Dell\u2019Antonia Scarassati Departamento DPIA &#8211; Projetos de Inclus\u00e3o e Acessibilidade \u25cf Centro de Refer\u00eancia da Pessoa com Defici\u00eancia \u25cf Programas de Aten\u00e7\u00e3o \u00e0 Pessoa com Defici\u00eancia<\/p>\n","protected":false},"author":96,"featured_media":0,"parent":0,"menu_order":0,"comment_status":"closed","ping_status":"closed","template":"","meta":{"footnotes":""},"class_list":["post-143","page","type-page","status-publish","hentry"],"_links":{"self":[{"href":"https:\/\/portais.santoandre.sp.gov.br\/pessoacomdeficiencia\/wp-json\/wp\/v2\/pages\/143","targetHints":{"allow":["GET"]}}],"collection":[{"href":"https:\/\/portais.santoandre.sp.gov.br\/pessoacomdeficiencia\/wp-json\/wp\/v2\/pages"}],"about":[{"href":"https:\/\/portais.santoandre.sp.gov.br\/pessoacomdeficiencia\/wp-json\/wp\/v2\/types\/page"}],"author":[{"embeddable":true,"href":"https:\/\/portais.santoandre.sp.gov.br\/pessoacomdeficiencia\/wp-json\/wp\/v2\/users\/96"}],"replies":[{"embeddable":true,"href":"https:\/\/portais.santoandre.sp.gov.br\/pessoacomdeficiencia\/wp-json\/wp\/v2\/comments?post=143"}],"version-history":[{"count":25,"href":"https:\/\/portais.santoandre.sp.gov.br\/pessoacomdeficiencia\/wp-json\/wp\/v2\/pages\/143\/revisions"}],"predecessor-version":[{"id":270,"href":"https:\/\/portais.santoandre.sp.gov.br\/pessoacomdeficiencia\/wp-json\/wp\/v2\/pages\/143\/revisions\/270"}],"wp:attachment":[{"href":"https:\/\/portais.santoandre.sp.gov.br\/pessoacomdeficiencia\/wp-json\/wp\/v2\/media?parent=143"}],"curies":[{"name":"wp","href":"https:\/\/api.w.org\/{rel}","templated":true}]}}