{"id":136,"date":"2025-10-14T14:34:20","date_gmt":"2025-10-14T17:34:20","guid":{"rendered":"https:\/\/portais.santoandre.sp.gov.br\/pessoacomdeficiencia\/?page_id=136"},"modified":"2025-10-15T13:16:40","modified_gmt":"2025-10-15T16:16:40","slug":"institucional","status":"publish","type":"page","link":"https:\/\/portais.santoandre.sp.gov.br\/pessoacomdeficiencia\/institucional\/","title":{"rendered":"A Secretaria"},"content":{"rendered":"\t\t<div data-elementor-type=\"wp-page\" data-elementor-id=\"136\" class=\"elementor elementor-136\" data-elementor-post-type=\"page\">\n\t\t\t\t<div class=\"elementor-element elementor-element-630bf5c e-flex e-con-boxed e-con e-parent\" data-id=\"630bf5c\" data-element_type=\"container\" data-e-type=\"container\">\n\t\t\t\t\t<div class=\"e-con-inner\">\n\t\t\t\t<div class=\"elementor-element elementor-element-7edf7e6 elementor-widget elementor-widget-text-editor\" data-id=\"7edf7e6\" data-element_type=\"widget\" data-e-type=\"widget\" data-widget_type=\"text-editor.default\">\n\t\t\t\t\t\t\t\t\t<h3><b>Institucional<\/b><\/h3><div><b>\u00a0<\/b><\/div><p class=\"p2\">S\u00e3o atribui\u00e7\u00f5es da SPD:<\/p><p class=\"p2\">\u25cf promover, em condi\u00e7\u00f5es de igualdade, o exerc\u00edcio dos direitos e liberdades fundamentais da pessoa com defici\u00eancia no Munic\u00edpio, visando a sua inclus\u00e3o social;<\/p><p class=\"p2\">\u25cf desenvolver projetos que contribuam para a adequada condu\u00e7\u00e3o das pol\u00edticas p\u00fablicas visando a melhoria da qualidade de vida das pessoas com defici\u00eancia e de suas fam\u00edlias;<\/p><p class=\"p2\">\u25cf reunir, analisar e divulgar dados estat\u00edsticos e anal\u00edticos relativos \u00e0 pessoa com defici\u00eancia residente no Munic\u00edpio e aos servi\u00e7os e pol\u00edticas p\u00fablicas voltadas a sua inclus\u00e3o na sociedade;<\/p><p class=\"p2\">\u25cf coordenar a implementa\u00e7\u00e3o de a\u00e7\u00f5es governamentais dirigidas \u00e0s pessoas com defici\u00eancia e a suas fam\u00edlias, atuando com as demais Secretarias para a melhoria da qualidade de vida desse segmento e de suas fam\u00edlias;<\/p><p class=\"p2\">\u25cf a formula\u00e7\u00e3o e a execu\u00e7\u00e3o, direta ou indiretamente, em parceria com institui\u00e7\u00f5es p\u00fablicas ou privadas, de programas,projetos e atividades para pessoas com defici\u00eancia e suas fam\u00edlias;<\/p><p class=\"p2\">\u25cf a conscientiza\u00e7\u00e3o dos diversos setores da sociedade sobre problemas, necessidades, potencialidades e direitos das pessoas com defici\u00eancia, abordando, tamb\u00e9m, as quest\u00f5es ligadas a seus familiares;<\/p><p class=\"p2\">\u25cf desempenhar outras atividades afins. Ao longo dos \u00faltimos anos, a SPD vem fortalecendo sua atua\u00e7\u00e3o integrada por meio de iniciativas que conectam diferentes setores e ampliam a presen\u00e7a da pol\u00edtica de inclus\u00e3o em toda a cidade.<\/p>\t\t\t\t\t\t\t\t<\/div>\n\t\t\t\t\t<\/div>\n\t\t\t\t<\/div>\n\t\t\t\t<\/div>\n\t\t","protected":false},"excerpt":{"rendered":"<p>Institucional \u00a0 S\u00e3o atribui\u00e7\u00f5es da SPD: \u25cf promover, em condi\u00e7\u00f5es de igualdade, o exerc\u00edcio dos direitos e liberdades fundamentais da pessoa com defici\u00eancia no Munic\u00edpio, visando a sua inclus\u00e3o social; \u25cf desenvolver projetos que contribuam para a adequada condu\u00e7\u00e3o das pol\u00edticas p\u00fablicas visando a melhoria da qualidade de vida das pessoas com defici\u00eancia e de [&hellip;]<\/p>\n","protected":false},"author":96,"featured_media":0,"parent":0,"menu_order":0,"comment_status":"closed","ping_status":"closed","template":"","meta":{"footnotes":""},"class_list":["post-136","page","type-page","status-publish","hentry"],"_links":{"self":[{"href":"https:\/\/portais.santoandre.sp.gov.br\/pessoacomdeficiencia\/wp-json\/wp\/v2\/pages\/136","targetHints":{"allow":["GET"]}}],"collection":[{"href":"https:\/\/portais.santoandre.sp.gov.br\/pessoacomdeficiencia\/wp-json\/wp\/v2\/pages"}],"about":[{"href":"https:\/\/portais.santoandre.sp.gov.br\/pessoacomdeficiencia\/wp-json\/wp\/v2\/types\/page"}],"author":[{"embeddable":true,"href":"https:\/\/portais.santoandre.sp.gov.br\/pessoacomdeficiencia\/wp-json\/wp\/v2\/users\/96"}],"replies":[{"embeddable":true,"href":"https:\/\/portais.santoandre.sp.gov.br\/pessoacomdeficiencia\/wp-json\/wp\/v2\/comments?post=136"}],"version-history":[{"count":28,"href":"https:\/\/portais.santoandre.sp.gov.br\/pessoacomdeficiencia\/wp-json\/wp\/v2\/pages\/136\/revisions"}],"predecessor-version":[{"id":242,"href":"https:\/\/portais.santoandre.sp.gov.br\/pessoacomdeficiencia\/wp-json\/wp\/v2\/pages\/136\/revisions\/242"}],"wp:attachment":[{"href":"https:\/\/portais.santoandre.sp.gov.br\/pessoacomdeficiencia\/wp-json\/wp\/v2\/media?parent=136"}],"curies":[{"name":"wp","href":"https:\/\/api.w.org\/{rel}","templated":true}]}}