{"id":36,"date":"2022-07-27T15:06:46","date_gmt":"2022-07-27T18:06:46","guid":{"rendered":"https:\/\/portais.santoandre.sp.gov.br\/ouvidoria-da-cidade\/?page_id=36"},"modified":"2022-09-02T17:53:27","modified_gmt":"2022-09-02T20:53:27","slug":"reclamacao-digital","status":"publish","type":"page","link":"https:\/\/portais.santoandre.sp.gov.br\/ouvidoria\/reclamacao-digital\/","title":{"rendered":"Reclama\u00e7\u00e3o digital"},"content":{"rendered":"\t\t<div data-elementor-type=\"wp-page\" data-elementor-id=\"36\" class=\"elementor elementor-36\" data-elementor-post-type=\"page\">\n\t\t\t\t\t\t<section class=\"elementor-section elementor-top-section elementor-element elementor-element-7cdc2fe5 elementor-section-boxed elementor-section-height-default elementor-section-height-default\" data-id=\"7cdc2fe5\" data-element_type=\"section\" data-e-type=\"section\" data-settings=\"{&quot;background_background&quot;:&quot;classic&quot;}\">\n\t\t\t\t\t\t\t<div class=\"elementor-background-overlay\"><\/div>\n\t\t\t\t\t\t\t<div class=\"elementor-container elementor-column-gap-default\">\n\t\t\t\t\t<div class=\"elementor-column elementor-col-100 elementor-top-column elementor-element elementor-element-63247c8e\" data-id=\"63247c8e\" data-element_type=\"column\" data-e-type=\"column\">\n\t\t\t<div class=\"elementor-widget-wrap elementor-element-populated\">\n\t\t\t\t\t\t<div class=\"elementor-element elementor-element-2cd3c398 elementor-widget elementor-widget-heading\" data-id=\"2cd3c398\" data-element_type=\"widget\" data-e-type=\"widget\" data-widget_type=\"heading.default\">\n\t\t\t\t<div class=\"elementor-widget-container\">\n\t\t\t\t\t<h2 class=\"elementor-heading-title elementor-size-default\">Reclama\u00e7\u00e3o digital<\/h2>\t\t\t\t<\/div>\n\t\t\t\t<\/div>\n\t\t\t\t<div class=\"elementor-element elementor-element-20eda46f elementor-widget elementor-widget-text-editor\" data-id=\"20eda46f\" data-element_type=\"widget\" data-e-type=\"widget\" data-widget_type=\"text-editor.default\">\n\t\t\t\t<div class=\"elementor-widget-container\">\n\t\t\t\t\t\t\t\t\t<p>Para reclamar use o formul\u00e1rio abaixo<\/p>\t\t\t\t\t\t\t\t<\/div>\n\t\t\t\t<\/div>\n\t\t\t\t\t<\/div>\n\t\t<\/div>\n\t\t\t\t\t<\/div>\n\t\t<\/section>\n\t\t\t\t<section class=\"elementor-section elementor-top-section elementor-element elementor-element-8d17901 elementor-section-boxed elementor-section-height-default elementor-section-height-default\" data-id=\"8d17901\" data-element_type=\"section\" data-e-type=\"section\">\n\t\t\t\t\t\t<div class=\"elementor-container elementor-column-gap-default\">\n\t\t\t\t\t<div class=\"elementor-column elementor-col-100 elementor-top-column elementor-element elementor-element-3fb6cb1\" data-id=\"3fb6cb1\" data-element_type=\"column\" data-e-type=\"column\">\n\t\t\t<div class=\"elementor-widget-wrap elementor-element-populated\">\n\t\t\t\t\t\t<div class=\"elementor-element elementor-element-a511bc3 elementor-widget elementor-widget-heading\" data-id=\"a511bc3\" data-element_type=\"widget\" data-e-type=\"widget\" data-widget_type=\"heading.default\">\n\t\t\t\t<div class=\"elementor-widget-container\">\n\t\t\t\t\t<h2 class=\"elementor-heading-title elementor-size-default\">Qual \u00e9 a sua op\u00e7\u00e3o:<\/h2>\t\t\t\t<\/div>\n\t\t\t\t<\/div>\n\t\t\t\t\t<\/div>\n\t\t<\/div>\n\t\t\t\t\t<\/div>\n\t\t<\/section>\n\t\t\t\t<section class=\"elementor-section elementor-top-section elementor-element elementor-element-4044cbf elementor-section-boxed elementor-section-height-default elementor-section-height-default\" data-id=\"4044cbf\" data-element_type=\"section\" data-e-type=\"section\">\n\t\t\t\t\t\t<div class=\"elementor-container elementor-column-gap-default\">\n\t\t\t\t\t<div class=\"elementor-column elementor-col-100 elementor-top-column elementor-element elementor-element-c361afd\" data-id=\"c361afd\" data-element_type=\"column\" data-e-type=\"column\">\n\t\t\t<div class=\"elementor-widget-wrap elementor-element-populated\">\n\t\t\t\t\t\t<div class=\"elementor-element elementor-element-f862396 elementor-widget elementor-widget-html\" data-id=\"f862396\" data-element_type=\"widget\" data-e-type=\"widget\" data-widget_type=\"html.default\">\n\t\t\t\t<div class=\"elementor-widget-container\">\n\t\t\t\t\t<iframe src=\"https:\/\/www.santoandre.sp.gov.br\/SIA\/PortalServico\/Ouvidoria\/frmReclamacao.aspx\" width=\"100%\" height=\"1100px\" frameborder=\"0\" scrolling=\"yes\" align=\"left\"> <\/iframe>\t\t\t\t<\/div>\n\t\t\t\t<\/div>\n\t\t\t\t\t<\/div>\n\t\t<\/div>\n\t\t\t\t\t<\/div>\n\t\t<\/section>\n\t\t\t\t<\/div>\n\t\t","protected":false},"excerpt":{"rendered":"<p>Reclama\u00e7\u00e3o digital Para reclamar use o formul\u00e1rio abaixo Qual \u00e9 a sua op\u00e7\u00e3o:<\/p>\n","protected":false},"author":2,"featured_media":0,"parent":0,"menu_order":0,"comment_status":"closed","ping_status":"closed","template":"elementor_header_footer","meta":{"footnotes":""},"class_list":["post-36","page","type-page","status-publish","hentry","entry"],"_links":{"self":[{"href":"https:\/\/portais.santoandre.sp.gov.br\/ouvidoria\/wp-json\/wp\/v2\/pages\/36","targetHints":{"allow":["GET"]}}],"collection":[{"href":"https:\/\/portais.santoandre.sp.gov.br\/ouvidoria\/wp-json\/wp\/v2\/pages"}],"about":[{"href":"https:\/\/portais.santoandre.sp.gov.br\/ouvidoria\/wp-json\/wp\/v2\/types\/page"}],"author":[{"embeddable":true,"href":"https:\/\/portais.santoandre.sp.gov.br\/ouvidoria\/wp-json\/wp\/v2\/users\/2"}],"replies":[{"embeddable":true,"href":"https:\/\/portais.santoandre.sp.gov.br\/ouvidoria\/wp-json\/wp\/v2\/comments?post=36"}],"version-history":[{"count":114,"href":"https:\/\/portais.santoandre.sp.gov.br\/ouvidoria\/wp-json\/wp\/v2\/pages\/36\/revisions"}],"predecessor-version":[{"id":1814,"href":"https:\/\/portais.santoandre.sp.gov.br\/ouvidoria\/wp-json\/wp\/v2\/pages\/36\/revisions\/1814"}],"wp:attachment":[{"href":"https:\/\/portais.santoandre.sp.gov.br\/ouvidoria\/wp-json\/wp\/v2\/media?parent=36"}],"curies":[{"name":"wp","href":"https:\/\/api.w.org\/{rel}","templated":true}]}}