{"id":574,"date":"2024-01-18T12:23:34","date_gmt":"2024-01-18T15:23:34","guid":{"rendered":"https:\/\/portais.santoandre.sp.gov.br\/observatoriomob\/?page_id=574"},"modified":"2025-12-09T09:59:27","modified_gmt":"2025-12-09T12:59:27","slug":"legislacao","status":"publish","type":"page","link":"https:\/\/portais.santoandre.sp.gov.br\/observatoriomob\/legislacao\/","title":{"rendered":"Legisla\u00e7\u00e3o"},"content":{"rendered":"\n<p><strong><span style=\"color: #030303\" class=\"stk-highlight\">Com o apoio da Prefeitura de Santo Andr\u00e9, foi realizado o levantamento de legisla\u00e7\u00e3o e normas vigentes relacionadas direta ou indiretamente ao tema da mobilidade urbana nas esferas municipal, estadual e federal.<\/span><\/strong><\/p>\n\n\n\n<p><span style=\"color: #000000\" class=\"stk-highlight\"><strong>N\u00edvel Municipal:<\/strong><\/span><\/p>\n\n\n\n<ul class=\"wp-block-list\">\n<li><span style=\"color: #080808\" class=\"stk-highlight\"><a href=\"http:\/\/www4.cmsandre.sp.gov.br:9000\/normas\/29209\">Lei Org\u00e2nica Municipal n\u00ba 1 de 08\/04\/1990;<\/a><\/span><\/li>\n\n\n\n<li><span style=\"color: #070707\" class=\"stk-highlight\"><a href=\"http:\/\/www4.cmsandre.sp.gov.br:9000\/normas\/15203\">Lei n\u00ba 8.065\/2000 \u2013 C\u00f3digo de Obras;<\/a><\/span><\/li>\n\n\n\n<li><span style=\"color: #030303\" class=\"stk-highlight\"><a href=\"http:\/\/www4.cmsandre.sp.gov.br:9000\/normas\/19564\">Decreto Municipal n\u00ba 14.587\/2000 (regulamenta o C\u00f3digo de Obras);<\/a><\/span><\/li>\n\n\n\n<li><span style=\"color: #080808\" class=\"stk-highlight\"><a href=\"http:\/\/www4.cmsandre.sp.gov.br:9000\/normas\/7900\">Lei n\u00ba 8.696\/2004 \u2013 Plano Diretor de Santo Andr\u00e9;<\/a><\/span><\/li>\n\n\n\n<li><span style=\"color: #050505\" class=\"stk-highlight\"><a href=\"http:\/\/www4.cmsandre.sp.gov.br:9000\/normas\/27481\">Lei n\u00ba 9.924\/2016 \u2013 Lei de Uso, Ocupa\u00e7\u00e3o e Parcelamento do Solo no Munic\u00edpio de Santo Andr\u00e9 (LUOPS);<\/a><\/span><\/li>\n\n\n\n<li><span style=\"color: #050505\" class=\"stk-highlight\"><a href=\"http:\/\/www4.cmsandre.sp.gov.br:9000\/normas\/20836\">Lei n\u00ba 8.966\/2007 \u2013 Zona Especial de Interesse Comercial A \u2013 ZEIC A;<\/a><\/span><\/li>\n\n\n\n<li><span style=\"color: #080808\" class=\"stk-highlight\"><a href=\"http:\/\/www4.cmsandre.sp.gov.br:9000\/normas\/18714\">Lei n\u00ba 6.715\/1990 \u2013 Gratuidade no Transporte Coletivo Municipal;<\/a><\/span><\/li>\n\n\n\n<li><span style=\"color: #050505\" class=\"stk-highlight\"><a href=\"http:\/\/www4.cmsandre.sp.gov.br:9000\/normas\/12961\">Lei n\u00ba 7.615\/1997 \u2013 Transportes P\u00fablicos;<\/a><\/span><\/li>\n\n\n\n<li><span style=\"color: #070707\" class=\"stk-highlight\"><a href=\"http:\/\/www4.cmsandre.sp.gov.br:9000\/normas\/25860\">Lei n\u00ba 9.811\/2016 \u2013 Embarque e desembarque de mulheres no per\u00edodo noturno;<\/a><\/span><\/li>\n\n\n\n<li><span style=\"color: #080808\" class=\"stk-highlight\"><a href=\"http:\/\/www4.cmsandre.sp.gov.br:9000\/normas\/28127\">Decreto Municipal n\u00ba 17.200\/2019 \u2013 Estatuto Social SA-TRANS;<\/a><\/span><\/li>\n\n\n\n<li><span style=\"color: #050505\" class=\"stk-highlight\"><a href=\"http:\/\/www4.cmsandre.sp.gov.br:9000\/normas\/29332\">Decreto Municipal n\u00ba 17.539\/2020 \u2013 Plano Municipal de A\u00e7\u00f5es Articuladas para as Pessoas com Defici\u00eancia;<\/a><\/span><\/li>\n\n\n\n<li><span style=\"color: #020202\" class=\"stk-highlight\"><a href=\"https:\/\/www.santoandre500anos.com.br\/_files\/ugd\/c5d2ac_24390bf1a39c42b6a3f9952641dab5c0.pdf\">Plano de Metas 2021-2024;<\/a><\/span><\/li>\n\n\n\n<li><span style=\"color: #050505\" class=\"stk-highlight\"><a href=\"https:\/\/www.santoandre500anos.com.br\/_files\/ugd\/c5d2ac_9e27b0509ccc4bdaaf3edc8c9c7e4619.pdf\">Plano Cidad\u00e3o Mirim Andreense.<\/a><\/span><\/li>\n<\/ul>\n\n\n\n<p><span style=\"color: #000000\" class=\"stk-highlight\"><strong>N\u00edvel Estadual:<\/strong><\/span><\/p>\n\n\n\n<ul class=\"wp-block-list\">\n<li><span style=\"color: #020202\" class=\"stk-highlight\"><a href=\"https:\/\/www.al.sp.gov.br\/repositorio\/legislacao\/lei\/2008\/lei-12907-15.04.2008.html\">Lei n\u00ba 12.907\/2008 \u2013 Acessibilidade<\/a>;<\/span><\/li>\n\n\n\n<li><span style=\"color: #0c0c0c\" class=\"stk-highlight\"><a href=\"https:\/\/www.al.sp.gov.br\/repositorio\/legislacao\/lei\/2019\/lei-16956-21.03.2019.html\">Lei n\u00ba 16.956\/2019 \u2013 Pol\u00edtica Estadual de Mobilidade Metropolitana<\/a>;<\/span><\/li>\n\n\n\n<li><span style=\"color: #030303\" class=\"stk-highlight\"><a href=\"https:\/\/www.al.sp.gov.br\/repositorio\/legislacao\/decreto\/2015\/decreto-61138-26.02.2015.html\">Decreto estadual n\u00ba 61.138\/2015 \u2013 GT Programa de Seguran\u00e7a Vi\u00e1ria estadual;<\/a><\/span><\/li>\n\n\n\n<li><span style=\"color: #070707\" class=\"stk-highlight\"><a href=\"https:\/\/al.sp.gov.br\/repositorio\/legislacao\/decreto\/2019\/decreto-64293-18.06.2019.html\">Decreto estadual n\u00ba 64.293\/2019 \u2013 Programa Respeito \u00e0 Vida<\/a><\/span><\/li>\n<\/ul>\n\n\n\n<p><strong><span style=\"color: #070707\" class=\"stk-highlight\">N\u00edvel Federal:<\/span><\/strong><\/p>\n\n\n\n<ul class=\"wp-block-list\">\n<li><span style=\"color: #020202\" class=\"stk-highlight\"><a href=\"https:\/\/www.planalto.gov.br\/ccivil_03\/leis\/l9503compilado.htm\">Lei n\u00ba 9.503\/1997 \u2013 C\u00f3digo de Tr\u00e2nsito Brasileiro;<\/a><\/span><\/li>\n\n\n\n<li><span style=\"color: #000000\" class=\"stk-highlight\"><a href=\"https:\/\/www.planalto.gov.br\/ccivil_03\/_ato2011-2014\/2012\/lei\/l12587.htm\">Lei n\u00ba 12.587\/2012 \u2013 Pol\u00edtica Nacional de Mobilidade Urbana;<\/a><\/span><\/li>\n\n\n\n<li><span style=\"color: #050505\" class=\"stk-highlight\"><a href=\"https:\/\/www.planalto.gov.br\/ccivil_03\/_ato2015-2018\/2018\/lei\/L13614.htm\">Lei n\u00ba 13.614\/2018 \u2013 Plano Nacional de Redu\u00e7\u00e3o de Mortes e Les\u00f5es no Tr\u00e2nsito (Pnatrans);<\/a><\/span><\/li>\n\n\n\n<li><span style=\"color: #020202\" class=\"stk-highlight\"><a href=\"https:\/\/www.gov.br\/transportes\/pt-br\/assuntos\/transito\/conteudo-contran\/resolucoes\/resolucao8702021.pdf\">Resolu\u00e7\u00e3o do Contran n\u00ba 870\/2021 \u2013 Plano Nacional de Redu\u00e7\u00e3o de Mortes e Les\u00f5es no Tr\u00e2nsito (Pnatrans);<\/a><\/span><\/li>\n\n\n\n<li><span style=\"color: #070707\" class=\"stk-highlight\"><a href=\"https:\/\/www.planalto.gov.br\/ccivil_03\/leis\/leis_2001\/l10257.htm\">Lei n\u00ba 10.257\/2001 \u2013 Estatuto da Cidade;<\/a><\/span><\/li>\n\n\n\n<li><span style=\"color: #000000\" class=\"stk-highlight\"><a href=\"https:\/\/www.planalto.gov.br\/ccivil_03\/leis\/l10098.htm\">Lei n\u00ba 10.098\/2000 \u2013 Lei da Acessibilidade;<\/a><\/span><\/li>\n\n\n\n<li><span style=\"color: #050505\" class=\"stk-highlight\"><a href=\"https:\/\/www.planalto.gov.br\/ccivil_03\/_ato2004-2006\/2004\/decreto\/d5296.htm#:~:text=Regulamenta%20as%20Leis%20nos,mobilidade%20reduzida%2C%20e%20d%C3%A1%20outras\">Decreto n\u00ba 5.296\/2004 \u2013 Atendimento priorit\u00e1rio e Acessibilidade;<\/a><\/span><\/li>\n\n\n\n<li><span style=\"color: #030303\" class=\"stk-highlight\"><a href=\"https:\/\/www.planalto.gov.br\/ccivil_03\/_ato2015-2018\/2015\/lei\/l13146.htm\">Lei n\u00ba 13.146\/2015 \u2013 Lei Brasileira de Inclus\u00e3o da Pessoa com Defici\u00eancia (Estatuto da Pessoa com Defici\u00eancia);<\/a><\/span><\/li>\n\n\n\n<li><span style=\"color: #020202\" class=\"stk-highlight\"><a href=\"https:\/\/www.totalacessibilidade.com.br\/pdf\/Norma_Sinaliza%C3%A7%C3%A3o_T%C3%A1til_No_Piso_Piso_T%C3%A1til_Total_Acessibilidade.pdf\">ABNT NBR 16.537\/2016 \u2013 Acessibilidade \u2013 Sinaliza\u00e7\u00e3o t\u00e1til no piso \u2013 Diretrizes para elabora\u00e7\u00e3o de projetos e instala\u00e7\u00e3o;<\/a><\/span><\/li>\n\n\n\n<li><span style=\"color: #050505\" class=\"stk-highlight\"><a href=\"https:\/\/www.causc.gov.br\/wp-content\/uploads\/2020\/09\/ABNT-NBR-9050-15-Acessibilidade-emenda-1_-03-08-2020.pdf\">ABNT NBR 9.050\/2020 \u2013 Acessibilidade a edifica\u00e7\u00f5es, mobili\u00e1rio, espa\u00e7os e equipamentos urbanos.<\/a><\/span><\/li>\n<\/ul>\n","protected":false},"excerpt":{"rendered":"<p>Com o apoio da Prefeitura de Santo Andr\u00e9, foi realizado o levantamento de legisla\u00e7\u00e3o e normas vigentes relacionadas direta ou indiretamente ao tema da mobilidade urbana nas esferas municipal, estadual e federal. N\u00edvel Municipal: N\u00edvel Estadual: N\u00edvel Federal:<\/p>\n","protected":false},"author":47,"featured_media":0,"parent":0,"menu_order":0,"comment_status":"closed","ping_status":"closed","template":"","meta":{"footnotes":""},"class_list":["post-574","page","type-page","status-publish","hentry"],"_links":{"self":[{"href":"https:\/\/portais.santoandre.sp.gov.br\/observatoriomob\/wp-json\/wp\/v2\/pages\/574","targetHints":{"allow":["GET"]}}],"collection":[{"href":"https:\/\/portais.santoandre.sp.gov.br\/observatoriomob\/wp-json\/wp\/v2\/pages"}],"about":[{"href":"https:\/\/portais.santoandre.sp.gov.br\/observatoriomob\/wp-json\/wp\/v2\/types\/page"}],"author":[{"embeddable":true,"href":"https:\/\/portais.santoandre.sp.gov.br\/observatoriomob\/wp-json\/wp\/v2\/users\/47"}],"replies":[{"embeddable":true,"href":"https:\/\/portais.santoandre.sp.gov.br\/observatoriomob\/wp-json\/wp\/v2\/comments?post=574"}],"version-history":[{"count":9,"href":"https:\/\/portais.santoandre.sp.gov.br\/observatoriomob\/wp-json\/wp\/v2\/pages\/574\/revisions"}],"predecessor-version":[{"id":1396,"href":"https:\/\/portais.santoandre.sp.gov.br\/observatoriomob\/wp-json\/wp\/v2\/pages\/574\/revisions\/1396"}],"wp:attachment":[{"href":"https:\/\/portais.santoandre.sp.gov.br\/observatoriomob\/wp-json\/wp\/v2\/media?parent=574"}],"curies":[{"name":"wp","href":"https:\/\/api.w.org\/{rel}","templated":true}]}}