{"id":539,"date":"2024-01-18T11:19:08","date_gmt":"2024-01-18T14:19:08","guid":{"rendered":"https:\/\/portais.santoandre.sp.gov.br\/observatoriomob\/?page_id=539"},"modified":"2026-03-12T11:05:22","modified_gmt":"2026-03-12T14:05:22","slug":"equipe","status":"publish","type":"page","link":"https:\/\/portais.santoandre.sp.gov.br\/observatoriomob\/equipe\/","title":{"rendered":"Planos e Manuais"},"content":{"rendered":"\n<figure class=\"wp-block-image size-large\"><img fetchpriority=\"high\" decoding=\"async\" width=\"1024\" height=\"213\" src=\"https:\/\/portais.santoandre.sp.gov.br\/observatoriomob\/wp-content\/uploads\/sites\/14\/2024\/10\/WhatsApp-Image-2024-10-16-at-16.12.53-1024x213.jpeg\" alt=\"\" class=\"wp-image-849\" srcset=\"https:\/\/portais.santoandre.sp.gov.br\/observatoriomob\/wp-content\/uploads\/sites\/14\/2024\/10\/WhatsApp-Image-2024-10-16-at-16.12.53-1024x213.jpeg 1024w, https:\/\/portais.santoandre.sp.gov.br\/observatoriomob\/wp-content\/uploads\/sites\/14\/2024\/10\/WhatsApp-Image-2024-10-16-at-16.12.53-300x62.jpeg 300w, https:\/\/portais.santoandre.sp.gov.br\/observatoriomob\/wp-content\/uploads\/sites\/14\/2024\/10\/WhatsApp-Image-2024-10-16-at-16.12.53-768x160.jpeg 768w, https:\/\/portais.santoandre.sp.gov.br\/observatoriomob\/wp-content\/uploads\/sites\/14\/2024\/10\/WhatsApp-Image-2024-10-16-at-16.12.53.jpeg 1280w\" sizes=\"(max-width: 1024px) 100vw, 1024px\" \/><\/figure>\n\n\n\n<p>O Plano de Mobilidade Urbana Sustent\u00e1vel de Santo Andr\u00e9 \u2013 PlanMob \u00e9 parte do Programa de Mobilidade Urbana Sustent\u00e1vel, que est\u00e1 sendo desenvolvido pela Prefeitura Municipal com apoio do Banco Interamericano de Desenvolvimento \u2013 BID. Al\u00e9m de atender ao artigo 24 da Lei Federal n\u00ba 12.587\/2012, que instituiu as diretrizes da Pol\u00edtica Nacional de Mobilidade Urbana, o PlanMob pretende estabelecer par\u00e2metros para a formula\u00e7\u00e3o e implementa\u00e7\u00e3o da pol\u00edtica de mobilidade urbana no munic\u00edpio, envolvendo todos os componentes do Sistema de Mobilidade Urbana para horizontes de curto prazo (5 anos), m\u00e9dio prazo (15 anos) e longo prazo (25 anos), com indica\u00e7\u00e3o de investimentos na amplia\u00e7\u00e3o e melhoria das infraestruturas urbanas e servi\u00e7os associados \u00e0s pol\u00edticas de mobilidade, transporte e circula\u00e7\u00e3o.<br><br>Este documento tem por objetivo apresentar uma s\u00edntese dos principais resultados do PlanMob, visando a sua divulga\u00e7\u00e3o para um p\u00fablico mais amplo, sem descuidar da preocupa\u00e7\u00e3o com o embasamento conceitual e t\u00e9cnico das propostas contidas no seu Plano de A\u00e7\u00f5es.<br><br>Acesse: <a href=\"https:\/\/web.santoandre.sp.gov.br\/imgeditor\/file\/SMU\/PlanMob%20Santo%20Andre%CC%81%20-%20Suma%CC%81rio%20Executivo%20(pg%20dupla%20-%20%20internet).pdf\">PlanMob &#8211; Sum\u00e1rio Executivo<\/a> <br><br>Santo Andr\u00e9 instituiu o Plano de Mobilidade Urbana Sustent\u00e1vel \u2013 PlanMob Santo Andr\u00e9, conforme a <a href=\"https:\/\/portais.santoandre.sp.gov.br\/observatoriomob\/wp-content\/uploads\/sites\/14\/2024\/10\/Lei-10.736_2023-PlanMob-Santo-Andre.pdf\">Lei n\u00ba 10.736, de 8 de dezembro de 2023<\/a>. O plano promove diretrizes para um transporte mais eficiente, seguro e integrado, priorizando modos sustent\u00e1veis como o transporte p\u00fablico, ciclismo e a mobilidade a p\u00e9, al\u00e9m de incentivar a redu\u00e7\u00e3o de emiss\u00f5es e a melhoria da qualidade de vida no munic\u00edpio.<\/p>\n\n\n\n<figure class=\"wp-block-image size-large\"><img decoding=\"async\" width=\"1024\" height=\"213\" src=\"https:\/\/portais.santoandre.sp.gov.br\/observatoriomob\/wp-content\/uploads\/sites\/14\/2024\/10\/WhatsApp-Image-2024-10-16-at-16.19.14-1024x213.jpeg\" alt=\"\" class=\"wp-image-850\" srcset=\"https:\/\/portais.santoandre.sp.gov.br\/observatoriomob\/wp-content\/uploads\/sites\/14\/2024\/10\/WhatsApp-Image-2024-10-16-at-16.19.14-1024x213.jpeg 1024w, https:\/\/portais.santoandre.sp.gov.br\/observatoriomob\/wp-content\/uploads\/sites\/14\/2024\/10\/WhatsApp-Image-2024-10-16-at-16.19.14-300x62.jpeg 300w, https:\/\/portais.santoandre.sp.gov.br\/observatoriomob\/wp-content\/uploads\/sites\/14\/2024\/10\/WhatsApp-Image-2024-10-16-at-16.19.14-768x160.jpeg 768w, https:\/\/portais.santoandre.sp.gov.br\/observatoriomob\/wp-content\/uploads\/sites\/14\/2024\/10\/WhatsApp-Image-2024-10-16-at-16.19.14.jpeg 1280w\" sizes=\"(max-width: 1024px) 100vw, 1024px\" \/><\/figure>\n\n\n\n<p>O Plano para a Mobilidade Segura e Inclusiva de Santo Andr\u00e9 visa ser uma ferramenta no planejamento das pol\u00edticas p\u00fablicas de seguran\u00e7a vi\u00e1ria de Santo Andr\u00e9, para o estabelecimento de um sistema de mobilidade que seja seguro e inclusivo, com objetivo central de zerar mortes e les\u00f5es graves no tr\u00e2nsito, priorizando sempre os modos ativos e coletivos e garantindo condi\u00e7\u00f5es de mobilidade adequadas a todos os cidad\u00e3os.<\/p>\n\n\n\n<p>Este plano \u00e9 parte integrante do Programa de Mobilidade Urbana Sustent\u00e1vel em desenvolvimento na cidade, que busca promover a mobilidade sustent\u00e1vel atrav\u00e9s da implanta\u00e7\u00e3o de um moderno sistema de transporte, que seja multimodal, integrado, com infraestruturas adequadas, que priorize os modos coletivos e n\u00e3o motorizados e integre n\u00facleos urbanos municipais e regionais. Tudo isso para melhorar o bem-estar e a qualidade de vida das pessoas, ampliando o acesso a oportunidades de emprego, sa\u00fade, educa\u00e7\u00e3o e lazer.<br><br>Acesse: <a href=\"https:\/\/portais.santoandre.sp.gov.br\/observatoriomob\/wp-content\/uploads\/sites\/14\/2026\/03\/PMSI-Santo-Andre-SP-P26-Sumario-Executivo-R0A.pdf\">PMSI &#8211; Sum\u00e1rio Executivo<\/a><\/p>\n\n\n\n<p><\/p>\n","protected":false},"excerpt":{"rendered":"<p>O Plano de Mobilidade Urbana Sustent\u00e1vel de Santo Andr\u00e9 \u2013 PlanMob \u00e9 parte do Programa de Mobilidade Urbana Sustent\u00e1vel, que est\u00e1 sendo desenvolvido pela Prefeitura Municipal com apoio do Banco Interamericano de Desenvolvimento \u2013 BID. Al\u00e9m de atender ao artigo 24 da Lei Federal n\u00ba 12.587\/2012, que instituiu as diretrizes da Pol\u00edtica Nacional de Mobilidade [&hellip;]<\/p>\n","protected":false},"author":47,"featured_media":0,"parent":0,"menu_order":0,"comment_status":"closed","ping_status":"closed","template":"","meta":{"footnotes":""},"class_list":["post-539","page","type-page","status-publish","hentry"],"_links":{"self":[{"href":"https:\/\/portais.santoandre.sp.gov.br\/observatoriomob\/wp-json\/wp\/v2\/pages\/539","targetHints":{"allow":["GET"]}}],"collection":[{"href":"https:\/\/portais.santoandre.sp.gov.br\/observatoriomob\/wp-json\/wp\/v2\/pages"}],"about":[{"href":"https:\/\/portais.santoandre.sp.gov.br\/observatoriomob\/wp-json\/wp\/v2\/types\/page"}],"author":[{"embeddable":true,"href":"https:\/\/portais.santoandre.sp.gov.br\/observatoriomob\/wp-json\/wp\/v2\/users\/47"}],"replies":[{"embeddable":true,"href":"https:\/\/portais.santoandre.sp.gov.br\/observatoriomob\/wp-json\/wp\/v2\/comments?post=539"}],"version-history":[{"count":31,"href":"https:\/\/portais.santoandre.sp.gov.br\/observatoriomob\/wp-json\/wp\/v2\/pages\/539\/revisions"}],"predecessor-version":[{"id":1572,"href":"https:\/\/portais.santoandre.sp.gov.br\/observatoriomob\/wp-json\/wp\/v2\/pages\/539\/revisions\/1572"}],"wp:attachment":[{"href":"https:\/\/portais.santoandre.sp.gov.br\/observatoriomob\/wp-json\/wp\/v2\/media?parent=539"}],"curies":[{"name":"wp","href":"https:\/\/api.w.org\/{rel}","templated":true}]}}