{"id":1506,"date":"2025-12-09T15:06:22","date_gmt":"2025-12-09T18:06:22","guid":{"rendered":"https:\/\/portais.santoandre.sp.gov.br\/observatoriomob\/?page_id=1506"},"modified":"2025-12-12T09:23:53","modified_gmt":"2025-12-12T12:23:53","slug":"fiscalizacao-eletronica-de-transito-radares","status":"publish","type":"page","link":"https:\/\/portais.santoandre.sp.gov.br\/observatoriomob\/fiscalizacao-eletronica-de-transito-radares\/","title":{"rendered":"Fiscaliza\u00e7\u00e3o Eletr\u00f4nica de Tr\u00e2nsito (Radares)"},"content":{"rendered":"\n<p><strong>Em atendimento \u00e0 resolu\u00e7\u00e3o 798 do CONTRAN de 02 de setembro de 2020<\/strong><\/p>\n\n\n\n<p>Para visualizar os radares no mapa acesse o&nbsp;<a href=\"https:\/\/siga.santoandre.sp.gov.br\/\">Portal SIGA<\/a><\/p>\n\n\n\n<div data-wp-interactive=\"core\/file\" class=\"wp-block-file\"><object data-wp-bind--hidden=\"!state.hasPdfPreview\" hidden class=\"wp-block-file__embed\" data=\"https:\/\/portais.santoandre.sp.gov.br\/observatoriomob\/wp-content\/uploads\/sites\/14\/2025\/12\/EQUIPAMENTOS-DE-FISCALIZACAO-ELETRONICA-atualizada-outubro-20251-1.pdf\" type=\"application\/pdf\" style=\"width:100%;height:950px\" aria-label=\"Incorporado de EQUIPAMENTOS-DE-FISCALIZACAO-ELETRONICA-atualizada-outubro-20251-1.\"><\/object><a id=\"wp-block-file--media-391fe96b-37f7-411b-9a76-783dd020c23b\" href=\"https:\/\/portais.santoandre.sp.gov.br\/observatoriomob\/wp-content\/uploads\/sites\/14\/2025\/12\/EQUIPAMENTOS-DE-FISCALIZACAO-ELETRONICA-atualizada-outubro-20251-1.pdf\">EQUIPAMENTOS-DE-FISCALIZACAO-ELETRONICA-atualizada-outubro-20251-1<\/a><a href=\"https:\/\/portais.santoandre.sp.gov.br\/observatoriomob\/wp-content\/uploads\/sites\/14\/2025\/12\/EQUIPAMENTOS-DE-FISCALIZACAO-ELETRONICA-atualizada-outubro-20251-1.pdf\" class=\"wp-block-file__button wp-element-button\" download aria-describedby=\"wp-block-file--media-391fe96b-37f7-411b-9a76-783dd020c23b\">Baixar<\/a><\/div>\n\n\n\n<p><\/p>\n","protected":false},"excerpt":{"rendered":"<p>Em atendimento \u00e0 resolu\u00e7\u00e3o 798 do CONTRAN de 02 de setembro de 2020 Para visualizar os radares no mapa acesse o&nbsp;Portal SIGA<\/p>\n","protected":false},"author":1,"featured_media":0,"parent":0,"menu_order":0,"comment_status":"closed","ping_status":"closed","template":"","meta":{"footnotes":""},"class_list":["post-1506","page","type-page","status-publish","hentry"],"_links":{"self":[{"href":"https:\/\/portais.santoandre.sp.gov.br\/observatoriomob\/wp-json\/wp\/v2\/pages\/1506","targetHints":{"allow":["GET"]}}],"collection":[{"href":"https:\/\/portais.santoandre.sp.gov.br\/observatoriomob\/wp-json\/wp\/v2\/pages"}],"about":[{"href":"https:\/\/portais.santoandre.sp.gov.br\/observatoriomob\/wp-json\/wp\/v2\/types\/page"}],"author":[{"embeddable":true,"href":"https:\/\/portais.santoandre.sp.gov.br\/observatoriomob\/wp-json\/wp\/v2\/users\/1"}],"replies":[{"embeddable":true,"href":"https:\/\/portais.santoandre.sp.gov.br\/observatoriomob\/wp-json\/wp\/v2\/comments?post=1506"}],"version-history":[{"count":3,"href":"https:\/\/portais.santoandre.sp.gov.br\/observatoriomob\/wp-json\/wp\/v2\/pages\/1506\/revisions"}],"predecessor-version":[{"id":1514,"href":"https:\/\/portais.santoandre.sp.gov.br\/observatoriomob\/wp-json\/wp\/v2\/pages\/1506\/revisions\/1514"}],"wp:attachment":[{"href":"https:\/\/portais.santoandre.sp.gov.br\/observatoriomob\/wp-json\/wp\/v2\/media?parent=1506"}],"curies":[{"name":"wp","href":"https:\/\/api.w.org\/{rel}","templated":true}]}}