{"id":1481,"date":"2025-12-09T14:11:17","date_gmt":"2025-12-09T17:11:17","guid":{"rendered":"https:\/\/portais.santoandre.sp.gov.br\/observatoriomob\/?page_id=1481"},"modified":"2025-12-09T14:54:58","modified_gmt":"2025-12-09T17:54:58","slug":"legislacao-de-transito","status":"publish","type":"page","link":"https:\/\/portais.santoandre.sp.gov.br\/observatoriomob\/legislacao-de-transito\/","title":{"rendered":"Legisla\u00e7\u00e3o de Tr\u00e2nsito"},"content":{"rendered":"\n<h3 class=\"wp-block-heading\">\u00cdndice<\/h3>\n\n\n\n<ul class=\"wp-block-list\">\n<li><a href=\"#Federal\">Legisla\u00e7\u00e3o Federal<\/a><\/li>\n\n\n\n<li>L<a href=\"#Estadual\">egisla\u00e7\u00e3o Estadual<\/a><\/li>\n\n\n\n<li><a href=\"#Municipal\">Legisla\u00e7\u00e3o Municipal<\/a><\/li>\n<\/ul>\n\n\n\n<div style=\"height:100px\" aria-hidden=\"true\" id=\"Federal\" class=\"wp-block-spacer\"><\/div>\n\n\n\n<h3 class=\"wp-block-heading\">Legisla\u00e7\u00e3o Federal<\/h3>\n\n\n\n<figure class=\"wp-block-table is-style-stripes\"><table><tbody><tr><td>Decreto n\u00ba 5.296\/04 (acessibilidade)<\/td><\/tr><tr><td>Delibera\u00e7\u00f5es CONTRAN<\/td><\/tr><tr><td>Lei n\u00ba 10.048\/00 (acessibilidade)<\/td><\/tr><tr><td>Lei n\u00ba 10.098\/00 (acessibilidade)<\/td><\/tr><tr><td>Lei n\u00ba 11.705\/08 (Lei Seca)<\/td><\/tr><tr><td>Lei n\u00ba 7.405\/85 (obrigatoriedade do s\u00edmbolo internacional de acesso)<\/td><\/tr><tr><td>Lei n\u00ba 9.503\/97 \u2013 C\u00f3digo de Tr\u00e2nsito Brasileiro \u2013 CTB<\/td><\/tr><tr><td>Portarias DENATRAN<\/td><\/tr><tr><td>Resolu\u00e7\u00f5es CONTRAN<\/td><\/tr><tr><td><a href=\"https:\/\/portais.santoandre.sp.gov.br\/observatoriomob\/wp-content\/uploads\/sites\/14\/2025\/12\/nbr-9050_2004.pdf\">NBR 9.050\/04 (acessibilidade)<\/a><\/td><\/tr><\/tbody><\/table><\/figure>\n\n\n\n<div style=\"height:100px\" aria-hidden=\"true\" id=\"Estadual\" class=\"wp-block-spacer\"><\/div>\n\n\n\n<h3 class=\"wp-block-heading\">Legisla\u00e7\u00e3o Estadual<\/h3>\n\n\n\n<figure class=\"wp-block-table is-style-stripes\"><table><tbody><tr><td><a href=\"https:\/\/portais.santoandre.sp.gov.br\/observatoriomob\/wp-content\/uploads\/sites\/14\/2025\/12\/LEI_NR_12907_de_15_04_2008.pdf\">Lei n\u00ba 12.907\/08 (acessibilidade)<\/a><\/td><\/tr><\/tbody><\/table><\/figure>\n\n\n\n<div style=\"height:100px\" aria-hidden=\"true\" id=\"Municipal\" class=\"wp-block-spacer\"><\/div>\n\n\n\n<h3 class=\"wp-block-heading\">Legisla\u00e7\u00e3o Municipal<\/h3>\n\n\n\n<figure class=\"wp-block-table is-style-stripes\"><table><tbody><tr><td><a href=\"https:\/\/portais.santoandre.sp.gov.br\/observatoriomob\/wp-content\/uploads\/sites\/14\/2025\/12\/lei_nr_9394_2012.zip\">Lei n\u00ba 9.394\/12 (Plano Diretor)<\/a><\/td><\/tr><tr><td><a href=\"https:\/\/portais.santoandre.sp.gov.br\/observatoriomob\/wp-content\/uploads\/sites\/14\/2025\/12\/QUADRO_3_ANEXO_3_3-Lei_8836_06_LUOPS-1.pdf\">Lei n\u00ba 8.836\/06 (Lei de Uso, Ocupa\u00e7\u00e3o e Parcelamento da Macrozona Urbana do Munic\u00edpio de Santo Andr\u00e9 \u2013 LUOPS)<\/a><\/td><\/tr><tr><td><a href=\"https:\/\/portais.santoandre.sp.gov.br\/observatoriomob\/wp-content\/uploads\/sites\/14\/2025\/12\/Anexos_da_Lei_8836_06_LUOPS.pdf\">Anexos da Lei n\u00ba 8.836\/06 (Luops)<\/a><\/td><\/tr><tr><td><a href=\"https:\/\/portais.santoandre.sp.gov.br\/observatoriomob\/wp-content\/uploads\/sites\/14\/2025\/12\/LEI_NR_8.065_2000_Codigo_de_Obras.pdf\">Lei n\u00ba 8.065\/00 (C\u00f3digo de Obras e Edifica\u00e7\u00f5es do Munic\u00edpio de Santo Andr\u00e9 \u2013 COESA; em especial ao disposto nos T\u00edtulos XII e XVI)<\/a><\/td><\/tr><tr><td><a href=\"https:\/\/portais.santoandre.sp.gov.br\/observatoriomob\/wp-content\/uploads\/sites\/14\/2025\/12\/DECRETO_NR_14.587_2000_-_Regulamenta_o_COESA.pdf\">Decreto Municipal n.\u00ba 14.587\/2000 (regulamenta o COESA)<\/a><\/td><\/tr><tr><td><a href=\"https:\/\/portais.santoandre.sp.gov.br\/observatoriomob\/wp-content\/uploads\/sites\/14\/2025\/12\/LEI_NR_3.595_1971_-_Guias_Passeios.pdf\">Lei n\u00ba 3.595\/71 (guias, passeios)<\/a><\/td><\/tr><tr><td><a href=\"https:\/\/portais.santoandre.sp.gov.br\/observatoriomob\/wp-content\/uploads\/sites\/14\/2025\/12\/LEI_NR_8.612_2004_-_Valet_Service.pdf\">Lei n\u00ba 8.612\/04 (Valet Service)<\/a><\/td><\/tr><tr><td><a href=\"https:\/\/portais.santoandre.sp.gov.br\/observatoriomob\/wp-content\/uploads\/sites\/14\/2025\/12\/Resolucao_DST_Nr_01_de_16_12_09-Idoso.pdf\">Resolu\u00e7\u00e3o n\u00b0 01\/09 Cart\u00e3o Idoso<\/a><\/td><\/tr><tr><td><a href=\"https:\/\/portais.santoandre.sp.gov.br\/observatoriomob\/wp-content\/uploads\/sites\/14\/2025\/12\/Resolucao_DST_N_02_de_16_12_09-Defis.pdf\">Resolu\u00e7\u00e3o n\u00b0 02\/09 Cart\u00e3o da Pessoa com Defici\u00eancia<\/a><\/td><\/tr><\/tbody><\/table><\/figure>\n","protected":false},"excerpt":{"rendered":"<p>\u00cdndice Legisla\u00e7\u00e3o Federal Decreto n\u00ba 5.296\/04 (acessibilidade) Delibera\u00e7\u00f5es CONTRAN Lei n\u00ba 10.048\/00 (acessibilidade) Lei n\u00ba 10.098\/00 (acessibilidade) Lei n\u00ba 11.705\/08 (Lei Seca) Lei n\u00ba 7.405\/85 (obrigatoriedade do s\u00edmbolo internacional de acesso) Lei n\u00ba 9.503\/97 \u2013 C\u00f3digo de Tr\u00e2nsito Brasileiro \u2013 CTB Portarias DENATRAN Resolu\u00e7\u00f5es CONTRAN NBR 9.050\/04 (acessibilidade) Legisla\u00e7\u00e3o Estadual Lei n\u00ba 12.907\/08 (acessibilidade) Legisla\u00e7\u00e3o [&hellip;]<\/p>\n","protected":false},"author":1,"featured_media":0,"parent":0,"menu_order":0,"comment_status":"closed","ping_status":"closed","template":"","meta":{"footnotes":""},"class_list":["post-1481","page","type-page","status-publish","hentry"],"_links":{"self":[{"href":"https:\/\/portais.santoandre.sp.gov.br\/observatoriomob\/wp-json\/wp\/v2\/pages\/1481","targetHints":{"allow":["GET"]}}],"collection":[{"href":"https:\/\/portais.santoandre.sp.gov.br\/observatoriomob\/wp-json\/wp\/v2\/pages"}],"about":[{"href":"https:\/\/portais.santoandre.sp.gov.br\/observatoriomob\/wp-json\/wp\/v2\/types\/page"}],"author":[{"embeddable":true,"href":"https:\/\/portais.santoandre.sp.gov.br\/observatoriomob\/wp-json\/wp\/v2\/users\/1"}],"replies":[{"embeddable":true,"href":"https:\/\/portais.santoandre.sp.gov.br\/observatoriomob\/wp-json\/wp\/v2\/comments?post=1481"}],"version-history":[{"count":8,"href":"https:\/\/portais.santoandre.sp.gov.br\/observatoriomob\/wp-json\/wp\/v2\/pages\/1481\/revisions"}],"predecessor-version":[{"id":1504,"href":"https:\/\/portais.santoandre.sp.gov.br\/observatoriomob\/wp-json\/wp\/v2\/pages\/1481\/revisions\/1504"}],"wp:attachment":[{"href":"https:\/\/portais.santoandre.sp.gov.br\/observatoriomob\/wp-json\/wp\/v2\/media?parent=1481"}],"curies":[{"name":"wp","href":"https:\/\/api.w.org\/{rel}","templated":true}]}}