{"id":1467,"date":"2025-12-09T13:45:35","date_gmt":"2025-12-09T16:45:35","guid":{"rendered":"https:\/\/portais.santoandre.sp.gov.br\/observatoriomob\/?page_id=1467"},"modified":"2025-12-09T13:49:50","modified_gmt":"2025-12-09T16:49:50","slug":"manuais-tecnicos","status":"publish","type":"page","link":"https:\/\/portais.santoandre.sp.gov.br\/observatoriomob\/manuais-tecnicos\/","title":{"rendered":"Manuais T\u00e9cnicos"},"content":{"rendered":"\n<figure class=\"wp-block-table is-style-stripes\"><table><tbody><tr><td>1<\/td><td>Resolu\u00e7\u00e3o CONTRAN n\u00ba 180\/05  &#8211; Regulamenta\u00e7\u00e3o de Sinaliza\u00e7\u00e3o Vertical<br>(<span style=\"color: #cf2e2e;\" class=\"stk-highlight\">material indispon\u00edvel no momento<\/span>)<\/td><\/tr><tr><td>2<\/td><td><a href=\"https:\/\/portais.santoandre.sp.gov.br\/observatoriomob\/wp-content\/uploads\/sites\/14\/2025\/12\/resolucao_contran_180_05_regulamentacao.pdf\">Resolu\u00e7\u00e3o CONTRAN n\u00ba 180\/05 \u2013 Regulamenta\u00e7\u00e3o<\/a><\/td><\/tr><tr><td>3<\/td><td><a href=\"https:\/\/portais.santoandre.sp.gov.br\/observatoriomob\/wp-content\/uploads\/sites\/14\/2025\/12\/resolucao_contran_180_06_retificacao_1.pdf\">Resolu\u00e7\u00e3o CONTRAN n\u00ba 180\/06 \u2013 Retifica\u00e7\u00e3o<\/a><\/td><\/tr><tr><td>4<\/td><td><a href=\"https:\/\/portais.santoandre.sp.gov.br\/observatoriomob\/wp-content\/uploads\/sites\/14\/2025\/12\/resolucao_contran_180_07_retificacao_2.pdf\">Resolu\u00e7\u00e3o CONTRAN n\u00ba 180\/07 \u2013 Retifica\u00e7\u00e3o<\/a><\/td><\/tr><tr><td>5<\/td><td><a href=\"https:\/\/portais.santoandre.sp.gov.br\/observatoriomob\/wp-content\/uploads\/sites\/14\/2025\/12\/resolucao_contran_236_07_horizontal.pdf\">Resolu\u00e7\u00e3o CONTRAN n\u00ba 236\/07 &#8211; Sinaliza\u00e7\u00e3o Horizontal<\/a><\/td><\/tr><tr><td>6<\/td><td><a href=\"https:\/\/portais.santoandre.sp.gov.br\/observatoriomob\/wp-content\/uploads\/sites\/14\/2025\/12\/resolucao_contran_243_07_advertencia.pdf\">Resolu\u00e7\u00e3o CONTRAN n\u00ba 243\/07 &#8211; Sinaliza\u00e7\u00e3o Vertical de Advert\u00eancia<\/a><\/td><\/tr><tr><td>7<\/td><td><a href=\"https:\/\/portais.santoandre.sp.gov.br\/observatoriomob\/wp-content\/uploads\/sites\/14\/2025\/12\/MBFT-Manual_Brasileiro_de_Fiscalizacao_de_Transito-Volume_I.zip\">Resolu\u00e7\u00e3o CONTRAN n\u00ba 371\/10 \u2013 Manual Brasileiro de Fiscaliza\u00e7\u00e3o de Transito (Volume I)<\/a><\/td><\/tr><tr><td>8<\/td><td>Boletim T\u00e9cnico n\u00ba 32 da CET\/SP<br>(<span style=\"color: #cf2e2e;\" class=\"stk-highlight\">material indispon\u00edvel no momento<\/span>)<\/td><\/tr><tr><td>9<\/td><td><a href=\"https:\/\/portais.santoandre.sp.gov.br\/observatoriomob\/wp-content\/uploads\/sites\/14\/2025\/12\/boletim_tecnico_36-polos_geradores_trafego_ii.pdf\">Boletim T\u00e9cnico n\u00ba 36 da CET\/SP<\/a><\/td><\/tr><tr><td>10<\/td><td>Manual de Sem\u00e1foros \u2013 Denatran<br>(<span style=\"color: #cf2e2e;\" class=\"stk-highlight\">material indispon\u00edvel no momento<\/span>)<\/td><\/tr><tr><td>11<\/td><td>Manual de Projetos de Intersec\u00e7\u00f5es em n\u00edvel n\u00e3o semaforizada em \u00e1reas urbanas \u2013 DENATRAN<br>(<span style=\"color: #cf2e2e;\" class=\"stk-highlight\">material indispon\u00edvel no momento<\/span>)<\/td><\/tr><\/tbody><\/table><\/figure>\n\n\n\n<p><\/p>\n","protected":false},"excerpt":{"rendered":"<p>1 Resolu\u00e7\u00e3o CONTRAN n\u00ba 180\/05 &#8211; Regulamenta\u00e7\u00e3o de Sinaliza\u00e7\u00e3o Vertical(material indispon\u00edvel no momento) 2 Resolu\u00e7\u00e3o CONTRAN n\u00ba 180\/05 \u2013 Regulamenta\u00e7\u00e3o 3 Resolu\u00e7\u00e3o CONTRAN n\u00ba 180\/06 \u2013 Retifica\u00e7\u00e3o 4 Resolu\u00e7\u00e3o CONTRAN n\u00ba 180\/07 \u2013 Retifica\u00e7\u00e3o 5 Resolu\u00e7\u00e3o CONTRAN n\u00ba 236\/07 &#8211; Sinaliza\u00e7\u00e3o Horizontal 6 Resolu\u00e7\u00e3o CONTRAN n\u00ba 243\/07 &#8211; Sinaliza\u00e7\u00e3o Vertical de Advert\u00eancia 7 Resolu\u00e7\u00e3o CONTRAN [&hellip;]<\/p>\n","protected":false},"author":1,"featured_media":0,"parent":0,"menu_order":0,"comment_status":"closed","ping_status":"closed","template":"","meta":{"footnotes":""},"class_list":["post-1467","page","type-page","status-publish","hentry"],"_links":{"self":[{"href":"https:\/\/portais.santoandre.sp.gov.br\/observatoriomob\/wp-json\/wp\/v2\/pages\/1467","targetHints":{"allow":["GET"]}}],"collection":[{"href":"https:\/\/portais.santoandre.sp.gov.br\/observatoriomob\/wp-json\/wp\/v2\/pages"}],"about":[{"href":"https:\/\/portais.santoandre.sp.gov.br\/observatoriomob\/wp-json\/wp\/v2\/types\/page"}],"author":[{"embeddable":true,"href":"https:\/\/portais.santoandre.sp.gov.br\/observatoriomob\/wp-json\/wp\/v2\/users\/1"}],"replies":[{"embeddable":true,"href":"https:\/\/portais.santoandre.sp.gov.br\/observatoriomob\/wp-json\/wp\/v2\/comments?post=1467"}],"version-history":[{"count":3,"href":"https:\/\/portais.santoandre.sp.gov.br\/observatoriomob\/wp-json\/wp\/v2\/pages\/1467\/revisions"}],"predecessor-version":[{"id":1479,"href":"https:\/\/portais.santoandre.sp.gov.br\/observatoriomob\/wp-json\/wp\/v2\/pages\/1467\/revisions\/1479"}],"wp:attachment":[{"href":"https:\/\/portais.santoandre.sp.gov.br\/observatoriomob\/wp-json\/wp\/v2\/media?parent=1467"}],"curies":[{"name":"wp","href":"https:\/\/api.w.org\/{rel}","templated":true}]}}