{"id":1464,"date":"2025-12-09T13:28:45","date_gmt":"2025-12-09T16:28:45","guid":{"rendered":"https:\/\/portais.santoandre.sp.gov.br\/observatoriomob\/?page_id=1464"},"modified":"2025-12-09T13:28:45","modified_gmt":"2025-12-09T16:28:45","slug":"sites-recomendados","status":"publish","type":"page","link":"https:\/\/portais.santoandre.sp.gov.br\/observatoriomob\/sites-recomendados\/","title":{"rendered":"Sites Recomendados"},"content":{"rendered":"\n<figure class=\"wp-block-table is-style-stripes\"><table><tbody><tr><td>1<\/td><td><a href=\"https:\/\/www3.santoandre.sp.gov.br\/portaldotransito\/index.php?view=weblink&amp;catid=7%3Asites-recomendados&amp;id=17%3Asecretaria-de-transporte-da-prefeitura-de-sao-paulo&amp;option=com_weblinks&amp;Itemid=20\">Secret\u00e1ria de Transporte da Prefeitura de S\u00e3o Paulo<\/a><\/td><\/tr><tr><td>2<\/td><td><a href=\"https:\/\/www3.santoandre.sp.gov.br\/portaldotransito\/index.php?view=weblink&amp;catid=7%3Asites-recomendados&amp;id=18%3Aagencia-de-transporte-do-estado-de-sao-paulo&amp;option=com_weblinks&amp;Itemid=20\">Ag\u00eancia de Transporte do Estado de S\u00e3o Paulo<\/a><\/td><\/tr><tr><td>3<\/td><td><a href=\"https:\/\/www3.santoandre.sp.gov.br\/portaldotransito\/index.php?view=weblink&amp;catid=7%3Asites-recomendados&amp;id=19%3Acet-companhia-de-engenharia-de-trafego&amp;option=com_weblinks&amp;Itemid=20\">CET \u2013 Companhia de Engenharia de Tr\u00e1fego<\/a><\/td><\/tr><tr><td>4<\/td><td><a href=\"https:\/\/www3.santoandre.sp.gov.br\/portaldotransito\/index.php?view=weblink&amp;catid=7%3Asites-recomendados&amp;id=20%3Acetesb-companhia-de-tecnologia-de-saneamento-ambiental&amp;option=com_weblinks&amp;Itemid=20\">CETESB \u2013 Companhia de Tecnologia de Saneamento Ambiental<\/a><\/td><\/tr><tr><td>5<\/td><td><a href=\"https:\/\/www3.santoandre.sp.gov.br\/portaldotransito\/index.php?view=weblink&amp;catid=7%3Asites-recomendados&amp;id=21%3Asao-paulo-em-movimento-secretaria-municipal-de-transportes&amp;option=com_weblinks&amp;Itemid=20\">S\u00e3o Paulo em Movimento \u2013 Secretaria Municipal de Transportes<\/a><\/td><\/tr><tr><td>6<\/td><td><a href=\"https:\/\/www3.santoandre.sp.gov.br\/portaldotransito\/index.php?view=weblink&amp;catid=7%3Asites-recomendados&amp;id=22%3Aassociacao-nacional-de-transportes-publicos&amp;option=com_weblinks&amp;Itemid=20\">Associa\u00e7\u00e3o Nacional de Transportes P\u00fablicos<\/a><\/td><\/tr><tr><td>7<\/td><td><a href=\"https:\/\/www3.santoandre.sp.gov.br\/portaldotransito\/index.php?view=weblink&amp;catid=7%3Asites-recomendados&amp;id=23%3Amuseu-virtual-do-transporte-urbano&amp;option=com_weblinks&amp;Itemid=20\">Museu Virtual do Transporte Urbano<\/a><\/td><\/tr><tr><td>8<\/td><td><a href=\"https:\/\/www3.santoandre.sp.gov.br\/portaldotransito\/index.php?view=weblink&amp;catid=7%3Asites-recomendados&amp;id=24%3Ametropolis-associacao-mundial-das-grandes-metropoles&amp;option=com_weblinks&amp;Itemid=20\">Metropolis \u2013 Associa\u00e7\u00e3o Mundial das Grandes Metr\u00f3poles<\/a><\/td><\/tr><tr><td>9<\/td><td><a href=\"https:\/\/www3.santoandre.sp.gov.br\/portaldotransito\/index.php?view=weblink&amp;catid=7%3Asites-recomendados&amp;id=25%3Atrb-transportation-research-board-eua&amp;option=com_weblinks&amp;Itemid=20\">TRB-Transportation Research Board \u2013 EUA<\/a><\/td><\/tr><tr><td>10<\/td><td><a href=\"https:\/\/www3.santoandre.sp.gov.br\/portaldotransito\/index.php?view=weblink&amp;catid=7%3Asites-recomendados&amp;id=26%3Aamerican-public-transportation-association&amp;option=com_weblinks&amp;Itemid=20\">American Public Transportation Association<\/a><\/td><\/tr><tr><td>11<\/td><td><a href=\"https:\/\/www3.santoandre.sp.gov.br\/portaldotransito\/index.php?view=weblink&amp;catid=7%3Asites-recomendados&amp;id=28%3Aicl-institute-for-city-logistics--japao&amp;option=com_weblinks&amp;Itemid=20\">ICL-Institute for City Logistics \u2013 Jap\u00e3o<\/a><\/td><\/tr><tr><td>12<\/td><td><a href=\"https:\/\/www3.santoandre.sp.gov.br\/portaldotransito\/index.php?view=weblink&amp;catid=7%3Asites-recomendados&amp;id=29%3Asutp-sustainable-urban-transport-project&amp;option=com_weblinks&amp;Itemid=20\">SUTP \u2013 Sustainable Urban Transport Project<\/a><\/td><\/tr><tr><td>13<\/td><td><a href=\"https:\/\/www3.santoandre.sp.gov.br\/portaldotransito\/index.php?view=weblink&amp;catid=7%3Asites-recomendados&amp;id=30%3Apredit-programme-de-recherche-et-dinnovation-dans-les-transports-terrestres&amp;option=com_weblinks&amp;Itemid=20\">REDIT-Programme de Recherche et d`Innovation dans les Transports Terrestres<\/a><\/td><\/tr><tr><td>14<\/td><td><a href=\"https:\/\/www3.santoandre.sp.gov.br\/portaldotransito\/index.php?view=weblink&amp;catid=7%3Asites-recomendados&amp;id=31%3Agart-groupement-des-authorites-responsables-de-transports&amp;option=com_weblinks&amp;Itemid=20\">GART-Groupement des Authorit\u00e9s Responsables de Transports<\/a><\/td><\/tr><tr><td>15<\/td><td><a href=\"https:\/\/www3.santoandre.sp.gov.br\/portaldotransito\/index.php?view=weblink&amp;catid=7%3Asites-recomendados&amp;id=32%3Atmv-transports-de-marchandises-em-ville&amp;option=com_weblinks&amp;Itemid=20\">TMV-Transports de Marchandises em Ville<\/a><\/td><\/tr><tr><td>16<\/td><td><a href=\"https:\/\/www3.santoandre.sp.gov.br\/portaldotransito\/index.php?view=weblink&amp;catid=7%3Asites-recomendados&amp;id=33%3Avictoria-transport-policy-institute-canada&amp;option=com_weblinks&amp;Itemid=20\">Victoria Transport Policy Institute \u2013 Canad\u00e1<\/a><\/td><\/tr><tr><td>17<\/td><td><a href=\"https:\/\/www3.santoandre.sp.gov.br\/portaldotransito\/index.php?view=weblink&amp;catid=7%3Asites-recomendados&amp;id=34%3Anetwork-on-urban-mobility-and-transport-policies&amp;option=com_weblinks&amp;Itemid=20\">Network on Urban Mobility and Transport Policies<\/a><\/td><\/tr><tr><td>18<\/td><td><a href=\"https:\/\/www3.santoandre.sp.gov.br\/portaldotransito\/index.php?view=weblink&amp;catid=7%3Asites-recomendados&amp;id=35%3Acleaner-and-better-transport-in-cities&amp;option=com_weblinks&amp;Itemid=20\">Cleaner and better transport in cities<\/a><\/td><\/tr><tr><td>19<\/td><td><a href=\"https:\/\/www3.santoandre.sp.gov.br\/portaldotransito\/index.php?view=weblink&amp;catid=7%3Asites-recomendados&amp;id=80%3Arede-pgv-polos-geradores-de-viagens-&amp;option=com_weblinks&amp;Itemid=20\">Rede PGV (Polos Geradores de Viagens)<\/a><\/td><\/tr><\/tbody><\/table><\/figure>\n","protected":false},"excerpt":{"rendered":"<p>1 Secret\u00e1ria de Transporte da Prefeitura de S\u00e3o Paulo 2 Ag\u00eancia de Transporte do Estado de S\u00e3o Paulo 3 CET \u2013 Companhia de Engenharia de Tr\u00e1fego 4 CETESB \u2013 Companhia de Tecnologia de Saneamento Ambiental 5 S\u00e3o Paulo em Movimento \u2013 Secretaria Municipal de Transportes 6 Associa\u00e7\u00e3o Nacional de Transportes P\u00fablicos 7 Museu Virtual do [&hellip;]<\/p>\n","protected":false},"author":1,"featured_media":0,"parent":0,"menu_order":0,"comment_status":"closed","ping_status":"closed","template":"","meta":{"footnotes":""},"class_list":["post-1464","page","type-page","status-publish","hentry"],"_links":{"self":[{"href":"https:\/\/portais.santoandre.sp.gov.br\/observatoriomob\/wp-json\/wp\/v2\/pages\/1464","targetHints":{"allow":["GET"]}}],"collection":[{"href":"https:\/\/portais.santoandre.sp.gov.br\/observatoriomob\/wp-json\/wp\/v2\/pages"}],"about":[{"href":"https:\/\/portais.santoandre.sp.gov.br\/observatoriomob\/wp-json\/wp\/v2\/types\/page"}],"author":[{"embeddable":true,"href":"https:\/\/portais.santoandre.sp.gov.br\/observatoriomob\/wp-json\/wp\/v2\/users\/1"}],"replies":[{"embeddable":true,"href":"https:\/\/portais.santoandre.sp.gov.br\/observatoriomob\/wp-json\/wp\/v2\/comments?post=1464"}],"version-history":[{"count":1,"href":"https:\/\/portais.santoandre.sp.gov.br\/observatoriomob\/wp-json\/wp\/v2\/pages\/1464\/revisions"}],"predecessor-version":[{"id":1465,"href":"https:\/\/portais.santoandre.sp.gov.br\/observatoriomob\/wp-json\/wp\/v2\/pages\/1464\/revisions\/1465"}],"wp:attachment":[{"href":"https:\/\/portais.santoandre.sp.gov.br\/observatoriomob\/wp-json\/wp\/v2\/media?parent=1464"}],"curies":[{"name":"wp","href":"https:\/\/api.w.org\/{rel}","templated":true}]}}