{"id":1403,"date":"2025-12-09T10:19:28","date_gmt":"2025-12-09T13:19:28","guid":{"rendered":"https:\/\/portais.santoandre.sp.gov.br\/observatoriomob\/?page_id=1403"},"modified":"2025-12-12T09:19:33","modified_gmt":"2025-12-12T12:19:33","slug":"certidoes","status":"publish","type":"page","link":"https:\/\/portais.santoandre.sp.gov.br\/observatoriomob\/certidoes\/","title":{"rendered":"Certid\u00f5es"},"content":{"rendered":"\n<h3 class=\"wp-block-heading\">\u00cdndice<\/h3>\n\n\n\n<ul class=\"wp-block-list\">\n<li><a href=\"#sinalizacao\">Certid\u00e3o de Sinaliza\u00e7\u00e3o<\/a><\/li>\n\n\n\n<li><a href=\"#desapropriacao\">Certid\u00e3o de Desapropria\u00e7\u00e3o<\/a><\/li>\n<\/ul>\n\n\n\n<div style=\"height:100px\" aria-hidden=\"true\" id=\"sinalizacao\" class=\"wp-block-spacer\"><\/div>\n\n\n\n<h3 class=\"wp-block-heading\">Certid\u00e3o de Sinaliza\u00e7\u00e3o<\/h3>\n\n\n\n<p>Este documento fornece o croqui da sinaliza\u00e7\u00e3o (horizontal e vertical) existente em frente ao n\u00famero\/trecho solicitado.<br>\u00c9 muito utilizado para Recursos de Multa ou em Processos para fins judiciais relativos a acidentes de Tr\u00e2nsito, com o intuito de definir responsabilidades sobre o ocorrido no local do sinistro.<\/p>\n\n\n\n<p>Pode ser solicitado atrav\u00e9s de formul\u00e1rio dispon\u00edvel no&nbsp;<a href=\"https:\/\/www.santoandre.sp.gov.br\/portalservico\/\">Portal de Servi\u00e7os<\/a>, op\u00e7\u00e3o:<br>Formul\u00e1rios -&gt; Solicita\u00e7\u00e3o de certid\u00f5es ou Servi\u00e7os ou atrav\u00e9s do link:&nbsp;<a href=\"https:\/\/www.santoandre.sp.gov.br\/servicos\/online\/formularios\/TRIBUTOS\/certidoes\/certidoes1\/certidoes.html\">Certid\u00f5es<\/a>.&nbsp;<\/p>\n\n\n\n<p>Neste formul\u00e1rio deve ser preenchido como segue:&nbsp;<strong>(X) OUTROS \u2013 CERTID\u00c3O DE SINALIZA\u00c7\u00c3O EXISTENTE<\/strong>.<br>O formul\u00e1rio de solicita\u00e7\u00e3o deve fornecer dados onde s\u00e3o necess\u00e1rios esclarecimentos da sinaliza\u00e7\u00e3o existente com clareza:<br>\u2013 o nome da VIA,<br>\u2013 o N\u00daMERO do lote em frente ao local da ocorr\u00eancia (como refer\u00eancia do local exato),<br>\u2013 a DATA DA OCORR\u00caNCIA, (verificaremos em nosso cadastro os registros pr\u00f3ximos a esta data, caso n\u00e3o seja encontrado, informaremos a situa\u00e7\u00e3o atual da sinaliza\u00e7\u00e3o),<br>\u2013 o SENTIDO DA VIA (CENTRO-BAIRRO OU BAIRRO-CENTRO) e<br>\u2013 o TRECHO DO VI\u00c1RIO (VIAS TRANSVERSAIS que delimitam o trecho solicitado).<br>Por exemplo,<strong>&nbsp;para um trecho de via:<\/strong><br>\u2022&nbsp;&nbsp;&nbsp;&nbsp;Av. Dr. Jos\u00e9 Ant\u00f4nio de Almeida (sentido Centro \u2013 Bairro), N\u00daMERO ou TRECHO entre as ruas Corumb\u00e1 e Santo Urbano<br>Ou se a sinaliza\u00e7\u00e3o solicitada se referir a um&nbsp;<strong>cruzamento entre vias<\/strong>:<br>\u2022&nbsp;&nbsp;&nbsp;&nbsp;No cruzamento entre a Av. Dr. Jos\u00e9 Ant\u00f4nio de Almeida Amazonas (sentido Bairro \u2013 Centro) com a P\u00e7a Monte Cristo.<\/p>\n\n\n\n<div style=\"height:100px\" aria-hidden=\"true\" id=\"desapropriacao\" class=\"wp-block-spacer\"><\/div>\n\n\n\n<h3 class=\"wp-block-heading\">Certid\u00e3o de Desapropria\u00e7\u00e3o<\/h3>\n\n\n\n<p>Este documento informa se h\u00e1 FAIXA DE DOM\u00cdNIO DO PASV (Plano de Amplia\u00e7\u00e3o do Sistema Vi\u00e1rio) atingindo um determinado lote. O PASV fornece diretrizes para a amplia\u00e7\u00e3o de alguns eixos importantes do sistema vi\u00e1rio de Santo Andr\u00e9 e \u00e9 dado pela&nbsp;<a href=\"https:\/\/www3.santoandre.sp.gov.br\/portaldotransito\/wp-content\/uploads\/2021\/03\/LEI_ORDINARIA_7443.pdf\" target=\"_blank\" rel=\"noreferrer noopener\">Lei N\u00ba 7.443 de 13 de novembro de 1996<\/a>&nbsp;, pelo&nbsp;<a href=\"https:\/\/www3.santoandre.sp.gov.br\/portaldotransito\/wp-content\/uploads\/2021\/03\/DECRETO_16259.pdf\" target=\"_blank\" rel=\"noreferrer noopener\">Decreto N\u00ba 16.259 de 09 de janeiro de 2012<\/a>&nbsp;e&nbsp;<a href=\"https:\/\/www3.santoandre.sp.gov.br\/portaldotransito\/wp-content\/uploads\/2021\/03\/DECRETO_16294.pdf\" target=\"_blank\" rel=\"noreferrer noopener\">Decreto N\u00ba 16.294 de 13 de junho de 2012<\/a>.<br><br>Os lotes que s\u00e3o atingidos pelo PASV possuem restri\u00e7\u00f5es estabelecidas no Art. 3\u00ba do&nbsp;<a href=\"https:\/\/www3.santoandre.sp.gov.br\/portaldotransito\/wp-content\/uploads\/2021\/03\/DECRETO_13290.pdf\" target=\"_blank\" rel=\"noreferrer noopener\">Decreto N\u00ba 13.290 de 19 de janeiro de 1994<\/a>:<br>\u201cArt. 3\u00ba \u2013 Nas \u00e1reas atingidas pelo Sistema Vi\u00e1rio ser\u00e3o permitidas, de acordo com a legisla\u00e7\u00e3o vigente, edifica\u00e7\u00f5es de acordo com o seu uso.<br>I \u2013 Industrial \u2013 no m\u00e1ximo 1 (um) pavimento;<br>II \u2013 Comercial e Servi\u00e7os \u2013 no m\u00e1ximo 1 (um) pavimento;<br>III \u2013 Residencial unifamiliar \u2013 no m\u00e1ximo at\u00e9 2 (dois) pavimentos.\u201d<br><br>Pode ser solicitado atrav\u00e9s de formul\u00e1rio dispon\u00edvel no&nbsp;<a href=\"https:\/\/www.santoandre.sp.gov.br\/portalservico\/\">Portal de Servi\u00e7os<\/a>, op\u00e7\u00e3o:&nbsp;<br>\u201cFormul\u00e1rios -&gt; Solicita\u00e7\u00e3o de certid\u00f5es\u201d ou \u201cServi\u00e7os\u201d&nbsp;ou atrav\u00e9s do link:&nbsp;<a href=\"https:\/\/www.santoandre.sp.gov.br\/portalservico\/Formularios\/PracaAtendimento\/SolicitacaoCertidoesServicos.aspx\">Certid\u00f5es<\/a>.&nbsp;<\/p>\n\n\n\n<p>Este formul\u00e1rio deve ser preenchido como segue:<strong>&nbsp;(X) OUTROS \u2013 DESAPROPRIA\u00c7\u00c3O<\/strong>&nbsp;e deve identificar o im\u00f3vel atrav\u00e9s de sua&nbsp;<a href=\"https:\/\/www3.santoandre.sp.gov.br\/portaldotransito\/index.php?option=com_content&amp;view=article&amp;id=33&amp;Itemid=27\">Classifica\u00e7\u00e3o Fiscal<\/a>.<\/p>\n\n\n\n<p>A solicita\u00e7\u00e3o desta certid\u00e3o poder\u00e1 ser feita pelo pr\u00f3prio&nbsp;<strong>Propriet\u00e1rio&nbsp;<\/strong>do lote ou por um&nbsp;<strong>Solicitante legalmente habilitado<\/strong>.<br>Quando o solicitante n\u00e3o \u00e9 o pr\u00f3prio propriet\u00e1rio, este dever\u00e1 apresentar documento que comprove autoriza\u00e7\u00e3o legal deste (com autentica\u00e7\u00e3o em cart\u00f3rio) tanto no momento da solicita\u00e7\u00e3o quanto na retirada do documento.<\/p>\n\n\n\n<p><strong>Onde encontrar seu CMC?<br><\/strong>CMC (Cadastro Municipal do Contribuinte), pode ser encontrado em carn\u00eas de taxas e ISS, e tamb\u00e9m em documentos retirados na Prefeitura de Santo Andr\u00e9 no ato da sua inscri\u00e7\u00e3o. Utilize-os sempre sem a pontua\u00e7\u00e3o, digitando somente os n\u00fameros.<\/p>\n\n\n\n<p><strong>Onde encontrar sua Classifica\u00e7\u00e3o Fiscal?<br><\/strong>Na capa do seu carn\u00ea de IPTU est\u00e1 descrita a Classifica\u00e7\u00e3o Fiscal conforme a ilustra\u00e7\u00e3o abaixo, voc\u00ea deve usar o grupo de n\u00fameros correspondente ao SETOR, QUADRA e LOTE.<\/p>\n\n\n\n<figure class=\"wp-block-image\"><a class=\"no-lightbox\" href=\"https:\/\/www3.santoandre.sp.gov.br\/portaldotransito\/index.php?option=com_content&amp;view=article&amp;id=33&amp;Itemid=27\"><img decoding=\"async\" src=\"https:\/\/www3.santoandre.sp.gov.br\/portaldotransito\/images\/stories\/iptu.jpg\" alt=\"Carn\u00ea IPTU - Classifica\u00e7\u00e3o Fiscal\"\/><\/a><\/figure>\n\n\n\n<p><\/p>\n","protected":false},"excerpt":{"rendered":"<p>\u00cdndice Certid\u00e3o de Sinaliza\u00e7\u00e3o Este documento fornece o croqui da sinaliza\u00e7\u00e3o (horizontal e vertical) existente em frente ao n\u00famero\/trecho solicitado.\u00c9 muito utilizado para Recursos de Multa ou em Processos para fins judiciais relativos a acidentes de Tr\u00e2nsito, com o intuito de definir responsabilidades sobre o ocorrido no local do sinistro. Pode ser solicitado atrav\u00e9s de [&hellip;]<\/p>\n","protected":false},"author":1,"featured_media":0,"parent":0,"menu_order":0,"comment_status":"closed","ping_status":"closed","template":"","meta":{"footnotes":""},"class_list":["post-1403","page","type-page","status-publish","hentry"],"_links":{"self":[{"href":"https:\/\/portais.santoandre.sp.gov.br\/observatoriomob\/wp-json\/wp\/v2\/pages\/1403","targetHints":{"allow":["GET"]}}],"collection":[{"href":"https:\/\/portais.santoandre.sp.gov.br\/observatoriomob\/wp-json\/wp\/v2\/pages"}],"about":[{"href":"https:\/\/portais.santoandre.sp.gov.br\/observatoriomob\/wp-json\/wp\/v2\/types\/page"}],"author":[{"embeddable":true,"href":"https:\/\/portais.santoandre.sp.gov.br\/observatoriomob\/wp-json\/wp\/v2\/users\/1"}],"replies":[{"embeddable":true,"href":"https:\/\/portais.santoandre.sp.gov.br\/observatoriomob\/wp-json\/wp\/v2\/comments?post=1403"}],"version-history":[{"count":2,"href":"https:\/\/portais.santoandre.sp.gov.br\/observatoriomob\/wp-json\/wp\/v2\/pages\/1403\/revisions"}],"predecessor-version":[{"id":1553,"href":"https:\/\/portais.santoandre.sp.gov.br\/observatoriomob\/wp-json\/wp\/v2\/pages\/1403\/revisions\/1553"}],"wp:attachment":[{"href":"https:\/\/portais.santoandre.sp.gov.br\/observatoriomob\/wp-json\/wp\/v2\/media?parent=1403"}],"curies":[{"name":"wp","href":"https:\/\/api.w.org\/{rel}","templated":true}]}}