{"id":1400,"date":"2025-12-09T10:14:06","date_gmt":"2025-12-09T13:14:06","guid":{"rendered":"https:\/\/portais.santoandre.sp.gov.br\/observatoriomob\/?page_id=1400"},"modified":"2025-12-12T09:16:45","modified_gmt":"2025-12-12T12:16:45","slug":"veiculos-apreendidos","status":"publish","type":"page","link":"https:\/\/portais.santoandre.sp.gov.br\/observatoriomob\/veiculos-apreendidos\/","title":{"rendered":"Ve\u00edculos Apreendidos"},"content":{"rendered":"\n<h3 class=\"wp-block-heading\">\u00cdndice<\/h3>\n\n\n\n<ul class=\"wp-block-list\">\n<li><a href=\"#liberacao\">Da Libera\u00e7\u00e3o<\/a><\/li>\n\n\n\n<li><a href=\"#procedimentos\">Procedimentos para a libera\u00e7\u00e3o de ve\u00edculos apreendidos no Munic\u00edpio de Santo Andr\u00e9 \u2013 SP<\/a><\/li>\n\n\n\n<li><a href=\"#valores\">Valores e Taxas Di\u00e1rias dos P\u00e1tios<\/a><\/li>\n\n\n\n<li><a href=\"#procedimentos\">P\u00e1tios de Dep\u00f3sito de Ve\u00edculos<\/a><\/li>\n<\/ul>\n\n\n\n<div style=\"height:100px\" aria-hidden=\"true\" id=\"liberacao\" class=\"wp-block-spacer\"><\/div>\n\n\n\n<h3 class=\"wp-block-heading\">Da libera\u00e7\u00e3o:<\/h3>\n\n\n\n<p><strong>1 \u2013 A libera\u00e7\u00e3o dos ve\u00edculos se d\u00e3o diretamente nos p\u00e1tios do Jardim Ana Maria e P\u00e1tio Palmares<\/strong>.<\/p>\n\n\n\n<p><strong>2- Os valores das taxas e di\u00e1rias s\u00e3o os estipulados no Decreto Municipal 17.766 de 14 de setembro de 2021, devidamente atualizado.<\/strong><\/p>\n\n\n\n<div style=\"height:100px\" aria-hidden=\"true\" id=\"procedimentos\" class=\"wp-block-spacer\"><\/div>\n\n\n\n<h3 class=\"wp-block-heading\">Do Procedimentos para a libera\u00e7\u00e3o de ve\u00edculos apreendidos<\/h3>\n\n\n\n<p>Para libera\u00e7\u00e3o dos ve\u00edculos a documenta\u00e7\u00e3o dever\u00e1 esta regular na forma da legisla\u00e7\u00e3o vigente, qualquer d\u00favida poder\u00e1 ser esclarecida nos p\u00e1tios e\/ou por telefone nos endere\u00e7os abaixo:<\/p>\n\n\n\n<p><strong>P\u00e1tio Palmares<\/strong>&nbsp;(<a href=\"https:\/\/www3.santoandre.sp.gov.br\/portaldotransito\/wp-content\/uploads\/2021\/03\/DST-MapaPatioPalmares.png\">ver mapa<\/a>)<br>Av. D. Jorge Marcos de Oliveira, 151 &nbsp;<br>Vila Guiomar, Santo Andre \u2013 SP<br>Tel: 11 96632-9333<\/p>\n\n\n\n<p><strong>P\u00e1tio Ana Maria<\/strong>&nbsp;(<a href=\"https:\/\/www3.santoandre.sp.gov.br\/portaldotransito\/wp-content\/uploads\/2021\/03\/DST-MapaPatioAnaMaria.png\">ver mapa<\/a>)<br>Av. C\u00e2ndido Camargo, 341 (atr\u00e1s da White Martins)<br>Jardim Ana Maria, Santo Andr\u00e9 \u2013 SP<br>tel: 11 91333-3841<\/p>\n\n\n\n<div style=\"height:100px\" aria-hidden=\"true\" id=\"valores\" class=\"wp-block-spacer\"><\/div>\n\n\n\n<h3 class=\"wp-block-heading\">Dos Valores das Taxas e Di\u00e1rias dos P\u00e1tios Referentes ao Ano de 2024<\/h3>\n\n\n\n<h3 class=\"wp-block-heading\">Remo\u00e7\u00e3o<\/h3>\n\n\n\n<figure class=\"wp-block-table is-style-stripes\"><table><tbody><tr><td>a.<\/td><td>Ve\u00edculos Leves<\/td><td>R$ 500,00<\/td><\/tr><tr><td>b.<\/td><td>Ve\u00edculos Utilit\u00e1rios<\/td><td>R$ 525,00<\/td><\/tr><tr><td>c.<\/td><td>Ve\u00edculos Pesados<\/td><td>R$ 936,00<\/td><\/tr><tr><td>d.<\/td><td>Motos e Assemelhados<\/td><td>R$ 265,00<\/td><\/tr><tr><td>e.<\/td><td>Ca\u00e7ambas<\/td><td>R$ 482,00<\/td><\/tr><\/tbody><\/table><\/figure>\n\n\n\n<h3 class=\"wp-block-heading\">Estadia<\/h3>\n\n\n\n<figure class=\"wp-block-table is-style-stripes\"><table><tbody><tr><td>a.<\/td><td>Ve\u00edculos Leves<\/td><td>R$ 73,00<\/td><\/tr><tr><td>b.<\/td><td>Ve\u00edculos Utilit\u00e1rios<\/td><td>R$ 80,00<\/td><\/tr><tr><td>c.<\/td><td>Ve\u00edculos Pesados<\/td><td>R$ 134,00<\/td><\/tr><tr><td>d.<\/td><td>Motos e Assemelhados<\/td><td>R$ 53,00<\/td><\/tr><tr><td>e.<\/td><td>Ca\u00e7ambas<\/td><td>R$ 67,00<\/td><\/tr><\/tbody><\/table><\/figure>\n\n\n\n<p><strong>Obs. <\/strong>Ve\u00edculos levados ao p\u00e1tio por iniciativa do DETRAN, as tarifas ser\u00e3o fixadas com valor m\u00e1ximo, para as infra\u00e7\u00f5es de compet\u00eancia do DETRAN-SP, os constantes na \u201cTabela C\u201d, isto \u00e9, Anexo I, Cap\u00edtulo IV \u2013 Servi\u00e7os de Tr\u00e2nsito, da Lei n\u00ba 15.266, de 26 de dezembro de 2013.<\/p>\n\n\n\n<p><\/p>\n","protected":false},"excerpt":{"rendered":"<p>\u00cdndice Da libera\u00e7\u00e3o: 1 \u2013 A libera\u00e7\u00e3o dos ve\u00edculos se d\u00e3o diretamente nos p\u00e1tios do Jardim Ana Maria e P\u00e1tio Palmares. 2- Os valores das taxas e di\u00e1rias s\u00e3o os estipulados no Decreto Municipal 17.766 de 14 de setembro de 2021, devidamente atualizado. Do Procedimentos para a libera\u00e7\u00e3o de ve\u00edculos apreendidos Para libera\u00e7\u00e3o dos ve\u00edculos [&hellip;]<\/p>\n","protected":false},"author":1,"featured_media":0,"parent":0,"menu_order":0,"comment_status":"closed","ping_status":"closed","template":"","meta":{"footnotes":""},"class_list":["post-1400","page","type-page","status-publish","hentry"],"_links":{"self":[{"href":"https:\/\/portais.santoandre.sp.gov.br\/observatoriomob\/wp-json\/wp\/v2\/pages\/1400","targetHints":{"allow":["GET"]}}],"collection":[{"href":"https:\/\/portais.santoandre.sp.gov.br\/observatoriomob\/wp-json\/wp\/v2\/pages"}],"about":[{"href":"https:\/\/portais.santoandre.sp.gov.br\/observatoriomob\/wp-json\/wp\/v2\/types\/page"}],"author":[{"embeddable":true,"href":"https:\/\/portais.santoandre.sp.gov.br\/observatoriomob\/wp-json\/wp\/v2\/users\/1"}],"replies":[{"embeddable":true,"href":"https:\/\/portais.santoandre.sp.gov.br\/observatoriomob\/wp-json\/wp\/v2\/comments?post=1400"}],"version-history":[{"count":3,"href":"https:\/\/portais.santoandre.sp.gov.br\/observatoriomob\/wp-json\/wp\/v2\/pages\/1400\/revisions"}],"predecessor-version":[{"id":1551,"href":"https:\/\/portais.santoandre.sp.gov.br\/observatoriomob\/wp-json\/wp\/v2\/pages\/1400\/revisions\/1551"}],"wp:attachment":[{"href":"https:\/\/portais.santoandre.sp.gov.br\/observatoriomob\/wp-json\/wp\/v2\/media?parent=1400"}],"curies":[{"name":"wp","href":"https:\/\/api.w.org\/{rel}","templated":true}]}}