{"id":1391,"date":"2025-12-09T09:31:05","date_gmt":"2025-12-09T12:31:05","guid":{"rendered":"https:\/\/portais.santoandre.sp.gov.br\/observatoriomob\/?page_id=1391"},"modified":"2025-12-12T09:11:31","modified_gmt":"2025-12-12T12:11:31","slug":"central-de-monitoramento-de-trafego-cmt","status":"publish","type":"page","link":"https:\/\/portais.santoandre.sp.gov.br\/observatoriomob\/central-de-monitoramento-de-trafego-cmt\/","title":{"rendered":"Central de Monitoramento de Tr\u00e1fego &#8211; CMT"},"content":{"rendered":"\n<p>A servi\u00e7o da popula\u00e7\u00e3o para comunica\u00e7\u00e3o de ocorr\u00eancias (<strong>imediatas<\/strong>) de tr\u00e2nsito.<\/p>\n\n\n\n<figure class=\"wp-block-image size-full is-resized is-style-default\"><img fetchpriority=\"high\" decoding=\"async\" width=\"600\" height=\"328\" src=\"https:\/\/portais.santoandre.sp.gov.br\/observatoriomob\/wp-content\/uploads\/sites\/14\/2025\/12\/det05-e1765541379448.jpg\" alt=\"\" class=\"wp-image-1367\" style=\"width:652px;height:auto\" srcset=\"https:\/\/portais.santoandre.sp.gov.br\/observatoriomob\/wp-content\/uploads\/sites\/14\/2025\/12\/det05-e1765541379448.jpg 600w, https:\/\/portais.santoandre.sp.gov.br\/observatoriomob\/wp-content\/uploads\/sites\/14\/2025\/12\/det05-e1765541379448-300x164.jpg 300w\" sizes=\"(max-width: 600px) 100vw, 600px\" \/><\/figure>\n\n\n\n<p><strong>Atendimento 24 horas<br><\/strong><strong>Telefone: &nbsp; 0800 77 03 194<\/strong>&nbsp;<\/p>\n","protected":false},"excerpt":{"rendered":"<p>A servi\u00e7o da popula\u00e7\u00e3o para comunica\u00e7\u00e3o de ocorr\u00eancias (imediatas) de tr\u00e2nsito. Atendimento 24 horasTelefone: &nbsp; 0800 77 03 194&nbsp;<\/p>\n","protected":false},"author":1,"featured_media":0,"parent":0,"menu_order":0,"comment_status":"closed","ping_status":"closed","template":"","meta":{"footnotes":""},"class_list":["post-1391","page","type-page","status-publish","hentry"],"_links":{"self":[{"href":"https:\/\/portais.santoandre.sp.gov.br\/observatoriomob\/wp-json\/wp\/v2\/pages\/1391","targetHints":{"allow":["GET"]}}],"collection":[{"href":"https:\/\/portais.santoandre.sp.gov.br\/observatoriomob\/wp-json\/wp\/v2\/pages"}],"about":[{"href":"https:\/\/portais.santoandre.sp.gov.br\/observatoriomob\/wp-json\/wp\/v2\/types\/page"}],"author":[{"embeddable":true,"href":"https:\/\/portais.santoandre.sp.gov.br\/observatoriomob\/wp-json\/wp\/v2\/users\/1"}],"replies":[{"embeddable":true,"href":"https:\/\/portais.santoandre.sp.gov.br\/observatoriomob\/wp-json\/wp\/v2\/comments?post=1391"}],"version-history":[{"count":3,"href":"https:\/\/portais.santoandre.sp.gov.br\/observatoriomob\/wp-json\/wp\/v2\/pages\/1391\/revisions"}],"predecessor-version":[{"id":1547,"href":"https:\/\/portais.santoandre.sp.gov.br\/observatoriomob\/wp-json\/wp\/v2\/pages\/1391\/revisions\/1547"}],"wp:attachment":[{"href":"https:\/\/portais.santoandre.sp.gov.br\/observatoriomob\/wp-json\/wp\/v2\/media?parent=1391"}],"curies":[{"name":"wp","href":"https:\/\/api.w.org\/{rel}","templated":true}]}}