{"id":1371,"date":"2025-12-08T16:01:46","date_gmt":"2025-12-08T19:01:46","guid":{"rendered":"https:\/\/portais.santoandre.sp.gov.br\/observatoriomob\/?page_id=1371"},"modified":"2026-02-13T15:46:17","modified_gmt":"2026-02-13T18:46:17","slug":"cartao-especial-de-estacionamento-para-idosos-e-pessoas-com-deficiencia","status":"publish","type":"page","link":"https:\/\/portais.santoandre.sp.gov.br\/observatoriomob\/cartao-especial-de-estacionamento-para-idosos-e-pessoas-com-deficiencia\/","title":{"rendered":"Cart\u00e3o Especial de Estacionamento para Idosos e Pessoas com Defici\u00eancia"},"content":{"rendered":"\n<div class=\"wp-block-columns is-layout-flex wp-container-core-columns-is-layout-9d6595d7 wp-block-columns-is-layout-flex\">\n<div class=\"wp-block-column is-layout-flow wp-block-column-is-layout-flow\" style=\"flex-basis:66.66%\">\n<p>O&nbsp;<strong>Cart\u00e3o Especial de Estacionamento<\/strong>&nbsp;\u00e9 um direito garantido por lei e um servi\u00e7o&nbsp;<strong>gratuito<\/strong>&nbsp;prestado pela&nbsp;<a href=\"https:\/\/www.santoandre.sp.gov.br\">Prefeitura Municipal de Santo Andr\u00e9<\/a>.<\/p>\n<\/div>\n\n\n\n<div class=\"wp-block-column is-layout-flow wp-block-column-is-layout-flow\" style=\"flex-basis:20%\"><div class=\"wp-block-image\">\n<figure class=\"aligncenter size-full is-resized\"><a href=\"https:\/\/www.santoandre.sp.gov.br\/transito\/cdi\/Precadastro\"><img decoding=\"async\" width=\"126\" height=\"127\" src=\"https:\/\/portais.santoandre.sp.gov.br\/observatoriomob\/wp-content\/uploads\/sites\/14\/2025\/12\/cartao_idoso_defis.png\" alt=\"Precadastro do Cart\u00e3o Especial de Estacionamento\" class=\"wp-image-1372\" style=\"width:117px;height:auto\"\/><\/a><\/figure><\/div><\/div>\n<\/div>\n\n\n\n<p>Os ve\u00edculos que transportam pessoas idosas, maiores de 60 anos, ou pessoas com defici\u00eancia visual, f\u00edsica e mental, com mobilidade reduzida, bem como aquelas com dificuldade de locomo\u00e7\u00e3o tempor\u00e1ria, t\u00eam o direito de estacionar em vagas reservadas. Esse direito \u00e9 assegurado por meio do&nbsp;<strong>Cart\u00e3o de Estacionamento para Idosos e Pessoas Com Defici\u00eancia<\/strong>, conforme estabelecido pela Resolu\u00e7\u00e3o n\u00ba 304\/08 do Conselho Nacional de Tr\u00e2nsito (CONTRAN).<\/p>\n\n\n\n<h3 class=\"wp-block-heading\">Solicita\u00e7\u00e3o da Primeira via do Cart\u00e3o<\/h3>\n\n\n\n<div class=\"wp-block-buttons is-layout-flex wp-block-buttons-is-layout-flex\">\n<div class=\"wp-block-button\"><a class=\"wp-block-button__link has-vivid-cyan-blue-background-color has-background wp-element-button\" href=\"https:\/\/www.santoandre.sp.gov.br\/transito\/cdi\/Precadastro\">Preencher o Precadastro<\/a><\/div>\n<\/div>\n\n\n\n<div style=\"height:100px\" aria-hidden=\"true\" class=\"wp-block-spacer\"><\/div>\n\n\n\n<h3 class=\"wp-block-heading\">Solicita\u00e7\u00e3o da Segunda Via, Renova\u00e7\u00e3o ou Substitui\u00e7\u00e3o do Cart\u00e3o<\/h3>\n\n\n\n<p>Se voc\u00ea precisa <strong>renovar ou substituir<\/strong> o cart\u00e3o por motivo de vencimento, danos, desbotamento, perda ou roubo, <strong>envie os documentos pelo WhatsApp<\/strong><\/p>\n\n\n\n<figure id=\"documentos_necessarios\" class=\"wp-block-table is-style-stripes\"><table class=\"has-fixed-layout\"><tbody><tr><td><a href=\"https:\/\/api.whatsapp.com\/send?phone=551144337569&amp;text=Cart\u00e3o de Estacionamento Especial\"><img decoding=\"async\" class=\"wp-image-199\" style=\"width: 31px;\" src=\"https:\/\/www3.santoandre.sp.gov.br\/portaldotransito\/wp-content\/uploads\/2021\/03\/whatzap.jpg\" alt=\"\">WhatsApp (11)4433-7569<\/a><\/td><\/tr><tr><td><img decoding=\"async\" class=\"wp-image-199\" style=\"width: 31px;\" src=\"https:\/\/www3.santoandre.sp.gov.br\/portaldotransito\/wp-content\/uploads\/2021\/09\/email-e1630594829420.png\" alt=\"\"> E-mail: <a href=\"mailto:estacioneespecial@santoandre.sp.gov.br\">estacioneespecial@santoandre.sp.gov.br<\/a><\/td><\/tr><tr><td><img decoding=\"async\" class=\"wp-image-199\" style=\"width: 31px;\" src=\"https:\/\/www3.santoandre.sp.gov.br\/portaldotransito\/wp-content\/uploads\/2025\/05\/ampulheta.png\" alt=\"\"><strong>Prazo de at\u00e9 5 dias \u00fateis<\/strong> para a resposta<\/td><\/tr><\/tbody><\/table><\/figure>\n\n\n\n<div style=\"height:100px\" aria-hidden=\"true\" class=\"wp-block-spacer\"><\/div>\n\n\n\n<h3 class=\"wp-block-heading\"><strong>Documentos Necess\u00e1rios<\/strong><\/h3>\n\n\n\n<ol class=\"wp-block-list\">\n<li><strong>Cart\u00e3o Idoso:<\/strong>\n<ul class=\"wp-block-list\">\n<li>RG, CPF, RG com CPF ou CNH (com data de vencimento v\u00e1lida);<\/li>\n\n\n\n<li>Comprovante de Endere\u00e7o de Santo Andr\u00e9, recente (m\u00e1ximo 3 meses), em nome do(a) solicitante.<\/li>\n<\/ul>\n<\/li>\n\n\n\n<li><strong>Cart\u00e3o&nbsp;Defis:<\/strong>\n<ul class=\"wp-block-list\">\n<li>RG, CPF, RG com CPF ou CNH (com data de vencimento v\u00e1lida);<\/li>\n\n\n\n<li>Comprovante de Endere\u00e7o de Santo Andr\u00e9, recente (m\u00e1ximo 3 meses), em nome do(a) solicitante;<\/li>\n\n\n\n<li>Atestado m\u00e9dico com, no m\u00e1ximo, 1 m\u00eas de expedi\u00e7\u00e3o constando o CID (leg\u00edvel) ou laudo do DETRAN, emitido a menos de 1 ano.<\/li>\n<\/ul>\n<\/li>\n\n\n\n<li><strong>Representante Legal:<\/strong>\n<ul class=\"wp-block-list\">\n<li>Somente se faz necess\u00e1rio o preenchimento, caso o benefici\u00e1rio n\u00e3o tenha condi\u00e7\u00f5es f\u00edsicas ou mentais para efetuar a solicita\u00e7\u00e3o;<\/li>\n\n\n\n<li>Caso a solicita\u00e7\u00e3o do cart\u00e3o IDOSO\/DEFIS n\u00e3o seja realizada pelo benefici\u00e1rio, mas sim por Representante Legal, este dever\u00e1 apresentar, al\u00e9m dos documentos do benefici\u00e1rio, os seguintes documentos:\n<ul class=\"wp-block-list\">\n<li>RG, CPF, RG com CPF ou CNH (com data de vencimento v\u00e1lida);<\/li>\n\n\n\n<li>PROCURA\u00c7\u00c3O (reconhecer firma em cart\u00f3rio).&nbsp;<\/li>\n<\/ul>\n<\/li>\n<\/ul>\n<\/li>\n<\/ol>\n\n\n\n<h3 class=\"wp-block-heading\">Tipo de Arquivo para envio online<\/h3>\n\n\n\n<p><strong>O arquivo n\u00e3o pode exceder o tamanho de 8Mb<\/strong>.<br>Somente os tipos de arquivos listados abaixo ser\u00e3o aceitos:<\/p>\n\n\n\n<ul class=\"wp-block-list\">\n<li>PNG<\/li>\n\n\n\n<li>PDF<\/li>\n\n\n\n<li>JPG<\/li>\n\n\n\n<li>JPEG<\/li>\n\n\n\n<li>BMP<\/li>\n<\/ul>\n\n\n\n<div style=\"height:100px\" aria-hidden=\"true\" class=\"wp-block-spacer\"><\/div>\n\n\n\n<h3 class=\"wp-block-heading\"><strong>Informa\u00e7\u00f5es Importantes<\/strong><\/h3>\n\n\n\n<ul class=\"wp-block-list\">\n<li><strong>Cart\u00e3o do Idoso: \u00c9 necess\u00e1rio ter 60 anos ou mais para obter<\/strong>;<\/li>\n\n\n\n<li>Caso n\u00e3o seja poss\u00edvel apresentar os documentos originais citados acima, c\u00f3pias ser\u00e3o aceitas desde que estejam autenticadas;<\/li>\n\n\n\n<li>Os documentos assinados digitalmente devem ser enviados em formato original, sem renomear ou alterar o arquivo, para que possam ser validados no site oficial do Governo.&nbsp;<a href=\"https:\/\/validar.iti.gov.br\/\">https:\/\/validar.iti.gov.br\/<\/a><\/li>\n\n\n\n<li><strong>Documentos v\u00e1lidos como comprovante de resid\u00eancia<\/strong>:<br>O Governo Federal aceita como comprovante de resid\u00eancia:\n<ul class=\"wp-block-list\">\n<li>O Governo Federal aceita como comprovante de resid\u00eancia;<\/li>\n\n\n\n<li>Contrato de aluguel com firma reconhecida, acompanhado de conta em nome do propriet\u00e1rio;<\/li>\n\n\n\n<li>Declara\u00e7\u00e3o do propriet\u00e1rio com firma reconhecida, acompanhada de conta em nome do propriet\u00e1rio;<\/li>\n\n\n\n<li>Declara\u00e7\u00e3o do IRPF;<\/li>\n\n\n\n<li>Demonstrativos do INSS ou Receita Federal;<\/li>\n\n\n\n<li>Contracheque de \u00f3rg\u00e3o p\u00fablico;<\/li>\n\n\n\n<li>Termo de rescis\u00e3o de contrato de trabalho;<\/li>\n\n\n\n<li>Boletos de mensalidade escolar, plano de sa\u00fade, condom\u00ednio ou financiamento;<\/li>\n\n\n\n<li>Fatura de cart\u00e3o de cr\u00e9dito;<\/li>\n\n\n\n<li>Extrato banc\u00e1rio, de FGTS ou investimentos;<\/li>\n\n\n\n<li>Carn\u00ea de IPTU ou IPVA;<\/li>\n\n\n\n<li>CRLV (documento do ve\u00edculo);<\/li>\n\n\n\n<li>Multa de tr\u00e2nsito;<\/li>\n\n\n\n<li>Laudo de avalia\u00e7\u00e3o de im\u00f3vel pela Caixa;<\/li>\n\n\n\n<li>Escritura ou certid\u00e3o de \u00f4nus do im\u00f3vel.<\/li>\n<\/ul>\n<\/li>\n\n\n\n<li>Para quem n\u00e3o tem conta em seu nome (aut\u00f4nomos, moradores com parentes ou usu\u00e1rios de contas digitais), \u00e9 poss\u00edvel apresentar uma&nbsp;<strong>declara\u00e7\u00e3o de resid\u00eancia<\/strong>&nbsp;feita a pr\u00f3prio punho, assinada e reconhecida em cart\u00f3rio, junto de&nbsp;<strong>qualquer correspond\u00eancia recebida no endere\u00e7o informado<\/strong><\/li>\n\n\n\n<li><strong>Importante ressaltar que o fato do solicitante possuir CNH especial, n\u00e3o lhe concede direito autom\u00e1tico ao cart\u00e3o DEFIS.<\/strong><\/li>\n\n\n\n<li>Do caso&nbsp;<strong>de perda, extravio ou roubo do cart\u00e3o<\/strong>&nbsp;\u00e9 necess\u00e1rio apresentar&nbsp;<strong>Boletim de Ocorr\u00eancia (B.O.)<\/strong>&nbsp;para a&nbsp;<strong>emiss\u00e3o de segunda via<\/strong>&nbsp;do cart\u00e3o DEFIS\/IDOSO, junto aos documentos exigidos<\/li>\n\n\n\n<li>No caso de&nbsp;<strong>cart\u00e3o danificado ou desbotado<\/strong>, \u00e9 necess\u00e1rio apresentar o&nbsp;<strong>cart\u00e3o danificado cortado ao meio<\/strong>&nbsp;para a&nbsp;<strong>remiss\u00e3o<\/strong>&nbsp;do Cart\u00e3o DEFIS\/IDOSO, al\u00e9m dos demais documentos relacionados acima<\/li>\n<\/ul>\n\n\n\n<div style=\"height:100px\" aria-hidden=\"true\" class=\"wp-block-spacer\"><\/div>\n\n\n\n<h2 class=\"wp-block-heading\"><strong>Agendamento&nbsp;<\/strong><\/h2>\n\n\n\n<ul class=\"wp-block-list\">\n<li>O atendimento presencial \u00e9 realizado atrav\u00e9s de agendamento.<\/li>\n\n\n\n<li>Para agendar uma data ligue para o telefone fixo: (11) 4433-7569<\/li>\n\n\n\n<li>Agendamento somente por telefone fixo,\n<ul class=\"wp-block-list\">\n<li class=\"has-vivid-red-color has-text-color has-link-color wp-elements-a887832103c28e3602dbd8c23dc5d140\"><strong>N\u00e3o realizamos agendamento por WhatsApp&nbsp;<\/strong><\/li>\n<\/ul>\n<\/li>\n<\/ul>\n\n\n\n<div style=\"height:100px\" aria-hidden=\"true\" class=\"wp-block-spacer\"><\/div>\n\n\n\n<h3 class=\"wp-block-heading\">Maiores Informa\u00e7\u00f5es<\/h3>\n\n\n\n<p>Fale conosco pelo Telefone o telefone fixo: <strong>(11) 4433-7569<\/strong><br>De segunda a sexta \u2013 <strong>das 8:30 as 11:45&nbsp; e das 13:15 as 16:30<\/strong><\/p>\n\n\n\n<p><\/p>\n","protected":false},"excerpt":{"rendered":"<p>O&nbsp;Cart\u00e3o Especial de Estacionamento&nbsp;\u00e9 um direito garantido por lei e um servi\u00e7o&nbsp;gratuito&nbsp;prestado pela&nbsp;Prefeitura Municipal de Santo Andr\u00e9. Os ve\u00edculos que transportam pessoas idosas, maiores de 60 anos, ou pessoas com defici\u00eancia visual, f\u00edsica e mental, com mobilidade reduzida, bem como aquelas com dificuldade de locomo\u00e7\u00e3o tempor\u00e1ria, t\u00eam o direito de estacionar em vagas reservadas. Esse [&hellip;]<\/p>\n","protected":false},"author":1,"featured_media":1374,"parent":0,"menu_order":0,"comment_status":"closed","ping_status":"closed","template":"","meta":{"footnotes":""},"class_list":["post-1371","page","type-page","status-publish","has-post-thumbnail","hentry"],"_links":{"self":[{"href":"https:\/\/portais.santoandre.sp.gov.br\/observatoriomob\/wp-json\/wp\/v2\/pages\/1371","targetHints":{"allow":["GET"]}}],"collection":[{"href":"https:\/\/portais.santoandre.sp.gov.br\/observatoriomob\/wp-json\/wp\/v2\/pages"}],"about":[{"href":"https:\/\/portais.santoandre.sp.gov.br\/observatoriomob\/wp-json\/wp\/v2\/types\/page"}],"author":[{"embeddable":true,"href":"https:\/\/portais.santoandre.sp.gov.br\/observatoriomob\/wp-json\/wp\/v2\/users\/1"}],"replies":[{"embeddable":true,"href":"https:\/\/portais.santoandre.sp.gov.br\/observatoriomob\/wp-json\/wp\/v2\/comments?post=1371"}],"version-history":[{"count":15,"href":"https:\/\/portais.santoandre.sp.gov.br\/observatoriomob\/wp-json\/wp\/v2\/pages\/1371\/revisions"}],"predecessor-version":[{"id":1563,"href":"https:\/\/portais.santoandre.sp.gov.br\/observatoriomob\/wp-json\/wp\/v2\/pages\/1371\/revisions\/1563"}],"wp:featuredmedia":[{"embeddable":true,"href":"https:\/\/portais.santoandre.sp.gov.br\/observatoriomob\/wp-json\/wp\/v2\/media\/1374"}],"wp:attachment":[{"href":"https:\/\/portais.santoandre.sp.gov.br\/observatoriomob\/wp-json\/wp\/v2\/media?parent=1371"}],"curies":[{"name":"wp","href":"https:\/\/api.w.org\/{rel}","templated":true}]}}