{"id":98,"date":"2025-03-24T11:22:41","date_gmt":"2025-03-24T14:22:41","guid":{"rendered":"https:\/\/portais.santoandre.sp.gov.br\/hospitaldamulher\/?page_id=98"},"modified":"2025-09-04T13:41:44","modified_gmt":"2025-09-04T16:41:44","slug":"banco-de-leite","status":"publish","type":"page","link":"https:\/\/portais.santoandre.sp.gov.br\/hospitaldamulher\/banco-de-leite\/","title":{"rendered":"Banco de Leite"},"content":{"rendered":"<div class=\"wp-block-image\">\n<figure class=\"aligncenter size-full\"><img fetchpriority=\"high\" decoding=\"async\" width=\"600\" height=\"400\" src=\"https:\/\/portais.santoandre.sp.gov.br\/hospitaldamulher\/wp-content\/uploads\/sites\/28\/2025\/09\/banco-de-leite-santo-andre-4.jpg\" alt=\"\" class=\"wp-image-394\" srcset=\"https:\/\/portais.santoandre.sp.gov.br\/hospitaldamulher\/wp-content\/uploads\/sites\/28\/2025\/09\/banco-de-leite-santo-andre-4.jpg 600w, https:\/\/portais.santoandre.sp.gov.br\/hospitaldamulher\/wp-content\/uploads\/sites\/28\/2025\/09\/banco-de-leite-santo-andre-4-300x200.jpg 300w\" sizes=\"(max-width: 600px) 100vw, 600px\" \/><\/figure><\/div>\n\n\n<p>O leite humano \u00e9 muito importante para todos os rec\u00e9m-nascidos. Ele contribui para a redu\u00e7\u00e3o da mortalidade infantil alimenta e melhora a qualidade de vida dos beb\u00eas beneficiados, protegendo-os contra infec\u00e7\u00f5es respirat\u00f3rias, diabetes, alergias e demais patologias. Mas h\u00e1 m\u00e3es que n\u00e3o conseguem amamentar. Para estas situa\u00e7\u00f5es foram criados os bancos de leite humano.<\/p>\n\n\n\n<p>O Banco de Leite Humano \u00e9 um centro especializado e obrigatoriamente ligado a um hospital materno e\/ou infantil, respons\u00e1vel pela promo\u00e7\u00e3o, prote\u00e7\u00e3o e incentivo ao aleitamento materno e execu\u00e7\u00e3o de coleta, processamento e controle de qualidade do leite humano. \u00c9 uma institui\u00e7\u00e3o sem fins lucrativos.<\/p>\n\n\n\n<p>Em 19 de maio de 2025, Dia Mundial da Doa\u00e7\u00e3o de Leite Humano, o Banco de Leite do Hospital da Mulher de Santo Andr\u00e9 foi entregue revitalizado. A requalifica\u00e7\u00e3o do local contemplou pintura, substitui\u00e7\u00e3o de mobili\u00e1rio, equipamentos e nova identidade visual, inclusive para freezers e geladeiras.<\/p>\n\n\n<div class=\"wp-block-image\">\n<figure class=\"aligncenter size-full\"><img decoding=\"async\" width=\"600\" height=\"400\" src=\"https:\/\/portais.santoandre.sp.gov.br\/hospitaldamulher\/wp-content\/uploads\/sites\/28\/2025\/09\/banco-de-leite-santo-andre-3.jpg\" alt=\"\" class=\"wp-image-395\" srcset=\"https:\/\/portais.santoandre.sp.gov.br\/hospitaldamulher\/wp-content\/uploads\/sites\/28\/2025\/09\/banco-de-leite-santo-andre-3.jpg 600w, https:\/\/portais.santoandre.sp.gov.br\/hospitaldamulher\/wp-content\/uploads\/sites\/28\/2025\/09\/banco-de-leite-santo-andre-3-300x200.jpg 300w\" sizes=\"(max-width: 600px) 100vw, 600px\" \/><\/figure><\/div>\n\n\n<p>Al\u00e9m disso, o equipamento passou a contar com um novo carro para realizar o servi\u00e7o de coleta domiciliar e um n\u00famero de WhatsApp para o cadastro de doadoras.<\/p>\n\n\n\n<p>Sua capacidade de armazenamento \u00e9 de 100 litros de leite por m\u00eas, sendo refer\u00eancia tamb\u00e9m para as cidades de Mau\u00e1, Ribeir\u00e3o Pires, Rio Grande da Serra, S\u00e3o Caetano do Sul e bairros de parte da Zona Leste de S\u00e3o Paulo que fazem divisa com Santo Andr\u00e9. Em m\u00e9dia, s\u00e3o doados 65 litros de leite por m\u00eas.<\/p>\n\n\n\n<p><strong>Padr\u00e3o Ouro<\/strong><\/p>\n\n\n\n<p>O Banco de Leite do Hospital da Mulher de Santo Andr\u00e9 possui certifica\u00e7\u00e3o na categoria ouro em excel\u00eancia em bancos de leite humano, al\u00e9m de possuir a Certifica\u00e7\u00e3o de Credenciamento na Rede Brasileira de Bancos de Leite Humano, reconhecendo que a unidade atende as necessidades do Minist\u00e9rio da Sa\u00fade em promover a sa\u00fade da mulher e da crian\u00e7a.<\/p>\n\n\n\n<p>Em 16 de maio de 2025, a unidade recebeu men\u00e7\u00e3o honrosa da Rede Brasileira de Bancos de Leite Humano pela relevante contribui\u00e7\u00e3o durante as inunda\u00e7\u00f5es no Rio Grande do Sul, em abril e maio de 2024. Na ocasi\u00e3o, foi disponibilizado estoque de emerg\u00eancia para atender a situa\u00e7\u00e3o vivenciada pelas UTIs Neonatais ga\u00fachas.<\/p>\n\n\n\n<p>O Banco de Leite andreense conta com recep\u00e7\u00e3o, espa\u00e7o para higieniza\u00e7\u00e3o de materiais e ainda:<\/p>\n\n\n\n<ul class=\"wp-block-list\">\n<li><strong>Sala de Paramenta\u00e7\u00e3o<\/strong><\/li>\n<\/ul>\n\n\n\n<p>\u00c9 onde as mulheres se preparam para amamentar seus beb\u00eas ou extrair o leite materno.<\/p>\n\n\n\n<ul class=\"wp-block-list\">\n<li><strong>Sala de Apoio \u00e0 Amamenta\u00e7\u00e3o<\/strong><\/li>\n<\/ul>\n\n\n\n<p>As m\u00e3es t\u00eam a op\u00e7\u00e3o de usufruir de um espa\u00e7o totalmente dedicado ao aleitamento materno. \u00c9 um local onde a m\u00e3e pode tirar o seu leite, al\u00e9m de receber orienta\u00e7\u00f5es de como tirar, armazenar e transportar quando a sua op\u00e7\u00e3o for realizar o processo em casa. O Hospital da Mulher de Santo Andr\u00e9 det\u00e9m o t\u00edtulo de Amigo da Crian\u00e7a por cumprir os 10 passos para o sucesso da amamenta\u00e7\u00e3o.<\/p>\n\n\n\n<ul class=\"wp-block-list\">\n<li><strong>Sala de Pasteuriza\u00e7\u00e3o<\/strong><\/li>\n<\/ul>\n\n\n\n<p>Onde \u00e9 feito o armazenamento e todo processo de pasteuriza\u00e7\u00e3o do leite humano doado. O leite tamb\u00e9m \u00e9 submetido a controles rigorosos de qualidade.<\/p>\n\n\n\n<ul class=\"wp-block-list\">\n<li><strong>Sala de Distribui\u00e7\u00e3o<\/strong><\/li>\n<\/ul>\n\n\n\n<p>Onde o leite \u00e9 separado para entrega aos prematuros internados na Unidade Neonatal e para outros beb\u00eas que s\u00e3o clinicamente impossibilitados de receb\u00ea-lo do seio materno.<\/p>\n\n\n<div class=\"wp-block-image\">\n<figure class=\"aligncenter size-full is-resized\"><img decoding=\"async\" width=\"600\" height=\"400\" src=\"https:\/\/portais.santoandre.sp.gov.br\/hospitaldamulher\/wp-content\/uploads\/sites\/28\/2025\/09\/banco-de-leite-santo-andre-1.jpg\" alt=\"\" class=\"wp-image-396\" style=\"width:600px;height:auto\" srcset=\"https:\/\/portais.santoandre.sp.gov.br\/hospitaldamulher\/wp-content\/uploads\/sites\/28\/2025\/09\/banco-de-leite-santo-andre-1.jpg 600w, https:\/\/portais.santoandre.sp.gov.br\/hospitaldamulher\/wp-content\/uploads\/sites\/28\/2025\/09\/banco-de-leite-santo-andre-1-300x200.jpg 300w\" sizes=\"(max-width: 600px) 100vw, 600px\" \/><\/figure><\/div>\n\n<div class=\"wp-block-image\">\n<figure class=\"aligncenter size-full\"><img loading=\"lazy\" decoding=\"async\" width=\"600\" height=\"400\" src=\"https:\/\/portais.santoandre.sp.gov.br\/hospitaldamulher\/wp-content\/uploads\/sites\/28\/2025\/09\/banco-de-leite-santo-andre-6.jpg\" alt=\"\" class=\"wp-image-397\" srcset=\"https:\/\/portais.santoandre.sp.gov.br\/hospitaldamulher\/wp-content\/uploads\/sites\/28\/2025\/09\/banco-de-leite-santo-andre-6.jpg 600w, https:\/\/portais.santoandre.sp.gov.br\/hospitaldamulher\/wp-content\/uploads\/sites\/28\/2025\/09\/banco-de-leite-santo-andre-6-300x200.jpg 300w\" sizes=\"(max-width: 600px) 100vw, 600px\" \/><\/figure><\/div>\n\n\n<p><strong>Quem pode procurar um banco de leite e doar?<\/strong><strong><\/strong><\/p>\n\n\n<div class=\"wp-block-image\">\n<figure class=\"aligncenter size-full\"><img loading=\"lazy\" decoding=\"async\" width=\"400\" height=\"600\" src=\"https:\/\/portais.santoandre.sp.gov.br\/hospitaldamulher\/wp-content\/uploads\/sites\/28\/2025\/09\/DOE-LEITE-MATERNO.jpg\" alt=\"\" class=\"wp-image-398\" srcset=\"https:\/\/portais.santoandre.sp.gov.br\/hospitaldamulher\/wp-content\/uploads\/sites\/28\/2025\/09\/DOE-LEITE-MATERNO.jpg 400w, https:\/\/portais.santoandre.sp.gov.br\/hospitaldamulher\/wp-content\/uploads\/sites\/28\/2025\/09\/DOE-LEITE-MATERNO-200x300.jpg 200w\" sizes=\"(max-width: 400px) 100vw, 400px\" \/><\/figure><\/div>\n\n\n<p>Toda mulher que amamenta e que tenha d\u00favidas, dificuldades ou sobra de leite pode e deve procurar um banco de leite.<\/p>\n\n\n\n<p>Ao procurar o Banco de Leite Humano (BLH), \u00e9 realizado um cadastro e agendada uma visita \u00e0 casa da doadora para o recolhimento do leite. A m\u00e3e dever\u00e1 retirar o excedente e armazen\u00e1-lo segundo orienta\u00e7\u00f5es da equipe do BLH.<\/p>\n\n\n\n<p>Quando uma mulher est\u00e1 amamentando, tem leite em excesso e decide ser doadora ela ajuda a alimentar milhares de beb\u00eas de outras m\u00e3es que n\u00e3o podem amamentar.<\/p>\n\n\n\n<p>As doadoras devem ser mulheres saud\u00e1veis, n\u00e3o portadoras de doen\u00e7as cr\u00f4nicas e n\u00e3o fazerem uso de nenhum tipo de medicamento. Tamb\u00e9m n\u00e3o podem ser fumantes nem ingerir bebidas alco\u00f3licas.<\/p>\n\n\n\n<p><strong>Atendimento no Banco de Leite Humano Maria Aparecida Pinheiro, do Hospital da Mulher Maria Jos\u00e9 dos Santos Stein<\/strong><\/p>\n\n\n\n<div class=\"wp-block-group is-vertical is-layout-flex wp-container-core-group-is-layout-8cf370e7 wp-block-group-is-layout-flex\">\n<p><strong>Hor\u00e1rio:<\/strong> segunda a sexta, das 8h \u00e0s 18h<\/p>\n\n\n\n<p><strong>Telefones:<\/strong> (11) 4478-5027\/4478-5048<\/p>\n\n\n\n<p><strong>E-mail:<\/strong>&nbsp;<a href=\"mailto:blh@hospitaldamulher.org.br\">blh@hospitaldamulher.org.br<\/a><\/p>\n<\/div>\n\n\n\n<p><strong>Doa\u00e7\u00f5es pelo WhatsApp<\/strong><\/p>\n\n\n\n<p>Para manter nossos estoques atualizados, promovemos campanhas permanentes de incentivo \u00e0 doa\u00e7\u00e3o volunt\u00e1ria e para a doa\u00e7\u00e3o de potes de vidro com tampa de pl\u00e1stico (tipo os de caf\u00e9 sol\u00favel ou maionese), essenciais para o armazenamento do leite doado. Um pote de 200 ml de leite materno pode alimentar at\u00e9 11 beb\u00eas prematuros.<\/p>\n\n\n\n<p>Tanto o cadastro de doadoras de leite quanto o de doadores de potes de vidro pode ser feito agora via <strong>WhatsApp<\/strong>, pelo n\u00famero <strong>(11) 4433-0123<\/strong>.<\/p>\n\n\n<div class=\"wp-block-image\">\n<figure class=\"aligncenter size-full\"><img loading=\"lazy\" decoding=\"async\" width=\"400\" height=\"565\" src=\"https:\/\/portais.santoandre.sp.gov.br\/hospitaldamulher\/wp-content\/uploads\/sites\/28\/2025\/09\/DOE-POTES-DE-VIDRO.jpg\" alt=\"\" class=\"wp-image-399\" srcset=\"https:\/\/portais.santoandre.sp.gov.br\/hospitaldamulher\/wp-content\/uploads\/sites\/28\/2025\/09\/DOE-POTES-DE-VIDRO.jpg 400w, https:\/\/portais.santoandre.sp.gov.br\/hospitaldamulher\/wp-content\/uploads\/sites\/28\/2025\/09\/DOE-POTES-DE-VIDRO-212x300.jpg 212w\" sizes=\"(max-width: 400px) 100vw, 400px\" \/><\/figure><\/div>\n\n\n<p><\/p>\n","protected":false},"excerpt":{"rendered":"<p>O leite humano \u00e9 muito importante para todos os rec\u00e9m-nascidos. Ele contribui para a redu\u00e7\u00e3o da mortalidade infantil alimenta e melhora a qualidade de vida dos beb\u00eas beneficiados, protegendo-os contra infec\u00e7\u00f5es respirat\u00f3rias, diabetes, alergias e demais patologias. Mas h\u00e1 m\u00e3es que n\u00e3o conseguem amamentar. Para estas situa\u00e7\u00f5es foram criados os bancos de leite humano. O [&hellip;]<\/p>\n","protected":false},"author":77,"featured_media":0,"parent":0,"menu_order":0,"comment_status":"closed","ping_status":"closed","template":"","meta":{"footnotes":""},"class_list":["post-98","page","type-page","status-publish","hentry"],"_links":{"self":[{"href":"https:\/\/portais.santoandre.sp.gov.br\/hospitaldamulher\/wp-json\/wp\/v2\/pages\/98","targetHints":{"allow":["GET"]}}],"collection":[{"href":"https:\/\/portais.santoandre.sp.gov.br\/hospitaldamulher\/wp-json\/wp\/v2\/pages"}],"about":[{"href":"https:\/\/portais.santoandre.sp.gov.br\/hospitaldamulher\/wp-json\/wp\/v2\/types\/page"}],"author":[{"embeddable":true,"href":"https:\/\/portais.santoandre.sp.gov.br\/hospitaldamulher\/wp-json\/wp\/v2\/users\/77"}],"replies":[{"embeddable":true,"href":"https:\/\/portais.santoandre.sp.gov.br\/hospitaldamulher\/wp-json\/wp\/v2\/comments?post=98"}],"version-history":[{"count":4,"href":"https:\/\/portais.santoandre.sp.gov.br\/hospitaldamulher\/wp-json\/wp\/v2\/pages\/98\/revisions"}],"predecessor-version":[{"id":400,"href":"https:\/\/portais.santoandre.sp.gov.br\/hospitaldamulher\/wp-json\/wp\/v2\/pages\/98\/revisions\/400"}],"wp:attachment":[{"href":"https:\/\/portais.santoandre.sp.gov.br\/hospitaldamulher\/wp-json\/wp\/v2\/media?parent=98"}],"curies":[{"name":"wp","href":"https:\/\/api.w.org\/{rel}","templated":true}]}}