{"id":95,"date":"2025-03-24T11:20:50","date_gmt":"2025-03-24T14:20:50","guid":{"rendered":"https:\/\/portais.santoandre.sp.gov.br\/hospitaldamulher\/?page_id=95"},"modified":"2025-11-07T17:18:21","modified_gmt":"2025-11-07T20:18:21","slug":"teste-da-orelhinha","status":"publish","type":"page","link":"https:\/\/portais.santoandre.sp.gov.br\/hospitaldamulher\/teste-da-orelhinha\/","title":{"rendered":"Teste da orelhinha"},"content":{"rendered":"\n<div class=\"wp-block-stackable-image stk-block-image stk-block stk-d343cc2\" data-block-id=\"d343cc2\"><style>.stk-d343cc2 .stk-img-wrapper{width:290px !important;}<\/style><figure><span class=\"stk-img-wrapper stk-image--shape-stretch\"><img decoding=\"async\" class=\"stk-img wp-image-96\" src=\"https:\/\/portais.santoandre.sp.gov.br\/hospitaldamulher\/wp-content\/uploads\/sites\/28\/2025\/03\/orelinha.jpg\" width=\"290\" height=\"165\" \/><\/span><\/figure><\/div>\n\n\n\n<p>Logo ap\u00f3s o nascimento do beb\u00ea \u00e9 poss\u00edvel saber se h\u00e1 algum grau de perda auditiva atrav\u00e9s da Triagem Auditiva Neonatal, o teste da orelhinha. Este exame deve ser realizado no ber\u00e7\u00e1rio ou at\u00e9 28 dias de vida do beb\u00ea.<\/p>\n\n\n\n<p>O teste \u00e9 realizado com o beb\u00ea dormindo, sem incomod\u00e1-lo e n\u00e3o demora mais do que 5 minutos. \u00c9 utilizado um pequeno fone de ouvido que emite sons de fraca intensidade e capta a resposta da parte interna da orelha.<\/p>\n\n\n\n<p>Mesmo durante a vida infra-uterina nossos beb\u00eas j\u00e1 s\u00e3o capazes de ouvir muitos sons. Ap\u00f3s o nascimento, o beb\u00ea continua a se desenvolver, tendo a oportunidade de aprender a detectar e reconhecer seu mundo sonoro.<\/p>\n\n\n\n<p>As habilidades auditivas envolvidas neste processo se desenvolvem durante os primeiros anos de vida, um desenvolvimento auditivo adequado que leva a crian\u00e7a a compreender o que \u00e9 falado, podendo assim iniciar a sua pr\u00f3pria produ\u00e7\u00e3o da fala.&nbsp;<\/p>\n\n\n\n<ul class=\"wp-block-list\">\n<li>At\u00e9 3 meses: acorda ou assusta-se com barulhos intensos (batidas de portas, gritos, entre outros.), acalma-se com a voz da m\u00e3e.<\/li>\n\n\n\n<li>De 3 a 6 meses:presta aten\u00e7\u00e3o em pequenos barulhos ou localiza a origem do som.<\/li>\n\n\n\n<li>De 6 a 12 meses: localiza a fonte sonora, balbucia sons (\u201cbaba\u201d, \u201cdada\u201d, \u201cgugu\u201d).<\/li>\n\n\n\n<li>De 1 a 2 anos:compreende ordens (\u201cd\u00e1 tchau\u201d, \u201cn\u00e3o\u201d, \u201cpega a bola\u201d), fala algumas palavras e frases simples.<\/li>\n\n\n\n<li>De 2 a 4 anos:evolui a fala, aumentando o vocabul\u00e1rio e a complexidade das frases. Assiste TV em volume normal.<\/li>\n\n\n\n<li>Ap\u00f3s os 4 anos: fala corretamente sem trocar as letras, interessa-se pela escola.<\/li>\n<\/ul>\n\n\n\n<p><strong>O que ocorre quando n\u00e3o se detecta a defici\u00eancia auditiva precocemente?<\/strong><\/p>\n\n\n\n<p>A maioria das crian\u00e7as ser\u00e3o diagnosticadas, havendo acompanhamento do otorrinolaringologista e\/ou fonoaudi\u00f3logo, em torno de 2 a 3 anos de idade, perdendo assim um per\u00edodo importante de estimula\u00e7\u00e3o para o desenvolvimento da linguagem e interferindo no desenvolvimento psicossocial e educacional da crian\u00e7a.<\/p>\n\n\n\n<p>A defici\u00eancia auditiva nos rec\u00e9m-nascidos \u00e9 mais comum do que se imagina. Em cada 1.000 nascidos, 1 a 3 beb\u00eas possuem algum grau de perda auditiva, sendo que em rec\u00e9m-nascidos internados em UTI a incid\u00eancia aumenta.<\/p>\n\n\n\n<p>O quanto antes a altera\u00e7\u00e3o auditiva for detectada mais precocemente poder\u00e1 haver interven\u00e7\u00e3o m\u00e9dica e fonoaudiol\u00f3gica.<\/p>\n\n\n\n<p><\/p>\n","protected":false},"excerpt":{"rendered":"<p>Logo ap\u00f3s o nascimento do beb\u00ea \u00e9 poss\u00edvel saber se h\u00e1 algum grau de perda auditiva atrav\u00e9s da Triagem Auditiva Neonatal, o teste da orelhinha. Este exame deve ser realizado no ber\u00e7\u00e1rio ou at\u00e9 28 dias de vida do beb\u00ea. O teste \u00e9 realizado com o beb\u00ea dormindo, sem incomod\u00e1-lo e n\u00e3o demora mais do [&hellip;]<\/p>\n","protected":false},"author":77,"featured_media":0,"parent":0,"menu_order":0,"comment_status":"closed","ping_status":"closed","template":"","meta":{"footnotes":""},"class_list":["post-95","page","type-page","status-publish","hentry"],"_links":{"self":[{"href":"https:\/\/portais.santoandre.sp.gov.br\/hospitaldamulher\/wp-json\/wp\/v2\/pages\/95","targetHints":{"allow":["GET"]}}],"collection":[{"href":"https:\/\/portais.santoandre.sp.gov.br\/hospitaldamulher\/wp-json\/wp\/v2\/pages"}],"about":[{"href":"https:\/\/portais.santoandre.sp.gov.br\/hospitaldamulher\/wp-json\/wp\/v2\/types\/page"}],"author":[{"embeddable":true,"href":"https:\/\/portais.santoandre.sp.gov.br\/hospitaldamulher\/wp-json\/wp\/v2\/users\/77"}],"replies":[{"embeddable":true,"href":"https:\/\/portais.santoandre.sp.gov.br\/hospitaldamulher\/wp-json\/wp\/v2\/comments?post=95"}],"version-history":[{"count":2,"href":"https:\/\/portais.santoandre.sp.gov.br\/hospitaldamulher\/wp-json\/wp\/v2\/pages\/95\/revisions"}],"predecessor-version":[{"id":661,"href":"https:\/\/portais.santoandre.sp.gov.br\/hospitaldamulher\/wp-json\/wp\/v2\/pages\/95\/revisions\/661"}],"wp:attachment":[{"href":"https:\/\/portais.santoandre.sp.gov.br\/hospitaldamulher\/wp-json\/wp\/v2\/media?parent=95"}],"curies":[{"name":"wp","href":"https:\/\/api.w.org\/{rel}","templated":true}]}}