{"id":91,"date":"2025-03-24T11:17:59","date_gmt":"2025-03-24T14:17:59","guid":{"rendered":"https:\/\/portais.santoandre.sp.gov.br\/hospitaldamulher\/?page_id=91"},"modified":"2025-11-07T17:16:31","modified_gmt":"2025-11-07T20:16:31","slug":"parto-humanizado-2","status":"publish","type":"page","link":"https:\/\/portais.santoandre.sp.gov.br\/hospitaldamulher\/parto-humanizado-2\/","title":{"rendered":"Parto Humanizado"},"content":{"rendered":"\n<p>No Hospital da Mulher de Santo Andr\u00e9, priorizamos o parto humanizado, pr\u00e1tica que procura respeitar a fisiologia da mulher e do beb\u00ea. Ele pode ser natural ou ces\u00e1rea, mas, em ambos os tipos, o objetivo \u00e9 o mesmo: deixar o trabalho de parto ocorrer com o menor n\u00famero poss\u00edvel de interven\u00e7\u00f5es.<\/p>\n\n\n\n<p>Humanizar o parto \u00e9 reconhecer sua import\u00e2ncia para os pais e o filho, respeitando a liberdade da mulher, permitindo-lhe controlar o seu pr\u00f3prio processo de parto, cabendo-lhe escolher onde, como e com quem parir.<\/p>\n\n\n\n<p><strong>LEI N\u00ba 15.759, DE 25 E MAR\u00c7O DE 2015<\/strong><\/p>\n\n\n\n<p>Assegura o direito ao parto humanizado nos estabelecimentos p\u00fablicos de sa\u00fade do estado de S\u00e3o Paulo e d\u00e1 outras provid\u00eancias.<\/p>\n\n\n\n<p><strong>PORTARIA N\u00ba 1.153, DE 22 DE MAIO DE 2014<\/strong><\/p>\n\n\n\n<p>Redefine os crit\u00e9rios de habilita\u00e7\u00e3o da Iniciativa Hospital Amigo da Crian\u00e7a (IHAC) como estrat\u00e9gia de promo\u00e7\u00e3o, prote\u00e7\u00e3o e apoio ao aleitamento materno e \u00e0 sa\u00fade integral da crian\u00e7a e da mulher, no \u00e2mbito do Sistema \u00danico de Sa\u00fade (SUS).<\/p>\n\n\n\n<p><strong>Os Oito Passos do Cuidado Amigo da Mulher (CAM)<\/strong><\/p>\n\n\n\n<p>Conhe\u00e7a as recomenda\u00e7\u00f5es da Organiza\u00e7\u00e3o Mundial da Sa\u00fade (OMS), organizadas pela Rede Cegonha, para estimular boas pr\u00e1ticas de aten\u00e7\u00e3o ao parto e ao nascimento, garantindo um cuidado humanizado:<\/p>\n\n\n\n<ol class=\"wp-block-list\">\n<li>Garantir \u00e0 mulher, durante o trabalho de parto, o parto e o p\u00f3s-parto, um acompanhante de sua livre escolha, que lhe ofere\u00e7a apoio f\u00edsico e\/ou emocional.<\/li>\n\n\n\n<li>Ofertar \u00e0 mulher, durante o trabalho de parto, l\u00edquidos e alimentos leves.<\/li>\n\n\n\n<li>Incentivar a mulher a andar e a se movimentar durante o trabalho de parto, se desejar, e a adotar posi\u00e7\u00f5es de sua escolha durante o parto, a n\u00e3o ser que existam restri\u00e7\u00f5es m\u00e9dicas e isso seja explicado \u00e0 mulher.<\/li>\n\n\n\n<li>Garantir \u00e0 mulher ambiente tranquilo e acolhedor, com privacidade e ilumina\u00e7\u00e3o suave.<\/li>\n\n\n\n<li>Disponibilizar m\u00e9todos n\u00e3o farmacol\u00f3gicos de al\u00edvio da dor e que devem ser informados \u00e0 mulher durante o pr\u00e9-natal.<\/li>\n\n\n\n<li>Assegurar cuidados que reduzam procedimentos invasivos, tais como: rupturas de membranas, episiotomias, acelera\u00e7\u00e3o ou indu\u00e7\u00e3o do parto, partos instrumentais ou cesarianas.<\/li>\n\n\n\n<li>Garantir a participa\u00e7\u00e3o e a perman\u00eancia da m\u00e3e e do pai nos cuidados ao RN grave ou potencialmente grave, livre acesso a ambos em quaisquer circunst\u00e2ncias.<\/li>\n\n\n\n<li>Caso seja da rotina do estabelecimento de sa\u00fade, autorizar a presen\u00e7a de doula volunt\u00e1ria em apoio \u00e0 mulher de forma cont\u00ednua, se for da sua vontade.<\/li>\n<\/ol>\n\n\n\n<p><strong>OS DEZ PASSOS DO IHAC (Iniciativa Hospital Amigo da Crian\u00e7a):<\/strong><\/p>\n\n\n\n<p>Iniciada em 1990 pela OMS e pelo UNICEF (Fundo das Na\u00e7\u00f5es Unidas para a Inf\u00e2ncia), tem o objetivo de promover, proteger e apoiar o aleitamento materno. Confira:<\/p>\n\n\n\n<ul class=\"wp-block-list\">\n<li>Ter uma norma escrita sobre aleitamento materno, que deve ser rotineiramente transmitida a toda a equipe do servi\u00e7o;<\/li>\n\n\n\n<li>Treinar toda a equipe, capacitando-a para implementar essa norma;<\/li>\n\n\n\n<li>Informar todas as gestantes atendidas sobre as vantagens e o manejo da amamenta\u00e7\u00e3o;<\/li>\n\n\n\n<li>Ajudar a m\u00e3e a iniciar a amamenta\u00e7\u00e3o na primeira meia hora ap\u00f3s o parto;<\/li>\n\n\n\n<li>Mostrar \u00e0s m\u00e3es como amamentar e como manter a lacta\u00e7\u00e3o, mesmo se vierem a ser separadas de seus filhos;<\/li>\n\n\n\n<li>N\u00e3o dar ao rec\u00e9m-nascido nenhum outro alimento ou bebida al\u00e9m do leite materno, a n\u00e3o ser que tenha indica\u00e7\u00e3o cl\u00ednica;<\/li>\n\n\n\n<li>Praticar o alojamento conjunto \u2013 permitir que m\u00e3es e beb\u00eas permane\u00e7am juntos 24h por dia;<\/li>\n\n\n\n<li>Encorajar a amamenta\u00e7\u00e3o sob livre demanda;<\/li>\n\n\n\n<li>N\u00e3o dar bicos artificiais ou chupetas a crian\u00e7as amamentadas;<\/li>\n\n\n\n<li>Encorajar o estabelecimento de grupos de apoio \u00e0 amamenta\u00e7\u00e3o, para onde as m\u00e3es devem ser encaminhadas por ocasi\u00e3o da alta hospitalar.<\/li>\n<\/ul>\n\n\n\n<p><a href=\"https:\/\/portais.santoandre.sp.gov.br\/hospitaldamulher\/banco-de-leite\/\">Conhe\u00e7a o Banco de Leite do Hospital da Mulher<\/a><\/p>\n\n\n\n<p><\/p>\n","protected":false},"excerpt":{"rendered":"<p>No Hospital da Mulher de Santo Andr\u00e9, priorizamos o parto humanizado, pr\u00e1tica que procura respeitar a fisiologia da mulher e do beb\u00ea. Ele pode ser natural ou ces\u00e1rea, mas, em ambos os tipos, o objetivo \u00e9 o mesmo: deixar o trabalho de parto ocorrer com o menor n\u00famero poss\u00edvel de interven\u00e7\u00f5es. Humanizar o parto \u00e9 [&hellip;]<\/p>\n","protected":false},"author":77,"featured_media":0,"parent":0,"menu_order":0,"comment_status":"closed","ping_status":"closed","template":"","meta":{"footnotes":""},"class_list":["post-91","page","type-page","status-publish","hentry"],"_links":{"self":[{"href":"https:\/\/portais.santoandre.sp.gov.br\/hospitaldamulher\/wp-json\/wp\/v2\/pages\/91","targetHints":{"allow":["GET"]}}],"collection":[{"href":"https:\/\/portais.santoandre.sp.gov.br\/hospitaldamulher\/wp-json\/wp\/v2\/pages"}],"about":[{"href":"https:\/\/portais.santoandre.sp.gov.br\/hospitaldamulher\/wp-json\/wp\/v2\/types\/page"}],"author":[{"embeddable":true,"href":"https:\/\/portais.santoandre.sp.gov.br\/hospitaldamulher\/wp-json\/wp\/v2\/users\/77"}],"replies":[{"embeddable":true,"href":"https:\/\/portais.santoandre.sp.gov.br\/hospitaldamulher\/wp-json\/wp\/v2\/comments?post=91"}],"version-history":[{"count":3,"href":"https:\/\/portais.santoandre.sp.gov.br\/hospitaldamulher\/wp-json\/wp\/v2\/pages\/91\/revisions"}],"predecessor-version":[{"id":660,"href":"https:\/\/portais.santoandre.sp.gov.br\/hospitaldamulher\/wp-json\/wp\/v2\/pages\/91\/revisions\/660"}],"wp:attachment":[{"href":"https:\/\/portais.santoandre.sp.gov.br\/hospitaldamulher\/wp-json\/wp\/v2\/media?parent=91"}],"curies":[{"name":"wp","href":"https:\/\/api.w.org\/{rel}","templated":true}]}}