{"id":75,"date":"2025-03-24T11:02:33","date_gmt":"2025-03-24T14:02:33","guid":{"rendered":"https:\/\/portais.santoandre.sp.gov.br\/hospitaldamulher\/?page_id=75"},"modified":"2025-05-20T09:26:46","modified_gmt":"2025-05-20T12:26:46","slug":"atas-e-editais","status":"publish","type":"page","link":"https:\/\/portais.santoandre.sp.gov.br\/hospitaldamulher\/atas-e-editais\/","title":{"rendered":"Transpar\u00eancia"},"content":{"rendered":"\n<p>O Portal da Transpar\u00eancia \u00e9 uma ferramenta destinada, justamente, a facilitar o acesso da popula\u00e7\u00e3o, de forma atualizada, a dados e informa\u00e7\u00f5es sobre os trabalhos desenvolvidos.<\/p>\n\n\n\n<p><strong>Porque transpar\u00eancia \u00e9 respeito com a sociedade<\/strong>.<\/p>\n\n\n\n<div class=\"wp-block-stackable-columns stk-block-columns stk-block stk-5e2509d\" data-block-id=\"5e2509d\"><div class=\"stk-row stk-inner-blocks stk-block-content stk-content-align stk-5e2509d-column\">\n<div class=\"wp-block-stackable-column stk-block-column stk-column stk-block stk-19e4aa1\" data-v=\"4\" data-block-id=\"19e4aa1\"><div class=\"stk-column-wrapper stk-block-column__content stk-container stk-19e4aa1-container stk--no-background stk--no-padding\"><div class=\"stk-block-content stk-inner-blocks stk-19e4aa1-inner-blocks\">\n<div class=\"wp-block-stackable-button-group stk-block-button-group stk-block stk-8e34edd\" data-block-id=\"8e34edd\"><style>.stk-8e34edd .stk-block-button, .stk-8e34edd .stk-block-icon-button{flex:1 0 0% !important;}<\/style><div class=\"stk-row stk-inner-blocks stk-block-content stk-button-group\">\n<div class=\"wp-block-stackable-button stk-block-button stk-block stk-a67c729\" data-block-id=\"a67c729\"><style>.stk-a67c729 .stk-button{background:#7a3d83 !important;border-top-left-radius:4px !important;border-top-right-radius:4px !important;border-bottom-right-radius:4px !important;border-bottom-left-radius:4px !important;}.stk-a67c729 .stk-button__inner-text{font-weight:600 !important;}<\/style><a class=\"stk-link stk-button stk--hover-effect-darken\" href=\"\"><span class=\"stk-button__inner-text\">Transpar\u00eancia Prefeitura de Santo Andr\u00e9<\/span><\/a><\/div>\n<\/div><\/div>\n<\/div><\/div><\/div>\n\n\n\n<div class=\"wp-block-stackable-column stk-block-column stk-column stk-block stk-d144cee\" data-v=\"4\" data-block-id=\"d144cee\"><div class=\"stk-column-wrapper stk-block-column__content stk-container stk-d144cee-container stk--no-background stk--no-padding\"><div class=\"stk-block-content stk-inner-blocks stk-d144cee-inner-blocks\">\n<div class=\"wp-block-stackable-button-group stk-block-button-group stk-block stk-b112a64\" data-block-id=\"b112a64\"><div class=\"stk-row stk-inner-blocks stk-block-content stk-button-group\">\n<div class=\"wp-block-stackable-button stk-block-button stk-block stk-d302ad4\" data-block-id=\"d302ad4\"><style>.stk-d302ad4 , .stk-d302ad4 .stk-button{width:100% !important;}.stk-d302ad4 {flex:1 0 var(--stk-button-group-flex-wrap, 0) !important;}.stk-d302ad4 .stk-button{background:#7a3d83 !important;border-top-left-radius:4px !important;border-top-right-radius:4px !important;border-bottom-right-radius:4px !important;border-bottom-left-radius:4px !important;}.stk-d302ad4 .stk-button__inner-text{font-weight:500 !important;}<\/style><a class=\"stk-link stk-button stk--hover-effect-darken\" href=\"https:\/\/fuabc.org.br\/portaldatransparencia\/\" target=\"_blank\" rel=\"noreferrer noopener\"><span class=\"stk-button__inner-text\">Transpar\u00eancia Funda\u00e7\u00e3o do ABC<\/span><\/a><\/div>\n<\/div><\/div>\n<\/div><\/div><\/div>\n<\/div><\/div>\n\n\n\n<h2 class=\"wp-block-heading\">Atos do Hospital<\/h2>\n\n\n\n<div class=\"wp-block-stackable-tabs stk-block-tabs stk-block stk-65adeac\" data-initial-tab=\"1\" data-block-id=\"65adeac\"><style>.stk-65adeac .stk-block-tab-content .stk-block-content .stk-block-column[hidden]{display:none !important;}<\/style><div class=\"stk-row stk-inner-blocks stk-block-content stk-block-tabs--horizontal stk-block-tabs--fade stk-content-align stk-65adeac-column\">\n<div class=\"wp-block-stackable-tab-labels stk-block-tab-labels stk-block stk-15706ef is-style-buttons\" data-block-id=\"15706ef\"><style>.stk-15706ef .stk-block-tabs__tab{color:#7a3d83 !important;border-top-left-radius:4px !important;border-top-right-radius:4px !important;border-bottom-right-radius:4px !important;border-bottom-left-radius:4px !important;border-color:transparent !important;border-top-width:0px !important;border-right-width:0px !important;border-bottom-width:2px !important;border-left-width:0px !important;}.stk-15706ef .stk-block-tabs__tab.stk-block-tabs__tab--active .stk-block-tab-labels__text{color:#ffffff !important;}.stk-15706ef {overflow:hidden !important;}.stk-15706ef .stk-block-tab-labels__text{color:#7a3d83 !important;}.stk-15706ef .stk-block-tabs__tab:not(.stk-block-tabs__tab--active):hover{background:#eeeeee !important;opacity:1 !important;}.stk-15706ef .stk-block-tabs__tab .stk--inner-svg svg:last-child, .stk-15706ef .stk-block-tabs__tab .stk--inner-svg svg:last-child :is(g, path, rect, polygon, ellipse){fill:#000000 !important;}.stk-15706ef .stk-block-tabs__tab.stk-block-tabs__tab--active{background:#7a3d83 !important;border-color:#7a3d83 !important;}.stk-15706ef .stk-block-tabs__tab.stk-block-tabs__tab--active .stk--inner-svg svg:last-child, .stk-15706ef .stk-block-tabs__tab.stk-block-tabs__tab--active .stk--inner-svg svg:last-child :is(g, path, rect, polygon, ellipse){fill:#ffffff !important;}<\/style><div class=\"stk-block-tab-labels__wrapper\" role=\"tablist\"><button class=\"stk-block-tabs__tab\" role=\"tab\"><div class=\"stk-block-tab-labels__text\"><span>Atas <\/span><\/div><\/button><button class=\"stk-block-tabs__tab\" role=\"tab\"><div class=\"stk-block-tab-labels__text\"><span>Editais<\/span><\/div><\/button><button class=\"stk-block-tabs__tab\" role=\"tab\"><div class=\"stk-block-tab-labels__text\"><span>Portarias<\/span><\/div><\/button><\/div><\/div>\n\n\n\n<div class=\"wp-block-stackable-tab-content stk-block-tab-content stk-block stk-6756826\" data-block-id=\"6756826\"><div class=\"stk-row stk-inner-blocks stk-block-content stk-content-align stk-6756826-column\">\n<div class=\"wp-block-stackable-column stk-block-column stk-column stk-block stk-69ceaf5\" data-v=\"4\" role=\"tabpanel\" data-block-id=\"69ceaf5\"><div class=\"stk-column-wrapper stk-block-column__content stk-container stk-69ceaf5-container stk--no-background stk--no-padding\"><div class=\"stk-block-content stk-inner-blocks stk-69ceaf5-inner-blocks\"><\/div><\/div><\/div>\n\n\n\n<div class=\"wp-block-stackable-column stk-block-column stk-column stk-block stk-6da3744\" data-v=\"4\" role=\"tabpanel\" data-block-id=\"6da3744\"><div class=\"stk-column-wrapper stk-block-column__content stk-container stk-6da3744-container stk--no-background stk--no-padding\"><div class=\"stk-block-content stk-inner-blocks stk-6da3744-inner-blocks\"><\/div><\/div><\/div>\n\n\n\n<div class=\"wp-block-stackable-column stk-block-column stk-column stk-block stk-a493e1e\" data-v=\"4\" role=\"tabpanel\" data-block-id=\"a493e1e\"><div class=\"stk-column-wrapper stk-block-column__content stk-container stk-a493e1e-container stk--no-background stk--no-padding\"><div class=\"stk-block-content stk-inner-blocks stk-a493e1e-inner-blocks\"><\/div><\/div><\/div>\n<\/div><\/div>\n<\/div><\/div>\n\n\n\n<p><\/p>\n","protected":false},"excerpt":{"rendered":"<p>O Portal da Transpar\u00eancia \u00e9 uma ferramenta destinada, justamente, a facilitar o acesso da popula\u00e7\u00e3o, de forma atualizada, a dados e informa\u00e7\u00f5es sobre os trabalhos desenvolvidos. Porque transpar\u00eancia \u00e9 respeito com a sociedade. Transpar\u00eancia Prefeitura de Santo Andr\u00e9 Transpar\u00eancia Funda\u00e7\u00e3o do ABC Atos do Hospital Atas Editais Portarias<\/p>\n","protected":false},"author":77,"featured_media":0,"parent":0,"menu_order":0,"comment_status":"closed","ping_status":"closed","template":"","meta":{"footnotes":""},"class_list":["post-75","page","type-page","status-publish","hentry"],"_links":{"self":[{"href":"https:\/\/portais.santoandre.sp.gov.br\/hospitaldamulher\/wp-json\/wp\/v2\/pages\/75","targetHints":{"allow":["GET"]}}],"collection":[{"href":"https:\/\/portais.santoandre.sp.gov.br\/hospitaldamulher\/wp-json\/wp\/v2\/pages"}],"about":[{"href":"https:\/\/portais.santoandre.sp.gov.br\/hospitaldamulher\/wp-json\/wp\/v2\/types\/page"}],"author":[{"embeddable":true,"href":"https:\/\/portais.santoandre.sp.gov.br\/hospitaldamulher\/wp-json\/wp\/v2\/users\/77"}],"replies":[{"embeddable":true,"href":"https:\/\/portais.santoandre.sp.gov.br\/hospitaldamulher\/wp-json\/wp\/v2\/comments?post=75"}],"version-history":[{"count":9,"href":"https:\/\/portais.santoandre.sp.gov.br\/hospitaldamulher\/wp-json\/wp\/v2\/pages\/75\/revisions"}],"predecessor-version":[{"id":355,"href":"https:\/\/portais.santoandre.sp.gov.br\/hospitaldamulher\/wp-json\/wp\/v2\/pages\/75\/revisions\/355"}],"wp:attachment":[{"href":"https:\/\/portais.santoandre.sp.gov.br\/hospitaldamulher\/wp-json\/wp\/v2\/media?parent=75"}],"curies":[{"name":"wp","href":"https:\/\/api.w.org\/{rel}","templated":true}]}}